{"id":909,"date":"2018-09-22T18:22:09","date_gmt":"2018-09-22T18:22:09","guid":{"rendered":"https:\/\/astrologiatradicionalemoderna.net\/?page_id=909"},"modified":"2018-09-22T18:22:09","modified_gmt":"2018-09-22T18:22:09","slug":"testemunho-manuel-alegria","status":"publish","type":"page","link":"https:\/\/astrologiatradicionalemoderna.net\/en\/testemunhos\/testemunho-manuel-alegria\/","title":{"rendered":"Testemunho Manuel Alegria"},"content":{"rendered":"<div id=\"pl-909\"  class=\"panel-layout\" >\n<div id=\"pg-909-0\"  class=\"panel-grid panel-no-style\" >\n<div id=\"pgc-909-0-0\"  class=\"panel-grid-cell\"  data-weight=\"1\" >\n<div id=\"panel-909-0-0-0\" class=\"so-panel widget_sow-editor panel-first-child panel-last-child\" data-index=\"0\" data-style=\"{&quot;class&quot;:&quot;AstroContentTestimonialsDiv&quot;,&quot;background_image_attachment&quot;:false,&quot;background_image_attachment_fallback&quot;:false,&quot;background_display&quot;:&quot;tile&quot;}\" >\n<div class=\"AstroContentTestimonialsDiv panel-widget-style panel-widget-style-for-909-0-0-0\" >\n<div class=\"so-widget-sow-editor so-widget-sow-editor-base\">\n<div class=\"siteorigin-widget-tinymce textwidget\">\n\t<img loading=\"lazy\" decoding=\"async\" class=\"wp-image-910 size-thumbnail aligncenter\" src=\"https:\/\/astrologiatradicionalemoderna.net\/wp-content\/uploads\/2018\/09\/Manuel-Alegria-150x150.jpg\" alt=\"\" width=\"150\" height=\"150\" \/><\/p>\n<p style=\"text-align: center;\"><strong>Manuel Alegria<\/strong> &#8211; Estudante de Ci\u00eancias<\/p>\n<p style=\"font-weight: 400;\">A Astrologia \u00e9 definitivamente um Tudo em 1! A mat\u00e9ria para al\u00e9m de nos fazer entender muito melhor tanto os outros como n\u00f3s mesmos, faz-nos trabalhar a nossa mente abstracta bem como entender certas ciclicidades da vida que sem a Astrologia n\u00e3o ter\u00edamos tido consci\u00eancia, assim como infinitas outras quest\u00f5es.<\/p>\n<p style=\"font-weight: 400;\">Conheci a professora Isabel Antunes numa palestra, que me inspirou a seguir o curso. Desde a\u00ed, que sou completamente apaixonado pela Astrologia, e cada aula e cada ensinamento que me \u00e9 transmitido \u00e9 um verdadeiro momento de lazer. Todas as aulas sinto que a minha consci\u00eancia expande, sinto sempre que saio das aulas mais s\u00e1bio, n\u00e3o s\u00f3 a n\u00edvel Astrol\u00f3gico, mas tamb\u00e9m a n\u00edvel do sentido da vida, pois a Astrologia faz-nos entender que n\u00f3s n\u00e3o somos s\u00f3 seres individuais, mas que estamos tamb\u00e9m ligados e interligados com o Universo. A Astrologia segue um dos princ\u00edpios herm\u00e9ticos. O princ\u00edpio da correspond\u00eancia: \u201c<em>O que est\u00e1 em cima \u00e9 como o que est\u00e1 em baixo\u201d<\/em>.<\/p>\n<p style=\"font-weight: 400;\">As aulas s\u00e3o sempre interessantes, e por isso mesmo, passam sempre num instante. Mudam completamente a nossa vida. Mesmo! Mudam a nossa perspectiva em rela\u00e7\u00e3o ao mundo, faz-nos entendermos melhor os outros e a n\u00f3s mesmos! Torna-nos melhores pessoas, com mais consci\u00eancia dos nossos defeitos e por isso com maior capacidade de os trabalhar.<\/p>\n<p style=\"font-weight: 400;\">As aulas s\u00e3o sempre reveladoras, e durante as mesmas s\u00e3o abordadas v\u00e1rias figuras p\u00fablicas das quais as suas identidades s\u00e3o s\u00f3 mencionadas depois da interpreta\u00e7\u00e3o das mesmas. A mat\u00e9ria que nos \u00e9 dada \u00e9 sempre fundamentada, e \u00e9 sempre explicado \u201co porqu\u00ea\u201d. A meio de todas as aulas \u00e9 feita uma pausa de 10 minutos para lancharmos, que nos permite descansar. A professora, Isabel Antunes, transmite o seu conhecimento de forma muito entusiasta, com imensa energia e o mais importante, paix\u00e3o!! \u00c9 muito organizada e envia-nos sempre nos dias das aulas, uma mensagem com o sum\u00e1rio da aula. Desta forma, n\u00e3o s\u00f3 nos lembra sempre que temos aula, mas tamb\u00e9m nos deixa a pensar e a refletir acerca da mat\u00e9ria que ser\u00e1 dada. O programa est\u00e1 muito bem consolidado e segue uma grande estrutura, sequ\u00eancia l\u00f3gica, coer\u00eancia e mais uma vez organiza\u00e7\u00e3o, que nos permite entender naturalmente o conte\u00fado. O conhecimento transmitido est\u00e1 sempre a ser recapitulado, pelo que nos permite facilmente saber sempre a mat\u00e9ria.<\/p>\n<p style=\"font-weight: 400;\">Agora que terminei o n\u00edvel I, vou para o n\u00edvel II onde tenho a certeza que vou adorar, explorar e me apaixonar muito mais por este incr\u00edvel conhecimento milenar! Este curso \u00e9 para todas as idades! Recomendo-o a qualquer pessoa que deseje conhecer-se a si pr\u00f3prio, aos outros e \u00e0 vida. Este devia fazer parte do ensino obrigat\u00f3rio e ser ensinado em todas as escolas, pois desta forma n\u00e3o tenho d\u00favidas que o mundo seria um lugar melhor.<\/p>\n<p style=\"text-align: center;\"><a href=\"http:\/\/astrologiatradicionalemoderna.net\/en\/testemunhos\/\">Voltar a testemunhos<\/a><\/p>\n<\/div>\n<\/div>\n<\/div>\n<\/div>\n<\/div>\n<\/div>\n<\/div>","protected":false},"excerpt":{"rendered":"<p>Manuel Alegria &#8211; Estudante de Ci\u00eancias A Astrologia \u00e9 definitivamente um Tudo em 1! A mat\u00e9ria para al\u00e9m de nos fazer entender muito melhor tanto&hellip;<\/p>","protected":false},"author":2,"featured_media":0,"parent":167,"menu_order":9,"comment_status":"closed","ping_status":"closed","template":"","meta":{"footnotes":""},"class_list":["post-909","page","type-page","status-publish","hentry"],"yoast_head":"<!-- This site is optimized with the Yoast SEO plugin v27.3 - https:\/\/yoast.com\/product\/yoast-seo-wordpress\/ -->\n<title>Testemunho Manuel Alegria - Astrologia Tradicional e Moderna<\/title>\n<meta name=\"robots\" content=\"index, follow, max-snippet:-1, max-image-preview:large, max-video-preview:-1\" \/>\n<link rel=\"canonical\" href=\"https:\/\/astrologiatradicionalemoderna.net\/en\/testemunhos\/testemunho-manuel-alegria\/\" \/>\n<meta property=\"og:locale\" content=\"en_US\" \/>\n<meta property=\"og:type\" content=\"article\" \/>\n<meta property=\"og:title\" content=\"Testemunho Manuel Alegria - Astrologia Tradicional e Moderna\" \/>\n<meta property=\"og:description\" content=\"Manuel Alegria &#8211; Estudante de Ci\u00eancias A Astrologia \u00e9 definitivamente um Tudo em 1! A mat\u00e9ria para al\u00e9m de nos fazer entender muito melhor tanto&hellip;\" \/>\n<meta property=\"og:url\" content=\"https:\/\/astrologiatradicionalemoderna.net\/en\/testemunhos\/testemunho-manuel-alegria\/\" \/>\n<meta property=\"og:site_name\" content=\"Astrologia Tradicional e Moderna\" \/>\n<meta property=\"article:publisher\" content=\"https:\/\/www.facebook.com\/Centro.de.Astrologia.Tradicional.e.Moderna\/\" \/>\n<meta property=\"og:image\" content=\"https:\/\/astrologiatradicionalemoderna.net\/wp-content\/uploads\/2018\/09\/Manuel-Alegria-150x150.jpg\" \/>\n<meta name=\"twitter:card\" content=\"summary_large_image\" \/>\n<meta name=\"twitter:label1\" content=\"Est. reading time\" \/>\n\t<meta name=\"twitter:data1\" content=\"3 minutes\" \/>\n<script type=\"application\/ld+json\" class=\"yoast-schema-graph\">{\"@context\":\"https:\\\/\\\/schema.org\",\"@graph\":[{\"@type\":\"WebPage\",\"@id\":\"https:\\\/\\\/astrologiatradicionalemoderna.net\\\/testemunhos\\\/testemunho-manuel-alegria\\\/\",\"url\":\"https:\\\/\\\/astrologiatradicionalemoderna.net\\\/testemunhos\\\/testemunho-manuel-alegria\\\/\",\"name\":\"Testemunho Manuel Alegria - Astrologia Tradicional e Moderna\",\"isPartOf\":{\"@id\":\"https:\\\/\\\/astrologiatradicionalemoderna.net\\\/#website\"},\"primaryImageOfPage\":{\"@id\":\"https:\\\/\\\/astrologiatradicionalemoderna.net\\\/testemunhos\\\/testemunho-manuel-alegria\\\/#primaryimage\"},\"image\":{\"@id\":\"https:\\\/\\\/astrologiatradicionalemoderna.net\\\/testemunhos\\\/testemunho-manuel-alegria\\\/#primaryimage\"},\"thumbnailUrl\":\"https:\\\/\\\/astrologiatradicionalemoderna.net\\\/wp-content\\\/uploads\\\/2018\\\/09\\\/Manuel-Alegria-150x150.jpg\",\"datePublished\":\"2018-09-22T18:22:09+00:00\",\"breadcrumb\":{\"@id\":\"https:\\\/\\\/astrologiatradicionalemoderna.net\\\/testemunhos\\\/testemunho-manuel-alegria\\\/#breadcrumb\"},\"inLanguage\":\"en-US\",\"potentialAction\":[{\"@type\":\"ReadAction\",\"target\":[\"https:\\\/\\\/astrologiatradicionalemoderna.net\\\/testemunhos\\\/testemunho-manuel-alegria\\\/\"]}]},{\"@type\":\"ImageObject\",\"inLanguage\":\"en-US\",\"@id\":\"https:\\\/\\\/astrologiatradicionalemoderna.net\\\/testemunhos\\\/testemunho-manuel-alegria\\\/#primaryimage\",\"url\":\"https:\\\/\\\/astrologiatradicionalemoderna.net\\\/wp-content\\\/uploads\\\/2018\\\/09\\\/Manuel-Alegria-150x150.jpg\",\"contentUrl\":\"https:\\\/\\\/astrologiatradicionalemoderna.net\\\/wp-content\\\/uploads\\\/2018\\\/09\\\/Manuel-Alegria-150x150.jpg\"},{\"@type\":\"BreadcrumbList\",\"@id\":\"https:\\\/\\\/astrologiatradicionalemoderna.net\\\/testemunhos\\\/testemunho-manuel-alegria\\\/#breadcrumb\",\"itemListElement\":[{\"@type\":\"ListItem\",\"position\":1,\"name\":\"In\u00edcio\",\"item\":\"https:\\\/\\\/astrologiatradicionalemoderna.net\\\/\"},{\"@type\":\"ListItem\",\"position\":2,\"name\":\"Testemunhos\",\"item\":\"https:\\\/\\\/astrologiatradicionalemoderna.net\\\/testemunhos\\\/\"},{\"@type\":\"ListItem\",\"position\":3,\"name\":\"Testemunho Manuel Alegria\"}]},{\"@type\":\"WebSite\",\"@id\":\"https:\\\/\\\/astrologiatradicionalemoderna.net\\\/#website\",\"url\":\"https:\\\/\\\/astrologiatradicionalemoderna.net\\\/\",\"name\":\"Astrologia Tradicional e Moderna\",\"description\":\"Centro de Astrologia Tradicional e Moderna\",\"publisher\":{\"@id\":\"https:\\\/\\\/astrologiatradicionalemoderna.net\\\/#organization\"},\"potentialAction\":[{\"@type\":\"SearchAction\",\"target\":{\"@type\":\"EntryPoint\",\"urlTemplate\":\"https:\\\/\\\/astrologiatradicionalemoderna.net\\\/?s={search_term_string}\"},\"query-input\":{\"@type\":\"PropertyValueSpecification\",\"valueRequired\":true,\"valueName\":\"search_term_string\"}}],\"inLanguage\":\"en-US\"},{\"@type\":\"Organization\",\"@id\":\"https:\\\/\\\/astrologiatradicionalemoderna.net\\\/#organization\",\"name\":\"Centro de Astrologia Tradicional e Moderna\",\"url\":\"https:\\\/\\\/astrologiatradicionalemoderna.net\\\/\",\"logo\":{\"@type\":\"ImageObject\",\"inLanguage\":\"en-US\",\"@id\":\"https:\\\/\\\/astrologiatradicionalemoderna.net\\\/#\\\/schema\\\/logo\\\/image\\\/\",\"url\":\"https:\\\/\\\/astrologiatradicionalemoderna.net\\\/wp-content\\\/uploads\\\/2023\\\/06\\\/Astrologia-Tradicional-e-Moderna_Cabecalho.jpg\",\"contentUrl\":\"https:\\\/\\\/astrologiatradicionalemoderna.net\\\/wp-content\\\/uploads\\\/2023\\\/06\\\/Astrologia-Tradicional-e-Moderna_Cabecalho.jpg\",\"width\":1300,\"height\":150,\"caption\":\"Centro de Astrologia Tradicional e Moderna\"},\"image\":{\"@id\":\"https:\\\/\\\/astrologiatradicionalemoderna.net\\\/#\\\/schema\\\/logo\\\/image\\\/\"},\"sameAs\":[\"https:\\\/\\\/www.facebook.com\\\/Centro.de.Astrologia.Tradicional.e.Moderna\\\/\",\"https:\\\/\\\/instagram.com\\\/centro_astrologia_catm?igshid=1vndr4qwwvnai\"]}]}<\/script>\n<!-- \/ Yoast SEO plugin. -->","yoast_head_json":{"title":"Testemunho Manuel Alegria - Astrologia Tradicional e Moderna","robots":{"index":"index","follow":"follow","max-snippet":"max-snippet:-1","max-image-preview":"max-image-preview:large","max-video-preview":"max-video-preview:-1"},"canonical":"https:\/\/astrologiatradicionalemoderna.net\/en\/testemunhos\/testemunho-manuel-alegria\/","og_locale":"en_US","og_type":"article","og_title":"Testemunho Manuel Alegria - Astrologia Tradicional e Moderna","og_description":"Manuel Alegria &#8211; Estudante de Ci\u00eancias A Astrologia \u00e9 definitivamente um Tudo em 1! A mat\u00e9ria para al\u00e9m de nos fazer entender muito melhor tanto&hellip;","og_url":"https:\/\/astrologiatradicionalemoderna.net\/en\/testemunhos\/testemunho-manuel-alegria\/","og_site_name":"Astrologia Tradicional e Moderna","article_publisher":"https:\/\/www.facebook.com\/Centro.de.Astrologia.Tradicional.e.Moderna\/","og_image":[{"url":"https:\/\/astrologiatradicionalemoderna.net\/wp-content\/uploads\/2018\/09\/Manuel-Alegria-150x150.jpg","type":"","width":"","height":""}],"twitter_card":"summary_large_image","twitter_misc":{"Est. reading time":"3 minutes"},"schema":{"@context":"https:\/\/schema.org","@graph":[{"@type":"WebPage","@id":"https:\/\/astrologiatradicionalemoderna.net\/testemunhos\/testemunho-manuel-alegria\/","url":"https:\/\/astrologiatradicionalemoderna.net\/testemunhos\/testemunho-manuel-alegria\/","name":"Testemunho Manuel Alegria - Astrologia Tradicional e Moderna","isPartOf":{"@id":"https:\/\/astrologiatradicionalemoderna.net\/#website"},"primaryImageOfPage":{"@id":"https:\/\/astrologiatradicionalemoderna.net\/testemunhos\/testemunho-manuel-alegria\/#primaryimage"},"image":{"@id":"https:\/\/astrologiatradicionalemoderna.net\/testemunhos\/testemunho-manuel-alegria\/#primaryimage"},"thumbnailUrl":"https:\/\/astrologiatradicionalemoderna.net\/wp-content\/uploads\/2018\/09\/Manuel-Alegria-150x150.jpg","datePublished":"2018-09-22T18:22:09+00:00","breadcrumb":{"@id":"https:\/\/astrologiatradicionalemoderna.net\/testemunhos\/testemunho-manuel-alegria\/#breadcrumb"},"inLanguage":"en-US","potentialAction":[{"@type":"ReadAction","target":["https:\/\/astrologiatradicionalemoderna.net\/testemunhos\/testemunho-manuel-alegria\/"]}]},{"@type":"ImageObject","inLanguage":"en-US","@id":"https:\/\/astrologiatradicionalemoderna.net\/testemunhos\/testemunho-manuel-alegria\/#primaryimage","url":"https:\/\/astrologiatradicionalemoderna.net\/wp-content\/uploads\/2018\/09\/Manuel-Alegria-150x150.jpg","contentUrl":"https:\/\/astrologiatradicionalemoderna.net\/wp-content\/uploads\/2018\/09\/Manuel-Alegria-150x150.jpg"},{"@type":"BreadcrumbList","@id":"https:\/\/astrologiatradicionalemoderna.net\/testemunhos\/testemunho-manuel-alegria\/#breadcrumb","itemListElement":[{"@type":"ListItem","position":1,"name":"In\u00edcio","item":"https:\/\/astrologiatradicionalemoderna.net\/"},{"@type":"ListItem","position":2,"name":"Testemunhos","item":"https:\/\/astrologiatradicionalemoderna.net\/testemunhos\/"},{"@type":"ListItem","position":3,"name":"Testemunho Manuel Alegria"}]},{"@type":"WebSite","@id":"https:\/\/astrologiatradicionalemoderna.net\/#website","url":"https:\/\/astrologiatradicionalemoderna.net\/","name":"Astrologia Tradicional e Moderna","description":"Centro de Astrologia Tradicional e Moderna","publisher":{"@id":"https:\/\/astrologiatradicionalemoderna.net\/#organization"},"potentialAction":[{"@type":"SearchAction","target":{"@type":"EntryPoint","urlTemplate":"https:\/\/astrologiatradicionalemoderna.net\/?s={search_term_string}"},"query-input":{"@type":"PropertyValueSpecification","valueRequired":true,"valueName":"search_term_string"}}],"inLanguage":"en-US"},{"@type":"Organization","@id":"https:\/\/astrologiatradicionalemoderna.net\/#organization","name":"Centro de Astrologia Tradicional e Moderna","url":"https:\/\/astrologiatradicionalemoderna.net\/","logo":{"@type":"ImageObject","inLanguage":"en-US","@id":"https:\/\/astrologiatradicionalemoderna.net\/#\/schema\/logo\/image\/","url":"https:\/\/astrologiatradicionalemoderna.net\/wp-content\/uploads\/2023\/06\/Astrologia-Tradicional-e-Moderna_Cabecalho.jpg","contentUrl":"https:\/\/astrologiatradicionalemoderna.net\/wp-content\/uploads\/2023\/06\/Astrologia-Tradicional-e-Moderna_Cabecalho.jpg","width":1300,"height":150,"caption":"Centro de Astrologia Tradicional e Moderna"},"image":{"@id":"https:\/\/astrologiatradicionalemoderna.net\/#\/schema\/logo\/image\/"},"sameAs":["https:\/\/www.facebook.com\/Centro.de.Astrologia.Tradicional.e.Moderna\/","https:\/\/instagram.com\/centro_astrologia_catm?igshid=1vndr4qwwvnai"]}]}},"_links":{"self":[{"href":"https:\/\/astrologiatradicionalemoderna.net\/en\/wp-json\/wp\/v2\/pages\/909","targetHints":{"allow":["GET"]}}],"collection":[{"href":"https:\/\/astrologiatradicionalemoderna.net\/en\/wp-json\/wp\/v2\/pages"}],"about":[{"href":"https:\/\/astrologiatradicionalemoderna.net\/en\/wp-json\/wp\/v2\/types\/page"}],"author":[{"embeddable":true,"href":"https:\/\/astrologiatradicionalemoderna.net\/en\/wp-json\/wp\/v2\/users\/2"}],"replies":[{"embeddable":true,"href":"https:\/\/astrologiatradicionalemoderna.net\/en\/wp-json\/wp\/v2\/comments?post=909"}],"version-history":[{"count":0,"href":"https:\/\/astrologiatradicionalemoderna.net\/en\/wp-json\/wp\/v2\/pages\/909\/revisions"}],"up":[{"embeddable":true,"href":"https:\/\/astrologiatradicionalemoderna.net\/en\/wp-json\/wp\/v2\/pages\/167"}],"wp:attachment":[{"href":"https:\/\/astrologiatradicionalemoderna.net\/en\/wp-json\/wp\/v2\/media?parent=909"}],"curies":[{"name":"wp","href":"https:\/\/api.w.org\/{rel}","templated":true}]}}