{"id":788,"date":"2018-06-05T13:28:24","date_gmt":"2018-06-05T13:28:24","guid":{"rendered":"http:\/\/astrologiatradicionalemoderna.net\/?page_id=788"},"modified":"2023-08-25T20:19:34","modified_gmt":"2023-08-25T20:19:34","slug":"firdaria","status":"publish","type":"page","link":"https:\/\/astrologiatradicionalemoderna.net\/en\/recursos\/firdaria\/","title":{"rendered":"Fird\u00e1ria"},"content":{"rendered":"<div data-elementor-type=\"wp-page\" data-elementor-id=\"788\" class=\"elementor elementor-788\" data-elementor-post-type=\"page\">\n\t\t\t\t\t\t<section class=\"elementor-section elementor-top-section elementor-element elementor-element-61d3ccd6 elementor-section-boxed elementor-section-height-default elementor-section-height-default\" data-id=\"61d3ccd6\" data-element_type=\"section\" data-e-type=\"section\">\n\t\t\t\t\t\t<div class=\"elementor-container elementor-column-gap-default\">\n\t\t\t\t\t<div class=\"elementor-column elementor-col-50 elementor-top-column elementor-element elementor-element-38a784ec\" data-id=\"38a784ec\" data-element_type=\"column\" data-e-type=\"column\">\n\t\t\t<div class=\"elementor-widget-wrap elementor-element-populated\">\n\t\t\t\t\t\t<div class=\"elementor-element elementor-element-897d88d elementor-widget elementor-widget-text-editor\" data-id=\"897d88d\" data-element_type=\"widget\" data-e-type=\"widget\" data-widget_type=\"text-editor.default\">\n\t\t\t\t<div class=\"elementor-widget-container\">\n\t\t\t\t\t\t\t\t\t<div id=\"pl-788\"  class=\"panel-layout\" ><div id=\"pg-788-0\"  class=\"panel-grid panel-no-style\" ><div id=\"pgc-788-0-0\"  class=\"panel-grid-cell\"  data-weight=\"1\" ><div id=\"panel-788-0-0-0\" class=\"so-panel widget_sow-editor panel-first-child panel-last-child\" data-index=\"0\" data-style=\"{&quot;class&quot;:&quot;AstroContentDiv&quot;,&quot;background_image_attachment&quot;:false,&quot;background_display&quot;:&quot;tile&quot;}\" ><div class=\"AstroContentDiv panel-widget-style panel-widget-style-for-788-0-0-0\" ><div class=\"so-widget-sow-editor so-widget-sow-editor-base\">\n<div class=\"siteorigin-widget-tinymce textwidget\">\n\t<img loading=\"lazy\" decoding=\"async\" class=\"alignnone wp-image-789 size-full\" src=\"http:\/\/astrologiatradicionalemoderna.net\/wp-content\/uploads\/2018\/06\/Firdaria_Mapa_Diurno.jpg\" alt=\"\" width=\"1200\" height=\"1697\" srcset=\"https:\/\/astrologiatradicionalemoderna.net\/wp-content\/uploads\/2018\/06\/Firdaria_Mapa_Diurno.jpg 1200w, https:\/\/astrologiatradicionalemoderna.net\/wp-content\/uploads\/2018\/06\/Firdaria_Mapa_Diurno-212x300.jpg 212w, https:\/\/astrologiatradicionalemoderna.net\/wp-content\/uploads\/2018\/06\/Firdaria_Mapa_Diurno-724x1024.jpg 724w, https:\/\/astrologiatradicionalemoderna.net\/wp-content\/uploads\/2018\/06\/Firdaria_Mapa_Diurno-768x1086.jpg 768w, https:\/\/astrologiatradicionalemoderna.net\/wp-content\/uploads\/2018\/06\/Firdaria_Mapa_Diurno-1086x1536.jpg 1086w\" sizes=\"auto, (max-width: 1200px) 100vw, 1200px\" \/>\n\n&nbsp;\n\n&nbsp;\n\n<img loading=\"lazy\" decoding=\"async\" class=\"alignnone size-full wp-image-790\" src=\"http:\/\/astrologiatradicionalemoderna.net\/wp-content\/uploads\/2018\/06\/Firdaria_Mapa_Nocturno.jpg\" alt=\"\" width=\"1200\" height=\"1697\" srcset=\"https:\/\/astrologiatradicionalemoderna.net\/wp-content\/uploads\/2018\/06\/Firdaria_Mapa_Nocturno.jpg 1200w, https:\/\/astrologiatradicionalemoderna.net\/wp-content\/uploads\/2018\/06\/Firdaria_Mapa_Nocturno-212x300.jpg 212w, https:\/\/astrologiatradicionalemoderna.net\/wp-content\/uploads\/2018\/06\/Firdaria_Mapa_Nocturno-724x1024.jpg 724w, https:\/\/astrologiatradicionalemoderna.net\/wp-content\/uploads\/2018\/06\/Firdaria_Mapa_Nocturno-768x1086.jpg 768w, https:\/\/astrologiatradicionalemoderna.net\/wp-content\/uploads\/2018\/06\/Firdaria_Mapa_Nocturno-1086x1536.jpg 1086w\" sizes=\"auto, (max-width: 1200px) 100vw, 1200px\" \/><\/div>\n<\/div><\/div><\/div><\/div><\/div><\/div>\t\t\t\t\t\t\t\t<\/div>\n\t\t\t\t<\/div>\n\t\t\t\t\t<\/div>\n\t\t<\/div>\n\t\t\t\t<div class=\"elementor-column elementor-col-50 elementor-top-column elementor-element elementor-element-28289b4\" data-id=\"28289b4\" data-element_type=\"column\" data-e-type=\"column\">\n\t\t\t<div class=\"elementor-widget-wrap elementor-element-populated\">\n\t\t\t\t\t\t<div class=\"elementor-element elementor-element-258108f elementor-widget__width-initial elementor-widget elementor-widget-text-editor\" data-id=\"258108f\" data-element_type=\"widget\" data-e-type=\"widget\" data-widget_type=\"text-editor.default\">\n\t\t\t\t<div class=\"elementor-widget-container\">\n\t\t\t\t\t\t\t\t\t<h1 style=\"border: 0px; margin-top: 20px; margin-bottom: 20px; padding: 0px; font-family: Quicksand, sans-serif; font-size: 19px; line-height: 1.2em; color: #134a7a; text-align: center; background-color: #c8dcdc;\">RECURSOS<\/h1><hr style=\"background-color: white; color: #3a3a3a; font-family: Quicksand, sans-serif; font-size: 15px; margin: -10px 20px 10px !important 20px;\" \/><ul><li><a href=\"https:\/\/astrologiatradicionalemoderna.net\/en\/recursos\/os-simbolos-astrologicos\/\">S\u00edmbolos Astrol\u00f3gicos<\/a><\/li><li><a href=\"https:\/\/astrologiatradicionalemoderna.net\/en\/recursos\/tabela-de-dignidades-e-debilidades-essenciais\/\">Dignidades e Debilidades Essenciais<\/a><\/li><li><a href=\"https:\/\/astrologiatradicionalemoderna.net\/en\/recursos\/horas-planetarias\/\">Horas Planet\u00e1rias<\/a><\/li><li><a href=\"https:\/\/astrologiatradicionalemoderna.net\/en\/recursos\/as-partes-arabicas\/\">As Partes Ar\u00e1bicas<\/a><\/li><li><a href=\"https:\/\/astrologiatradicionalemoderna.net\/en\/recursos\/estrelas-fixas\/\">Estrelas Fixas<\/a><\/li><li><a href=\"https:\/\/astrologiatradicionalemoderna.net\/en\/recursos\/idades-do-ser-humano\/\">Idades do Ser Humano<\/a><\/li><li><a href=\"https:\/\/astrologiatradicionalemoderna.net\/en\/recursos\/firdaria\/\">Fird\u00e1ria<\/a><\/li><\/ul>\t\t\t\t\t\t\t\t<\/div>\n\t\t\t\t<\/div>\n\t\t\t\t\t<\/div>\n\t\t<\/div>\n\t\t\t\t\t<\/div>\n\t\t<\/section>\n\t\t\t\t<\/div>","protected":false},"excerpt":{"rendered":"<p>&nbsp; &nbsp; RECURSOS S\u00edmbolos Astrol\u00f3gicos Dignidades e Debilidades Essenciais Horas Planet\u00e1rias As Partes Ar\u00e1bicas Estrelas Fixas Idades do Ser Humano Fird\u00e1ria<\/p>","protected":false},"author":2,"featured_media":0,"parent":169,"menu_order":6,"comment_status":"closed","ping_status":"closed","template":"","meta":{"footnotes":""},"class_list":["post-788","page","type-page","status-publish","hentry"],"yoast_head":"<!-- This site is optimized with the Yoast SEO plugin v27.3 - https:\/\/yoast.com\/product\/yoast-seo-wordpress\/ -->\n<title>Fird\u00e1ria - Astrologia Tradicional e Moderna<\/title>\n<meta name=\"robots\" content=\"index, follow, max-snippet:-1, max-image-preview:large, max-video-preview:-1\" \/>\n<link rel=\"canonical\" href=\"https:\/\/astrologiatradicionalemoderna.net\/en\/recursos\/firdaria\/\" \/>\n<meta property=\"og:locale\" content=\"en_US\" \/>\n<meta property=\"og:type\" content=\"article\" \/>\n<meta property=\"og:title\" content=\"Fird\u00e1ria - Astrologia Tradicional e Moderna\" \/>\n<meta property=\"og:description\" content=\"&nbsp; &nbsp; RECURSOS S\u00edmbolos Astrol\u00f3gicos Dignidades e Debilidades Essenciais Horas Planet\u00e1rias As Partes Ar\u00e1bicas Estrelas Fixas Idades do Ser Humano Fird\u00e1ria\" \/>\n<meta property=\"og:url\" content=\"https:\/\/astrologiatradicionalemoderna.net\/en\/recursos\/firdaria\/\" \/>\n<meta property=\"og:site_name\" content=\"Astrologia Tradicional e Moderna\" \/>\n<meta property=\"article:publisher\" content=\"https:\/\/www.facebook.com\/Centro.de.Astrologia.Tradicional.e.Moderna\/\" \/>\n<meta property=\"article:modified_time\" content=\"2023-08-25T20:19:34+00:00\" \/>\n<meta property=\"og:image\" content=\"http:\/\/astrologiatradicionalemoderna.net\/wp-content\/uploads\/2018\/06\/Firdaria_Mapa_Diurno.jpg\" \/>\n<meta name=\"twitter:card\" content=\"summary_large_image\" \/>\n<meta name=\"twitter:label1\" content=\"Est. reading time\" \/>\n\t<meta name=\"twitter:data1\" content=\"1 minute\" \/>\n<script type=\"application\/ld+json\" class=\"yoast-schema-graph\">{\"@context\":\"https:\\\/\\\/schema.org\",\"@graph\":[{\"@type\":\"WebPage\",\"@id\":\"https:\\\/\\\/astrologiatradicionalemoderna.net\\\/recursos\\\/firdaria\\\/\",\"url\":\"https:\\\/\\\/astrologiatradicionalemoderna.net\\\/recursos\\\/firdaria\\\/\",\"name\":\"Fird\u00e1ria - Astrologia Tradicional e Moderna\",\"isPartOf\":{\"@id\":\"https:\\\/\\\/astrologiatradicionalemoderna.net\\\/#website\"},\"primaryImageOfPage\":{\"@id\":\"https:\\\/\\\/astrologiatradicionalemoderna.net\\\/recursos\\\/firdaria\\\/#primaryimage\"},\"image\":{\"@id\":\"https:\\\/\\\/astrologiatradicionalemoderna.net\\\/recursos\\\/firdaria\\\/#primaryimage\"},\"thumbnailUrl\":\"http:\\\/\\\/astrologiatradicionalemoderna.net\\\/wp-content\\\/uploads\\\/2018\\\/06\\\/Firdaria_Mapa_Diurno.jpg\",\"datePublished\":\"2018-06-05T13:28:24+00:00\",\"dateModified\":\"2023-08-25T20:19:34+00:00\",\"breadcrumb\":{\"@id\":\"https:\\\/\\\/astrologiatradicionalemoderna.net\\\/recursos\\\/firdaria\\\/#breadcrumb\"},\"inLanguage\":\"en-US\",\"potentialAction\":[{\"@type\":\"ReadAction\",\"target\":[\"https:\\\/\\\/astrologiatradicionalemoderna.net\\\/recursos\\\/firdaria\\\/\"]}]},{\"@type\":\"ImageObject\",\"inLanguage\":\"en-US\",\"@id\":\"https:\\\/\\\/astrologiatradicionalemoderna.net\\\/recursos\\\/firdaria\\\/#primaryimage\",\"url\":\"http:\\\/\\\/astrologiatradicionalemoderna.net\\\/wp-content\\\/uploads\\\/2018\\\/06\\\/Firdaria_Mapa_Diurno.jpg\",\"contentUrl\":\"http:\\\/\\\/astrologiatradicionalemoderna.net\\\/wp-content\\\/uploads\\\/2018\\\/06\\\/Firdaria_Mapa_Diurno.jpg\"},{\"@type\":\"BreadcrumbList\",\"@id\":\"https:\\\/\\\/astrologiatradicionalemoderna.net\\\/recursos\\\/firdaria\\\/#breadcrumb\",\"itemListElement\":[{\"@type\":\"ListItem\",\"position\":1,\"name\":\"In\u00edcio\",\"item\":\"https:\\\/\\\/astrologiatradicionalemoderna.net\\\/\"},{\"@type\":\"ListItem\",\"position\":2,\"name\":\"Recursos\",\"item\":\"https:\\\/\\\/astrologiatradicionalemoderna.net\\\/recursos\\\/\"},{\"@type\":\"ListItem\",\"position\":3,\"name\":\"Fird\u00e1ria\"}]},{\"@type\":\"WebSite\",\"@id\":\"https:\\\/\\\/astrologiatradicionalemoderna.net\\\/#website\",\"url\":\"https:\\\/\\\/astrologiatradicionalemoderna.net\\\/\",\"name\":\"Astrologia Tradicional e Moderna\",\"description\":\"Centro de Astrologia Tradicional e Moderna\",\"publisher\":{\"@id\":\"https:\\\/\\\/astrologiatradicionalemoderna.net\\\/#organization\"},\"potentialAction\":[{\"@type\":\"SearchAction\",\"target\":{\"@type\":\"EntryPoint\",\"urlTemplate\":\"https:\\\/\\\/astrologiatradicionalemoderna.net\\\/?s={search_term_string}\"},\"query-input\":{\"@type\":\"PropertyValueSpecification\",\"valueRequired\":true,\"valueName\":\"search_term_string\"}}],\"inLanguage\":\"en-US\"},{\"@type\":\"Organization\",\"@id\":\"https:\\\/\\\/astrologiatradicionalemoderna.net\\\/#organization\",\"name\":\"Centro de Astrologia Tradicional e Moderna\",\"url\":\"https:\\\/\\\/astrologiatradicionalemoderna.net\\\/\",\"logo\":{\"@type\":\"ImageObject\",\"inLanguage\":\"en-US\",\"@id\":\"https:\\\/\\\/astrologiatradicionalemoderna.net\\\/#\\\/schema\\\/logo\\\/image\\\/\",\"url\":\"https:\\\/\\\/astrologiatradicionalemoderna.net\\\/wp-content\\\/uploads\\\/2023\\\/06\\\/Astrologia-Tradicional-e-Moderna_Cabecalho.jpg\",\"contentUrl\":\"https:\\\/\\\/astrologiatradicionalemoderna.net\\\/wp-content\\\/uploads\\\/2023\\\/06\\\/Astrologia-Tradicional-e-Moderna_Cabecalho.jpg\",\"width\":1300,\"height\":150,\"caption\":\"Centro de Astrologia Tradicional e Moderna\"},\"image\":{\"@id\":\"https:\\\/\\\/astrologiatradicionalemoderna.net\\\/#\\\/schema\\\/logo\\\/image\\\/\"},\"sameAs\":[\"https:\\\/\\\/www.facebook.com\\\/Centro.de.Astrologia.Tradicional.e.Moderna\\\/\",\"https:\\\/\\\/instagram.com\\\/centro_astrologia_catm?igshid=1vndr4qwwvnai\"]}]}<\/script>\n<!-- \/ Yoast SEO plugin. -->","yoast_head_json":{"title":"Fird\u00e1ria - Astrologia Tradicional e Moderna","robots":{"index":"index","follow":"follow","max-snippet":"max-snippet:-1","max-image-preview":"max-image-preview:large","max-video-preview":"max-video-preview:-1"},"canonical":"https:\/\/astrologiatradicionalemoderna.net\/en\/recursos\/firdaria\/","og_locale":"en_US","og_type":"article","og_title":"Fird\u00e1ria - Astrologia Tradicional e Moderna","og_description":"&nbsp; &nbsp; RECURSOS S\u00edmbolos Astrol\u00f3gicos Dignidades e Debilidades Essenciais Horas Planet\u00e1rias As Partes Ar\u00e1bicas Estrelas Fixas Idades do Ser Humano Fird\u00e1ria","og_url":"https:\/\/astrologiatradicionalemoderna.net\/en\/recursos\/firdaria\/","og_site_name":"Astrologia Tradicional e Moderna","article_publisher":"https:\/\/www.facebook.com\/Centro.de.Astrologia.Tradicional.e.Moderna\/","article_modified_time":"2023-08-25T20:19:34+00:00","og_image":[{"url":"http:\/\/astrologiatradicionalemoderna.net\/wp-content\/uploads\/2018\/06\/Firdaria_Mapa_Diurno.jpg","type":"","width":"","height":""}],"twitter_card":"summary_large_image","twitter_misc":{"Est. reading time":"1 minute"},"schema":{"@context":"https:\/\/schema.org","@graph":[{"@type":"WebPage","@id":"https:\/\/astrologiatradicionalemoderna.net\/recursos\/firdaria\/","url":"https:\/\/astrologiatradicionalemoderna.net\/recursos\/firdaria\/","name":"Fird\u00e1ria - Astrologia Tradicional e Moderna","isPartOf":{"@id":"https:\/\/astrologiatradicionalemoderna.net\/#website"},"primaryImageOfPage":{"@id":"https:\/\/astrologiatradicionalemoderna.net\/recursos\/firdaria\/#primaryimage"},"image":{"@id":"https:\/\/astrologiatradicionalemoderna.net\/recursos\/firdaria\/#primaryimage"},"thumbnailUrl":"http:\/\/astrologiatradicionalemoderna.net\/wp-content\/uploads\/2018\/06\/Firdaria_Mapa_Diurno.jpg","datePublished":"2018-06-05T13:28:24+00:00","dateModified":"2023-08-25T20:19:34+00:00","breadcrumb":{"@id":"https:\/\/astrologiatradicionalemoderna.net\/recursos\/firdaria\/#breadcrumb"},"inLanguage":"en-US","potentialAction":[{"@type":"ReadAction","target":["https:\/\/astrologiatradicionalemoderna.net\/recursos\/firdaria\/"]}]},{"@type":"ImageObject","inLanguage":"en-US","@id":"https:\/\/astrologiatradicionalemoderna.net\/recursos\/firdaria\/#primaryimage","url":"http:\/\/astrologiatradicionalemoderna.net\/wp-content\/uploads\/2018\/06\/Firdaria_Mapa_Diurno.jpg","contentUrl":"http:\/\/astrologiatradicionalemoderna.net\/wp-content\/uploads\/2018\/06\/Firdaria_Mapa_Diurno.jpg"},{"@type":"BreadcrumbList","@id":"https:\/\/astrologiatradicionalemoderna.net\/recursos\/firdaria\/#breadcrumb","itemListElement":[{"@type":"ListItem","position":1,"name":"In\u00edcio","item":"https:\/\/astrologiatradicionalemoderna.net\/"},{"@type":"ListItem","position":2,"name":"Recursos","item":"https:\/\/astrologiatradicionalemoderna.net\/recursos\/"},{"@type":"ListItem","position":3,"name":"Fird\u00e1ria"}]},{"@type":"WebSite","@id":"https:\/\/astrologiatradicionalemoderna.net\/#website","url":"https:\/\/astrologiatradicionalemoderna.net\/","name":"Astrologia Tradicional e Moderna","description":"Centro de Astrologia Tradicional e Moderna","publisher":{"@id":"https:\/\/astrologiatradicionalemoderna.net\/#organization"},"potentialAction":[{"@type":"SearchAction","target":{"@type":"EntryPoint","urlTemplate":"https:\/\/astrologiatradicionalemoderna.net\/?s={search_term_string}"},"query-input":{"@type":"PropertyValueSpecification","valueRequired":true,"valueName":"search_term_string"}}],"inLanguage":"en-US"},{"@type":"Organization","@id":"https:\/\/astrologiatradicionalemoderna.net\/#organization","name":"Centro de Astrologia Tradicional e Moderna","url":"https:\/\/astrologiatradicionalemoderna.net\/","logo":{"@type":"ImageObject","inLanguage":"en-US","@id":"https:\/\/astrologiatradicionalemoderna.net\/#\/schema\/logo\/image\/","url":"https:\/\/astrologiatradicionalemoderna.net\/wp-content\/uploads\/2023\/06\/Astrologia-Tradicional-e-Moderna_Cabecalho.jpg","contentUrl":"https:\/\/astrologiatradicionalemoderna.net\/wp-content\/uploads\/2023\/06\/Astrologia-Tradicional-e-Moderna_Cabecalho.jpg","width":1300,"height":150,"caption":"Centro de Astrologia Tradicional e Moderna"},"image":{"@id":"https:\/\/astrologiatradicionalemoderna.net\/#\/schema\/logo\/image\/"},"sameAs":["https:\/\/www.facebook.com\/Centro.de.Astrologia.Tradicional.e.Moderna\/","https:\/\/instagram.com\/centro_astrologia_catm?igshid=1vndr4qwwvnai"]}]}},"_links":{"self":[{"href":"https:\/\/astrologiatradicionalemoderna.net\/en\/wp-json\/wp\/v2\/pages\/788","targetHints":{"allow":["GET"]}}],"collection":[{"href":"https:\/\/astrologiatradicionalemoderna.net\/en\/wp-json\/wp\/v2\/pages"}],"about":[{"href":"https:\/\/astrologiatradicionalemoderna.net\/en\/wp-json\/wp\/v2\/types\/page"}],"author":[{"embeddable":true,"href":"https:\/\/astrologiatradicionalemoderna.net\/en\/wp-json\/wp\/v2\/users\/2"}],"replies":[{"embeddable":true,"href":"https:\/\/astrologiatradicionalemoderna.net\/en\/wp-json\/wp\/v2\/comments?post=788"}],"version-history":[{"count":3,"href":"https:\/\/astrologiatradicionalemoderna.net\/en\/wp-json\/wp\/v2\/pages\/788\/revisions"}],"predecessor-version":[{"id":5200,"href":"https:\/\/astrologiatradicionalemoderna.net\/en\/wp-json\/wp\/v2\/pages\/788\/revisions\/5200"}],"up":[{"embeddable":true,"href":"https:\/\/astrologiatradicionalemoderna.net\/en\/wp-json\/wp\/v2\/pages\/169"}],"wp:attachment":[{"href":"https:\/\/astrologiatradicionalemoderna.net\/en\/wp-json\/wp\/v2\/media?parent=788"}],"curies":[{"name":"wp","href":"https:\/\/api.w.org\/{rel}","templated":true}]}}