{"id":728,"date":"2018-05-06T19:20:39","date_gmt":"2018-05-06T19:20:39","guid":{"rendered":"http:\/\/astrologiatradicionalemoderna.net\/?page_id=728"},"modified":"2018-05-06T19:20:39","modified_gmt":"2018-05-06T19:20:39","slug":"testemunho-ana-guedes","status":"publish","type":"page","link":"https:\/\/astrologiatradicionalemoderna.net\/en\/testemunhos\/testemunho-ana-guedes\/","title":{"rendered":"Testemunho Ana Guedes"},"content":{"rendered":"<div id=\"pl-728\"  class=\"panel-layout\" >\n<div id=\"pg-728-0\"  class=\"panel-grid panel-no-style\" >\n<div id=\"pgc-728-0-0\"  class=\"panel-grid-cell\"  data-weight=\"1\" >\n<div id=\"panel-728-0-0-0\" class=\"so-panel widget_sow-editor panel-first-child panel-last-child\" data-index=\"0\" data-style=\"{&quot;class&quot;:&quot;AstroContentTestimonialsDiv&quot;,&quot;background_image_attachment&quot;:false,&quot;background_display&quot;:&quot;tile&quot;}\" >\n<div class=\"AstroContentTestimonialsDiv panel-widget-style panel-widget-style-for-728-0-0-0\" >\n<div class=\"so-widget-sow-editor so-widget-sow-editor-base\">\n<div class=\"siteorigin-widget-tinymce textwidget\">\n<p><img loading=\"lazy\" decoding=\"async\" class=\"aligncenter wp-image-729 size-thumbnail\" src=\"http:\/\/astrologiatradicionalemoderna.net\/wp-content\/uploads\/2018\/05\/Ana-Guedes-e1525634509527-150x150.jpg\" alt=\"\" width=\"150\" height=\"150\" srcset=\"https:\/\/astrologiatradicionalemoderna.net\/wp-content\/uploads\/2018\/05\/Ana-Guedes-e1525634509527-150x150.jpg 150w, https:\/\/astrologiatradicionalemoderna.net\/wp-content\/uploads\/2018\/05\/Ana-Guedes-e1525634509527-300x300.jpg 300w, https:\/\/astrologiatradicionalemoderna.net\/wp-content\/uploads\/2018\/05\/Ana-Guedes-e1525634509527-1024x1024.jpg 1024w, https:\/\/astrologiatradicionalemoderna.net\/wp-content\/uploads\/2018\/05\/Ana-Guedes-e1525634509527-768x768.jpg 768w, https:\/\/astrologiatradicionalemoderna.net\/wp-content\/uploads\/2018\/05\/Ana-Guedes-e1525634509527-1536x1536.jpg 1536w, https:\/\/astrologiatradicionalemoderna.net\/wp-content\/uploads\/2018\/05\/Ana-Guedes-e1525634509527.jpg 1920w\" sizes=\"auto, (max-width: 150px) 100vw, 150px\" \/><\/p>\n<p style=\"text-align: center;\"><strong>Ana Guedes <\/strong>&#8211;\u00a0Escritora, professora universit\u00e1ria e doutoranda e Ci\u00eancias da Comunica\u00e7\u00e3o -Universidade de Coimbra<\/p>\n<p>O curso de Astrologia Tradicional e Moderna proporcionou-me um maior ganho de consci\u00eancia em rela\u00e7\u00e3o \u00e0 minha personalidade, \u00e0s minhas atitudes, emo\u00e7\u00f5es e pensamentos, sendo, portanto, um complexo e milenar sistema de autoconhecimento e de transforma\u00e7\u00e3o pessoal e transpessoal. A formadora e astr\u00f3loga Isabel Antunes transmite os conte\u00fados com muita paix\u00e3o, entusiasmo e alegria de modo que as aulas s\u00e3o ao mesmo tempo muito ricas pela profundidade do conte\u00fado e tamb\u00e9m muito divertidas.<\/p>\n<p>E enfim, posso ainda acrescentar numa perspectiva mais geral que o conhecimento adquirido com a Astrologia nos ajuda nas rela\u00e7\u00f5es pessoais e profissionais uma vez que passamos a compreender mais claramente que cada ser humano \u00e9 um pequeno sistema, com suas caracter\u00edsticas pr\u00f3prias, emo\u00e7\u00f5es particulares e, por consequ\u00eancia, a\u00e7\u00f5es singulares.<\/p>\n<p style=\"text-align: center;\"><a href=\"http:\/\/astrologiatradicionalemoderna.net\/en\/testemunhos\/\">Voltar a testemunhos<\/a><\/p>\n<\/div>\n<\/div>\n<\/div>\n<\/div>\n<\/div>\n<\/div>\n<\/div>","protected":false},"excerpt":{"rendered":"<p>Ana Guedes &#8211;\u00a0Escritora, professora universit\u00e1ria e doutoranda e Ci\u00eancias da Comunica\u00e7\u00e3o -Universidade de Coimbra O curso de Astrologia Tradicional e Moderna proporcionou-me um maior ganho&hellip;<\/p>","protected":false},"author":2,"featured_media":0,"parent":167,"menu_order":7,"comment_status":"closed","ping_status":"closed","template":"","meta":{"footnotes":""},"class_list":["post-728","page","type-page","status-publish","hentry"],"yoast_head":"<!-- This site is optimized with the Yoast SEO plugin v27.3 - https:\/\/yoast.com\/product\/yoast-seo-wordpress\/ -->\n<title>Testemunho Ana Guedes - Astrologia Tradicional e Moderna<\/title>\n<meta name=\"robots\" content=\"index, follow, max-snippet:-1, max-image-preview:large, max-video-preview:-1\" \/>\n<link rel=\"canonical\" href=\"https:\/\/astrologiatradicionalemoderna.net\/en\/testemunhos\/testemunho-ana-guedes\/\" \/>\n<meta property=\"og:locale\" content=\"en_US\" \/>\n<meta property=\"og:type\" content=\"article\" \/>\n<meta property=\"og:title\" content=\"Testemunho Ana Guedes - Astrologia Tradicional e Moderna\" \/>\n<meta property=\"og:description\" content=\"Ana Guedes &#8211;\u00a0Escritora, professora universit\u00e1ria e doutoranda e Ci\u00eancias da Comunica\u00e7\u00e3o -Universidade de Coimbra O curso de Astrologia Tradicional e Moderna proporcionou-me um maior ganho&hellip;\" \/>\n<meta property=\"og:url\" content=\"https:\/\/astrologiatradicionalemoderna.net\/en\/testemunhos\/testemunho-ana-guedes\/\" \/>\n<meta property=\"og:site_name\" content=\"Astrologia Tradicional e Moderna\" \/>\n<meta property=\"article:publisher\" content=\"https:\/\/www.facebook.com\/Centro.de.Astrologia.Tradicional.e.Moderna\/\" \/>\n<meta property=\"og:image\" content=\"http:\/\/astrologiatradicionalemoderna.net\/wp-content\/uploads\/2018\/05\/Ana-Guedes-e1525634509527-150x150.jpg\" \/>\n<meta name=\"twitter:card\" content=\"summary_large_image\" \/>\n<meta name=\"twitter:label1\" content=\"Est. reading time\" \/>\n\t<meta name=\"twitter:data1\" content=\"1 minute\" \/>\n<script type=\"application\/ld+json\" class=\"yoast-schema-graph\">{\"@context\":\"https:\\\/\\\/schema.org\",\"@graph\":[{\"@type\":\"WebPage\",\"@id\":\"https:\\\/\\\/astrologiatradicionalemoderna.net\\\/testemunhos\\\/testemunho-ana-guedes\\\/\",\"url\":\"https:\\\/\\\/astrologiatradicionalemoderna.net\\\/testemunhos\\\/testemunho-ana-guedes\\\/\",\"name\":\"Testemunho Ana Guedes - Astrologia Tradicional e Moderna\",\"isPartOf\":{\"@id\":\"https:\\\/\\\/astrologiatradicionalemoderna.net\\\/#website\"},\"primaryImageOfPage\":{\"@id\":\"https:\\\/\\\/astrologiatradicionalemoderna.net\\\/testemunhos\\\/testemunho-ana-guedes\\\/#primaryimage\"},\"image\":{\"@id\":\"https:\\\/\\\/astrologiatradicionalemoderna.net\\\/testemunhos\\\/testemunho-ana-guedes\\\/#primaryimage\"},\"thumbnailUrl\":\"http:\\\/\\\/astrologiatradicionalemoderna.net\\\/wp-content\\\/uploads\\\/2018\\\/05\\\/Ana-Guedes-e1525634509527-150x150.jpg\",\"datePublished\":\"2018-05-06T19:20:39+00:00\",\"breadcrumb\":{\"@id\":\"https:\\\/\\\/astrologiatradicionalemoderna.net\\\/testemunhos\\\/testemunho-ana-guedes\\\/#breadcrumb\"},\"inLanguage\":\"en-US\",\"potentialAction\":[{\"@type\":\"ReadAction\",\"target\":[\"https:\\\/\\\/astrologiatradicionalemoderna.net\\\/testemunhos\\\/testemunho-ana-guedes\\\/\"]}]},{\"@type\":\"ImageObject\",\"inLanguage\":\"en-US\",\"@id\":\"https:\\\/\\\/astrologiatradicionalemoderna.net\\\/testemunhos\\\/testemunho-ana-guedes\\\/#primaryimage\",\"url\":\"http:\\\/\\\/astrologiatradicionalemoderna.net\\\/wp-content\\\/uploads\\\/2018\\\/05\\\/Ana-Guedes-e1525634509527-150x150.jpg\",\"contentUrl\":\"http:\\\/\\\/astrologiatradicionalemoderna.net\\\/wp-content\\\/uploads\\\/2018\\\/05\\\/Ana-Guedes-e1525634509527-150x150.jpg\"},{\"@type\":\"BreadcrumbList\",\"@id\":\"https:\\\/\\\/astrologiatradicionalemoderna.net\\\/testemunhos\\\/testemunho-ana-guedes\\\/#breadcrumb\",\"itemListElement\":[{\"@type\":\"ListItem\",\"position\":1,\"name\":\"In\u00edcio\",\"item\":\"https:\\\/\\\/astrologiatradicionalemoderna.net\\\/\"},{\"@type\":\"ListItem\",\"position\":2,\"name\":\"Testemunhos\",\"item\":\"https:\\\/\\\/astrologiatradicionalemoderna.net\\\/testemunhos\\\/\"},{\"@type\":\"ListItem\",\"position\":3,\"name\":\"Testemunho Ana Guedes\"}]},{\"@type\":\"WebSite\",\"@id\":\"https:\\\/\\\/astrologiatradicionalemoderna.net\\\/#website\",\"url\":\"https:\\\/\\\/astrologiatradicionalemoderna.net\\\/\",\"name\":\"Astrologia Tradicional e Moderna\",\"description\":\"Centro de Astrologia Tradicional e Moderna\",\"publisher\":{\"@id\":\"https:\\\/\\\/astrologiatradicionalemoderna.net\\\/#organization\"},\"potentialAction\":[{\"@type\":\"SearchAction\",\"target\":{\"@type\":\"EntryPoint\",\"urlTemplate\":\"https:\\\/\\\/astrologiatradicionalemoderna.net\\\/?s={search_term_string}\"},\"query-input\":{\"@type\":\"PropertyValueSpecification\",\"valueRequired\":true,\"valueName\":\"search_term_string\"}}],\"inLanguage\":\"en-US\"},{\"@type\":\"Organization\",\"@id\":\"https:\\\/\\\/astrologiatradicionalemoderna.net\\\/#organization\",\"name\":\"Centro de Astrologia Tradicional e Moderna\",\"url\":\"https:\\\/\\\/astrologiatradicionalemoderna.net\\\/\",\"logo\":{\"@type\":\"ImageObject\",\"inLanguage\":\"en-US\",\"@id\":\"https:\\\/\\\/astrologiatradicionalemoderna.net\\\/#\\\/schema\\\/logo\\\/image\\\/\",\"url\":\"https:\\\/\\\/astrologiatradicionalemoderna.net\\\/wp-content\\\/uploads\\\/2023\\\/06\\\/Astrologia-Tradicional-e-Moderna_Cabecalho.jpg\",\"contentUrl\":\"https:\\\/\\\/astrologiatradicionalemoderna.net\\\/wp-content\\\/uploads\\\/2023\\\/06\\\/Astrologia-Tradicional-e-Moderna_Cabecalho.jpg\",\"width\":1300,\"height\":150,\"caption\":\"Centro de Astrologia Tradicional e Moderna\"},\"image\":{\"@id\":\"https:\\\/\\\/astrologiatradicionalemoderna.net\\\/#\\\/schema\\\/logo\\\/image\\\/\"},\"sameAs\":[\"https:\\\/\\\/www.facebook.com\\\/Centro.de.Astrologia.Tradicional.e.Moderna\\\/\",\"https:\\\/\\\/instagram.com\\\/centro_astrologia_catm?igshid=1vndr4qwwvnai\"]}]}<\/script>\n<!-- \/ Yoast SEO plugin. -->","yoast_head_json":{"title":"Testemunho Ana Guedes - Astrologia Tradicional e Moderna","robots":{"index":"index","follow":"follow","max-snippet":"max-snippet:-1","max-image-preview":"max-image-preview:large","max-video-preview":"max-video-preview:-1"},"canonical":"https:\/\/astrologiatradicionalemoderna.net\/en\/testemunhos\/testemunho-ana-guedes\/","og_locale":"en_US","og_type":"article","og_title":"Testemunho Ana Guedes - Astrologia Tradicional e Moderna","og_description":"Ana Guedes &#8211;\u00a0Escritora, professora universit\u00e1ria e doutoranda e Ci\u00eancias da Comunica\u00e7\u00e3o -Universidade de Coimbra O curso de Astrologia Tradicional e Moderna proporcionou-me um maior ganho&hellip;","og_url":"https:\/\/astrologiatradicionalemoderna.net\/en\/testemunhos\/testemunho-ana-guedes\/","og_site_name":"Astrologia Tradicional e Moderna","article_publisher":"https:\/\/www.facebook.com\/Centro.de.Astrologia.Tradicional.e.Moderna\/","og_image":[{"url":"http:\/\/astrologiatradicionalemoderna.net\/wp-content\/uploads\/2018\/05\/Ana-Guedes-e1525634509527-150x150.jpg","type":"","width":"","height":""}],"twitter_card":"summary_large_image","twitter_misc":{"Est. reading time":"1 minute"},"schema":{"@context":"https:\/\/schema.org","@graph":[{"@type":"WebPage","@id":"https:\/\/astrologiatradicionalemoderna.net\/testemunhos\/testemunho-ana-guedes\/","url":"https:\/\/astrologiatradicionalemoderna.net\/testemunhos\/testemunho-ana-guedes\/","name":"Testemunho Ana Guedes - Astrologia Tradicional e Moderna","isPartOf":{"@id":"https:\/\/astrologiatradicionalemoderna.net\/#website"},"primaryImageOfPage":{"@id":"https:\/\/astrologiatradicionalemoderna.net\/testemunhos\/testemunho-ana-guedes\/#primaryimage"},"image":{"@id":"https:\/\/astrologiatradicionalemoderna.net\/testemunhos\/testemunho-ana-guedes\/#primaryimage"},"thumbnailUrl":"http:\/\/astrologiatradicionalemoderna.net\/wp-content\/uploads\/2018\/05\/Ana-Guedes-e1525634509527-150x150.jpg","datePublished":"2018-05-06T19:20:39+00:00","breadcrumb":{"@id":"https:\/\/astrologiatradicionalemoderna.net\/testemunhos\/testemunho-ana-guedes\/#breadcrumb"},"inLanguage":"en-US","potentialAction":[{"@type":"ReadAction","target":["https:\/\/astrologiatradicionalemoderna.net\/testemunhos\/testemunho-ana-guedes\/"]}]},{"@type":"ImageObject","inLanguage":"en-US","@id":"https:\/\/astrologiatradicionalemoderna.net\/testemunhos\/testemunho-ana-guedes\/#primaryimage","url":"http:\/\/astrologiatradicionalemoderna.net\/wp-content\/uploads\/2018\/05\/Ana-Guedes-e1525634509527-150x150.jpg","contentUrl":"http:\/\/astrologiatradicionalemoderna.net\/wp-content\/uploads\/2018\/05\/Ana-Guedes-e1525634509527-150x150.jpg"},{"@type":"BreadcrumbList","@id":"https:\/\/astrologiatradicionalemoderna.net\/testemunhos\/testemunho-ana-guedes\/#breadcrumb","itemListElement":[{"@type":"ListItem","position":1,"name":"In\u00edcio","item":"https:\/\/astrologiatradicionalemoderna.net\/"},{"@type":"ListItem","position":2,"name":"Testemunhos","item":"https:\/\/astrologiatradicionalemoderna.net\/testemunhos\/"},{"@type":"ListItem","position":3,"name":"Testemunho Ana Guedes"}]},{"@type":"WebSite","@id":"https:\/\/astrologiatradicionalemoderna.net\/#website","url":"https:\/\/astrologiatradicionalemoderna.net\/","name":"Astrologia Tradicional e Moderna","description":"Centro de Astrologia Tradicional e Moderna","publisher":{"@id":"https:\/\/astrologiatradicionalemoderna.net\/#organization"},"potentialAction":[{"@type":"SearchAction","target":{"@type":"EntryPoint","urlTemplate":"https:\/\/astrologiatradicionalemoderna.net\/?s={search_term_string}"},"query-input":{"@type":"PropertyValueSpecification","valueRequired":true,"valueName":"search_term_string"}}],"inLanguage":"en-US"},{"@type":"Organization","@id":"https:\/\/astrologiatradicionalemoderna.net\/#organization","name":"Centro de Astrologia Tradicional e Moderna","url":"https:\/\/astrologiatradicionalemoderna.net\/","logo":{"@type":"ImageObject","inLanguage":"en-US","@id":"https:\/\/astrologiatradicionalemoderna.net\/#\/schema\/logo\/image\/","url":"https:\/\/astrologiatradicionalemoderna.net\/wp-content\/uploads\/2023\/06\/Astrologia-Tradicional-e-Moderna_Cabecalho.jpg","contentUrl":"https:\/\/astrologiatradicionalemoderna.net\/wp-content\/uploads\/2023\/06\/Astrologia-Tradicional-e-Moderna_Cabecalho.jpg","width":1300,"height":150,"caption":"Centro de Astrologia Tradicional e Moderna"},"image":{"@id":"https:\/\/astrologiatradicionalemoderna.net\/#\/schema\/logo\/image\/"},"sameAs":["https:\/\/www.facebook.com\/Centro.de.Astrologia.Tradicional.e.Moderna\/","https:\/\/instagram.com\/centro_astrologia_catm?igshid=1vndr4qwwvnai"]}]}},"_links":{"self":[{"href":"https:\/\/astrologiatradicionalemoderna.net\/en\/wp-json\/wp\/v2\/pages\/728","targetHints":{"allow":["GET"]}}],"collection":[{"href":"https:\/\/astrologiatradicionalemoderna.net\/en\/wp-json\/wp\/v2\/pages"}],"about":[{"href":"https:\/\/astrologiatradicionalemoderna.net\/en\/wp-json\/wp\/v2\/types\/page"}],"author":[{"embeddable":true,"href":"https:\/\/astrologiatradicionalemoderna.net\/en\/wp-json\/wp\/v2\/users\/2"}],"replies":[{"embeddable":true,"href":"https:\/\/astrologiatradicionalemoderna.net\/en\/wp-json\/wp\/v2\/comments?post=728"}],"version-history":[{"count":0,"href":"https:\/\/astrologiatradicionalemoderna.net\/en\/wp-json\/wp\/v2\/pages\/728\/revisions"}],"up":[{"embeddable":true,"href":"https:\/\/astrologiatradicionalemoderna.net\/en\/wp-json\/wp\/v2\/pages\/167"}],"wp:attachment":[{"href":"https:\/\/astrologiatradicionalemoderna.net\/en\/wp-json\/wp\/v2\/media?parent=728"}],"curies":[{"name":"wp","href":"https:\/\/api.w.org\/{rel}","templated":true}]}}