{"id":715,"date":"2018-05-06T19:08:38","date_gmt":"2018-05-06T18:08:38","guid":{"rendered":"http:\/\/astrologiatradicionalemoderna.net\/?page_id=715"},"modified":"2018-05-06T19:08:38","modified_gmt":"2018-05-06T18:08:38","slug":"testemunho-alcina-monteiro","status":"publish","type":"page","link":"https:\/\/astrologiatradicionalemoderna.net\/en\/testemunhos\/testemunho-alcina-monteiro\/","title":{"rendered":"Testemunho Alcina Monteiro"},"content":{"rendered":"<div id=\"pl-715\"  class=\"panel-layout\" >\n<div id=\"pg-715-0\"  class=\"panel-grid panel-no-style\" >\n<div id=\"pgc-715-0-0\"  class=\"panel-grid-cell\"  data-weight=\"1\" >\n<div id=\"panel-715-0-0-0\" class=\"so-panel widget_sow-editor panel-first-child panel-last-child\" data-index=\"0\" data-style=\"{&quot;class&quot;:&quot;AstroContentTestimonialsDiv&quot;,&quot;background_image_attachment&quot;:false,&quot;background_display&quot;:&quot;tile&quot;}\" >\n<div class=\"AstroContentTestimonialsDiv panel-widget-style panel-widget-style-for-715-0-0-0\" >\n<div class=\"so-widget-sow-editor so-widget-sow-editor-base\">\n<div class=\"siteorigin-widget-tinymce textwidget\">\n<p><img loading=\"lazy\" decoding=\"async\" class=\"size-thumbnail wp-image-716 aligncenter\" src=\"http:\/\/astrologiatradicionalemoderna.net\/wp-content\/uploads\/2018\/05\/alcina-monteiro-150x150.jpg\" alt=\"\" width=\"150\" height=\"150\" \/><\/p>\n<p style=\"text-align: center;\"><strong>Alcina Monteiro<\/strong> &#8211;\u00a0Consultora de Comunica\u00e7\u00e3o e Imagem<\/p>\n<p>H\u00e1 dois anos conheci a Isabel Antunes, na Feira Alternativa de Alvalade, em Lisboa. Naquele dia quente de Setembro, esta formadora e terapeuta, respons\u00e1vel pelo Centro de Astrologia Tradicional e Moderna estava a falar de Astrologia. Cativou, rapidamente, a minha aten\u00e7\u00e3o! H\u00e1 v\u00e1rios anos que eu sentia fasc\u00ednio pela Astrologia e n\u00e3o percebia quase nada, apenas pequenas coisas que lia, sobre os signos, em livros da \u00e1rea.<\/p>\n<p>\u00a0Depois de algumas d\u00favidas (falta de tempo; ser\u00e1 que vale a pena?, etc., etc.) decidi frequentar o Curso de Astrologia ministrado por Isabel Antunes. S\u00f3 tenho a dizer: Fant\u00e1stico! Vou entrar agora no terceiro ano e tem sido uma descoberta impressionante.\u00a0 O curso desenvolvido pelo Centro de Astrologia Tradicional e Moderna \u00e9 muito completo, profundo e cativante. A Isabel \u00e9 uma excelente contadora de hist\u00f3rias! Ao ensinar-nos usa muitas figuras de estilo, sobretudo compara\u00e7\u00f5es, met\u00e1foras e analogias, que nos ajudam a perceber melhor a Astrologia Tradicional e Moderna, pois \u00e9 isso que estamos a aprender. \u00a0\u00a0<\/p>\n<p>\u00a0S\u00f3 para concluir, gostava de real\u00e7ar que o Desenvolvimento Pessoal \u00e9 um tema que me fascina e j\u00e1 fiz alguns cursos de Programa\u00e7\u00e3o Neurolingu\u00edstica e Coaching. <strong>No entanto, nada me ajudou a conhecer t\u00e3o bem quem SOU e porque SOU, como a Astrologia.<\/strong><\/p>\n<p>Aconselho cada um de voc\u00eas, que neste momento me l\u00ea, a aceitar o desafio de se conhecer melhor e de conhecer melhor os outros, atrav\u00e9s da Astrologia com a professora Isabel Antunes.<\/p>\n<p style=\"text-align: center;\"><a href=\"http:\/\/astrologiatradicionalemoderna.net\/en\/testemunhos\/\">Voltar a testemunhos<\/a><\/p>\n<\/div>\n<\/div>\n<\/div>\n<\/div>\n<\/div>\n<\/div>\n<\/div>","protected":false},"excerpt":{"rendered":"<p>Alcina Monteiro &#8211;\u00a0Consultora de Comunica\u00e7\u00e3o e Imagem H\u00e1 dois anos conheci a Isabel Antunes, na Feira Alternativa de Alvalade, em Lisboa. Naquele dia quente de&hellip;<\/p>","protected":false},"author":2,"featured_media":0,"parent":167,"menu_order":6,"comment_status":"closed","ping_status":"closed","template":"","meta":{"footnotes":""},"class_list":["post-715","page","type-page","status-publish","hentry"],"yoast_head":"<!-- This site is optimized with the Yoast SEO plugin v27.3 - https:\/\/yoast.com\/product\/yoast-seo-wordpress\/ -->\n<title>Testemunho Alcina Monteiro - Astrologia Tradicional e Moderna<\/title>\n<meta name=\"robots\" content=\"index, follow, max-snippet:-1, max-image-preview:large, max-video-preview:-1\" \/>\n<link rel=\"canonical\" href=\"https:\/\/astrologiatradicionalemoderna.net\/en\/testemunhos\/testemunho-alcina-monteiro\/\" \/>\n<meta property=\"og:locale\" content=\"en_US\" \/>\n<meta property=\"og:type\" content=\"article\" \/>\n<meta property=\"og:title\" content=\"Testemunho Alcina Monteiro - Astrologia Tradicional e Moderna\" \/>\n<meta property=\"og:description\" content=\"Alcina Monteiro &#8211;\u00a0Consultora de Comunica\u00e7\u00e3o e Imagem H\u00e1 dois anos conheci a Isabel Antunes, na Feira Alternativa de Alvalade, em Lisboa. Naquele dia quente de&hellip;\" \/>\n<meta property=\"og:url\" content=\"https:\/\/astrologiatradicionalemoderna.net\/en\/testemunhos\/testemunho-alcina-monteiro\/\" \/>\n<meta property=\"og:site_name\" content=\"Astrologia Tradicional e Moderna\" \/>\n<meta property=\"article:publisher\" content=\"https:\/\/www.facebook.com\/Centro.de.Astrologia.Tradicional.e.Moderna\/\" \/>\n<meta property=\"og:image\" content=\"http:\/\/astrologiatradicionalemoderna.net\/wp-content\/uploads\/2018\/05\/alcina-monteiro-150x150.jpg\" \/>\n<meta name=\"twitter:card\" content=\"summary_large_image\" \/>\n<meta name=\"twitter:label1\" content=\"Est. reading time\" \/>\n\t<meta name=\"twitter:data1\" content=\"1 minute\" \/>\n<script type=\"application\/ld+json\" class=\"yoast-schema-graph\">{\"@context\":\"https:\\\/\\\/schema.org\",\"@graph\":[{\"@type\":\"WebPage\",\"@id\":\"https:\\\/\\\/astrologiatradicionalemoderna.net\\\/testemunhos\\\/testemunho-alcina-monteiro\\\/\",\"url\":\"https:\\\/\\\/astrologiatradicionalemoderna.net\\\/testemunhos\\\/testemunho-alcina-monteiro\\\/\",\"name\":\"Testemunho Alcina Monteiro - Astrologia Tradicional e Moderna\",\"isPartOf\":{\"@id\":\"https:\\\/\\\/astrologiatradicionalemoderna.net\\\/#website\"},\"primaryImageOfPage\":{\"@id\":\"https:\\\/\\\/astrologiatradicionalemoderna.net\\\/testemunhos\\\/testemunho-alcina-monteiro\\\/#primaryimage\"},\"image\":{\"@id\":\"https:\\\/\\\/astrologiatradicionalemoderna.net\\\/testemunhos\\\/testemunho-alcina-monteiro\\\/#primaryimage\"},\"thumbnailUrl\":\"http:\\\/\\\/astrologiatradicionalemoderna.net\\\/wp-content\\\/uploads\\\/2018\\\/05\\\/alcina-monteiro-150x150.jpg\",\"datePublished\":\"2018-05-06T18:08:38+00:00\",\"breadcrumb\":{\"@id\":\"https:\\\/\\\/astrologiatradicionalemoderna.net\\\/testemunhos\\\/testemunho-alcina-monteiro\\\/#breadcrumb\"},\"inLanguage\":\"en-US\",\"potentialAction\":[{\"@type\":\"ReadAction\",\"target\":[\"https:\\\/\\\/astrologiatradicionalemoderna.net\\\/testemunhos\\\/testemunho-alcina-monteiro\\\/\"]}]},{\"@type\":\"ImageObject\",\"inLanguage\":\"en-US\",\"@id\":\"https:\\\/\\\/astrologiatradicionalemoderna.net\\\/testemunhos\\\/testemunho-alcina-monteiro\\\/#primaryimage\",\"url\":\"http:\\\/\\\/astrologiatradicionalemoderna.net\\\/wp-content\\\/uploads\\\/2018\\\/05\\\/alcina-monteiro-150x150.jpg\",\"contentUrl\":\"http:\\\/\\\/astrologiatradicionalemoderna.net\\\/wp-content\\\/uploads\\\/2018\\\/05\\\/alcina-monteiro-150x150.jpg\"},{\"@type\":\"BreadcrumbList\",\"@id\":\"https:\\\/\\\/astrologiatradicionalemoderna.net\\\/testemunhos\\\/testemunho-alcina-monteiro\\\/#breadcrumb\",\"itemListElement\":[{\"@type\":\"ListItem\",\"position\":1,\"name\":\"In\u00edcio\",\"item\":\"https:\\\/\\\/astrologiatradicionalemoderna.net\\\/\"},{\"@type\":\"ListItem\",\"position\":2,\"name\":\"Testemunhos\",\"item\":\"https:\\\/\\\/astrologiatradicionalemoderna.net\\\/testemunhos\\\/\"},{\"@type\":\"ListItem\",\"position\":3,\"name\":\"Testemunho Alcina Monteiro\"}]},{\"@type\":\"WebSite\",\"@id\":\"https:\\\/\\\/astrologiatradicionalemoderna.net\\\/#website\",\"url\":\"https:\\\/\\\/astrologiatradicionalemoderna.net\\\/\",\"name\":\"Astrologia Tradicional e Moderna\",\"description\":\"Centro de Astrologia Tradicional e Moderna\",\"publisher\":{\"@id\":\"https:\\\/\\\/astrologiatradicionalemoderna.net\\\/#organization\"},\"potentialAction\":[{\"@type\":\"SearchAction\",\"target\":{\"@type\":\"EntryPoint\",\"urlTemplate\":\"https:\\\/\\\/astrologiatradicionalemoderna.net\\\/?s={search_term_string}\"},\"query-input\":{\"@type\":\"PropertyValueSpecification\",\"valueRequired\":true,\"valueName\":\"search_term_string\"}}],\"inLanguage\":\"en-US\"},{\"@type\":\"Organization\",\"@id\":\"https:\\\/\\\/astrologiatradicionalemoderna.net\\\/#organization\",\"name\":\"Centro de Astrologia Tradicional e Moderna\",\"url\":\"https:\\\/\\\/astrologiatradicionalemoderna.net\\\/\",\"logo\":{\"@type\":\"ImageObject\",\"inLanguage\":\"en-US\",\"@id\":\"https:\\\/\\\/astrologiatradicionalemoderna.net\\\/#\\\/schema\\\/logo\\\/image\\\/\",\"url\":\"https:\\\/\\\/astrologiatradicionalemoderna.net\\\/wp-content\\\/uploads\\\/2023\\\/06\\\/Astrologia-Tradicional-e-Moderna_Cabecalho.jpg\",\"contentUrl\":\"https:\\\/\\\/astrologiatradicionalemoderna.net\\\/wp-content\\\/uploads\\\/2023\\\/06\\\/Astrologia-Tradicional-e-Moderna_Cabecalho.jpg\",\"width\":1300,\"height\":150,\"caption\":\"Centro de Astrologia Tradicional e Moderna\"},\"image\":{\"@id\":\"https:\\\/\\\/astrologiatradicionalemoderna.net\\\/#\\\/schema\\\/logo\\\/image\\\/\"},\"sameAs\":[\"https:\\\/\\\/www.facebook.com\\\/Centro.de.Astrologia.Tradicional.e.Moderna\\\/\",\"https:\\\/\\\/instagram.com\\\/centro_astrologia_catm?igshid=1vndr4qwwvnai\"]}]}<\/script>\n<!-- \/ Yoast SEO plugin. -->","yoast_head_json":{"title":"Testemunho Alcina Monteiro - Astrologia Tradicional e Moderna","robots":{"index":"index","follow":"follow","max-snippet":"max-snippet:-1","max-image-preview":"max-image-preview:large","max-video-preview":"max-video-preview:-1"},"canonical":"https:\/\/astrologiatradicionalemoderna.net\/en\/testemunhos\/testemunho-alcina-monteiro\/","og_locale":"en_US","og_type":"article","og_title":"Testemunho Alcina Monteiro - Astrologia Tradicional e Moderna","og_description":"Alcina Monteiro &#8211;\u00a0Consultora de Comunica\u00e7\u00e3o e Imagem H\u00e1 dois anos conheci a Isabel Antunes, na Feira Alternativa de Alvalade, em Lisboa. Naquele dia quente de&hellip;","og_url":"https:\/\/astrologiatradicionalemoderna.net\/en\/testemunhos\/testemunho-alcina-monteiro\/","og_site_name":"Astrologia Tradicional e Moderna","article_publisher":"https:\/\/www.facebook.com\/Centro.de.Astrologia.Tradicional.e.Moderna\/","og_image":[{"url":"http:\/\/astrologiatradicionalemoderna.net\/wp-content\/uploads\/2018\/05\/alcina-monteiro-150x150.jpg","type":"","width":"","height":""}],"twitter_card":"summary_large_image","twitter_misc":{"Est. reading time":"1 minute"},"schema":{"@context":"https:\/\/schema.org","@graph":[{"@type":"WebPage","@id":"https:\/\/astrologiatradicionalemoderna.net\/testemunhos\/testemunho-alcina-monteiro\/","url":"https:\/\/astrologiatradicionalemoderna.net\/testemunhos\/testemunho-alcina-monteiro\/","name":"Testemunho Alcina Monteiro - Astrologia Tradicional e Moderna","isPartOf":{"@id":"https:\/\/astrologiatradicionalemoderna.net\/#website"},"primaryImageOfPage":{"@id":"https:\/\/astrologiatradicionalemoderna.net\/testemunhos\/testemunho-alcina-monteiro\/#primaryimage"},"image":{"@id":"https:\/\/astrologiatradicionalemoderna.net\/testemunhos\/testemunho-alcina-monteiro\/#primaryimage"},"thumbnailUrl":"http:\/\/astrologiatradicionalemoderna.net\/wp-content\/uploads\/2018\/05\/alcina-monteiro-150x150.jpg","datePublished":"2018-05-06T18:08:38+00:00","breadcrumb":{"@id":"https:\/\/astrologiatradicionalemoderna.net\/testemunhos\/testemunho-alcina-monteiro\/#breadcrumb"},"inLanguage":"en-US","potentialAction":[{"@type":"ReadAction","target":["https:\/\/astrologiatradicionalemoderna.net\/testemunhos\/testemunho-alcina-monteiro\/"]}]},{"@type":"ImageObject","inLanguage":"en-US","@id":"https:\/\/astrologiatradicionalemoderna.net\/testemunhos\/testemunho-alcina-monteiro\/#primaryimage","url":"http:\/\/astrologiatradicionalemoderna.net\/wp-content\/uploads\/2018\/05\/alcina-monteiro-150x150.jpg","contentUrl":"http:\/\/astrologiatradicionalemoderna.net\/wp-content\/uploads\/2018\/05\/alcina-monteiro-150x150.jpg"},{"@type":"BreadcrumbList","@id":"https:\/\/astrologiatradicionalemoderna.net\/testemunhos\/testemunho-alcina-monteiro\/#breadcrumb","itemListElement":[{"@type":"ListItem","position":1,"name":"In\u00edcio","item":"https:\/\/astrologiatradicionalemoderna.net\/"},{"@type":"ListItem","position":2,"name":"Testemunhos","item":"https:\/\/astrologiatradicionalemoderna.net\/testemunhos\/"},{"@type":"ListItem","position":3,"name":"Testemunho Alcina Monteiro"}]},{"@type":"WebSite","@id":"https:\/\/astrologiatradicionalemoderna.net\/#website","url":"https:\/\/astrologiatradicionalemoderna.net\/","name":"Astrologia Tradicional e Moderna","description":"Centro de Astrologia Tradicional e Moderna","publisher":{"@id":"https:\/\/astrologiatradicionalemoderna.net\/#organization"},"potentialAction":[{"@type":"SearchAction","target":{"@type":"EntryPoint","urlTemplate":"https:\/\/astrologiatradicionalemoderna.net\/?s={search_term_string}"},"query-input":{"@type":"PropertyValueSpecification","valueRequired":true,"valueName":"search_term_string"}}],"inLanguage":"en-US"},{"@type":"Organization","@id":"https:\/\/astrologiatradicionalemoderna.net\/#organization","name":"Centro de Astrologia Tradicional e Moderna","url":"https:\/\/astrologiatradicionalemoderna.net\/","logo":{"@type":"ImageObject","inLanguage":"en-US","@id":"https:\/\/astrologiatradicionalemoderna.net\/#\/schema\/logo\/image\/","url":"https:\/\/astrologiatradicionalemoderna.net\/wp-content\/uploads\/2023\/06\/Astrologia-Tradicional-e-Moderna_Cabecalho.jpg","contentUrl":"https:\/\/astrologiatradicionalemoderna.net\/wp-content\/uploads\/2023\/06\/Astrologia-Tradicional-e-Moderna_Cabecalho.jpg","width":1300,"height":150,"caption":"Centro de Astrologia Tradicional e Moderna"},"image":{"@id":"https:\/\/astrologiatradicionalemoderna.net\/#\/schema\/logo\/image\/"},"sameAs":["https:\/\/www.facebook.com\/Centro.de.Astrologia.Tradicional.e.Moderna\/","https:\/\/instagram.com\/centro_astrologia_catm?igshid=1vndr4qwwvnai"]}]}},"_links":{"self":[{"href":"https:\/\/astrologiatradicionalemoderna.net\/en\/wp-json\/wp\/v2\/pages\/715","targetHints":{"allow":["GET"]}}],"collection":[{"href":"https:\/\/astrologiatradicionalemoderna.net\/en\/wp-json\/wp\/v2\/pages"}],"about":[{"href":"https:\/\/astrologiatradicionalemoderna.net\/en\/wp-json\/wp\/v2\/types\/page"}],"author":[{"embeddable":true,"href":"https:\/\/astrologiatradicionalemoderna.net\/en\/wp-json\/wp\/v2\/users\/2"}],"replies":[{"embeddable":true,"href":"https:\/\/astrologiatradicionalemoderna.net\/en\/wp-json\/wp\/v2\/comments?post=715"}],"version-history":[{"count":0,"href":"https:\/\/astrologiatradicionalemoderna.net\/en\/wp-json\/wp\/v2\/pages\/715\/revisions"}],"up":[{"embeddable":true,"href":"https:\/\/astrologiatradicionalemoderna.net\/en\/wp-json\/wp\/v2\/pages\/167"}],"wp:attachment":[{"href":"https:\/\/astrologiatradicionalemoderna.net\/en\/wp-json\/wp\/v2\/media?parent=715"}],"curies":[{"name":"wp","href":"https:\/\/api.w.org\/{rel}","templated":true}]}}