{"id":4509,"date":"2023-03-28T21:42:50","date_gmt":"2023-03-28T20:42:50","guid":{"rendered":"https:\/\/astrologiatradicionalemoderna.net\/?page_id=4509"},"modified":"2023-08-25T14:50:56","modified_gmt":"2023-08-25T14:50:56","slug":"hipnose-clinica","status":"publish","type":"page","link":"https:\/\/astrologiatradicionalemoderna.net\/en\/consultas-antigo__trashed\/hipnose-clinica\/","title":{"rendered":"Consultas Hipnose Cl\u00ednica"},"content":{"rendered":"<div data-elementor-type=\"wp-page\" data-elementor-id=\"4509\" class=\"elementor elementor-4509\" data-elementor-post-type=\"page\">\n\t\t\t\t\t\t<section class=\"elementor-section elementor-top-section elementor-element elementor-element-b1089e2 elementor-section-boxed elementor-section-height-default elementor-section-height-default\" data-id=\"b1089e2\" data-element_type=\"section\" data-e-type=\"section\">\n\t\t\t\t\t\t<div class=\"elementor-container elementor-column-gap-default\">\n\t\t\t\t\t<div class=\"elementor-column elementor-col-50 elementor-top-column elementor-element elementor-element-180b73ca\" data-id=\"180b73ca\" data-element_type=\"column\" data-e-type=\"column\">\n\t\t\t<div class=\"elementor-widget-wrap elementor-element-populated\">\n\t\t\t\t\t\t<div class=\"elementor-element elementor-element-7aa3c7f9 elementor-widget elementor-widget-text-editor\" data-id=\"7aa3c7f9\" data-element_type=\"widget\" data-e-type=\"widget\" data-widget_type=\"text-editor.default\">\n\t\t\t\t<div class=\"elementor-widget-container\">\n\t\t\t\t\t\t\t\t\t<div id=\"pl-4509\" class=\"panel-layout\"><div id=\"pg-4509-0\" class=\"panel-grid panel-no-style\"><div id=\"pgc-4509-0-0\" class=\"panel-grid-cell\" data-weight=\"1\"><div id=\"panel-4509-0-0-0\" class=\"so-panel widget_sow-editor panel-first-child panel-last-child\" data-index=\"0\" data-style=\"{&quot;class&quot;:&quot;AstroContentDiv&quot;,&quot;background_image_attachment&quot;:false,&quot;background_display&quot;:&quot;tile&quot;,&quot;background_image_size&quot;:&quot;full&quot;,&quot;border_thickness&quot;:&quot;1px&quot;}\"><div class=\"AstroContentDiv panel-widget-style panel-widget-style-for-4509-0-0-0\"><div class=\"so-widget-sow-editor so-widget-sow-editor-base\"><div class=\"siteorigin-widget-tinymce textwidget\"><p style=\"text-align: center;\"><strong>Consulta de Hipnose Cl\u00ednica<\/strong><\/p><p style=\"font-weight: 400;\">A Hipnoterapia \u00e9 a interven\u00e7\u00e3o cl\u00ednica realizada com o aux\u00edlio de t\u00e9cnicas de hipnose.<\/p><p style=\"font-weight: 400;\">No estado de hipnose os hemisf\u00e9rios cerebrais atingem uma grande capacidade de comunica\u00e7\u00e3o entre si, facultando a troca de material ps\u00edquico e simb\u00f3lico entre o consciente, o pr\u00e9-consciente e o inconsciente.<\/p><p style=\"font-weight: 400;\">Atrav\u00e9s da hipnose\u00a0o acesso ao inconsciente \u00e9 facilitado, aquela parte da nossa mente que tem registado todas as nossas experi\u00eancias e viv\u00eancias passadas e possui um\u00a0potencial de for\u00e7a e sabedoria incalcul\u00e1vel\u00a0que pode ser muito utilizado a nosso favor.<\/p><p style=\"font-weight: 400;\">A Hipnoterapia \u00e9 completamente\u00a0natural\u00a0e\u00a0segura\u00a0e apenas apresenta efeitos secund\u00e1rios ben\u00e9ficos e saud\u00e1veis.<\/p><p style=\"font-weight: 400;\"><strong>No estado de hipnose a pessoa goza de um profundo e\u00a0agrad\u00e1vel estado de relaxamento f\u00edsico e emocional\u00a0mantendo a mente calma mas totalmente desperta. O paciente est\u00e1\u00a0sempre em controlo\u00a0e\u00a0consciente\u00a0de tudo podendo, se desejar, sair do estado hipn\u00f3tico em qualquer altura.<\/strong><\/p><p style=\"font-weight: 400;\">A Hipnoterapia possibilita a\u00a0quebra de padr\u00f5es de sentimentos e comportamentos indesejados\u00a0e a\u00a0descoberta de novas op\u00e7\u00f5es de vida mais ben\u00e9ficas, saud\u00e1veis e plenas.<\/p><p style=\"font-weight: 400;\"><strong>&#8211;\u00a0<\/strong><strong>As consultas podem focar-se na resolu\u00e7\u00e3o de casos como:<\/strong><\/p><ul><li style=\"font-weight: 400;\">Auto-Estima, Autoconfian\u00e7a e Valoriza\u00e7\u00e3o Pessoal<\/li><li style=\"font-weight: 400;\">Alcan\u00e7ar Metas e Objectivos<\/li><li style=\"font-weight: 400;\">Regress\u00e3o e Progress\u00e3o<\/li><li style=\"font-weight: 400;\">Ansiedade e Stress<\/li><li style=\"font-weight: 400;\">Perturba\u00e7\u00f5es de P\u00e2nico<\/li><li style=\"font-weight: 400;\">Perturba\u00e7\u00f5es Obsessivo-Compulsivas<\/li><li style=\"font-weight: 400;\">Perturba\u00e7\u00f5es de Stress P\u00f3s-Traum\u00e1tico<\/li><li style=\"font-weight: 400;\">Perturba\u00e7\u00f5es de Sono<\/li><li style=\"font-weight: 400;\">Fobias<\/li><li style=\"font-weight: 400;\">Ansiedade de Performance (Falar em P\u00fablico, Prepara\u00e7\u00e3o para Exames&#8230;)<\/li><li style=\"font-weight: 400;\">Performance Desportiva<\/li><li style=\"font-weight: 400;\">Treino da Assertividade<\/li><li style=\"font-weight: 400;\">Controle da Dor<\/li><li style=\"font-weight: 400;\">Disfun\u00e7\u00f5es Psico-Sexuais<\/li><li style=\"font-weight: 400;\">Potencia\u00e7\u00e3o das Compet\u00eancias Cognitivas (mem\u00f3ria, concentra\u00e7\u00e3o, criatividade\u2026)<\/li><li style=\"font-weight: 400;\">Deixar de Fumar\/Desabitua\u00e7\u00e3o tab\u00e1gica<\/li><li style=\"font-weight: 400;\">Modifica\u00e7\u00e3o de H\u00e1bitos Alimentares e Emagrecimento<\/li><li style=\"font-weight: 400;\">Alterar outros H\u00e1bitos ou Comportamentos Indesejados<\/li><li style=\"font-weight: 400;\">E Muitos Outros<\/li><\/ul><p style=\"font-weight: 400;\">A Hipnose Cl\u00ednica goza de uma hist\u00f3ria bastante antiga e durante muito tempo teve um conv\u00edvio dificultado junto do meio cient\u00edfico. No entanto, nas \u00faltimas d\u00e9cadas devido a in\u00fameros estudos efectuados que comprovaram a sua grande efic\u00e1cia, foi valorizado todo o seu enorme potencial na resolu\u00e7\u00e3o de in\u00fameras problem\u00e1ticas do foro psicol\u00f3gico, emocional e f\u00edsico tendo sido reintroduzida como disciplina cient\u00edfica.<\/p><p><strong>Dura\u00e7\u00e3o da sess\u00e3o<\/strong>: 1h<\/p><p><strong>Pre\u00e7o<\/strong>: 50 \u20ac<\/p><p><strong>Consultora<\/strong>: <a href=\"https:\/\/astrologiatradicionalemoderna.net\/en\/quem-somos\/fundadora-e-responsavel-isabel-antunes\/\">Isabel Antunes<\/a><\/p><p><strong>Contactos<\/strong>: 919 879 000, 217 602 871, isabel.vida@gmail.com<\/p><\/div><\/div><\/div><\/div><\/div><\/div><\/div>\t\t\t\t\t\t\t\t<\/div>\n\t\t\t\t<\/div>\n\t\t\t\t\t<\/div>\n\t\t<\/div>\n\t\t\t\t<div class=\"elementor-column elementor-col-50 elementor-top-column elementor-element elementor-element-09e3bfa\" data-id=\"09e3bfa\" data-element_type=\"column\" data-e-type=\"column\">\n\t\t\t<div class=\"elementor-widget-wrap elementor-element-populated\">\n\t\t\t\t\t\t<div class=\"elementor-element elementor-element-0c4197c elementor-widget__width-initial elementor-widget elementor-widget-text-editor\" data-id=\"0c4197c\" data-element_type=\"widget\" data-e-type=\"widget\" data-widget_type=\"text-editor.default\">\n\t\t\t\t<div class=\"elementor-widget-container\">\n\t\t\t\t\t\t\t\t\t<h1 style=\"border: 0px; margin-top: 20px; margin-bottom: 20px; padding: 0px; font-family: Quicksand, sans-serif; font-size: 19px; line-height: 1.2em; color: #134a7a; text-align: center; background-color: #c8dcdc;\">CONSULTAS<\/h1><hr style=\"background-color: white; color: #3a3a3a; font-family: Quicksand, sans-serif; font-size: 15px; margin: -10px 20px 10px !important 20px;\" \/><ul><li><a href=\"https:\/\/astrologiatradicionalemoderna.net\/en\/consultas\/astrologia-natal\/\">Astrologia Natal<\/a><\/li><\/ul><ul><li><a href=\"https:\/\/astrologiatradicionalemoderna.net\/en\/consultas\/astrologia-relacional-sinastria\/\">Astrologia Relacional (Sinastria)<\/a><\/li><\/ul><ul><li><a href=\"https:\/\/astrologiatradicionalemoderna.net\/en\/consultas\/astrologia-vocacional\/\">Astrologia Vocacional<\/a><\/li><\/ul><ul><li><a href=\"https:\/\/astrologiatradicionalemoderna.net\/en\/consultas\/astrologia-horaria\/\">Astrologia Hor\u00e1ria<\/a><\/li><\/ul><ul><li><a href=\"https:\/\/astrologiatradicionalemoderna.net\/en\/consultas\/astrologia-electiva\/\">Astrologia Electiva<\/a><\/li><\/ul><ul><li><a href=\"https:\/\/astrologiatradicionalemoderna.net\/en\/consultas\/hipnose-clinica\/\">Consultas Hipnose Clinica<\/a><\/li><\/ul>\t\t\t\t\t\t\t\t<\/div>\n\t\t\t\t<\/div>\n\t\t\t\t\t<\/div>\n\t\t<\/div>\n\t\t\t\t\t<\/div>\n\t\t<\/section>\n\t\t\t\t<\/div>","protected":false},"excerpt":{"rendered":"<p>Consulta de Hipnose Cl\u00ednica A Hipnoterapia \u00e9 a interven\u00e7\u00e3o cl\u00ednica realizada com o aux\u00edlio de t\u00e9cnicas de hipnose. No estado de hipnose os hemisf\u00e9rios cerebrais&hellip;<\/p>","protected":false},"author":2,"featured_media":0,"parent":4359,"menu_order":4,"comment_status":"closed","ping_status":"closed","template":"","meta":{"footnotes":""},"class_list":["post-4509","page","type-page","status-publish","hentry"],"yoast_head":"<!-- This site is optimized with the Yoast SEO plugin v27.3 - https:\/\/yoast.com\/product\/yoast-seo-wordpress\/ -->\n<title>Cursos astrologia, Workshops e Consultas em Lisboa - Centro Astrologia Tradicional e Moderna - Astrologia Electiva<\/title>\n<meta name=\"description\" content=\"Cursos de Astrologia, workshops, consultas artigos e investiga\u00e7\u00e3o em Astrologia em Lisboa. Astrologia Natal, Eletiva, Hor\u00e1ria, Relacional e Vocacional - Centro de Astrologia Tradicional e Moderna. - Astrologia Electiva\" \/>\n<meta name=\"robots\" content=\"index, follow, max-snippet:-1, max-image-preview:large, max-video-preview:-1\" \/>\n<link rel=\"canonical\" href=\"https:\/\/astrologiatradicionalemoderna.net\/en\/consultas\/hipnose-clinica\/\" \/>\n<meta property=\"og:locale\" content=\"en_US\" \/>\n<meta property=\"og:type\" content=\"article\" \/>\n<meta property=\"og:title\" content=\"Cursos astrologia, Workshops e Consultas em Lisboa - Centro Astrologia Tradicional e Moderna - Astrologia Electiva\" \/>\n<meta property=\"og:description\" content=\"Cursos de Astrologia, workshops, consultas artigos e investiga\u00e7\u00e3o em Astrologia em Lisboa. Astrologia Natal, Eletiva, Hor\u00e1ria, Relacional e Vocacional - Centro de Astrologia Tradicional e Moderna. - Astrologia Electiva\" \/>\n<meta property=\"og:url\" content=\"https:\/\/astrologiatradicionalemoderna.net\/en\/consultas\/hipnose-clinica\/\" \/>\n<meta property=\"og:site_name\" content=\"Astrologia Tradicional e Moderna\" \/>\n<meta property=\"article:publisher\" content=\"https:\/\/www.facebook.com\/Centro.de.Astrologia.Tradicional.e.Moderna\/\" \/>\n<meta property=\"article:modified_time\" content=\"2023-08-25T14:50:56+00:00\" \/>\n<meta name=\"twitter:card\" content=\"summary_large_image\" \/>\n<meta name=\"twitter:label1\" content=\"Est. reading time\" \/>\n\t<meta name=\"twitter:data1\" content=\"2 minutes\" \/>\n<script type=\"application\/ld+json\" class=\"yoast-schema-graph\">{\"@context\":\"https:\\\/\\\/schema.org\",\"@graph\":[{\"@type\":\"WebPage\",\"@id\":\"https:\\\/\\\/astrologiatradicionalemoderna.net\\\/consultas\\\/hipnose-clinica\\\/\",\"url\":\"https:\\\/\\\/astrologiatradicionalemoderna.net\\\/consultas\\\/hipnose-clinica\\\/\",\"name\":\"Cursos astrologia, Workshops e Consultas em Lisboa - Centro Astrologia Tradicional e Moderna - Astrologia Electiva\",\"isPartOf\":{\"@id\":\"https:\\\/\\\/astrologiatradicionalemoderna.net\\\/#website\"},\"datePublished\":\"2023-03-28T20:42:50+00:00\",\"dateModified\":\"2023-08-25T14:50:56+00:00\",\"description\":\"Cursos de Astrologia, workshops, consultas artigos e investiga\u00e7\u00e3o em Astrologia em Lisboa. Astrologia Natal, Eletiva, Hor\u00e1ria, Relacional e Vocacional - Centro de Astrologia Tradicional e Moderna. - Astrologia Electiva\",\"breadcrumb\":{\"@id\":\"https:\\\/\\\/astrologiatradicionalemoderna.net\\\/consultas\\\/hipnose-clinica\\\/#breadcrumb\"},\"inLanguage\":\"en-US\",\"potentialAction\":[{\"@type\":\"ReadAction\",\"target\":[\"https:\\\/\\\/astrologiatradicionalemoderna.net\\\/consultas\\\/hipnose-clinica\\\/\"]}]},{\"@type\":\"BreadcrumbList\",\"@id\":\"https:\\\/\\\/astrologiatradicionalemoderna.net\\\/consultas\\\/hipnose-clinica\\\/#breadcrumb\",\"itemListElement\":[{\"@type\":\"ListItem\",\"position\":1,\"name\":\"In\u00edcio\",\"item\":\"https:\\\/\\\/astrologiatradicionalemoderna.net\\\/\"},{\"@type\":\"ListItem\",\"position\":2,\"name\":\"Consultas &#8211; ANTIGO\",\"item\":\"https:\\\/\\\/astrologiatradicionalemoderna.net\\\/?page_id=4359\"},{\"@type\":\"ListItem\",\"position\":3,\"name\":\"Consultas Hipnose Cl\u00ednica\"}]},{\"@type\":\"WebSite\",\"@id\":\"https:\\\/\\\/astrologiatradicionalemoderna.net\\\/#website\",\"url\":\"https:\\\/\\\/astrologiatradicionalemoderna.net\\\/\",\"name\":\"Astrologia Tradicional e Moderna\",\"description\":\"Centro de Astrologia Tradicional e Moderna\",\"publisher\":{\"@id\":\"https:\\\/\\\/astrologiatradicionalemoderna.net\\\/#organization\"},\"potentialAction\":[{\"@type\":\"SearchAction\",\"target\":{\"@type\":\"EntryPoint\",\"urlTemplate\":\"https:\\\/\\\/astrologiatradicionalemoderna.net\\\/?s={search_term_string}\"},\"query-input\":{\"@type\":\"PropertyValueSpecification\",\"valueRequired\":true,\"valueName\":\"search_term_string\"}}],\"inLanguage\":\"en-US\"},{\"@type\":\"Organization\",\"@id\":\"https:\\\/\\\/astrologiatradicionalemoderna.net\\\/#organization\",\"name\":\"Centro de Astrologia Tradicional e Moderna\",\"url\":\"https:\\\/\\\/astrologiatradicionalemoderna.net\\\/\",\"logo\":{\"@type\":\"ImageObject\",\"inLanguage\":\"en-US\",\"@id\":\"https:\\\/\\\/astrologiatradicionalemoderna.net\\\/#\\\/schema\\\/logo\\\/image\\\/\",\"url\":\"https:\\\/\\\/astrologiatradicionalemoderna.net\\\/wp-content\\\/uploads\\\/2023\\\/06\\\/Astrologia-Tradicional-e-Moderna_Cabecalho.jpg\",\"contentUrl\":\"https:\\\/\\\/astrologiatradicionalemoderna.net\\\/wp-content\\\/uploads\\\/2023\\\/06\\\/Astrologia-Tradicional-e-Moderna_Cabecalho.jpg\",\"width\":1300,\"height\":150,\"caption\":\"Centro de Astrologia Tradicional e Moderna\"},\"image\":{\"@id\":\"https:\\\/\\\/astrologiatradicionalemoderna.net\\\/#\\\/schema\\\/logo\\\/image\\\/\"},\"sameAs\":[\"https:\\\/\\\/www.facebook.com\\\/Centro.de.Astrologia.Tradicional.e.Moderna\\\/\",\"https:\\\/\\\/instagram.com\\\/centro_astrologia_catm?igshid=1vndr4qwwvnai\"]}]}<\/script>\n<!-- \/ Yoast SEO plugin. -->","yoast_head_json":{"title":"Cursos astrologia, Workshops e Consultas em Lisboa - Centro Astrologia Tradicional e Moderna - Astrologia Electiva","description":"Cursos de Astrologia, workshops, consultas artigos e investiga\u00e7\u00e3o em Astrologia em Lisboa. Astrologia Natal, Eletiva, Hor\u00e1ria, Relacional e Vocacional - Centro de Astrologia Tradicional e Moderna. - Astrologia Electiva","robots":{"index":"index","follow":"follow","max-snippet":"max-snippet:-1","max-image-preview":"max-image-preview:large","max-video-preview":"max-video-preview:-1"},"canonical":"https:\/\/astrologiatradicionalemoderna.net\/en\/consultas\/hipnose-clinica\/","og_locale":"en_US","og_type":"article","og_title":"Cursos astrologia, Workshops e Consultas em Lisboa - Centro Astrologia Tradicional e Moderna - Astrologia Electiva","og_description":"Cursos de Astrologia, workshops, consultas artigos e investiga\u00e7\u00e3o em Astrologia em Lisboa. Astrologia Natal, Eletiva, Hor\u00e1ria, Relacional e Vocacional - Centro de Astrologia Tradicional e Moderna. - Astrologia Electiva","og_url":"https:\/\/astrologiatradicionalemoderna.net\/en\/consultas\/hipnose-clinica\/","og_site_name":"Astrologia Tradicional e Moderna","article_publisher":"https:\/\/www.facebook.com\/Centro.de.Astrologia.Tradicional.e.Moderna\/","article_modified_time":"2023-08-25T14:50:56+00:00","twitter_card":"summary_large_image","twitter_misc":{"Est. reading time":"2 minutes"},"schema":{"@context":"https:\/\/schema.org","@graph":[{"@type":"WebPage","@id":"https:\/\/astrologiatradicionalemoderna.net\/consultas\/hipnose-clinica\/","url":"https:\/\/astrologiatradicionalemoderna.net\/consultas\/hipnose-clinica\/","name":"Cursos astrologia, Workshops e Consultas em Lisboa - Centro Astrologia Tradicional e Moderna - Astrologia Electiva","isPartOf":{"@id":"https:\/\/astrologiatradicionalemoderna.net\/#website"},"datePublished":"2023-03-28T20:42:50+00:00","dateModified":"2023-08-25T14:50:56+00:00","description":"Cursos de Astrologia, workshops, consultas artigos e investiga\u00e7\u00e3o em Astrologia em Lisboa. Astrologia Natal, Eletiva, Hor\u00e1ria, Relacional e Vocacional - Centro de Astrologia Tradicional e Moderna. - Astrologia Electiva","breadcrumb":{"@id":"https:\/\/astrologiatradicionalemoderna.net\/consultas\/hipnose-clinica\/#breadcrumb"},"inLanguage":"en-US","potentialAction":[{"@type":"ReadAction","target":["https:\/\/astrologiatradicionalemoderna.net\/consultas\/hipnose-clinica\/"]}]},{"@type":"BreadcrumbList","@id":"https:\/\/astrologiatradicionalemoderna.net\/consultas\/hipnose-clinica\/#breadcrumb","itemListElement":[{"@type":"ListItem","position":1,"name":"In\u00edcio","item":"https:\/\/astrologiatradicionalemoderna.net\/"},{"@type":"ListItem","position":2,"name":"Consultas &#8211; ANTIGO","item":"https:\/\/astrologiatradicionalemoderna.net\/?page_id=4359"},{"@type":"ListItem","position":3,"name":"Consultas Hipnose Cl\u00ednica"}]},{"@type":"WebSite","@id":"https:\/\/astrologiatradicionalemoderna.net\/#website","url":"https:\/\/astrologiatradicionalemoderna.net\/","name":"Astrologia Tradicional e Moderna","description":"Centro de Astrologia Tradicional e Moderna","publisher":{"@id":"https:\/\/astrologiatradicionalemoderna.net\/#organization"},"potentialAction":[{"@type":"SearchAction","target":{"@type":"EntryPoint","urlTemplate":"https:\/\/astrologiatradicionalemoderna.net\/?s={search_term_string}"},"query-input":{"@type":"PropertyValueSpecification","valueRequired":true,"valueName":"search_term_string"}}],"inLanguage":"en-US"},{"@type":"Organization","@id":"https:\/\/astrologiatradicionalemoderna.net\/#organization","name":"Centro de Astrologia Tradicional e Moderna","url":"https:\/\/astrologiatradicionalemoderna.net\/","logo":{"@type":"ImageObject","inLanguage":"en-US","@id":"https:\/\/astrologiatradicionalemoderna.net\/#\/schema\/logo\/image\/","url":"https:\/\/astrologiatradicionalemoderna.net\/wp-content\/uploads\/2023\/06\/Astrologia-Tradicional-e-Moderna_Cabecalho.jpg","contentUrl":"https:\/\/astrologiatradicionalemoderna.net\/wp-content\/uploads\/2023\/06\/Astrologia-Tradicional-e-Moderna_Cabecalho.jpg","width":1300,"height":150,"caption":"Centro de Astrologia Tradicional e Moderna"},"image":{"@id":"https:\/\/astrologiatradicionalemoderna.net\/#\/schema\/logo\/image\/"},"sameAs":["https:\/\/www.facebook.com\/Centro.de.Astrologia.Tradicional.e.Moderna\/","https:\/\/instagram.com\/centro_astrologia_catm?igshid=1vndr4qwwvnai"]}]}},"_links":{"self":[{"href":"https:\/\/astrologiatradicionalemoderna.net\/en\/wp-json\/wp\/v2\/pages\/4509","targetHints":{"allow":["GET"]}}],"collection":[{"href":"https:\/\/astrologiatradicionalemoderna.net\/en\/wp-json\/wp\/v2\/pages"}],"about":[{"href":"https:\/\/astrologiatradicionalemoderna.net\/en\/wp-json\/wp\/v2\/types\/page"}],"author":[{"embeddable":true,"href":"https:\/\/astrologiatradicionalemoderna.net\/en\/wp-json\/wp\/v2\/users\/2"}],"replies":[{"embeddable":true,"href":"https:\/\/astrologiatradicionalemoderna.net\/en\/wp-json\/wp\/v2\/comments?post=4509"}],"version-history":[{"count":4,"href":"https:\/\/astrologiatradicionalemoderna.net\/en\/wp-json\/wp\/v2\/pages\/4509\/revisions"}],"predecessor-version":[{"id":5174,"href":"https:\/\/astrologiatradicionalemoderna.net\/en\/wp-json\/wp\/v2\/pages\/4509\/revisions\/5174"}],"up":[{"embeddable":true,"href":"https:\/\/astrologiatradicionalemoderna.net\/en\/wp-json\/wp\/v2\/pages\/4359"}],"wp:attachment":[{"href":"https:\/\/astrologiatradicionalemoderna.net\/en\/wp-json\/wp\/v2\/media?parent=4509"}],"curies":[{"name":"wp","href":"https:\/\/api.w.org\/{rel}","templated":true}]}}