{"id":4363,"date":"2017-01-27T01:24:31","date_gmt":"2017-01-27T01:24:31","guid":{"rendered":"http:\/\/astrologiatradicionalemoderna.net\/?page_id=109"},"modified":"2023-10-04T03:21:51","modified_gmt":"2023-10-04T03:21:51","slug":"astrologia-horaria","status":"publish","type":"page","link":"https:\/\/astrologiatradicionalemoderna.net\/en\/consultas-antigo__trashed\/astrologia-horaria\/","title":{"rendered":"Astrologia Hor\u00e1ria"},"content":{"rendered":"<div data-elementor-type=\"wp-page\" data-elementor-id=\"4363\" class=\"elementor elementor-4363\" data-elementor-post-type=\"page\">\n\t\t\t\t<div class=\"elementor-element elementor-element-1b1470b e-flex e-con-boxed e-con e-parent\" data-id=\"1b1470b\" data-element_type=\"container\" data-e-type=\"container\">\n\t\t\t\t\t<div class=\"e-con-inner\">\n\t\t\t\t<div class=\"elementor-element elementor-element-4b488c2 elementor-widget elementor-widget-heading\" data-id=\"4b488c2\" data-element_type=\"widget\" data-e-type=\"widget\" data-widget_type=\"heading.default\">\n\t\t\t\t<div class=\"elementor-widget-container\">\n\t\t\t\t\t<h2 class=\"elementor-heading-title elementor-size-default\"><strong>Consulta de Astrologia Hor\u00e1ria<\/strong><\/h2>\t\t\t\t<\/div>\n\t\t\t\t<\/div>\n\t\t\t\t\t<\/div>\n\t\t\t\t<\/div>\n\t\t<div class=\"elementor-element elementor-element-13af3d9 e-flex e-con-boxed e-con e-parent\" data-id=\"13af3d9\" data-element_type=\"container\" data-e-type=\"container\">\n\t\t\t\t\t<div class=\"e-con-inner\">\n\t\t\t\t<div class=\"elementor-element elementor-element-4ca164e elementor-widget elementor-widget-heading\" data-id=\"4ca164e\" data-element_type=\"widget\" data-e-type=\"widget\" data-widget_type=\"heading.default\">\n\t\t\t\t<div class=\"elementor-widget-container\">\n\t\t\t\t\t<h2 class=\"elementor-heading-title elementor-size-default\">Resposta a uma pergunta espec\u00edfica<\/h2>\t\t\t\t<\/div>\n\t\t\t\t<\/div>\n\t\t\t\t\t<\/div>\n\t\t\t\t<\/div>\n\t\t\t\t<section class=\"elementor-section elementor-top-section elementor-element elementor-element-1549f575 elementor-section-boxed elementor-section-height-default elementor-section-height-default\" data-id=\"1549f575\" data-element_type=\"section\" data-e-type=\"section\">\n\t\t\t\t\t\t<div class=\"elementor-container elementor-column-gap-default\">\n\t\t\t\t\t<div class=\"elementor-column elementor-col-50 elementor-top-column elementor-element elementor-element-3dd7831a\" data-id=\"3dd7831a\" data-element_type=\"column\" data-e-type=\"column\">\n\t\t\t<div class=\"elementor-widget-wrap elementor-element-populated\">\n\t\t\t\t\t\t<div class=\"elementor-element elementor-element-3fbfc8bd elementor-widget elementor-widget-text-editor\" data-id=\"3fbfc8bd\" data-element_type=\"widget\" data-e-type=\"widget\" data-widget_type=\"text-editor.default\">\n\t\t\t\t<div class=\"elementor-widget-container\">\n\t\t\t\t\t\t\t\t\t<div id=\"pl-109\" class=\"panel-layout\"><div id=\"pg-109-0\" class=\"panel-grid panel-no-style\"><div id=\"pgc-109-0-0\" class=\"panel-grid-cell\" data-weight=\"1\"><div id=\"panel-109-0-0-0\" class=\"so-panel widget_sow-editor panel-first-child panel-last-child\" data-index=\"0\" data-style=\"{&quot;class&quot;:&quot;AstroContentDiv&quot;,&quot;background_display&quot;:&quot;tile&quot;}\"><div class=\"AstroContentDiv panel-widget-style panel-widget-style-for-109-0-0-0\"><div class=\"so-widget-sow-editor so-widget-sow-editor-base\"><div class=\"siteorigin-widget-tinymce textwidget\"><p>A <strong>Astrologia Hor\u00e1ria<\/strong> \u00e9 um ramo da Astrologia Tradicional que possibilita <strong>responder a perguntas espec\u00edficas e concretas<\/strong> nas mais variadas \u00e1reas de vida, tais como:<\/p><p style=\"padding-left: 30px;\">\u2022 relacionamentos;<br \/>\u2022 carreira, trabalho, quest\u00f5es profissionais;<br \/>\u2022 neg\u00f3cios, compras e vendas de bens;<br \/>\u2022 recupera\u00e7\u00e3o de objectos perdidos bem como de animais de<br \/>estima\u00e7\u00e3o desaparecidos;<br \/>\u2022 estudos e exames;<br \/>\u2022 estado de sa\u00fade;<br \/>\u2022 viagens&#8230;<\/p><p>E efectuada a an\u00e1lise do mapa astrol\u00f3gico referente ao momento em que a pergunta \u00e9 colocada.<\/p><p><strong>Algumas perguntas exemplo:<\/strong><\/p><p style=\"padding-left: 30px;\">\u2022 Vou ficar com aquele emprego?<br \/>\u2022 Como vai correr o meu relacionamento?<br \/>\u2022 Onde est\u00e1 a minha pasta?<br \/>\u2022 O estado de sa\u00fade da minha amiga vai melhorar?<br \/>\u2022 Estarei gr\u00e1vida?<br \/>\u2022 Ser\u00e1 um bom neg\u00f3cio?<br \/>\u2022 Vou conseguir vender a minha casa?<\/p><p>Trata-se de uma sess\u00e3o recomendada a todos os que necessitam de <strong>respostas concretas<\/strong> relativas a assuntos importantes nas suas <strong>vidas<\/strong>.<\/p><p><strong>Dura\u00e7\u00e3o da sess\u00e3o<\/strong>: 1h (aproximadamente)<\/p><p><strong>Pre\u00e7o<\/strong>: 50 \u20ac<\/p><p><strong>Consultora<\/strong>: <a href=\"https:\/\/astrologiatradicionalemoderna.net\/en\/quem-somos\/fundadora-e-responsavel-isabel-antunes\/\">Isabel Antunes<\/a><\/p><p><strong>Local<\/strong>: Centro de Astrologia Tradicional e Moderna, localizado no Espa\u00e7o Anima (junto ao metro de Alvalade, em Lisboa) www.anima-mundi.org<\/p><p><strong>Contactos<\/strong>: 919 879 000, 217 602 871, isabel.vida@gmail.com<\/p><\/div><\/div><\/div><\/div><\/div><\/div><\/div>\t\t\t\t\t\t\t\t<\/div>\n\t\t\t\t<\/div>\n\t\t\t\t\t<\/div>\n\t\t<\/div>\n\t\t\t\t<div class=\"elementor-column elementor-col-50 elementor-top-column elementor-element elementor-element-829014d\" data-id=\"829014d\" data-element_type=\"column\" data-e-type=\"column\">\n\t\t\t<div class=\"elementor-widget-wrap elementor-element-populated\">\n\t\t\t\t\t\t<div class=\"elementor-element elementor-element-90eb285 elementor-widget__width-initial elementor-widget elementor-widget-text-editor\" data-id=\"90eb285\" data-element_type=\"widget\" data-e-type=\"widget\" data-widget_type=\"text-editor.default\">\n\t\t\t\t<div class=\"elementor-widget-container\">\n\t\t\t\t\t\t\t\t\t<h1 style=\"border: 0px; margin-top: 20px; margin-bottom: 20px; padding: 0px; font-family: Quicksand, sans-serif; font-size: 19px; line-height: 1.2em; color: #134a7a; text-align: center; background-color: #c8dcdc;\">CONSULTAS<\/h1><hr style=\"background-color: white; color: #3a3a3a; font-family: Quicksand, sans-serif; font-size: 15px; margin: -10px 20px 10px !important 20px;\" \/><ul><li><a href=\"https:\/\/astrologiatradicionalemoderna.net\/en\/consultas\/astrologia-natal\/\">Astrologia Natal<\/a><\/li><\/ul><ul><li><a href=\"https:\/\/astrologiatradicionalemoderna.net\/en\/consultas\/astrologia-relacional-sinastria\/\">Astrologia Relacional (Sinastria)<\/a><\/li><\/ul><ul><li><a href=\"https:\/\/astrologiatradicionalemoderna.net\/en\/consultas\/astrologia-vocacional\/\">Astrologia Vocacional<\/a><\/li><\/ul><ul><li><a href=\"https:\/\/astrologiatradicionalemoderna.net\/en\/consultas\/astrologia-horaria\/\">Astrologia Hor\u00e1ria<\/a><\/li><\/ul><ul><li><a href=\"https:\/\/astrologiatradicionalemoderna.net\/en\/consultas\/astrologia-electiva\/\">Astrologia Electiva<\/a><\/li><\/ul><ul><li><a href=\"https:\/\/astrologiatradicionalemoderna.net\/en\/consultas\/hipnose-clinica\/\">Consultas Hipnose Clinica<\/a><\/li><\/ul>\t\t\t\t\t\t\t\t<\/div>\n\t\t\t\t<\/div>\n\t\t\t\t\t<\/div>\n\t\t<\/div>\n\t\t\t\t\t<\/div>\n\t\t<\/section>\n\t\t\t\t<\/div>","protected":false},"excerpt":{"rendered":"<p>Consulta de Astrologia Hor\u00e1ria Resposta a uma pergunta espec\u00edfica A Astrologia Hor\u00e1ria \u00e9 um ramo da Astrologia Tradicional que possibilita responder a perguntas espec\u00edficas e&hellip;<\/p>","protected":false},"author":2,"featured_media":0,"parent":4359,"menu_order":3,"comment_status":"closed","ping_status":"closed","template":"","meta":{"footnotes":""},"class_list":["post-4363","page","type-page","status-publish","hentry"],"yoast_head":"<!-- This site is optimized with the Yoast SEO plugin v27.3 - https:\/\/yoast.com\/product\/yoast-seo-wordpress\/ -->\n<title>Cursos astrologia, Workshops e Consultas em Lisboa - Centro Astrologia Tradicional e Moderna - Astrologia Hor\u00e1ria<\/title>\n<meta name=\"description\" content=\"Cursos de Astrologia, workshops, consultas artigos e investiga\u00e7\u00e3o em Astrologia em Lisboa. Astrologia Natal, Eletiva, Hor\u00e1ria, Relacional e Vocacional - Centro de Astrologia Tradicional e Moderna. - Astrologia Hor\u00e1ria\" \/>\n<meta name=\"robots\" content=\"index, follow, max-snippet:-1, max-image-preview:large, max-video-preview:-1\" \/>\n<link rel=\"canonical\" href=\"https:\/\/astrologiatradicionalemoderna.net\/en\/consultas\/astrologia-horaria\/\" \/>\n<meta property=\"og:locale\" content=\"en_US\" \/>\n<meta property=\"og:type\" content=\"article\" \/>\n<meta property=\"og:title\" content=\"Cursos astrologia, Workshops e Consultas em Lisboa - Centro Astrologia Tradicional e Moderna - Astrologia Hor\u00e1ria\" \/>\n<meta property=\"og:description\" content=\"Cursos de Astrologia, workshops, consultas artigos e investiga\u00e7\u00e3o em Astrologia em Lisboa. Astrologia Natal, Eletiva, Hor\u00e1ria, Relacional e Vocacional - Centro de Astrologia Tradicional e Moderna. - Astrologia Hor\u00e1ria\" \/>\n<meta property=\"og:url\" content=\"https:\/\/astrologiatradicionalemoderna.net\/en\/consultas\/astrologia-horaria\/\" \/>\n<meta property=\"og:site_name\" content=\"Astrologia Tradicional e Moderna\" \/>\n<meta property=\"article:publisher\" content=\"https:\/\/www.facebook.com\/Centro.de.Astrologia.Tradicional.e.Moderna\/\" \/>\n<meta property=\"article:modified_time\" content=\"2023-10-04T03:21:51+00:00\" \/>\n<meta name=\"twitter:card\" content=\"summary_large_image\" \/>\n<meta name=\"twitter:label1\" content=\"Est. reading time\" \/>\n\t<meta name=\"twitter:data1\" content=\"2 minutes\" \/>\n<script type=\"application\/ld+json\" class=\"yoast-schema-graph\">{\"@context\":\"https:\\\/\\\/schema.org\",\"@graph\":[{\"@type\":\"WebPage\",\"@id\":\"https:\\\/\\\/astrologiatradicionalemoderna.net\\\/consultas\\\/astrologia-horaria\\\/\",\"url\":\"https:\\\/\\\/astrologiatradicionalemoderna.net\\\/consultas\\\/astrologia-horaria\\\/\",\"name\":\"Cursos astrologia, Workshops e Consultas em Lisboa - Centro Astrologia Tradicional e Moderna - Astrologia Hor\u00e1ria\",\"isPartOf\":{\"@id\":\"https:\\\/\\\/astrologiatradicionalemoderna.net\\\/#website\"},\"datePublished\":\"2017-01-27T01:24:31+00:00\",\"dateModified\":\"2023-10-04T03:21:51+00:00\",\"description\":\"Cursos de Astrologia, workshops, consultas artigos e investiga\u00e7\u00e3o em Astrologia em Lisboa. Astrologia Natal, Eletiva, Hor\u00e1ria, Relacional e Vocacional - Centro de Astrologia Tradicional e Moderna. - Astrologia Hor\u00e1ria\",\"breadcrumb\":{\"@id\":\"https:\\\/\\\/astrologiatradicionalemoderna.net\\\/consultas\\\/astrologia-horaria\\\/#breadcrumb\"},\"inLanguage\":\"en-US\",\"potentialAction\":[{\"@type\":\"ReadAction\",\"target\":[\"https:\\\/\\\/astrologiatradicionalemoderna.net\\\/consultas\\\/astrologia-horaria\\\/\"]}]},{\"@type\":\"BreadcrumbList\",\"@id\":\"https:\\\/\\\/astrologiatradicionalemoderna.net\\\/consultas\\\/astrologia-horaria\\\/#breadcrumb\",\"itemListElement\":[{\"@type\":\"ListItem\",\"position\":1,\"name\":\"In\u00edcio\",\"item\":\"https:\\\/\\\/astrologiatradicionalemoderna.net\\\/\"},{\"@type\":\"ListItem\",\"position\":2,\"name\":\"Consultas &#8211; ANTIGO\",\"item\":\"https:\\\/\\\/astrologiatradicionalemoderna.net\\\/?page_id=4359\"},{\"@type\":\"ListItem\",\"position\":3,\"name\":\"Astrologia Hor\u00e1ria\"}]},{\"@type\":\"WebSite\",\"@id\":\"https:\\\/\\\/astrologiatradicionalemoderna.net\\\/#website\",\"url\":\"https:\\\/\\\/astrologiatradicionalemoderna.net\\\/\",\"name\":\"Astrologia Tradicional e Moderna\",\"description\":\"Centro de Astrologia Tradicional e Moderna\",\"publisher\":{\"@id\":\"https:\\\/\\\/astrologiatradicionalemoderna.net\\\/#organization\"},\"potentialAction\":[{\"@type\":\"SearchAction\",\"target\":{\"@type\":\"EntryPoint\",\"urlTemplate\":\"https:\\\/\\\/astrologiatradicionalemoderna.net\\\/?s={search_term_string}\"},\"query-input\":{\"@type\":\"PropertyValueSpecification\",\"valueRequired\":true,\"valueName\":\"search_term_string\"}}],\"inLanguage\":\"en-US\"},{\"@type\":\"Organization\",\"@id\":\"https:\\\/\\\/astrologiatradicionalemoderna.net\\\/#organization\",\"name\":\"Centro de Astrologia Tradicional e Moderna\",\"url\":\"https:\\\/\\\/astrologiatradicionalemoderna.net\\\/\",\"logo\":{\"@type\":\"ImageObject\",\"inLanguage\":\"en-US\",\"@id\":\"https:\\\/\\\/astrologiatradicionalemoderna.net\\\/#\\\/schema\\\/logo\\\/image\\\/\",\"url\":\"https:\\\/\\\/astrologiatradicionalemoderna.net\\\/wp-content\\\/uploads\\\/2023\\\/06\\\/Astrologia-Tradicional-e-Moderna_Cabecalho.jpg\",\"contentUrl\":\"https:\\\/\\\/astrologiatradicionalemoderna.net\\\/wp-content\\\/uploads\\\/2023\\\/06\\\/Astrologia-Tradicional-e-Moderna_Cabecalho.jpg\",\"width\":1300,\"height\":150,\"caption\":\"Centro de Astrologia Tradicional e Moderna\"},\"image\":{\"@id\":\"https:\\\/\\\/astrologiatradicionalemoderna.net\\\/#\\\/schema\\\/logo\\\/image\\\/\"},\"sameAs\":[\"https:\\\/\\\/www.facebook.com\\\/Centro.de.Astrologia.Tradicional.e.Moderna\\\/\",\"https:\\\/\\\/instagram.com\\\/centro_astrologia_catm?igshid=1vndr4qwwvnai\"]}]}<\/script>\n<!-- \/ Yoast SEO plugin. -->","yoast_head_json":{"title":"Cursos astrologia, Workshops e Consultas em Lisboa - Centro Astrologia Tradicional e Moderna - Astrologia Hor\u00e1ria","description":"Cursos de Astrologia, workshops, consultas artigos e investiga\u00e7\u00e3o em Astrologia em Lisboa. Astrologia Natal, Eletiva, Hor\u00e1ria, Relacional e Vocacional - Centro de Astrologia Tradicional e Moderna. - Astrologia Hor\u00e1ria","robots":{"index":"index","follow":"follow","max-snippet":"max-snippet:-1","max-image-preview":"max-image-preview:large","max-video-preview":"max-video-preview:-1"},"canonical":"https:\/\/astrologiatradicionalemoderna.net\/en\/consultas\/astrologia-horaria\/","og_locale":"en_US","og_type":"article","og_title":"Cursos astrologia, Workshops e Consultas em Lisboa - Centro Astrologia Tradicional e Moderna - Astrologia Hor\u00e1ria","og_description":"Cursos de Astrologia, workshops, consultas artigos e investiga\u00e7\u00e3o em Astrologia em Lisboa. Astrologia Natal, Eletiva, Hor\u00e1ria, Relacional e Vocacional - Centro de Astrologia Tradicional e Moderna. - Astrologia Hor\u00e1ria","og_url":"https:\/\/astrologiatradicionalemoderna.net\/en\/consultas\/astrologia-horaria\/","og_site_name":"Astrologia Tradicional e Moderna","article_publisher":"https:\/\/www.facebook.com\/Centro.de.Astrologia.Tradicional.e.Moderna\/","article_modified_time":"2023-10-04T03:21:51+00:00","twitter_card":"summary_large_image","twitter_misc":{"Est. reading time":"2 minutes"},"schema":{"@context":"https:\/\/schema.org","@graph":[{"@type":"WebPage","@id":"https:\/\/astrologiatradicionalemoderna.net\/consultas\/astrologia-horaria\/","url":"https:\/\/astrologiatradicionalemoderna.net\/consultas\/astrologia-horaria\/","name":"Cursos astrologia, Workshops e Consultas em Lisboa - Centro Astrologia Tradicional e Moderna - Astrologia Hor\u00e1ria","isPartOf":{"@id":"https:\/\/astrologiatradicionalemoderna.net\/#website"},"datePublished":"2017-01-27T01:24:31+00:00","dateModified":"2023-10-04T03:21:51+00:00","description":"Cursos de Astrologia, workshops, consultas artigos e investiga\u00e7\u00e3o em Astrologia em Lisboa. Astrologia Natal, Eletiva, Hor\u00e1ria, Relacional e Vocacional - Centro de Astrologia Tradicional e Moderna. - Astrologia Hor\u00e1ria","breadcrumb":{"@id":"https:\/\/astrologiatradicionalemoderna.net\/consultas\/astrologia-horaria\/#breadcrumb"},"inLanguage":"en-US","potentialAction":[{"@type":"ReadAction","target":["https:\/\/astrologiatradicionalemoderna.net\/consultas\/astrologia-horaria\/"]}]},{"@type":"BreadcrumbList","@id":"https:\/\/astrologiatradicionalemoderna.net\/consultas\/astrologia-horaria\/#breadcrumb","itemListElement":[{"@type":"ListItem","position":1,"name":"In\u00edcio","item":"https:\/\/astrologiatradicionalemoderna.net\/"},{"@type":"ListItem","position":2,"name":"Consultas &#8211; ANTIGO","item":"https:\/\/astrologiatradicionalemoderna.net\/?page_id=4359"},{"@type":"ListItem","position":3,"name":"Astrologia Hor\u00e1ria"}]},{"@type":"WebSite","@id":"https:\/\/astrologiatradicionalemoderna.net\/#website","url":"https:\/\/astrologiatradicionalemoderna.net\/","name":"Astrologia Tradicional e Moderna","description":"Centro de Astrologia Tradicional e Moderna","publisher":{"@id":"https:\/\/astrologiatradicionalemoderna.net\/#organization"},"potentialAction":[{"@type":"SearchAction","target":{"@type":"EntryPoint","urlTemplate":"https:\/\/astrologiatradicionalemoderna.net\/?s={search_term_string}"},"query-input":{"@type":"PropertyValueSpecification","valueRequired":true,"valueName":"search_term_string"}}],"inLanguage":"en-US"},{"@type":"Organization","@id":"https:\/\/astrologiatradicionalemoderna.net\/#organization","name":"Centro de Astrologia Tradicional e Moderna","url":"https:\/\/astrologiatradicionalemoderna.net\/","logo":{"@type":"ImageObject","inLanguage":"en-US","@id":"https:\/\/astrologiatradicionalemoderna.net\/#\/schema\/logo\/image\/","url":"https:\/\/astrologiatradicionalemoderna.net\/wp-content\/uploads\/2023\/06\/Astrologia-Tradicional-e-Moderna_Cabecalho.jpg","contentUrl":"https:\/\/astrologiatradicionalemoderna.net\/wp-content\/uploads\/2023\/06\/Astrologia-Tradicional-e-Moderna_Cabecalho.jpg","width":1300,"height":150,"caption":"Centro de Astrologia Tradicional e Moderna"},"image":{"@id":"https:\/\/astrologiatradicionalemoderna.net\/#\/schema\/logo\/image\/"},"sameAs":["https:\/\/www.facebook.com\/Centro.de.Astrologia.Tradicional.e.Moderna\/","https:\/\/instagram.com\/centro_astrologia_catm?igshid=1vndr4qwwvnai"]}]}},"_links":{"self":[{"href":"https:\/\/astrologiatradicionalemoderna.net\/en\/wp-json\/wp\/v2\/pages\/4363","targetHints":{"allow":["GET"]}}],"collection":[{"href":"https:\/\/astrologiatradicionalemoderna.net\/en\/wp-json\/wp\/v2\/pages"}],"about":[{"href":"https:\/\/astrologiatradicionalemoderna.net\/en\/wp-json\/wp\/v2\/types\/page"}],"author":[{"embeddable":true,"href":"https:\/\/astrologiatradicionalemoderna.net\/en\/wp-json\/wp\/v2\/users\/2"}],"replies":[{"embeddable":true,"href":"https:\/\/astrologiatradicionalemoderna.net\/en\/wp-json\/wp\/v2\/comments?post=4363"}],"version-history":[{"count":7,"href":"https:\/\/astrologiatradicionalemoderna.net\/en\/wp-json\/wp\/v2\/pages\/4363\/revisions"}],"predecessor-version":[{"id":13348,"href":"https:\/\/astrologiatradicionalemoderna.net\/en\/wp-json\/wp\/v2\/pages\/4363\/revisions\/13348"}],"up":[{"embeddable":true,"href":"https:\/\/astrologiatradicionalemoderna.net\/en\/wp-json\/wp\/v2\/pages\/4359"}],"wp:attachment":[{"href":"https:\/\/astrologiatradicionalemoderna.net\/en\/wp-json\/wp\/v2\/media?parent=4363"}],"curies":[{"name":"wp","href":"https:\/\/api.w.org\/{rel}","templated":true}]}}