{"id":4361,"date":"2017-01-27T01:16:31","date_gmt":"2017-01-27T01:16:31","guid":{"rendered":"http:\/\/astrologiatradicionalemoderna.net\/?page_id=105"},"modified":"2023-10-04T03:00:04","modified_gmt":"2023-10-04T03:00:04","slug":"astrologia-relacional-sinastria","status":"publish","type":"page","link":"https:\/\/astrologiatradicionalemoderna.net\/en\/consultas-antigo__trashed\/astrologia-relacional-sinastria\/","title":{"rendered":"Astrologia Relacional (Sinastria)"},"content":{"rendered":"<div data-elementor-type=\"wp-page\" data-elementor-id=\"4361\" class=\"elementor elementor-4361\" data-elementor-post-type=\"page\">\n\t\t\t\t<div class=\"elementor-element elementor-element-2818102 e-flex e-con-boxed e-con e-parent\" data-id=\"2818102\" data-element_type=\"container\" data-e-type=\"container\">\n\t\t\t\t\t<div class=\"e-con-inner\">\n\t\t\t\t<div class=\"elementor-element elementor-element-2ea7d09 elementor-widget elementor-widget-heading\" data-id=\"2ea7d09\" data-element_type=\"widget\" data-e-type=\"widget\" data-widget_type=\"heading.default\">\n\t\t\t\t<div class=\"elementor-widget-container\">\n\t\t\t\t\t<h2 class=\"elementor-heading-title elementor-size-default\">Consulta de Astrologia Relacional<\/h2>\t\t\t\t<\/div>\n\t\t\t\t<\/div>\n\t\t\t\t\t<\/div>\n\t\t\t\t<\/div>\n\t\t<div class=\"elementor-element elementor-element-5a5fef9 e-flex e-con-boxed e-con e-parent\" data-id=\"5a5fef9\" data-element_type=\"container\" data-e-type=\"container\">\n\t\t\t\t\t<div class=\"e-con-inner\">\n\t\t\t\t<div class=\"elementor-element elementor-element-272e079 elementor-widget elementor-widget-heading\" data-id=\"272e079\" data-element_type=\"widget\" data-e-type=\"widget\" data-widget_type=\"heading.default\">\n\t\t\t\t<div class=\"elementor-widget-container\">\n\t\t\t\t\t<h2 class=\"elementor-heading-title elementor-size-default\">Sinastria - An\u00e1lise de um relacionamento espec\u00edfico<\/h2>\t\t\t\t<\/div>\n\t\t\t\t<\/div>\n\t\t\t\t\t<\/div>\n\t\t\t\t<\/div>\n\t\t\t\t<section class=\"elementor-section elementor-top-section elementor-element elementor-element-5aac1532 elementor-section-boxed elementor-section-height-default elementor-section-height-default\" data-id=\"5aac1532\" data-element_type=\"section\" data-e-type=\"section\">\n\t\t\t\t\t\t<div class=\"elementor-container elementor-column-gap-default\">\n\t\t\t\t\t<div class=\"elementor-column elementor-col-50 elementor-top-column elementor-element elementor-element-71962395\" data-id=\"71962395\" data-element_type=\"column\" data-e-type=\"column\">\n\t\t\t<div class=\"elementor-widget-wrap elementor-element-populated\">\n\t\t\t\t\t\t<div class=\"elementor-element elementor-element-4d852af4 elementor-widget elementor-widget-text-editor\" data-id=\"4d852af4\" data-element_type=\"widget\" data-e-type=\"widget\" data-widget_type=\"text-editor.default\">\n\t\t\t\t<div class=\"elementor-widget-container\">\n\t\t\t\t\t\t\t\t\t<div id=\"pl-105\" class=\"panel-layout\"><div id=\"pg-105-0\" class=\"panel-grid panel-no-style\"><div id=\"pgc-105-0-0\" class=\"panel-grid-cell\" data-weight=\"1\"><div id=\"panel-105-0-0-0\" class=\"so-panel widget_sow-editor panel-first-child panel-last-child\" data-index=\"0\" data-style=\"{&quot;class&quot;:&quot;AstroContentDiv&quot;,&quot;background_display&quot;:&quot;tile&quot;}\"><div class=\"AstroContentDiv panel-widget-style panel-widget-style-for-105-0-0-0\"><div class=\"so-widget-sow-editor so-widget-sow-editor-base\"><div class=\"siteorigin-widget-tinymce textwidget\"><p>A consulta de Astrologia Relacional permite <strong>caracterizar e clarificar as potencialidades, os pontos fortes e os desafios existentes numa determinada rela\u00e7\u00e3o<\/strong> entre duas pessoas.<\/p><p>Na consulta \u00e9 efectuada uma an\u00e1lise e caracteriza\u00e7\u00e3o individual de cada um, nomeadamente em rela\u00e7\u00e3o ao que cada um necessita <strong>e espera de uma rela\u00e7\u00e3o<\/strong>, quais as <strong>linguagens afectivas<\/strong>, os <strong>padr\u00f5es relacionais<\/strong> e o que <strong>valoriza<\/strong>. \u00c9 tamb\u00e9m analisada a forma como cada um sente e encara a rela\u00e7\u00e3o em quest\u00e3o.<\/p><p>Esta an\u00e1lise contribui para uma maior clareza e compreens\u00e3o da situa\u00e7\u00e3o relacional vivenciada facilitando qualquer ajuste (caso seja necess\u00e1rio) com vista a uma maior satisfa\u00e7\u00e3o e realiza\u00e7\u00e3o na rela\u00e7\u00e3o.<\/p><p>Esta consulta possibilita-nos tamb\u00e9m responder \u00e0s seguintes quest\u00f5es:<\/p><ul><li>Como vivencio as rela\u00e7\u00f5es?<\/li><li>O que posso esperar da minha rela\u00e7\u00e3o?<\/li><li>Como posso vivenciar a rela\u00e7\u00e3o que tenho de forma mais plena e realizada?<\/li><\/ul><p><strong>Dura\u00e7\u00e3o da sess\u00e3o<\/strong>: 2h (aproximadamente)<\/p><p><strong>Pre\u00e7o<\/strong>: 80 \u20ac<\/p><p><strong>Consultora<\/strong>: <a href=\"https:\/\/astrologiatradicionalemoderna.net\/en\/quem-somos\/fundadora-e-responsavel-isabel-antunes\/\">Isabel Antunes<\/a><\/p><p><strong>Local<\/strong>: Centro de Astrologia Tradicional e Moderna localizado no Espa\u00e7o Anima (junto ao metro de Alvalade, em Lisboa) www.anima-mundi.org<\/p><p><strong>Contactos<\/strong>: 919 879 000, 217 602 871, isabel.vida@gmail.com<\/p><\/div><\/div><\/div><\/div><\/div><\/div><\/div>\t\t\t\t\t\t\t\t<\/div>\n\t\t\t\t<\/div>\n\t\t\t\t\t<\/div>\n\t\t<\/div>\n\t\t\t\t<div class=\"elementor-column elementor-col-50 elementor-top-column elementor-element elementor-element-1e09302\" data-id=\"1e09302\" data-element_type=\"column\" data-e-type=\"column\">\n\t\t\t<div class=\"elementor-widget-wrap elementor-element-populated\">\n\t\t\t\t\t\t<div class=\"elementor-element elementor-element-8a84248 elementor-widget__width-initial elementor-widget elementor-widget-text-editor\" data-id=\"8a84248\" data-element_type=\"widget\" data-e-type=\"widget\" data-widget_type=\"text-editor.default\">\n\t\t\t\t<div class=\"elementor-widget-container\">\n\t\t\t\t\t\t\t\t\t<h1 style=\"border: 0px; margin-top: 20px; margin-bottom: 20px; padding: 0px; font-family: Quicksand, sans-serif; font-size: 19px; line-height: 1.2em; color: #134a7a; text-align: center; background-color: #c8dcdc;\">CONSULTAS<\/h1><hr style=\"background-color: white; color: #3a3a3a; font-family: Quicksand, sans-serif; font-size: 15px; margin: -10px 20px 10px !important 20px;\" \/><ul><li><a href=\"https:\/\/astrologiatradicionalemoderna.net\/en\/consultas\/astrologia-natal\/\">Astrologia Natal<\/a><\/li><\/ul><ul><li><a href=\"https:\/\/astrologiatradicionalemoderna.net\/en\/consultas\/astrologia-relacional-sinastria\/\">Astrologia Relacional (Sinastria)<\/a><\/li><\/ul><ul><li><a href=\"https:\/\/astrologiatradicionalemoderna.net\/en\/consultas\/astrologia-vocacional\/\">Astrologia Vocacional<\/a><\/li><\/ul><ul><li><a href=\"https:\/\/astrologiatradicionalemoderna.net\/en\/consultas\/astrologia-horaria\/\">Astrologia Hor\u00e1ria<\/a><\/li><\/ul><ul><li><a href=\"https:\/\/astrologiatradicionalemoderna.net\/en\/consultas\/astrologia-electiva\/\">Astrologia Electiva<\/a><\/li><\/ul><ul><li><a href=\"https:\/\/astrologiatradicionalemoderna.net\/en\/consultas\/hipnose-clinica\/\">Consultas Hipnose Clinica<\/a><\/li><\/ul>\t\t\t\t\t\t\t\t<\/div>\n\t\t\t\t<\/div>\n\t\t\t\t\t<\/div>\n\t\t<\/div>\n\t\t\t\t\t<\/div>\n\t\t<\/section>\n\t\t\t\t<\/div>","protected":false},"excerpt":{"rendered":"<p>Consulta de Astrologia Relacional Sinastria &#8211; An\u00e1lise de um relacionamento espec\u00edfico A consulta de Astrologia Relacional permite caracterizar e clarificar as potencialidades, os pontos fortes&hellip;<\/p>","protected":false},"author":2,"featured_media":0,"parent":4359,"menu_order":1,"comment_status":"closed","ping_status":"closed","template":"","meta":{"footnotes":""},"class_list":["post-4361","page","type-page","status-publish","hentry"],"yoast_head":"<!-- This site is optimized with the Yoast SEO plugin v27.3 - https:\/\/yoast.com\/product\/yoast-seo-wordpress\/ -->\n<title>Cursos astrologia, Workshops e Consultas em Lisboa - Centro Astrologia Tradicional e Moderna - Astrologia Relacional<\/title>\n<meta name=\"description\" content=\"Cursos de Astrologia, workshops, consultas artigos e investiga\u00e7\u00e3o em Astrologia em Lisboa. Astrologia Natal, Eletiva, Hor\u00e1ria, Relacional e Vocacional - Centro de Astrologia Tradicional e Moderna. - Astrologia Relacional\" \/>\n<meta name=\"robots\" content=\"index, follow, max-snippet:-1, max-image-preview:large, max-video-preview:-1\" \/>\n<link rel=\"canonical\" href=\"https:\/\/astrologiatradicionalemoderna.net\/en\/consultas\/astrologia-relacional-sinastria\/\" \/>\n<meta property=\"og:locale\" content=\"en_US\" \/>\n<meta property=\"og:type\" content=\"article\" \/>\n<meta property=\"og:title\" content=\"Cursos astrologia, Workshops e Consultas em Lisboa - Centro Astrologia Tradicional e Moderna - Astrologia Relacional\" \/>\n<meta property=\"og:description\" content=\"Cursos de Astrologia, workshops, consultas artigos e investiga\u00e7\u00e3o em Astrologia em Lisboa. Astrologia Natal, Eletiva, Hor\u00e1ria, Relacional e Vocacional - Centro de Astrologia Tradicional e Moderna. - Astrologia Relacional\" \/>\n<meta property=\"og:url\" content=\"https:\/\/astrologiatradicionalemoderna.net\/en\/consultas\/astrologia-relacional-sinastria\/\" \/>\n<meta property=\"og:site_name\" content=\"Astrologia Tradicional e Moderna\" \/>\n<meta property=\"article:publisher\" content=\"https:\/\/www.facebook.com\/Centro.de.Astrologia.Tradicional.e.Moderna\/\" \/>\n<meta property=\"article:modified_time\" content=\"2023-10-04T03:00:04+00:00\" \/>\n<meta name=\"twitter:card\" content=\"summary_large_image\" \/>\n<meta name=\"twitter:label1\" content=\"Est. reading time\" \/>\n\t<meta name=\"twitter:data1\" content=\"2 minutes\" \/>\n<script type=\"application\/ld+json\" class=\"yoast-schema-graph\">{\"@context\":\"https:\\\/\\\/schema.org\",\"@graph\":[{\"@type\":\"WebPage\",\"@id\":\"https:\\\/\\\/astrologiatradicionalemoderna.net\\\/consultas\\\/astrologia-relacional-sinastria\\\/\",\"url\":\"https:\\\/\\\/astrologiatradicionalemoderna.net\\\/consultas\\\/astrologia-relacional-sinastria\\\/\",\"name\":\"Cursos astrologia, Workshops e Consultas em Lisboa - Centro Astrologia Tradicional e Moderna - Astrologia Relacional\",\"isPartOf\":{\"@id\":\"https:\\\/\\\/astrologiatradicionalemoderna.net\\\/#website\"},\"datePublished\":\"2017-01-27T01:16:31+00:00\",\"dateModified\":\"2023-10-04T03:00:04+00:00\",\"description\":\"Cursos de Astrologia, workshops, consultas artigos e investiga\u00e7\u00e3o em Astrologia em Lisboa. Astrologia Natal, Eletiva, Hor\u00e1ria, Relacional e Vocacional - Centro de Astrologia Tradicional e Moderna. - Astrologia Relacional\",\"breadcrumb\":{\"@id\":\"https:\\\/\\\/astrologiatradicionalemoderna.net\\\/consultas\\\/astrologia-relacional-sinastria\\\/#breadcrumb\"},\"inLanguage\":\"en-US\",\"potentialAction\":[{\"@type\":\"ReadAction\",\"target\":[\"https:\\\/\\\/astrologiatradicionalemoderna.net\\\/consultas\\\/astrologia-relacional-sinastria\\\/\"]}]},{\"@type\":\"BreadcrumbList\",\"@id\":\"https:\\\/\\\/astrologiatradicionalemoderna.net\\\/consultas\\\/astrologia-relacional-sinastria\\\/#breadcrumb\",\"itemListElement\":[{\"@type\":\"ListItem\",\"position\":1,\"name\":\"In\u00edcio\",\"item\":\"https:\\\/\\\/astrologiatradicionalemoderna.net\\\/\"},{\"@type\":\"ListItem\",\"position\":2,\"name\":\"Consultas &#8211; ANTIGO\",\"item\":\"https:\\\/\\\/astrologiatradicionalemoderna.net\\\/?page_id=4359\"},{\"@type\":\"ListItem\",\"position\":3,\"name\":\"Astrologia Relacional (Sinastria)\"}]},{\"@type\":\"WebSite\",\"@id\":\"https:\\\/\\\/astrologiatradicionalemoderna.net\\\/#website\",\"url\":\"https:\\\/\\\/astrologiatradicionalemoderna.net\\\/\",\"name\":\"Astrologia Tradicional e Moderna\",\"description\":\"Centro de Astrologia Tradicional e Moderna\",\"publisher\":{\"@id\":\"https:\\\/\\\/astrologiatradicionalemoderna.net\\\/#organization\"},\"potentialAction\":[{\"@type\":\"SearchAction\",\"target\":{\"@type\":\"EntryPoint\",\"urlTemplate\":\"https:\\\/\\\/astrologiatradicionalemoderna.net\\\/?s={search_term_string}\"},\"query-input\":{\"@type\":\"PropertyValueSpecification\",\"valueRequired\":true,\"valueName\":\"search_term_string\"}}],\"inLanguage\":\"en-US\"},{\"@type\":\"Organization\",\"@id\":\"https:\\\/\\\/astrologiatradicionalemoderna.net\\\/#organization\",\"name\":\"Centro de Astrologia Tradicional e Moderna\",\"url\":\"https:\\\/\\\/astrologiatradicionalemoderna.net\\\/\",\"logo\":{\"@type\":\"ImageObject\",\"inLanguage\":\"en-US\",\"@id\":\"https:\\\/\\\/astrologiatradicionalemoderna.net\\\/#\\\/schema\\\/logo\\\/image\\\/\",\"url\":\"https:\\\/\\\/astrologiatradicionalemoderna.net\\\/wp-content\\\/uploads\\\/2023\\\/06\\\/Astrologia-Tradicional-e-Moderna_Cabecalho.jpg\",\"contentUrl\":\"https:\\\/\\\/astrologiatradicionalemoderna.net\\\/wp-content\\\/uploads\\\/2023\\\/06\\\/Astrologia-Tradicional-e-Moderna_Cabecalho.jpg\",\"width\":1300,\"height\":150,\"caption\":\"Centro de Astrologia Tradicional e Moderna\"},\"image\":{\"@id\":\"https:\\\/\\\/astrologiatradicionalemoderna.net\\\/#\\\/schema\\\/logo\\\/image\\\/\"},\"sameAs\":[\"https:\\\/\\\/www.facebook.com\\\/Centro.de.Astrologia.Tradicional.e.Moderna\\\/\",\"https:\\\/\\\/instagram.com\\\/centro_astrologia_catm?igshid=1vndr4qwwvnai\"]}]}<\/script>\n<!-- \/ Yoast SEO plugin. -->","yoast_head_json":{"title":"Cursos astrologia, Workshops e Consultas em Lisboa - Centro Astrologia Tradicional e Moderna - Astrologia Relacional","description":"Cursos de Astrologia, workshops, consultas artigos e investiga\u00e7\u00e3o em Astrologia em Lisboa. Astrologia Natal, Eletiva, Hor\u00e1ria, Relacional e Vocacional - Centro de Astrologia Tradicional e Moderna. - Astrologia Relacional","robots":{"index":"index","follow":"follow","max-snippet":"max-snippet:-1","max-image-preview":"max-image-preview:large","max-video-preview":"max-video-preview:-1"},"canonical":"https:\/\/astrologiatradicionalemoderna.net\/en\/consultas\/astrologia-relacional-sinastria\/","og_locale":"en_US","og_type":"article","og_title":"Cursos astrologia, Workshops e Consultas em Lisboa - Centro Astrologia Tradicional e Moderna - Astrologia Relacional","og_description":"Cursos de Astrologia, workshops, consultas artigos e investiga\u00e7\u00e3o em Astrologia em Lisboa. Astrologia Natal, Eletiva, Hor\u00e1ria, Relacional e Vocacional - Centro de Astrologia Tradicional e Moderna. - Astrologia Relacional","og_url":"https:\/\/astrologiatradicionalemoderna.net\/en\/consultas\/astrologia-relacional-sinastria\/","og_site_name":"Astrologia Tradicional e Moderna","article_publisher":"https:\/\/www.facebook.com\/Centro.de.Astrologia.Tradicional.e.Moderna\/","article_modified_time":"2023-10-04T03:00:04+00:00","twitter_card":"summary_large_image","twitter_misc":{"Est. reading time":"2 minutes"},"schema":{"@context":"https:\/\/schema.org","@graph":[{"@type":"WebPage","@id":"https:\/\/astrologiatradicionalemoderna.net\/consultas\/astrologia-relacional-sinastria\/","url":"https:\/\/astrologiatradicionalemoderna.net\/consultas\/astrologia-relacional-sinastria\/","name":"Cursos astrologia, Workshops e Consultas em Lisboa - Centro Astrologia Tradicional e Moderna - Astrologia Relacional","isPartOf":{"@id":"https:\/\/astrologiatradicionalemoderna.net\/#website"},"datePublished":"2017-01-27T01:16:31+00:00","dateModified":"2023-10-04T03:00:04+00:00","description":"Cursos de Astrologia, workshops, consultas artigos e investiga\u00e7\u00e3o em Astrologia em Lisboa. Astrologia Natal, Eletiva, Hor\u00e1ria, Relacional e Vocacional - Centro de Astrologia Tradicional e Moderna. - Astrologia Relacional","breadcrumb":{"@id":"https:\/\/astrologiatradicionalemoderna.net\/consultas\/astrologia-relacional-sinastria\/#breadcrumb"},"inLanguage":"en-US","potentialAction":[{"@type":"ReadAction","target":["https:\/\/astrologiatradicionalemoderna.net\/consultas\/astrologia-relacional-sinastria\/"]}]},{"@type":"BreadcrumbList","@id":"https:\/\/astrologiatradicionalemoderna.net\/consultas\/astrologia-relacional-sinastria\/#breadcrumb","itemListElement":[{"@type":"ListItem","position":1,"name":"In\u00edcio","item":"https:\/\/astrologiatradicionalemoderna.net\/"},{"@type":"ListItem","position":2,"name":"Consultas &#8211; ANTIGO","item":"https:\/\/astrologiatradicionalemoderna.net\/?page_id=4359"},{"@type":"ListItem","position":3,"name":"Astrologia Relacional (Sinastria)"}]},{"@type":"WebSite","@id":"https:\/\/astrologiatradicionalemoderna.net\/#website","url":"https:\/\/astrologiatradicionalemoderna.net\/","name":"Astrologia Tradicional e Moderna","description":"Centro de Astrologia Tradicional e Moderna","publisher":{"@id":"https:\/\/astrologiatradicionalemoderna.net\/#organization"},"potentialAction":[{"@type":"SearchAction","target":{"@type":"EntryPoint","urlTemplate":"https:\/\/astrologiatradicionalemoderna.net\/?s={search_term_string}"},"query-input":{"@type":"PropertyValueSpecification","valueRequired":true,"valueName":"search_term_string"}}],"inLanguage":"en-US"},{"@type":"Organization","@id":"https:\/\/astrologiatradicionalemoderna.net\/#organization","name":"Centro de Astrologia Tradicional e Moderna","url":"https:\/\/astrologiatradicionalemoderna.net\/","logo":{"@type":"ImageObject","inLanguage":"en-US","@id":"https:\/\/astrologiatradicionalemoderna.net\/#\/schema\/logo\/image\/","url":"https:\/\/astrologiatradicionalemoderna.net\/wp-content\/uploads\/2023\/06\/Astrologia-Tradicional-e-Moderna_Cabecalho.jpg","contentUrl":"https:\/\/astrologiatradicionalemoderna.net\/wp-content\/uploads\/2023\/06\/Astrologia-Tradicional-e-Moderna_Cabecalho.jpg","width":1300,"height":150,"caption":"Centro de Astrologia Tradicional e Moderna"},"image":{"@id":"https:\/\/astrologiatradicionalemoderna.net\/#\/schema\/logo\/image\/"},"sameAs":["https:\/\/www.facebook.com\/Centro.de.Astrologia.Tradicional.e.Moderna\/","https:\/\/instagram.com\/centro_astrologia_catm?igshid=1vndr4qwwvnai"]}]}},"_links":{"self":[{"href":"https:\/\/astrologiatradicionalemoderna.net\/en\/wp-json\/wp\/v2\/pages\/4361","targetHints":{"allow":["GET"]}}],"collection":[{"href":"https:\/\/astrologiatradicionalemoderna.net\/en\/wp-json\/wp\/v2\/pages"}],"about":[{"href":"https:\/\/astrologiatradicionalemoderna.net\/en\/wp-json\/wp\/v2\/types\/page"}],"author":[{"embeddable":true,"href":"https:\/\/astrologiatradicionalemoderna.net\/en\/wp-json\/wp\/v2\/users\/2"}],"replies":[{"embeddable":true,"href":"https:\/\/astrologiatradicionalemoderna.net\/en\/wp-json\/wp\/v2\/comments?post=4361"}],"version-history":[{"count":7,"href":"https:\/\/astrologiatradicionalemoderna.net\/en\/wp-json\/wp\/v2\/pages\/4361\/revisions"}],"predecessor-version":[{"id":13335,"href":"https:\/\/astrologiatradicionalemoderna.net\/en\/wp-json\/wp\/v2\/pages\/4361\/revisions\/13335"}],"up":[{"embeddable":true,"href":"https:\/\/astrologiatradicionalemoderna.net\/en\/wp-json\/wp\/v2\/pages\/4359"}],"wp:attachment":[{"href":"https:\/\/astrologiatradicionalemoderna.net\/en\/wp-json\/wp\/v2\/media?parent=4361"}],"curies":[{"name":"wp","href":"https:\/\/api.w.org\/{rel}","templated":true}]}}