{"id":4360,"date":"2017-01-27T01:03:34","date_gmt":"2017-01-27T01:03:34","guid":{"rendered":"http:\/\/astrologiatradicionalemoderna.net\/?page_id=103"},"modified":"2023-10-04T02:52:17","modified_gmt":"2023-10-04T02:52:17","slug":"astrologia-natal","status":"publish","type":"page","link":"https:\/\/astrologiatradicionalemoderna.net\/en\/consultas-antigo__trashed\/astrologia-natal\/","title":{"rendered":"Astrologia Natal"},"content":{"rendered":"<div data-elementor-type=\"wp-page\" data-elementor-id=\"4360\" class=\"elementor elementor-4360\" data-elementor-post-type=\"page\">\n\t\t\t\t<div class=\"elementor-element elementor-element-695fd49 e-flex e-con-boxed e-con e-parent\" data-id=\"695fd49\" data-element_type=\"container\" data-e-type=\"container\">\n\t\t\t\t\t<div class=\"e-con-inner\">\n\t\t\t\t<div class=\"elementor-element elementor-element-e3bfcd3 elementor-widget elementor-widget-heading\" data-id=\"e3bfcd3\" data-element_type=\"widget\" data-e-type=\"widget\" data-widget_type=\"heading.default\">\n\t\t\t\t<div class=\"elementor-widget-container\">\n\t\t\t\t\t<h2 class=\"elementor-heading-title elementor-size-default\"><strong>Consulta de Astrologia Natal<\/strong> - Aconselhamento Astrol\u00f3gico<\/h2>\t\t\t\t<\/div>\n\t\t\t\t<\/div>\n\t\t\t\t\t<\/div>\n\t\t\t\t<\/div>\n\t\t\t\t<section class=\"elementor-section elementor-top-section elementor-element elementor-element-3e3aa43a elementor-section-boxed elementor-section-height-default elementor-section-height-default\" data-id=\"3e3aa43a\" data-element_type=\"section\" data-e-type=\"section\">\n\t\t\t\t\t\t<div class=\"elementor-container elementor-column-gap-default\">\n\t\t\t\t\t<div class=\"elementor-column elementor-col-50 elementor-top-column elementor-element elementor-element-77f20bb3\" data-id=\"77f20bb3\" data-element_type=\"column\" data-e-type=\"column\">\n\t\t\t<div class=\"elementor-widget-wrap elementor-element-populated\">\n\t\t\t\t\t\t<div class=\"elementor-element elementor-element-2bc4cf76 elementor-widget elementor-widget-text-editor\" data-id=\"2bc4cf76\" data-element_type=\"widget\" data-e-type=\"widget\" data-widget_type=\"text-editor.default\">\n\t\t\t\t<div class=\"elementor-widget-container\">\n\t\t\t\t\t\t\t\t\t<div id=\"pl-103\" class=\"panel-layout\"><div id=\"pg-103-0\" class=\"panel-grid panel-no-style\"><div id=\"pgc-103-0-0\" class=\"panel-grid-cell\" data-weight=\"1\"><div id=\"panel-103-0-0-0\" class=\"so-panel widget_sow-editor panel-first-child panel-last-child\" data-index=\"0\" data-style=\"{&quot;class&quot;:&quot;AstroContentDiv&quot;,&quot;background_display&quot;:&quot;tile&quot;}\"><div class=\"AstroContentDiv panel-widget-style panel-widget-style-for-103-0-0-0\"><div class=\"so-widget-sow-editor so-widget-sow-editor-base\"><div class=\"siteorigin-widget-tinymce textwidget\"><p>A consulta de aconselhamento e acompanhamento Astrol\u00f3gico (<strong>Astrologia Natal<\/strong>) \u00e9 um di\u00e1logo vivo, construtivo e aberto, tendo como base o mapa astrol\u00f3gico do consulente.<\/p><p>Pretende-se:<\/p><ul><li>Efectuar uma <strong>caracteriza\u00e7\u00e3o geral<\/strong>, salientando as potencialidades, oportunidades e desafios;<\/li><li>Identificar as <strong>motiva\u00e7\u00f5es de vida<\/strong> pessoais;<\/li><li>Caracterizar as <strong>\u00e1reas relacional, familiar e profissional<\/strong>;<\/li><li>Analisar os padr\u00f5es inconscientes de comportamento;<\/li><li>Evidenciar os condicionamentos familiares e afectivos;<\/li><li>Identificar o processo presente;<\/li><li>Clarificar poss\u00edveis <strong>caminhos e oportunidades<\/strong>.<\/li><\/ul><p>Trata-se de uma sess\u00e3o recomendada a todas as pessoas que desejam aprofundar o seu <strong>auto-conhecimento<\/strong> rumo a uma maior realiza\u00e7\u00e3o pessoal e\/ou <strong>clarificar<\/strong> algo associado \u00e0 sua vida.<\/p><p><strong>Dura\u00e7\u00e3o da sess\u00e3o<\/strong>: 1h 30m (aproximadamente)<\/p><p><strong>Pre\u00e7o<\/strong>: 70 \u20ac<\/p><p><strong>Consultora<\/strong>: <a href=\"https:\/\/astrologiatradicionalemoderna.net\/en\/quem-somos\/fundadora-e-responsavel-isabel-antunes\/\">Isabel Antunes<\/a><\/p><p><strong>Local<\/strong>: Centro de Astrologia Tradicional e Moderna, localizado no Espa\u00e7o Anima (junto ao metro de Alvalade, em Lisboa) www.anima-mundi.org<\/p><p><strong>Contactos<\/strong>: 919 879 000, 217 602 871, isabel.vida@gmail.com<\/p><\/div><\/div><\/div><\/div><\/div><\/div><\/div>\t\t\t\t\t\t\t\t<\/div>\n\t\t\t\t<\/div>\n\t\t\t\t\t<\/div>\n\t\t<\/div>\n\t\t\t\t<div class=\"elementor-column elementor-col-50 elementor-top-column elementor-element elementor-element-d56ff1d\" data-id=\"d56ff1d\" data-element_type=\"column\" data-e-type=\"column\">\n\t\t\t<div class=\"elementor-widget-wrap elementor-element-populated\">\n\t\t\t\t\t\t<div class=\"elementor-element elementor-element-c8db5f7 elementor-widget__width-initial elementor-widget elementor-widget-text-editor\" data-id=\"c8db5f7\" data-element_type=\"widget\" data-e-type=\"widget\" data-widget_type=\"text-editor.default\">\n\t\t\t\t<div class=\"elementor-widget-container\">\n\t\t\t\t\t\t\t\t\t<h1 style=\"border: 0px; margin-top: 20px; margin-bottom: 20px; padding: 0px; font-family: Quicksand, sans-serif; font-size: 19px; line-height: 1.2em; color: #134a7a; text-align: center; background-color: #c8dcdc;\">CONSULTAS<\/h1><hr style=\"background-color: white; color: #3a3a3a; font-family: Quicksand, sans-serif; font-size: 15px; margin: -10px 20px 10px !important 20px;\" \/><ul><li><a href=\"https:\/\/astrologiatradicionalemoderna.net\/en\/consultas\/astrologia-natal\/\">Astrologia Natal<\/a><\/li><\/ul><ul><li><a href=\"https:\/\/astrologiatradicionalemoderna.net\/en\/consultas\/astrologia-relacional-sinastria\/\">Astrologia Relacional (Sinastria)<\/a><\/li><\/ul><ul><li><a href=\"https:\/\/astrologiatradicionalemoderna.net\/en\/consultas\/astrologia-vocacional\/\">Astrologia Vocacional<\/a><\/li><\/ul><ul><li><a href=\"https:\/\/astrologiatradicionalemoderna.net\/en\/consultas\/astrologia-horaria\/\">Astrologia Hor\u00e1ria<\/a><\/li><\/ul><ul><li><a href=\"https:\/\/astrologiatradicionalemoderna.net\/en\/consultas\/astrologia-electiva\/\">Astrologia Electiva<\/a><\/li><\/ul><ul><li><a href=\"https:\/\/astrologiatradicionalemoderna.net\/en\/consultas\/hipnose-clinica\/\">Consultas Hipnose Clinica<\/a><\/li><\/ul>\t\t\t\t\t\t\t\t<\/div>\n\t\t\t\t<\/div>\n\t\t\t\t\t<\/div>\n\t\t<\/div>\n\t\t\t\t\t<\/div>\n\t\t<\/section>\n\t\t\t\t<\/div>","protected":false},"excerpt":{"rendered":"<p>Consulta de Astrologia Natal &#8211; Aconselhamento Astrol\u00f3gico A consulta de aconselhamento e acompanhamento Astrol\u00f3gico (Astrologia Natal) \u00e9 um di\u00e1logo vivo, construtivo e aberto, tendo como&hellip;<\/p>","protected":false},"author":2,"featured_media":0,"parent":4359,"menu_order":0,"comment_status":"closed","ping_status":"closed","template":"","meta":{"footnotes":""},"class_list":["post-4360","page","type-page","status-publish","hentry"],"yoast_head":"<!-- This site is optimized with the Yoast SEO plugin v27.3 - https:\/\/yoast.com\/product\/yoast-seo-wordpress\/ -->\n<title>Cursos astrologia, Workshops e Consultas em Lisboa - Centro Astrologia Tradicional e Moderna - Astrologia Natal<\/title>\n<meta name=\"description\" content=\"Cursos de Astrologia, workshops, consultas artigos e investiga\u00e7\u00e3o em Astrologia em Lisboa. Astrologia Natal, Eletiva, Hor\u00e1ria, Relacional e Vocacional - Centro de Astrologia Tradicional e Moderna. - Astrologia Natal\" \/>\n<meta name=\"robots\" content=\"index, follow, max-snippet:-1, max-image-preview:large, max-video-preview:-1\" \/>\n<link rel=\"canonical\" href=\"https:\/\/astrologiatradicionalemoderna.net\/en\/consultas\/astrologia-natal\/\" \/>\n<meta property=\"og:locale\" content=\"en_US\" \/>\n<meta property=\"og:type\" content=\"article\" \/>\n<meta property=\"og:title\" content=\"Cursos astrologia, Workshops e Consultas em Lisboa - Centro Astrologia Tradicional e Moderna - Astrologia Natal\" \/>\n<meta property=\"og:description\" content=\"Cursos de Astrologia, workshops, consultas artigos e investiga\u00e7\u00e3o em Astrologia em Lisboa. Astrologia Natal, Eletiva, Hor\u00e1ria, Relacional e Vocacional - Centro de Astrologia Tradicional e Moderna. - Astrologia Natal\" \/>\n<meta property=\"og:url\" content=\"https:\/\/astrologiatradicionalemoderna.net\/en\/consultas\/astrologia-natal\/\" \/>\n<meta property=\"og:site_name\" content=\"Astrologia Tradicional e Moderna\" \/>\n<meta property=\"article:publisher\" content=\"https:\/\/www.facebook.com\/Centro.de.Astrologia.Tradicional.e.Moderna\/\" \/>\n<meta property=\"article:modified_time\" content=\"2023-10-04T02:52:17+00:00\" \/>\n<meta name=\"twitter:card\" content=\"summary_large_image\" \/>\n<meta name=\"twitter:label1\" content=\"Est. reading time\" \/>\n\t<meta name=\"twitter:data1\" content=\"1 minute\" \/>\n<script type=\"application\/ld+json\" class=\"yoast-schema-graph\">{\"@context\":\"https:\\\/\\\/schema.org\",\"@graph\":[{\"@type\":\"WebPage\",\"@id\":\"https:\\\/\\\/astrologiatradicionalemoderna.net\\\/consultas\\\/astrologia-natal\\\/\",\"url\":\"https:\\\/\\\/astrologiatradicionalemoderna.net\\\/consultas\\\/astrologia-natal\\\/\",\"name\":\"Cursos astrologia, Workshops e Consultas em Lisboa - Centro Astrologia Tradicional e Moderna - Astrologia Natal\",\"isPartOf\":{\"@id\":\"https:\\\/\\\/astrologiatradicionalemoderna.net\\\/#website\"},\"datePublished\":\"2017-01-27T01:03:34+00:00\",\"dateModified\":\"2023-10-04T02:52:17+00:00\",\"description\":\"Cursos de Astrologia, workshops, consultas artigos e investiga\u00e7\u00e3o em Astrologia em Lisboa. Astrologia Natal, Eletiva, Hor\u00e1ria, Relacional e Vocacional - Centro de Astrologia Tradicional e Moderna. - Astrologia Natal\",\"breadcrumb\":{\"@id\":\"https:\\\/\\\/astrologiatradicionalemoderna.net\\\/consultas\\\/astrologia-natal\\\/#breadcrumb\"},\"inLanguage\":\"en-US\",\"potentialAction\":[{\"@type\":\"ReadAction\",\"target\":[\"https:\\\/\\\/astrologiatradicionalemoderna.net\\\/consultas\\\/astrologia-natal\\\/\"]}]},{\"@type\":\"BreadcrumbList\",\"@id\":\"https:\\\/\\\/astrologiatradicionalemoderna.net\\\/consultas\\\/astrologia-natal\\\/#breadcrumb\",\"itemListElement\":[{\"@type\":\"ListItem\",\"position\":1,\"name\":\"In\u00edcio\",\"item\":\"https:\\\/\\\/astrologiatradicionalemoderna.net\\\/\"},{\"@type\":\"ListItem\",\"position\":2,\"name\":\"Consultas &#8211; ANTIGO\",\"item\":\"https:\\\/\\\/astrologiatradicionalemoderna.net\\\/?page_id=4359\"},{\"@type\":\"ListItem\",\"position\":3,\"name\":\"Astrologia Natal\"}]},{\"@type\":\"WebSite\",\"@id\":\"https:\\\/\\\/astrologiatradicionalemoderna.net\\\/#website\",\"url\":\"https:\\\/\\\/astrologiatradicionalemoderna.net\\\/\",\"name\":\"Astrologia Tradicional e Moderna\",\"description\":\"Centro de Astrologia Tradicional e Moderna\",\"publisher\":{\"@id\":\"https:\\\/\\\/astrologiatradicionalemoderna.net\\\/#organization\"},\"potentialAction\":[{\"@type\":\"SearchAction\",\"target\":{\"@type\":\"EntryPoint\",\"urlTemplate\":\"https:\\\/\\\/astrologiatradicionalemoderna.net\\\/?s={search_term_string}\"},\"query-input\":{\"@type\":\"PropertyValueSpecification\",\"valueRequired\":true,\"valueName\":\"search_term_string\"}}],\"inLanguage\":\"en-US\"},{\"@type\":\"Organization\",\"@id\":\"https:\\\/\\\/astrologiatradicionalemoderna.net\\\/#organization\",\"name\":\"Centro de Astrologia Tradicional e Moderna\",\"url\":\"https:\\\/\\\/astrologiatradicionalemoderna.net\\\/\",\"logo\":{\"@type\":\"ImageObject\",\"inLanguage\":\"en-US\",\"@id\":\"https:\\\/\\\/astrologiatradicionalemoderna.net\\\/#\\\/schema\\\/logo\\\/image\\\/\",\"url\":\"https:\\\/\\\/astrologiatradicionalemoderna.net\\\/wp-content\\\/uploads\\\/2023\\\/06\\\/Astrologia-Tradicional-e-Moderna_Cabecalho.jpg\",\"contentUrl\":\"https:\\\/\\\/astrologiatradicionalemoderna.net\\\/wp-content\\\/uploads\\\/2023\\\/06\\\/Astrologia-Tradicional-e-Moderna_Cabecalho.jpg\",\"width\":1300,\"height\":150,\"caption\":\"Centro de Astrologia Tradicional e Moderna\"},\"image\":{\"@id\":\"https:\\\/\\\/astrologiatradicionalemoderna.net\\\/#\\\/schema\\\/logo\\\/image\\\/\"},\"sameAs\":[\"https:\\\/\\\/www.facebook.com\\\/Centro.de.Astrologia.Tradicional.e.Moderna\\\/\",\"https:\\\/\\\/instagram.com\\\/centro_astrologia_catm?igshid=1vndr4qwwvnai\"]}]}<\/script>\n<!-- \/ Yoast SEO plugin. -->","yoast_head_json":{"title":"Cursos astrologia, Workshops e Consultas em Lisboa - Centro Astrologia Tradicional e Moderna - Astrologia Natal","description":"Cursos de Astrologia, workshops, consultas artigos e investiga\u00e7\u00e3o em Astrologia em Lisboa. Astrologia Natal, Eletiva, Hor\u00e1ria, Relacional e Vocacional - Centro de Astrologia Tradicional e Moderna. - Astrologia Natal","robots":{"index":"index","follow":"follow","max-snippet":"max-snippet:-1","max-image-preview":"max-image-preview:large","max-video-preview":"max-video-preview:-1"},"canonical":"https:\/\/astrologiatradicionalemoderna.net\/en\/consultas\/astrologia-natal\/","og_locale":"en_US","og_type":"article","og_title":"Cursos astrologia, Workshops e Consultas em Lisboa - Centro Astrologia Tradicional e Moderna - Astrologia Natal","og_description":"Cursos de Astrologia, workshops, consultas artigos e investiga\u00e7\u00e3o em Astrologia em Lisboa. Astrologia Natal, Eletiva, Hor\u00e1ria, Relacional e Vocacional - Centro de Astrologia Tradicional e Moderna. - Astrologia Natal","og_url":"https:\/\/astrologiatradicionalemoderna.net\/en\/consultas\/astrologia-natal\/","og_site_name":"Astrologia Tradicional e Moderna","article_publisher":"https:\/\/www.facebook.com\/Centro.de.Astrologia.Tradicional.e.Moderna\/","article_modified_time":"2023-10-04T02:52:17+00:00","twitter_card":"summary_large_image","twitter_misc":{"Est. reading time":"1 minute"},"schema":{"@context":"https:\/\/schema.org","@graph":[{"@type":"WebPage","@id":"https:\/\/astrologiatradicionalemoderna.net\/consultas\/astrologia-natal\/","url":"https:\/\/astrologiatradicionalemoderna.net\/consultas\/astrologia-natal\/","name":"Cursos astrologia, Workshops e Consultas em Lisboa - Centro Astrologia Tradicional e Moderna - Astrologia Natal","isPartOf":{"@id":"https:\/\/astrologiatradicionalemoderna.net\/#website"},"datePublished":"2017-01-27T01:03:34+00:00","dateModified":"2023-10-04T02:52:17+00:00","description":"Cursos de Astrologia, workshops, consultas artigos e investiga\u00e7\u00e3o em Astrologia em Lisboa. Astrologia Natal, Eletiva, Hor\u00e1ria, Relacional e Vocacional - Centro de Astrologia Tradicional e Moderna. - Astrologia Natal","breadcrumb":{"@id":"https:\/\/astrologiatradicionalemoderna.net\/consultas\/astrologia-natal\/#breadcrumb"},"inLanguage":"en-US","potentialAction":[{"@type":"ReadAction","target":["https:\/\/astrologiatradicionalemoderna.net\/consultas\/astrologia-natal\/"]}]},{"@type":"BreadcrumbList","@id":"https:\/\/astrologiatradicionalemoderna.net\/consultas\/astrologia-natal\/#breadcrumb","itemListElement":[{"@type":"ListItem","position":1,"name":"In\u00edcio","item":"https:\/\/astrologiatradicionalemoderna.net\/"},{"@type":"ListItem","position":2,"name":"Consultas &#8211; ANTIGO","item":"https:\/\/astrologiatradicionalemoderna.net\/?page_id=4359"},{"@type":"ListItem","position":3,"name":"Astrologia Natal"}]},{"@type":"WebSite","@id":"https:\/\/astrologiatradicionalemoderna.net\/#website","url":"https:\/\/astrologiatradicionalemoderna.net\/","name":"Astrologia Tradicional e Moderna","description":"Centro de Astrologia Tradicional e Moderna","publisher":{"@id":"https:\/\/astrologiatradicionalemoderna.net\/#organization"},"potentialAction":[{"@type":"SearchAction","target":{"@type":"EntryPoint","urlTemplate":"https:\/\/astrologiatradicionalemoderna.net\/?s={search_term_string}"},"query-input":{"@type":"PropertyValueSpecification","valueRequired":true,"valueName":"search_term_string"}}],"inLanguage":"en-US"},{"@type":"Organization","@id":"https:\/\/astrologiatradicionalemoderna.net\/#organization","name":"Centro de Astrologia Tradicional e Moderna","url":"https:\/\/astrologiatradicionalemoderna.net\/","logo":{"@type":"ImageObject","inLanguage":"en-US","@id":"https:\/\/astrologiatradicionalemoderna.net\/#\/schema\/logo\/image\/","url":"https:\/\/astrologiatradicionalemoderna.net\/wp-content\/uploads\/2023\/06\/Astrologia-Tradicional-e-Moderna_Cabecalho.jpg","contentUrl":"https:\/\/astrologiatradicionalemoderna.net\/wp-content\/uploads\/2023\/06\/Astrologia-Tradicional-e-Moderna_Cabecalho.jpg","width":1300,"height":150,"caption":"Centro de Astrologia Tradicional e Moderna"},"image":{"@id":"https:\/\/astrologiatradicionalemoderna.net\/#\/schema\/logo\/image\/"},"sameAs":["https:\/\/www.facebook.com\/Centro.de.Astrologia.Tradicional.e.Moderna\/","https:\/\/instagram.com\/centro_astrologia_catm?igshid=1vndr4qwwvnai"]}]}},"_links":{"self":[{"href":"https:\/\/astrologiatradicionalemoderna.net\/en\/wp-json\/wp\/v2\/pages\/4360","targetHints":{"allow":["GET"]}}],"collection":[{"href":"https:\/\/astrologiatradicionalemoderna.net\/en\/wp-json\/wp\/v2\/pages"}],"about":[{"href":"https:\/\/astrologiatradicionalemoderna.net\/en\/wp-json\/wp\/v2\/types\/page"}],"author":[{"embeddable":true,"href":"https:\/\/astrologiatradicionalemoderna.net\/en\/wp-json\/wp\/v2\/users\/2"}],"replies":[{"embeddable":true,"href":"https:\/\/astrologiatradicionalemoderna.net\/en\/wp-json\/wp\/v2\/comments?post=4360"}],"version-history":[{"count":7,"href":"https:\/\/astrologiatradicionalemoderna.net\/en\/wp-json\/wp\/v2\/pages\/4360\/revisions"}],"predecessor-version":[{"id":13332,"href":"https:\/\/astrologiatradicionalemoderna.net\/en\/wp-json\/wp\/v2\/pages\/4360\/revisions\/13332"}],"up":[{"embeddable":true,"href":"https:\/\/astrologiatradicionalemoderna.net\/en\/wp-json\/wp\/v2\/pages\/4359"}],"wp:attachment":[{"href":"https:\/\/astrologiatradicionalemoderna.net\/en\/wp-json\/wp\/v2\/media?parent=4360"}],"curies":[{"name":"wp","href":"https:\/\/api.w.org\/{rel}","templated":true}]}}