{"id":355,"date":"2017-07-29T22:22:26","date_gmt":"2017-07-29T22:22:26","guid":{"rendered":"http:\/\/astrologiatradicionalemoderna.net\/?page_id=355"},"modified":"2017-07-29T22:22:26","modified_gmt":"2017-07-29T22:22:26","slug":"iniciomaissobreastrologia","status":"publish","type":"page","link":"https:\/\/astrologiatradicionalemoderna.net\/en\/iniciomaissobreastrologia\/","title":{"rendered":"InicioMaisSobreAstrologia"},"content":{"rendered":"<div id=\"pl-355\"  class=\"panel-layout\" >\n<div id=\"pg-355-0\"  class=\"panel-grid panel-no-style\" >\n<div id=\"pgc-355-0-0\"  class=\"panel-grid-cell\"  data-weight=\"1\" >\n<div id=\"panel-355-0-0-0\" class=\"so-panel widget_sow-editor panel-first-child panel-last-child\" data-index=\"0\" data-style=\"{&quot;class&quot;:&quot;AstroContentDiv&quot;,&quot;background_image_attachment&quot;:false,&quot;background_display&quot;:&quot;tile&quot;}\" >\n<div class=\"AstroContentDiv panel-widget-style panel-widget-style-for-355-0-0-0\" >\n<div class=\"so-widget-sow-editor so-widget-sow-editor-base\">\n<div class=\"siteorigin-widget-tinymce textwidget\">\n<p>A\u00a0<strong>Astrologia Tradicional<\/strong>\u00a0acrescenta ao conhecimento da Astrologia Moderna in\u00fameras ferramentas de an\u00e1lise e t\u00e9cnicas de interpreta\u00e7\u00e3o astrol\u00f3gicas de um valor inestim\u00e1vel, que contribuem para an\u00e1lises astrol\u00f3gicas muito mais completas, claras, profundas e efectivas.<\/p>\n<p>A\u00a0<strong>Astrologia Moderna<\/strong>\u00a0acrescenta \u00e0 Astrologia Tradicional novas abordagens e ferramentas de interpreta\u00e7\u00e3o astrol\u00f3gicas ricas e inspiradoras que permitem uma interpreta\u00e7\u00e3o do mapa de forma mais vasta, acrescentando novas vis\u00f5es e valiosas perspectivas.<\/p>\n<p>Tanto a Astrologia Tradicional como a Astrologia Moderna utilizam a mesma linguagem e servem o mesmo prop\u00f3sito, pelo que se complementam perfeitamente<\/p>\n<p>Devemos portanto integrar o estudo da Tradi\u00e7\u00e3o Astrol\u00f3gica com todos os preciosos contributos que a Astrologia Moderna nos oferece e que s\u00f3 enriquecem todo o trabalho e estudo Astrol\u00f3gico, alargando e aprofundando a sua vis\u00e3o, conhecimento e interpreta\u00e7\u00e3o astrol\u00f3gica.<\/p>\n<p>A <strong>Astrologia Tradicional<\/strong> resulta da pr\u00e1tica e do desenvolvimento do conhecimento astrol\u00f3gico utilizado desde a \u00e9poca helen\u00edstica at\u00e9 ao final do s\u00e9culo XVII.<\/p>\n<p>Ao longo de muitos s\u00e9culos a Astrologia foi enriquecendo e aprofundando as suas t\u00e9cnicas e fundamentos atingindo mesmo um grande reconhecimento, renome e esplendor. No entanto a sua pr\u00e1tica foi-se gradualmente enfraquecendo, por diversos motivos tais como a Inquisi\u00e7\u00e3o, a Idade da Raz\u00e3o e a chamada \u201cabordagem cient\u00edfica\u201d, e a excessiva e abusiva simplifica\u00e7\u00e3o a que foi sujeita, que a empobreceu bastante, e contribuiu para o seu grande descr\u00e9dito e o seu afastamento das pr\u00e1ticas s\u00e9rias e profundas de outros tempos.<\/p>\n<p>A Astrologia Tradicional come\u00e7ou a ser recuperada por volta de 1980 com a tradu\u00e7\u00e3o e publica\u00e7\u00e3o de v\u00e1rias obras da \u00e9poca helen\u00edstica e medieval o que nos possibilitou verificar que a pr\u00e1tica astrol\u00f3gica antiga est\u00e1 assente numa estrutura de conhecimentos muito rica e s\u00f3lida. S\u00e3o utilizadas t\u00e9cnicas e \u201cferramentas\u201d de interpreta\u00e7\u00e3o de grande import\u00e2ncia, possibilitando an\u00e1lises muito ricas, profundas e precisas.<\/p>\n<p>A <strong>Astrologia Moderna<\/strong> surge em meados do Sec XIX com o revivalismo do esoterismo e da espiritualidade do Ocidente e a tentativa de recuperar conhecimentos e saberes esot\u00e9ricos antigos, entre eles a Astrologia. Nesta altura verifica-se um crescente interesse por temas ligados ao desenvolvimento pessoal. Surge a Astrologia Psicol\u00f3gica e a Astrologia Humanista, centrada no ser humano e utilizada como ferramenta de auto-conhecimento e de desenvolvimento interior.<\/p>\n<p>A Astrologia Moderna permite-nos ter acesso a outros elementos astrol\u00f3gicos de grande relev\u00e2ncia na an\u00e1lise astrol\u00f3gica e a t\u00e9cnicas de interpreta\u00e7\u00e3o de grande riqueza e interesse.<\/p>\n<p style=\"text-align: center;\"><a href=\"http:\/\/astrologiatradicionalemoderna.net\/en\/inicio\/\">Voltar ao inicio<\/a><\/p>\n<\/div>\n<\/div>\n<\/div>\n<\/div>\n<\/div>\n<\/div>\n<\/div>","protected":false},"excerpt":{"rendered":"<p>A\u00a0Astrologia Tradicional\u00a0acrescenta ao conhecimento da Astrologia Moderna in\u00fameras ferramentas de an\u00e1lise e t\u00e9cnicas de interpreta\u00e7\u00e3o astrol\u00f3gicas de um valor inestim\u00e1vel, que contribuem para an\u00e1lises astrol\u00f3gicas&hellip;<\/p>","protected":false},"author":2,"featured_media":0,"parent":0,"menu_order":0,"comment_status":"closed","ping_status":"closed","template":"","meta":{"footnotes":""},"class_list":["post-355","page","type-page","status-publish","hentry"],"yoast_head":"<!-- This site is optimized with the Yoast SEO plugin v27.3 - https:\/\/yoast.com\/product\/yoast-seo-wordpress\/ -->\n<title>Cursos astrologia, Workshops e Consultas em Lisboa - Centro de Astrologia Tradicional e Moderna<\/title>\n<meta name=\"description\" content=\"Cursos de Astrologia, workshops, consultas artigos e investiga\u00e7\u00e3o em Astrologia em Lisboa. Astrologia Natal, Eletiva, Hor\u00e1ria, Relacional e Vocacional - Centro de Astrologia Tradicional e Moderna. - Inicio\" \/>\n<meta name=\"robots\" content=\"index, follow, max-snippet:-1, max-image-preview:large, max-video-preview:-1\" \/>\n<link rel=\"canonical\" href=\"https:\/\/astrologiatradicionalemoderna.net\/en\/iniciomaissobreastrologia\/\" \/>\n<meta property=\"og:locale\" content=\"en_US\" \/>\n<meta property=\"og:type\" content=\"article\" \/>\n<meta property=\"og:title\" content=\"Cursos astrologia, Workshops e Consultas em Lisboa - Centro de Astrologia Tradicional e Moderna\" \/>\n<meta property=\"og:description\" content=\"Cursos de Astrologia, workshops, consultas artigos e investiga\u00e7\u00e3o em Astrologia em Lisboa. Astrologia Natal, Eletiva, Hor\u00e1ria, Relacional e Vocacional - Centro de Astrologia Tradicional e Moderna. - Inicio\" \/>\n<meta property=\"og:url\" content=\"https:\/\/astrologiatradicionalemoderna.net\/en\/iniciomaissobreastrologia\/\" \/>\n<meta property=\"og:site_name\" content=\"Astrologia Tradicional e Moderna\" \/>\n<meta property=\"article:publisher\" content=\"https:\/\/www.facebook.com\/Centro.de.Astrologia.Tradicional.e.Moderna\/\" \/>\n<meta name=\"twitter:card\" content=\"summary_large_image\" \/>\n<meta name=\"twitter:label1\" content=\"Est. reading time\" \/>\n\t<meta name=\"twitter:data1\" content=\"2 minutes\" \/>\n<script type=\"application\/ld+json\" class=\"yoast-schema-graph\">{\"@context\":\"https:\\\/\\\/schema.org\",\"@graph\":[{\"@type\":\"WebPage\",\"@id\":\"https:\\\/\\\/astrologiatradicionalemoderna.net\\\/iniciomaissobreastrologia\\\/\",\"url\":\"https:\\\/\\\/astrologiatradicionalemoderna.net\\\/iniciomaissobreastrologia\\\/\",\"name\":\"Cursos astrologia, Workshops e Consultas em Lisboa - Centro de Astrologia Tradicional e Moderna\",\"isPartOf\":{\"@id\":\"https:\\\/\\\/astrologiatradicionalemoderna.net\\\/#website\"},\"datePublished\":\"2017-07-29T22:22:26+00:00\",\"description\":\"Cursos de Astrologia, workshops, consultas artigos e investiga\u00e7\u00e3o em Astrologia em Lisboa. Astrologia Natal, Eletiva, Hor\u00e1ria, Relacional e Vocacional - Centro de Astrologia Tradicional e Moderna. - Inicio\",\"breadcrumb\":{\"@id\":\"https:\\\/\\\/astrologiatradicionalemoderna.net\\\/iniciomaissobreastrologia\\\/#breadcrumb\"},\"inLanguage\":\"en-US\",\"potentialAction\":[{\"@type\":\"ReadAction\",\"target\":[\"https:\\\/\\\/astrologiatradicionalemoderna.net\\\/iniciomaissobreastrologia\\\/\"]}]},{\"@type\":\"BreadcrumbList\",\"@id\":\"https:\\\/\\\/astrologiatradicionalemoderna.net\\\/iniciomaissobreastrologia\\\/#breadcrumb\",\"itemListElement\":[{\"@type\":\"ListItem\",\"position\":1,\"name\":\"In\u00edcio\",\"item\":\"https:\\\/\\\/astrologiatradicionalemoderna.net\\\/\"},{\"@type\":\"ListItem\",\"position\":2,\"name\":\"InicioMaisSobreAstrologia\"}]},{\"@type\":\"WebSite\",\"@id\":\"https:\\\/\\\/astrologiatradicionalemoderna.net\\\/#website\",\"url\":\"https:\\\/\\\/astrologiatradicionalemoderna.net\\\/\",\"name\":\"Astrologia Tradicional e Moderna\",\"description\":\"Centro de Astrologia Tradicional e Moderna\",\"publisher\":{\"@id\":\"https:\\\/\\\/astrologiatradicionalemoderna.net\\\/#organization\"},\"potentialAction\":[{\"@type\":\"SearchAction\",\"target\":{\"@type\":\"EntryPoint\",\"urlTemplate\":\"https:\\\/\\\/astrologiatradicionalemoderna.net\\\/?s={search_term_string}\"},\"query-input\":{\"@type\":\"PropertyValueSpecification\",\"valueRequired\":true,\"valueName\":\"search_term_string\"}}],\"inLanguage\":\"en-US\"},{\"@type\":\"Organization\",\"@id\":\"https:\\\/\\\/astrologiatradicionalemoderna.net\\\/#organization\",\"name\":\"Centro de Astrologia Tradicional e Moderna\",\"url\":\"https:\\\/\\\/astrologiatradicionalemoderna.net\\\/\",\"logo\":{\"@type\":\"ImageObject\",\"inLanguage\":\"en-US\",\"@id\":\"https:\\\/\\\/astrologiatradicionalemoderna.net\\\/#\\\/schema\\\/logo\\\/image\\\/\",\"url\":\"https:\\\/\\\/astrologiatradicionalemoderna.net\\\/wp-content\\\/uploads\\\/2023\\\/06\\\/Astrologia-Tradicional-e-Moderna_Cabecalho.jpg\",\"contentUrl\":\"https:\\\/\\\/astrologiatradicionalemoderna.net\\\/wp-content\\\/uploads\\\/2023\\\/06\\\/Astrologia-Tradicional-e-Moderna_Cabecalho.jpg\",\"width\":1300,\"height\":150,\"caption\":\"Centro de Astrologia Tradicional e Moderna\"},\"image\":{\"@id\":\"https:\\\/\\\/astrologiatradicionalemoderna.net\\\/#\\\/schema\\\/logo\\\/image\\\/\"},\"sameAs\":[\"https:\\\/\\\/www.facebook.com\\\/Centro.de.Astrologia.Tradicional.e.Moderna\\\/\",\"https:\\\/\\\/instagram.com\\\/centro_astrologia_catm?igshid=1vndr4qwwvnai\"]}]}<\/script>\n<!-- \/ Yoast SEO plugin. -->","yoast_head_json":{"title":"Cursos astrologia, Workshops e Consultas em Lisboa - Centro de Astrologia Tradicional e Moderna","description":"Cursos de Astrologia, workshops, consultas artigos e investiga\u00e7\u00e3o em Astrologia em Lisboa. Astrologia Natal, Eletiva, Hor\u00e1ria, Relacional e Vocacional - Centro de Astrologia Tradicional e Moderna. - Inicio","robots":{"index":"index","follow":"follow","max-snippet":"max-snippet:-1","max-image-preview":"max-image-preview:large","max-video-preview":"max-video-preview:-1"},"canonical":"https:\/\/astrologiatradicionalemoderna.net\/en\/iniciomaissobreastrologia\/","og_locale":"en_US","og_type":"article","og_title":"Cursos astrologia, Workshops e Consultas em Lisboa - Centro de Astrologia Tradicional e Moderna","og_description":"Cursos de Astrologia, workshops, consultas artigos e investiga\u00e7\u00e3o em Astrologia em Lisboa. Astrologia Natal, Eletiva, Hor\u00e1ria, Relacional e Vocacional - Centro de Astrologia Tradicional e Moderna. - Inicio","og_url":"https:\/\/astrologiatradicionalemoderna.net\/en\/iniciomaissobreastrologia\/","og_site_name":"Astrologia Tradicional e Moderna","article_publisher":"https:\/\/www.facebook.com\/Centro.de.Astrologia.Tradicional.e.Moderna\/","twitter_card":"summary_large_image","twitter_misc":{"Est. reading time":"2 minutes"},"schema":{"@context":"https:\/\/schema.org","@graph":[{"@type":"WebPage","@id":"https:\/\/astrologiatradicionalemoderna.net\/iniciomaissobreastrologia\/","url":"https:\/\/astrologiatradicionalemoderna.net\/iniciomaissobreastrologia\/","name":"Cursos astrologia, Workshops e Consultas em Lisboa - Centro de Astrologia Tradicional e Moderna","isPartOf":{"@id":"https:\/\/astrologiatradicionalemoderna.net\/#website"},"datePublished":"2017-07-29T22:22:26+00:00","description":"Cursos de Astrologia, workshops, consultas artigos e investiga\u00e7\u00e3o em Astrologia em Lisboa. Astrologia Natal, Eletiva, Hor\u00e1ria, Relacional e Vocacional - Centro de Astrologia Tradicional e Moderna. - Inicio","breadcrumb":{"@id":"https:\/\/astrologiatradicionalemoderna.net\/iniciomaissobreastrologia\/#breadcrumb"},"inLanguage":"en-US","potentialAction":[{"@type":"ReadAction","target":["https:\/\/astrologiatradicionalemoderna.net\/iniciomaissobreastrologia\/"]}]},{"@type":"BreadcrumbList","@id":"https:\/\/astrologiatradicionalemoderna.net\/iniciomaissobreastrologia\/#breadcrumb","itemListElement":[{"@type":"ListItem","position":1,"name":"In\u00edcio","item":"https:\/\/astrologiatradicionalemoderna.net\/"},{"@type":"ListItem","position":2,"name":"InicioMaisSobreAstrologia"}]},{"@type":"WebSite","@id":"https:\/\/astrologiatradicionalemoderna.net\/#website","url":"https:\/\/astrologiatradicionalemoderna.net\/","name":"Astrologia Tradicional e Moderna","description":"Centro de Astrologia Tradicional e Moderna","publisher":{"@id":"https:\/\/astrologiatradicionalemoderna.net\/#organization"},"potentialAction":[{"@type":"SearchAction","target":{"@type":"EntryPoint","urlTemplate":"https:\/\/astrologiatradicionalemoderna.net\/?s={search_term_string}"},"query-input":{"@type":"PropertyValueSpecification","valueRequired":true,"valueName":"search_term_string"}}],"inLanguage":"en-US"},{"@type":"Organization","@id":"https:\/\/astrologiatradicionalemoderna.net\/#organization","name":"Centro de Astrologia Tradicional e Moderna","url":"https:\/\/astrologiatradicionalemoderna.net\/","logo":{"@type":"ImageObject","inLanguage":"en-US","@id":"https:\/\/astrologiatradicionalemoderna.net\/#\/schema\/logo\/image\/","url":"https:\/\/astrologiatradicionalemoderna.net\/wp-content\/uploads\/2023\/06\/Astrologia-Tradicional-e-Moderna_Cabecalho.jpg","contentUrl":"https:\/\/astrologiatradicionalemoderna.net\/wp-content\/uploads\/2023\/06\/Astrologia-Tradicional-e-Moderna_Cabecalho.jpg","width":1300,"height":150,"caption":"Centro de Astrologia Tradicional e Moderna"},"image":{"@id":"https:\/\/astrologiatradicionalemoderna.net\/#\/schema\/logo\/image\/"},"sameAs":["https:\/\/www.facebook.com\/Centro.de.Astrologia.Tradicional.e.Moderna\/","https:\/\/instagram.com\/centro_astrologia_catm?igshid=1vndr4qwwvnai"]}]}},"_links":{"self":[{"href":"https:\/\/astrologiatradicionalemoderna.net\/en\/wp-json\/wp\/v2\/pages\/355","targetHints":{"allow":["GET"]}}],"collection":[{"href":"https:\/\/astrologiatradicionalemoderna.net\/en\/wp-json\/wp\/v2\/pages"}],"about":[{"href":"https:\/\/astrologiatradicionalemoderna.net\/en\/wp-json\/wp\/v2\/types\/page"}],"author":[{"embeddable":true,"href":"https:\/\/astrologiatradicionalemoderna.net\/en\/wp-json\/wp\/v2\/users\/2"}],"replies":[{"embeddable":true,"href":"https:\/\/astrologiatradicionalemoderna.net\/en\/wp-json\/wp\/v2\/comments?post=355"}],"version-history":[{"count":0,"href":"https:\/\/astrologiatradicionalemoderna.net\/en\/wp-json\/wp\/v2\/pages\/355\/revisions"}],"wp:attachment":[{"href":"https:\/\/astrologiatradicionalemoderna.net\/en\/wp-json\/wp\/v2\/media?parent=355"}],"curies":[{"name":"wp","href":"https:\/\/api.w.org\/{rel}","templated":true}]}}