{"id":303,"date":"2017-06-15T08:55:01","date_gmt":"2017-06-15T08:55:01","guid":{"rendered":"http:\/\/astrologiatradicionalemoderna.net\/?page_id=303"},"modified":"2023-10-04T16:02:17","modified_gmt":"2023-10-04T16:02:17","slug":"fundadora-e-responsavel-isabel-antunes","status":"publish","type":"page","link":"https:\/\/astrologiatradicionalemoderna.net\/en\/quem-somos\/fundadora-e-responsavel-isabel-antunes\/","title":{"rendered":"Fundadora e Respons\u00e1vel &#8211; Isabel Antunes"},"content":{"rendered":"<div data-elementor-type=\"wp-page\" data-elementor-id=\"303\" class=\"elementor elementor-303\" data-elementor-post-type=\"page\">\n\t\t\t\t<div class=\"elementor-element elementor-element-639a305 e-flex e-con-boxed e-con e-parent\" data-id=\"639a305\" data-element_type=\"container\" data-e-type=\"container\">\n\t\t\t\t\t<div class=\"e-con-inner\">\n\t\t\t\t<div class=\"elementor-element elementor-element-cbb005e elementor-widget elementor-widget-heading\" data-id=\"cbb005e\" data-element_type=\"widget\" data-e-type=\"widget\" data-widget_type=\"heading.default\">\n\t\t\t\t<div class=\"elementor-widget-container\">\n\t\t\t\t\t<h2 class=\"elementor-heading-title elementor-size-default\">Fundadora<\/h2>\t\t\t\t<\/div>\n\t\t\t\t<\/div>\n\t\t\t\t\t<\/div>\n\t\t\t\t<\/div>\n\t\t\t\t<section class=\"elementor-section elementor-top-section elementor-element elementor-element-60a9807a elementor-section-boxed elementor-section-height-default elementor-section-height-default\" data-id=\"60a9807a\" data-element_type=\"section\" data-e-type=\"section\">\n\t\t\t\t\t\t<div class=\"elementor-container elementor-column-gap-default\">\n\t\t\t\t\t<div class=\"elementor-column elementor-col-100 elementor-top-column elementor-element elementor-element-e3b0ec5\" data-id=\"e3b0ec5\" data-element_type=\"column\" data-e-type=\"column\">\n\t\t\t<div class=\"elementor-widget-wrap elementor-element-populated\">\n\t\t\t\t\t\t<div class=\"elementor-element elementor-element-25f1ea12 elementor-widget elementor-widget-text-editor\" data-id=\"25f1ea12\" data-element_type=\"widget\" data-e-type=\"widget\" data-widget_type=\"text-editor.default\">\n\t\t\t\t<div class=\"elementor-widget-container\">\n\t\t\t\t\t\t\t\t\t<div id=\"pl-303\" class=\"panel-layout\">\n<div id=\"pg-303-0\" class=\"panel-grid panel-no-style\">\n<div id=\"pgc-303-0-0\" class=\"panel-grid-cell\" data-weight=\"1\">\n<div id=\"panel-303-0-0-0\" class=\"so-panel widget_sow-editor panel-first-child panel-last-child\" data-index=\"0\" data-style=\"{&quot;class&quot;:&quot;AstroContentDiv&quot;,&quot;background_image_attachment&quot;:false,&quot;background_display&quot;:&quot;tile&quot;}\">\n<div class=\"AstroContentDiv panel-widget-style panel-widget-style-for-303-0-0-0\">\n<div class=\"so-widget-sow-editor so-widget-sow-editor-base\">\n<div class=\"siteorigin-widget-tinymce textwidget\">\n<p><img loading=\"lazy\" decoding=\"async\" class=\"alignnone wp-image-2565\" src=\"https:\/\/astrologiatradicionalemoderna.net\/wp-content\/uploads\/2020\/09\/Imagens-Redonda_Isabel-300x292.jpg\" alt=\"\" width=\"210\" height=\"204\" srcset=\"https:\/\/astrologiatradicionalemoderna.net\/wp-content\/uploads\/2020\/09\/Imagens-Redonda_Isabel-300x292.jpg 300w, https:\/\/astrologiatradicionalemoderna.net\/wp-content\/uploads\/2020\/09\/Imagens-Redonda_Isabel-768x748.jpg 768w, https:\/\/astrologiatradicionalemoderna.net\/wp-content\/uploads\/2020\/09\/Imagens-Redonda_Isabel.jpg 800w\" sizes=\"auto, (max-width: 210px) 100vw, 210px\" \/>&nbsp; &nbsp; &nbsp; &nbsp; &nbsp; &nbsp; &nbsp; <img loading=\"lazy\" decoding=\"async\" class=\"alignnone wp-image-3077\" src=\"https:\/\/astrologiatradicionalemoderna.net\/wp-content\/uploads\/2020\/10\/Quadro_Texto-300x101.jpg\" alt=\"\" width=\"500\" height=\"168\" srcset=\"https:\/\/astrologiatradicionalemoderna.net\/wp-content\/uploads\/2020\/10\/Quadro_Texto-300x101.jpg 300w, https:\/\/astrologiatradicionalemoderna.net\/wp-content\/uploads\/2020\/10\/Quadro_Texto-768x258.jpg 768w, https:\/\/astrologiatradicionalemoderna.net\/wp-content\/uploads\/2020\/10\/Quadro_Texto.jpg 904w\" sizes=\"auto, (max-width: 500px) 100vw, 500px\" \/><\/p>\n<p><\/p>\n<\/div>\n<\/div>\n<\/div>\n<\/div>\n<\/div>\n<\/div>\n<\/div>\t\t\t\t\t\t\t\t<\/div>\n\t\t\t\t<\/div>\n\t\t\t\t\t<\/div>\n\t\t<\/div>\n\t\t\t\t\t<\/div>\n\t\t<\/section>\n\t\t<div class=\"elementor-element elementor-element-b12b20f e-flex e-con-boxed e-con e-parent\" data-id=\"b12b20f\" data-element_type=\"container\" data-e-type=\"container\">\n\t\t\t\t\t<div class=\"e-con-inner\">\n\t\t\t\t<div class=\"elementor-element elementor-element-8742cd8 elementor-widget elementor-widget-heading\" data-id=\"8742cd8\" data-element_type=\"widget\" data-e-type=\"widget\" data-widget_type=\"heading.default\">\n\t\t\t\t<div class=\"elementor-widget-container\">\n\t\t\t\t\t<h2 class=\"elementor-heading-title elementor-size-default\">Isabel Antunes<\/h2>\t\t\t\t<\/div>\n\t\t\t\t<\/div>\n\t\t\t\t\t<\/div>\n\t\t\t\t<\/div>\n\t\t\t\t<section class=\"elementor-section elementor-top-section elementor-element elementor-element-dcaa59d elementor-section-boxed elementor-section-height-default elementor-section-height-default\" data-id=\"dcaa59d\" data-element_type=\"section\" data-e-type=\"section\">\n\t\t\t\t\t\t<div class=\"elementor-container elementor-column-gap-default\">\n\t\t\t\t\t<div class=\"elementor-column elementor-col-100 elementor-top-column elementor-element elementor-element-2122991\" data-id=\"2122991\" data-element_type=\"column\" data-e-type=\"column\">\n\t\t\t<div class=\"elementor-widget-wrap elementor-element-populated\">\n\t\t\t\t\t\t<div class=\"elementor-element elementor-element-de24124 elementor-widget elementor-widget-text-editor\" data-id=\"de24124\" data-element_type=\"widget\" data-e-type=\"widget\" data-widget_type=\"text-editor.default\">\n\t\t\t\t<div class=\"elementor-widget-container\">\n\t\t\t\t\t\t\t\t\t<div id=\"pl-303\" class=\"panel-layout\">\n<div id=\"pg-303-0\" class=\"panel-grid panel-no-style\">\n<div id=\"pgc-303-0-0\" class=\"panel-grid-cell\" data-weight=\"1\">\n<div id=\"panel-303-0-0-0\" class=\"so-panel widget_sow-editor panel-first-child panel-last-child\" data-index=\"0\" data-style=\"{&quot;class&quot;:&quot;AstroContentDiv&quot;,&quot;background_image_attachment&quot;:false,&quot;background_display&quot;:&quot;tile&quot;}\">\n<div class=\"AstroContentDiv panel-widget-style panel-widget-style-for-303-0-0-0\">\n<div class=\"so-widget-sow-editor so-widget-sow-editor-base\">\n<div class=\"siteorigin-widget-tinymce textwidget\">\n<p><span style=\"color: #000000;\">&#8211; Fundadora do Centro de Astrologia Tradicional e Moderna<br><\/span>&#8211; Investigadora em Astrologia Tradicional e Moderna<br>&#8211; Formadora h\u00e1 quase 20 anos dos cursos de Astrologia Tradicional e Moderna realizados no Centro<\/p>\n<p><span style=\"color: #000000;\">Isabel Antunes licenciou-se em Economia pela Universidade Nova de Lisboa em 1997 e trabalhou como supervisora de intermedi\u00e1rios financeiros na Comiss\u00e3o de Mercados de Valores Mobili\u00e1rios durante 6 anos. Realizou in\u00fameras reuni\u00f5es de trabalho e de forma\u00e7\u00e3o profissional na Europa e Am\u00e9rica, de onde se destaca a representa\u00e7\u00e3o de Portugal em Montreal, no Canad\u00e1, num encontro com todas as cong\u00e9neres mundiais, organizada pela OIVC-IOSCO \u2013 International Organization of Securities Commissions e a colabora\u00e7\u00e3o profissional, em 1999, na cong\u00e9nere italiana \u2013 CONSOB \u2013 Commissione Nazionale per la Societ\u00e1 e la Borsa, em It\u00e1lia.<\/span><\/p>\n<p><span style=\"color: #000000;\">O seu interesse pela Astrologia surge em 1991 e desde ent\u00e3o iniciou o estudo deste valioso conhecimento milenar, t\u00e3o precioso para o estudo e conhecimento do Ser Humano, bem como, de t\u00e9cnicas de transforma\u00e7\u00e3o e desenvolvimento pessoal, nomeadamente de Programa\u00e7\u00e3o Neuro-Lingu\u00edstica e Visualiza\u00e7\u00e3o Criativa, frequentando diversos cursos e workshops.<\/span><\/p>\n<p><span style=\"color: #000000;\">Em 1999 ingressou na Escola de Astrologia Integrada, hoje denominada de Academia de Estudos Astrol\u00f3gicos. Paralelamente realizou diversas forma\u00e7\u00f5es adicionais em v\u00e1rias vertentes e ramos da Astrologia com diversos astr\u00f3logos portugueses e estrangeiros.<\/span><\/p>\n<p><span style=\"color: #000000;\">Em 2004 finalizou o curso de Astrologia Hor\u00e1ria The Foundation Course of Traditional Horary Astrology leccionado por Susan Ward e organizou o One World Summer Festival, em Inglaterra. Criou o Espa\u00e7o Anima, espa\u00e7o de forma\u00e7\u00e3o e consultoria em \u00e1reas de desenvolvimento pessoal, fundou a Associa\u00e7\u00e3o Portuguesa de Desenvolvimento Pessoal e mais tarde o Centro de Astrologia Tradicional e Moderna e dedicou-se exclusivamente \u00e0 consultoria, investiga\u00e7\u00e3o e forma\u00e7\u00e3o em Astrologia.<\/span><\/p>\n<p><span style=\"color: #000000;\">Diplomou-se em Hipnose Cl\u00ednica pelo London College of Clinical Hypnosis (L.C.C.H.), em 2006, tendo sido, no mesmo ano, convidada a colaborar no L.C.C.H. Portugal como professora, tutora e supervisora dos cursos de Hipnose Cl\u00ednica, que continua a exercer.<\/span><\/p>\n<p><span style=\"color: #000000;\">Em 2012 fez forma\u00e7\u00e3o em EMDR &#8211; Eye Movement Desensitization and Reprocessing e Coaching, tendo sido certificada.<\/span><\/p>\n<p><span style=\"color: #000000;\">Encontra-se a leccionar, desde 2006, o Curso de Astrologia Tradicional e Moderna que criou e que tem como pilares a Astrologia Tradicional, Humanista e Psicol\u00f3gica. Tem realizado diversas palestras sobre v\u00e1rios temas astrol\u00f3gicos em eventos e tem colaborado com algumas revistas escrevendo diversos artigos sobre temas ligados \u00e0 Astrologia, Hipnose Cl\u00ednica e Psicologia.<\/span><\/p>\n<p><span style=\"color: #000000;\">A sua investiga\u00e7\u00e3o actual assenta na pesquisa de t\u00e9cnicas astrol\u00f3gicas e psicol\u00f3gicas inovadoras que permitam uma optimiza\u00e7\u00e3o do desempenho do ser humano, em qualquer \u00e1rea de vida, rumo a uma maior realiza\u00e7\u00e3o, profundidade, enriquecimento e \u00eaxito pessoal.<\/span><\/p>\n<p><\/p>\n<\/div>\n<\/div>\n<\/div>\n<\/div>\n<\/div>\n<\/div>\n<\/div>\t\t\t\t\t\t\t\t<\/div>\n\t\t\t\t<\/div>\n\t\t\t\t\t<\/div>\n\t\t<\/div>\n\t\t\t\t\t<\/div>\n\t\t<\/section>\n\t\t<div class=\"elementor-element elementor-element-5506ceb e-flex e-con-boxed e-con e-parent\" data-id=\"5506ceb\" data-element_type=\"container\" data-e-type=\"container\">\n\t\t\t\t\t<div class=\"e-con-inner\">\n\t\t<div class=\"elementor-element elementor-element-20ab7fe1 e-con-full e-flex e-con e-child\" data-id=\"20ab7fe1\" data-element_type=\"container\" data-e-type=\"container\">\n\t\t\t\t<\/div>\n\t\t<div class=\"elementor-element elementor-element-51f1a349 e-con-full e-flex e-con e-child\" data-id=\"51f1a349\" data-element_type=\"container\" data-e-type=\"container\" data-settings=\"{&quot;background_background&quot;:&quot;classic&quot;}\">\n\t\t\t\t<div class=\"elementor-element elementor-element-688a625f elementor-align-center elementor-widget elementor-widget-button\" data-id=\"688a625f\" data-element_type=\"widget\" data-e-type=\"widget\" data-widget_type=\"button.default\">\n\t\t\t\t<div class=\"elementor-widget-container\">\n\t\t\t\t\t\t\t\t\t<div class=\"elementor-button-wrapper\">\n\t\t\t\t\t<a class=\"elementor-button elementor-button-link elementor-size-md\" href=\"https:\/\/astrologiatradicionalemoderna.net\/en\/quem-somos\/missao\/\">\n\t\t\t\t\t\t<span class=\"elementor-button-content-wrapper\">\n\t\t\t\t\t\t\t\t\t<span class=\"elementor-button-text\">Miss\u00e3o<\/span>\n\t\t\t\t\t<\/span>\n\t\t\t\t\t<\/a>\n\t\t\t\t<\/div>\n\t\t\t\t\t\t\t\t<\/div>\n\t\t\t\t<\/div>\n\t\t\t\t<\/div>\n\t\t<div class=\"elementor-element elementor-element-54d87979 e-con-full e-flex e-con e-child\" data-id=\"54d87979\" data-element_type=\"container\" data-e-type=\"container\">\n\t\t\t\t<\/div>\n\t\t<div class=\"elementor-element elementor-element-f8183e2 e-con-full e-flex e-con e-child\" data-id=\"f8183e2\" data-element_type=\"container\" data-e-type=\"container\" data-settings=\"{&quot;background_background&quot;:&quot;classic&quot;}\">\n\t\t\t\t<div class=\"elementor-element elementor-element-46f1908 elementor-align-center elementor-widget elementor-widget-button\" data-id=\"46f1908\" data-element_type=\"widget\" data-e-type=\"widget\" data-widget_type=\"button.default\">\n\t\t\t\t<div class=\"elementor-widget-container\">\n\t\t\t\t\t\t\t\t\t<div class=\"elementor-button-wrapper\">\n\t\t\t\t\t<a class=\"elementor-button elementor-button-link elementor-size-md\" href=\"https:\/\/astrologiatradicionalemoderna.net\/en\/quem-somos\/valores\/\">\n\t\t\t\t\t\t<span class=\"elementor-button-content-wrapper\">\n\t\t\t\t\t\t\t\t\t<span class=\"elementor-button-text\">Valores<\/span>\n\t\t\t\t\t<\/span>\n\t\t\t\t\t<\/a>\n\t\t\t\t<\/div>\n\t\t\t\t\t\t\t\t<\/div>\n\t\t\t\t<\/div>\n\t\t\t\t<\/div>\n\t\t<div class=\"elementor-element elementor-element-5c96bf38 e-con-full e-flex e-con e-child\" data-id=\"5c96bf38\" data-element_type=\"container\" data-e-type=\"container\">\n\t\t\t\t<\/div>\n\t\t\t\t\t<\/div>\n\t\t\t\t<\/div>\n\t\t\t\t<\/div>","protected":false},"excerpt":{"rendered":"<p>Fundadora &nbsp; &nbsp; &nbsp; &nbsp; &nbsp; &nbsp; &nbsp; Isabel Antunes &#8211; Fundadora do Centro de Astrologia Tradicional e Moderna&#8211; Investigadora em Astrologia Tradicional e Moderna&#8211;&hellip;<\/p>","protected":false},"author":2,"featured_media":0,"parent":4353,"menu_order":3,"comment_status":"closed","ping_status":"closed","template":"","meta":{"footnotes":""},"class_list":["post-303","page","type-page","status-publish","hentry"],"yoast_head":"<!-- This site is optimized with the Yoast SEO plugin v27.3 - https:\/\/yoast.com\/product\/yoast-seo-wordpress\/ -->\n<title>Cursos astrologia, Workshops e Consultas em Lisboa - Centro Astrologia Tradicional e Moderna - Fundadora e Respons\u00e1vel<\/title>\n<meta name=\"description\" content=\"Cursos de Astrologia, workshops, consultas artigos e investiga\u00e7\u00e3o em Astrologia em Lisboa. Astrologia Natal, Eletiva, Hor\u00e1ria, Relacional e Vocacional - Centro de Astrologia Tradicional e Moderna. - Fundadora e Respons\u00e1vel\" \/>\n<meta name=\"robots\" content=\"index, follow, max-snippet:-1, max-image-preview:large, max-video-preview:-1\" \/>\n<link rel=\"canonical\" href=\"https:\/\/astrologiatradicionalemoderna.net\/en\/quem-somos\/fundadora-e-responsavel-isabel-antunes\/\" \/>\n<meta property=\"og:locale\" content=\"en_US\" \/>\n<meta property=\"og:type\" content=\"article\" \/>\n<meta property=\"og:title\" content=\"Cursos astrologia, Workshops e Consultas em Lisboa - Centro Astrologia Tradicional e Moderna - Fundadora e Respons\u00e1vel\" \/>\n<meta property=\"og:description\" content=\"Cursos de Astrologia, workshops, consultas artigos e investiga\u00e7\u00e3o em Astrologia em Lisboa. Astrologia Natal, Eletiva, Hor\u00e1ria, Relacional e Vocacional - Centro de Astrologia Tradicional e Moderna. - Fundadora e Respons\u00e1vel\" \/>\n<meta property=\"og:url\" content=\"https:\/\/astrologiatradicionalemoderna.net\/en\/quem-somos\/fundadora-e-responsavel-isabel-antunes\/\" \/>\n<meta property=\"og:site_name\" content=\"Astrologia Tradicional e Moderna\" \/>\n<meta property=\"article:publisher\" content=\"https:\/\/www.facebook.com\/Centro.de.Astrologia.Tradicional.e.Moderna\/\" \/>\n<meta property=\"article:modified_time\" content=\"2023-10-04T16:02:17+00:00\" \/>\n<meta property=\"og:image\" content=\"https:\/\/astrologiatradicionalemoderna.net\/wp-content\/uploads\/2020\/09\/Imagens-Redonda_Isabel-300x292.jpg\" \/>\n<meta name=\"twitter:card\" content=\"summary_large_image\" \/>\n<meta name=\"twitter:label1\" content=\"Est. reading time\" \/>\n\t<meta name=\"twitter:data1\" content=\"3 minutes\" \/>\n<script type=\"application\/ld+json\" class=\"yoast-schema-graph\">{\"@context\":\"https:\\\/\\\/schema.org\",\"@graph\":[{\"@type\":\"WebPage\",\"@id\":\"https:\\\/\\\/astrologiatradicionalemoderna.net\\\/quem-somos\\\/fundadora-e-responsavel-isabel-antunes\\\/\",\"url\":\"https:\\\/\\\/astrologiatradicionalemoderna.net\\\/quem-somos\\\/fundadora-e-responsavel-isabel-antunes\\\/\",\"name\":\"Cursos astrologia, Workshops e Consultas em Lisboa - Centro Astrologia Tradicional e Moderna - Fundadora e Respons\u00e1vel\",\"isPartOf\":{\"@id\":\"https:\\\/\\\/astrologiatradicionalemoderna.net\\\/#website\"},\"primaryImageOfPage\":{\"@id\":\"https:\\\/\\\/astrologiatradicionalemoderna.net\\\/quem-somos\\\/fundadora-e-responsavel-isabel-antunes\\\/#primaryimage\"},\"image\":{\"@id\":\"https:\\\/\\\/astrologiatradicionalemoderna.net\\\/quem-somos\\\/fundadora-e-responsavel-isabel-antunes\\\/#primaryimage\"},\"thumbnailUrl\":\"https:\\\/\\\/astrologiatradicionalemoderna.net\\\/wp-content\\\/uploads\\\/2020\\\/09\\\/Imagens-Redonda_Isabel-300x292.jpg\",\"datePublished\":\"2017-06-15T08:55:01+00:00\",\"dateModified\":\"2023-10-04T16:02:17+00:00\",\"description\":\"Cursos de Astrologia, workshops, consultas artigos e investiga\u00e7\u00e3o em Astrologia em Lisboa. Astrologia Natal, Eletiva, Hor\u00e1ria, Relacional e Vocacional - Centro de Astrologia Tradicional e Moderna. - Fundadora e Respons\u00e1vel\",\"breadcrumb\":{\"@id\":\"https:\\\/\\\/astrologiatradicionalemoderna.net\\\/quem-somos\\\/fundadora-e-responsavel-isabel-antunes\\\/#breadcrumb\"},\"inLanguage\":\"en-US\",\"potentialAction\":[{\"@type\":\"ReadAction\",\"target\":[\"https:\\\/\\\/astrologiatradicionalemoderna.net\\\/quem-somos\\\/fundadora-e-responsavel-isabel-antunes\\\/\"]}]},{\"@type\":\"ImageObject\",\"inLanguage\":\"en-US\",\"@id\":\"https:\\\/\\\/astrologiatradicionalemoderna.net\\\/quem-somos\\\/fundadora-e-responsavel-isabel-antunes\\\/#primaryimage\",\"url\":\"https:\\\/\\\/astrologiatradicionalemoderna.net\\\/wp-content\\\/uploads\\\/2020\\\/09\\\/Imagens-Redonda_Isabel-300x292.jpg\",\"contentUrl\":\"https:\\\/\\\/astrologiatradicionalemoderna.net\\\/wp-content\\\/uploads\\\/2020\\\/09\\\/Imagens-Redonda_Isabel-300x292.jpg\"},{\"@type\":\"BreadcrumbList\",\"@id\":\"https:\\\/\\\/astrologiatradicionalemoderna.net\\\/quem-somos\\\/fundadora-e-responsavel-isabel-antunes\\\/#breadcrumb\",\"itemListElement\":[{\"@type\":\"ListItem\",\"position\":1,\"name\":\"In\u00edcio\",\"item\":\"https:\\\/\\\/astrologiatradicionalemoderna.net\\\/\"},{\"@type\":\"ListItem\",\"position\":2,\"name\":\"Quem somos\",\"item\":\"https:\\\/\\\/astrologiatradicionalemoderna.net\\\/quem-somos\\\/\"},{\"@type\":\"ListItem\",\"position\":3,\"name\":\"Fundadora e Respons\u00e1vel &#8211; Isabel Antunes\"}]},{\"@type\":\"WebSite\",\"@id\":\"https:\\\/\\\/astrologiatradicionalemoderna.net\\\/#website\",\"url\":\"https:\\\/\\\/astrologiatradicionalemoderna.net\\\/\",\"name\":\"Astrologia Tradicional e Moderna\",\"description\":\"Centro de Astrologia Tradicional e Moderna\",\"publisher\":{\"@id\":\"https:\\\/\\\/astrologiatradicionalemoderna.net\\\/#organization\"},\"potentialAction\":[{\"@type\":\"SearchAction\",\"target\":{\"@type\":\"EntryPoint\",\"urlTemplate\":\"https:\\\/\\\/astrologiatradicionalemoderna.net\\\/?s={search_term_string}\"},\"query-input\":{\"@type\":\"PropertyValueSpecification\",\"valueRequired\":true,\"valueName\":\"search_term_string\"}}],\"inLanguage\":\"en-US\"},{\"@type\":\"Organization\",\"@id\":\"https:\\\/\\\/astrologiatradicionalemoderna.net\\\/#organization\",\"name\":\"Centro de Astrologia Tradicional e Moderna\",\"url\":\"https:\\\/\\\/astrologiatradicionalemoderna.net\\\/\",\"logo\":{\"@type\":\"ImageObject\",\"inLanguage\":\"en-US\",\"@id\":\"https:\\\/\\\/astrologiatradicionalemoderna.net\\\/#\\\/schema\\\/logo\\\/image\\\/\",\"url\":\"https:\\\/\\\/astrologiatradicionalemoderna.net\\\/wp-content\\\/uploads\\\/2023\\\/06\\\/Astrologia-Tradicional-e-Moderna_Cabecalho.jpg\",\"contentUrl\":\"https:\\\/\\\/astrologiatradicionalemoderna.net\\\/wp-content\\\/uploads\\\/2023\\\/06\\\/Astrologia-Tradicional-e-Moderna_Cabecalho.jpg\",\"width\":1300,\"height\":150,\"caption\":\"Centro de Astrologia Tradicional e Moderna\"},\"image\":{\"@id\":\"https:\\\/\\\/astrologiatradicionalemoderna.net\\\/#\\\/schema\\\/logo\\\/image\\\/\"},\"sameAs\":[\"https:\\\/\\\/www.facebook.com\\\/Centro.de.Astrologia.Tradicional.e.Moderna\\\/\",\"https:\\\/\\\/instagram.com\\\/centro_astrologia_catm?igshid=1vndr4qwwvnai\"]}]}<\/script>\n<!-- \/ Yoast SEO plugin. -->","yoast_head_json":{"title":"Cursos astrologia, Workshops e Consultas em Lisboa - Centro Astrologia Tradicional e Moderna - Fundadora e Respons\u00e1vel","description":"Cursos de Astrologia, workshops, consultas artigos e investiga\u00e7\u00e3o em Astrologia em Lisboa. Astrologia Natal, Eletiva, Hor\u00e1ria, Relacional e Vocacional - Centro de Astrologia Tradicional e Moderna. - Fundadora e Respons\u00e1vel","robots":{"index":"index","follow":"follow","max-snippet":"max-snippet:-1","max-image-preview":"max-image-preview:large","max-video-preview":"max-video-preview:-1"},"canonical":"https:\/\/astrologiatradicionalemoderna.net\/en\/quem-somos\/fundadora-e-responsavel-isabel-antunes\/","og_locale":"en_US","og_type":"article","og_title":"Cursos astrologia, Workshops e Consultas em Lisboa - Centro Astrologia Tradicional e Moderna - Fundadora e Respons\u00e1vel","og_description":"Cursos de Astrologia, workshops, consultas artigos e investiga\u00e7\u00e3o em Astrologia em Lisboa. Astrologia Natal, Eletiva, Hor\u00e1ria, Relacional e Vocacional - Centro de Astrologia Tradicional e Moderna. - Fundadora e Respons\u00e1vel","og_url":"https:\/\/astrologiatradicionalemoderna.net\/en\/quem-somos\/fundadora-e-responsavel-isabel-antunes\/","og_site_name":"Astrologia Tradicional e Moderna","article_publisher":"https:\/\/www.facebook.com\/Centro.de.Astrologia.Tradicional.e.Moderna\/","article_modified_time":"2023-10-04T16:02:17+00:00","og_image":[{"url":"https:\/\/astrologiatradicionalemoderna.net\/wp-content\/uploads\/2020\/09\/Imagens-Redonda_Isabel-300x292.jpg","type":"","width":"","height":""}],"twitter_card":"summary_large_image","twitter_misc":{"Est. reading time":"3 minutes"},"schema":{"@context":"https:\/\/schema.org","@graph":[{"@type":"WebPage","@id":"https:\/\/astrologiatradicionalemoderna.net\/quem-somos\/fundadora-e-responsavel-isabel-antunes\/","url":"https:\/\/astrologiatradicionalemoderna.net\/quem-somos\/fundadora-e-responsavel-isabel-antunes\/","name":"Cursos astrologia, Workshops e Consultas em Lisboa - Centro Astrologia Tradicional e Moderna - Fundadora e Respons\u00e1vel","isPartOf":{"@id":"https:\/\/astrologiatradicionalemoderna.net\/#website"},"primaryImageOfPage":{"@id":"https:\/\/astrologiatradicionalemoderna.net\/quem-somos\/fundadora-e-responsavel-isabel-antunes\/#primaryimage"},"image":{"@id":"https:\/\/astrologiatradicionalemoderna.net\/quem-somos\/fundadora-e-responsavel-isabel-antunes\/#primaryimage"},"thumbnailUrl":"https:\/\/astrologiatradicionalemoderna.net\/wp-content\/uploads\/2020\/09\/Imagens-Redonda_Isabel-300x292.jpg","datePublished":"2017-06-15T08:55:01+00:00","dateModified":"2023-10-04T16:02:17+00:00","description":"Cursos de Astrologia, workshops, consultas artigos e investiga\u00e7\u00e3o em Astrologia em Lisboa. Astrologia Natal, Eletiva, Hor\u00e1ria, Relacional e Vocacional - Centro de Astrologia Tradicional e Moderna. - Fundadora e Respons\u00e1vel","breadcrumb":{"@id":"https:\/\/astrologiatradicionalemoderna.net\/quem-somos\/fundadora-e-responsavel-isabel-antunes\/#breadcrumb"},"inLanguage":"en-US","potentialAction":[{"@type":"ReadAction","target":["https:\/\/astrologiatradicionalemoderna.net\/quem-somos\/fundadora-e-responsavel-isabel-antunes\/"]}]},{"@type":"ImageObject","inLanguage":"en-US","@id":"https:\/\/astrologiatradicionalemoderna.net\/quem-somos\/fundadora-e-responsavel-isabel-antunes\/#primaryimage","url":"https:\/\/astrologiatradicionalemoderna.net\/wp-content\/uploads\/2020\/09\/Imagens-Redonda_Isabel-300x292.jpg","contentUrl":"https:\/\/astrologiatradicionalemoderna.net\/wp-content\/uploads\/2020\/09\/Imagens-Redonda_Isabel-300x292.jpg"},{"@type":"BreadcrumbList","@id":"https:\/\/astrologiatradicionalemoderna.net\/quem-somos\/fundadora-e-responsavel-isabel-antunes\/#breadcrumb","itemListElement":[{"@type":"ListItem","position":1,"name":"In\u00edcio","item":"https:\/\/astrologiatradicionalemoderna.net\/"},{"@type":"ListItem","position":2,"name":"Quem somos","item":"https:\/\/astrologiatradicionalemoderna.net\/quem-somos\/"},{"@type":"ListItem","position":3,"name":"Fundadora e Respons\u00e1vel &#8211; Isabel Antunes"}]},{"@type":"WebSite","@id":"https:\/\/astrologiatradicionalemoderna.net\/#website","url":"https:\/\/astrologiatradicionalemoderna.net\/","name":"Astrologia Tradicional e Moderna","description":"Centro de Astrologia Tradicional e Moderna","publisher":{"@id":"https:\/\/astrologiatradicionalemoderna.net\/#organization"},"potentialAction":[{"@type":"SearchAction","target":{"@type":"EntryPoint","urlTemplate":"https:\/\/astrologiatradicionalemoderna.net\/?s={search_term_string}"},"query-input":{"@type":"PropertyValueSpecification","valueRequired":true,"valueName":"search_term_string"}}],"inLanguage":"en-US"},{"@type":"Organization","@id":"https:\/\/astrologiatradicionalemoderna.net\/#organization","name":"Centro de Astrologia Tradicional e Moderna","url":"https:\/\/astrologiatradicionalemoderna.net\/","logo":{"@type":"ImageObject","inLanguage":"en-US","@id":"https:\/\/astrologiatradicionalemoderna.net\/#\/schema\/logo\/image\/","url":"https:\/\/astrologiatradicionalemoderna.net\/wp-content\/uploads\/2023\/06\/Astrologia-Tradicional-e-Moderna_Cabecalho.jpg","contentUrl":"https:\/\/astrologiatradicionalemoderna.net\/wp-content\/uploads\/2023\/06\/Astrologia-Tradicional-e-Moderna_Cabecalho.jpg","width":1300,"height":150,"caption":"Centro de Astrologia Tradicional e Moderna"},"image":{"@id":"https:\/\/astrologiatradicionalemoderna.net\/#\/schema\/logo\/image\/"},"sameAs":["https:\/\/www.facebook.com\/Centro.de.Astrologia.Tradicional.e.Moderna\/","https:\/\/instagram.com\/centro_astrologia_catm?igshid=1vndr4qwwvnai"]}]}},"_links":{"self":[{"href":"https:\/\/astrologiatradicionalemoderna.net\/en\/wp-json\/wp\/v2\/pages\/303","targetHints":{"allow":["GET"]}}],"collection":[{"href":"https:\/\/astrologiatradicionalemoderna.net\/en\/wp-json\/wp\/v2\/pages"}],"about":[{"href":"https:\/\/astrologiatradicionalemoderna.net\/en\/wp-json\/wp\/v2\/types\/page"}],"author":[{"embeddable":true,"href":"https:\/\/astrologiatradicionalemoderna.net\/en\/wp-json\/wp\/v2\/users\/2"}],"replies":[{"embeddable":true,"href":"https:\/\/astrologiatradicionalemoderna.net\/en\/wp-json\/wp\/v2\/comments?post=303"}],"version-history":[{"count":30,"href":"https:\/\/astrologiatradicionalemoderna.net\/en\/wp-json\/wp\/v2\/pages\/303\/revisions"}],"predecessor-version":[{"id":13458,"href":"https:\/\/astrologiatradicionalemoderna.net\/en\/wp-json\/wp\/v2\/pages\/303\/revisions\/13458"}],"up":[{"embeddable":true,"href":"https:\/\/astrologiatradicionalemoderna.net\/en\/wp-json\/wp\/v2\/pages\/4353"}],"wp:attachment":[{"href":"https:\/\/astrologiatradicionalemoderna.net\/en\/wp-json\/wp\/v2\/media?parent=303"}],"curies":[{"name":"wp","href":"https:\/\/api.w.org\/{rel}","templated":true}]}}