{"id":214,"date":"2017-01-29T12:12:47","date_gmt":"2017-01-29T12:12:47","guid":{"rendered":"http:\/\/astrologiatradicionalemoderna.net\/?page_id=214"},"modified":"2017-01-29T12:12:47","modified_gmt":"2017-01-29T12:12:47","slug":"testemunho-iladia-fontes","status":"publish","type":"page","link":"https:\/\/astrologiatradicionalemoderna.net\/en\/testemunhos\/testemunho-iladia-fontes\/","title":{"rendered":"Testemunho Il\u00e1dia Fontes"},"content":{"rendered":"<div id=\"pl-214\"  class=\"panel-layout\" >\n<div id=\"pg-214-0\"  class=\"panel-grid panel-no-style\" >\n<div id=\"pgc-214-0-0\"  class=\"panel-grid-cell\"  data-weight=\"1\" >\n<div id=\"panel-214-0-0-0\" class=\"so-panel widget_sow-editor panel-first-child panel-last-child\" data-index=\"0\" data-style=\"{&quot;class&quot;:&quot;AstroContentTestimonialsDiv&quot;,&quot;background_image_attachment&quot;:false,&quot;background_display&quot;:&quot;tile&quot;}\" >\n<div class=\"AstroContentTestimonialsDiv panel-widget-style panel-widget-style-for-214-0-0-0\" >\n<div class=\"so-widget-sow-editor so-widget-sow-editor-base\">\n<div class=\"siteorigin-widget-tinymce textwidget\">\n<p><img loading=\"lazy\" decoding=\"async\" class=\"aligncenter wp-image-215 size-thumbnail\" src=\"http:\/\/astrologiatradicionalemoderna.net\/wp-content\/uploads\/2017\/01\/Foto-Ila\u0301dia-150x150.jpg\" alt=\"Foto Testemunho Il\u00e1dia Fontes\" width=\"150\" height=\"150\" \/><\/p>\n<p style=\"text-align: center;\"><strong>Il\u00e1dia Fontes<\/strong> &#8211; T\u00e9cnica de Radiologia<\/p>\n<p>Seguramente, j\u00e1 ouviram vezes sem conta a frase: qual \u00e9 o teu signo? E se fores como a maioria das pessoas, n\u00e3o ter\u00e1s inconveniente em responder. Inclusive, \u00e9 prov\u00e1vel que possas fazer uma descri\u00e7\u00e3o bastante exata das caracter\u00edsticas superficiais do teu signo solar. Mas vamos supor que queres encontrar algo mais do que o que oferecem os jornais nas suas colunas di\u00e1rias de Astrologia De todas as tipologias ou ci\u00eancias que tratam os tipos humanos \u2013 arrisco-me a dizer que a que \u00e9 oferecida pela Astrologia \u00e9 a mais rica, a mais subtil, a mais universal<\/p>\n<p>Desde os prim\u00f3rdios da Humanidade, as pessoas olham para o c\u00e9u e surpreendem-se com os astros e como essas esferas misteriosas afetam as suas vidas. A Astrologia, nascida na antiga Caldeia conhece atualmente um novo desenvolvimento Instala-se nos meios universit\u00e1rios; suscita o interesse apaixonado de m\u00e9dicos, psiquiatras e psicanalistas; desperta a curiosidade dos soci\u00f3logos e fil\u00f3sofos; surpreende os bi\u00f3logos; outros cientistas pasmam ao encontrarem na estrutura astrol\u00f3gica uma r\u00e9plica do \u00e1tomo. Atualmente, uma vez incorporada nos costumes, demasiado explorada pela publicidade e pela imprensa de grande tiragem, a Astrologia conquista novas cartas de nobreza pela via sinuosa da Psicologia. E \u00e9 aqui, sem qualquer tipo de d\u00favida, que pode dar mais a cada um de n\u00f3s. O estudo da Astrologia ajuda-nos a conhecer-nos melhor, a conhecer os outros e, por conseguinte, a compreend\u00ea-los, a aproveitar melhor os nossos dons, aplicando na medida do poss\u00edvel, um m\u00e9todo de educa\u00e7\u00e3o mais de acordo com o nosso temperamento. Uma cr\u00edtica frequentemente dirigida \u00e0 Astrologia refere-se ao determinismo que implica, \u00e0 no\u00e7\u00e3o de fatalidade que pressup\u00f5e. A Astrologia n\u00e3o tem a pretens\u00e3o de oferecer todas as respostas nem explicar todos os eventos, ali\u00e1s n\u00e3o prev\u00ea o futuro, nem os Astr\u00f3logos fazem adivinha\u00e7\u00e3o ou entram em transe. Orgulha-se, por\u00e9m, de ser um dos melhores caminhos para acelerar o processo de evolu\u00e7\u00e3o humana, al\u00e9m de sempre ter sido uma das maiores ferramentas dispon\u00edveis de autoconhecimento. Nesta sentido, somos livres para fazer op\u00e7\u00f5es dentro do nosso mundo condicionado e poder escolher em que polo da realidade preferimos viver: positivo ou negativo, proactivo ou reativo, luz ou sombra. Quanto mais nos conhecemos, melhor podemos ser. Aceitar e admitir os nossos pontos fracos e fortes \u00e9 o primeiro passo para acertar a nossa rota. De que outra forma poder\u00edamos mergulhar nesta sabedoria interior milenar, sen\u00e3o atrav\u00e9s do <strong>Curso de Astrologia Tradicional e Moderna<\/strong>. Curso este, dividido em tr\u00eas anos letivos, devidamente fundamentado e estruturado, atrav\u00e9s do conhecimento e dos legados ancestrais, coordenado com a sabedoria da professora Isabel, sempre numa perspectiva objetiva e pr\u00e1tica. Para al\u00e9m das aulas presenciais, s\u00e3o disponibilizadas um conjunto de estrat\u00e9gias pedag\u00f3gicas, tais como fichas de trabalho, fichas de avalia\u00e7\u00e3o, workshops e outra informa\u00e7\u00e3o complementar que permite aprofundar conhecimentos, tornando a forma\u00e7\u00e3o extens\u00edvel e cont\u00ednua.<\/p>\n<p>O curso apresenta a Astrologia de forma estruturada e com os conhecimentos b\u00e1sicos e desenvolvidos para podermos explorar a nossa ess\u00eancia, combina a vertente Tradicional e Moderna (poucos locais o fazem!), nele somos encorajados a expor as nossas d\u00favidas, sem qualquer receio. Impele-nos a saber e querer conhecer mais, \u00e9 contagiante e \u00e9 fascinante como um conjunto de s\u00edmbolos posicionados estrategicamente conseguem dizer tanto sobre cada um de n\u00f3s. N\u00e3o tenham medo de mergulhar neste conhecimento e linguagem t\u00e3o reveladores!\u00c9 viciante!! O espa\u00e7o \u00e9 igualmente agrad\u00e1vel e as aulas tornaram-se salutares e din\u00e2micas proporcionando a aplica\u00e7\u00e3o dos conhecimentos numa perspectiva pr\u00e1tica e did\u00e1tica.<\/p>\n<p>O testemunho j\u00e1 vai longo, mas parecem poucas as palavras para descrever este <strong>portal que se abriu para mim<\/strong>, proporcionando-me enquanto cidad\u00e3 terrestre e profissional de sa\u00fade um mundo de saber, coeso, cient\u00edfico, rigoroso, met\u00f3dico, simb\u00f3lico, permitindo-me solidificar, unificar e criar diferenciais tanto na minha vida pessoal como profissional. Ajuda-me a compreender-me melhor, a suportar com maior dignidade uma situa\u00e7\u00e3o dif\u00edcil e a perceber que as dores e crises por que passamos s\u00e3o o ensinamento necess\u00e1rio para o nosso crescimento interior. Este curso leva-me a tomar consci\u00eancia da verdadeira abund\u00e2ncia do universo e d\u00e1-me as ferramentas necess\u00e1rias para atrair para mim o que desejo para a minha vida. Aprendi e continuo a aprender muitas coisas sobre mim (que continuam a ecoar) e em grupo, o que \u00e9 sempre uma riqueza enorme, crescer com os outros, atrav\u00e9s dos outros e, no fundo para os outros.<\/p>\n<p>Existem palavras qua s\u00e3o l\u00edmpidas e brilhantes como cristal: iluminam-nos, aquecem-nos e desafiam-nos. Estas s\u00e3o as <strong>palavras da professora Isabel facilitador do curso<\/strong>, para quem n\u00e3o procura caminhos convergentes aos demais, pautando os seus atos pela forma dedicada, solid\u00e1ria, sens\u00edvel, profissional, incans\u00e1vel, brincalhona e entusiasta com que abra\u00e7ou o seu dom. A professora Isabel n\u00e3o ensina Astrologia, mas sim Ci\u00eancia para a Alma, porque vai al\u00e9m da comum matematicidade para criar uma orienta\u00e7\u00e3o para o que sentimos e para nos ajudar no nosso prop\u00f3sito de vida. Se este testemunho conseguiu o seu prop\u00f3sito ou n\u00e3o, deve ficar claro que, na sua ess\u00eancia a Astrologia cont\u00e9m uma mensagem muito mais simples e muito mais importante. Diz-nos que o mundo em que vivemos \u00e9 a forma vis\u00edvel, tang\u00edvel, aud\u00edvel, cheir\u00e1vel e sabore\u00e1vel de um mundo espiritual imensamente belo e infinitamente perdur\u00e1vel. Ensina-nos que n\u00f3s \u2013 tu, eu, a tua tia Carolina \u2013 somos os v\u00ednculos entre o mundo f\u00edsico e todos os mundos espirituais superiores.<\/p>\n<p>Aventurem-se, atrevam-se e preparem-se para uma viagem interplanet\u00e1ria!\u201d<\/p>\n<p style=\"text-align: center;\"><a href=\"http:\/\/astrologiatradicionalemoderna.net\/en\/testemunhos\/\">Voltar a testemunhos<\/a><\/p>\n<\/div>\n<\/div>\n<\/div>\n<\/div>\n<\/div>\n<\/div>\n<\/div>","protected":false},"excerpt":{"rendered":"<p>Il\u00e1dia Fontes &#8211; T\u00e9cnica de Radiologia Seguramente, j\u00e1 ouviram vezes sem conta a frase: qual \u00e9 o teu signo? E se fores como a maioria&hellip;<\/p>","protected":false},"author":2,"featured_media":0,"parent":167,"menu_order":4,"comment_status":"closed","ping_status":"closed","template":"","meta":{"footnotes":""},"class_list":["post-214","page","type-page","status-publish","hentry"],"yoast_head":"<!-- This site is optimized with the Yoast SEO plugin v27.3 - https:\/\/yoast.com\/product\/yoast-seo-wordpress\/ -->\n<title>Testemunho Il\u00e1dia Fontes - Astrologia Tradicional e Moderna<\/title>\n<meta name=\"description\" content=\"Cursos de Astrologia, workshops, consultas artigos e investiga\u00e7\u00e3o em Astrologia em Lisboa. Astrologia Natal, Eletiva, Hor\u00e1ria, Relacional e Vocacional - Centro de Astrologia Tradicional e Moderna. - Testemunho Il\u00e1dia Fontes\" \/>\n<meta name=\"robots\" content=\"index, follow, max-snippet:-1, max-image-preview:large, max-video-preview:-1\" \/>\n<link rel=\"canonical\" href=\"https:\/\/astrologiatradicionalemoderna.net\/en\/testemunhos\/testemunho-iladia-fontes\/\" \/>\n<meta property=\"og:locale\" content=\"en_US\" \/>\n<meta property=\"og:type\" content=\"article\" \/>\n<meta property=\"og:title\" content=\"Testemunho Il\u00e1dia Fontes - Astrologia Tradicional e Moderna\" \/>\n<meta property=\"og:description\" content=\"Cursos de Astrologia, workshops, consultas artigos e investiga\u00e7\u00e3o em Astrologia em Lisboa. Astrologia Natal, Eletiva, Hor\u00e1ria, Relacional e Vocacional - Centro de Astrologia Tradicional e Moderna. - Testemunho Il\u00e1dia Fontes\" \/>\n<meta property=\"og:url\" content=\"https:\/\/astrologiatradicionalemoderna.net\/en\/testemunhos\/testemunho-iladia-fontes\/\" \/>\n<meta property=\"og:site_name\" content=\"Astrologia Tradicional e Moderna\" \/>\n<meta property=\"article:publisher\" content=\"https:\/\/www.facebook.com\/Centro.de.Astrologia.Tradicional.e.Moderna\/\" \/>\n<meta name=\"twitter:card\" content=\"summary_large_image\" \/>\n<meta name=\"twitter:label1\" content=\"Est. reading time\" \/>\n\t<meta name=\"twitter:data1\" content=\"5 minutes\" \/>\n<script type=\"application\/ld+json\" class=\"yoast-schema-graph\">{\"@context\":\"https:\\\/\\\/schema.org\",\"@graph\":[{\"@type\":\"WebPage\",\"@id\":\"https:\\\/\\\/astrologiatradicionalemoderna.net\\\/testemunhos\\\/testemunho-iladia-fontes\\\/\",\"url\":\"https:\\\/\\\/astrologiatradicionalemoderna.net\\\/testemunhos\\\/testemunho-iladia-fontes\\\/\",\"name\":\"Testemunho Il\u00e1dia Fontes - Astrologia Tradicional e Moderna\",\"isPartOf\":{\"@id\":\"https:\\\/\\\/astrologiatradicionalemoderna.net\\\/#website\"},\"datePublished\":\"2017-01-29T12:12:47+00:00\",\"description\":\"Cursos de Astrologia, workshops, consultas artigos e investiga\u00e7\u00e3o em Astrologia em Lisboa. Astrologia Natal, Eletiva, Hor\u00e1ria, Relacional e Vocacional - Centro de Astrologia Tradicional e Moderna. - Testemunho Il\u00e1dia Fontes\",\"breadcrumb\":{\"@id\":\"https:\\\/\\\/astrologiatradicionalemoderna.net\\\/testemunhos\\\/testemunho-iladia-fontes\\\/#breadcrumb\"},\"inLanguage\":\"en-US\",\"potentialAction\":[{\"@type\":\"ReadAction\",\"target\":[\"https:\\\/\\\/astrologiatradicionalemoderna.net\\\/testemunhos\\\/testemunho-iladia-fontes\\\/\"]}]},{\"@type\":\"BreadcrumbList\",\"@id\":\"https:\\\/\\\/astrologiatradicionalemoderna.net\\\/testemunhos\\\/testemunho-iladia-fontes\\\/#breadcrumb\",\"itemListElement\":[{\"@type\":\"ListItem\",\"position\":1,\"name\":\"In\u00edcio\",\"item\":\"https:\\\/\\\/astrologiatradicionalemoderna.net\\\/\"},{\"@type\":\"ListItem\",\"position\":2,\"name\":\"Testemunhos\",\"item\":\"https:\\\/\\\/astrologiatradicionalemoderna.net\\\/testemunhos\\\/\"},{\"@type\":\"ListItem\",\"position\":3,\"name\":\"Testemunho Il\u00e1dia Fontes\"}]},{\"@type\":\"WebSite\",\"@id\":\"https:\\\/\\\/astrologiatradicionalemoderna.net\\\/#website\",\"url\":\"https:\\\/\\\/astrologiatradicionalemoderna.net\\\/\",\"name\":\"Astrologia Tradicional e Moderna\",\"description\":\"Centro de Astrologia Tradicional e Moderna\",\"publisher\":{\"@id\":\"https:\\\/\\\/astrologiatradicionalemoderna.net\\\/#organization\"},\"potentialAction\":[{\"@type\":\"SearchAction\",\"target\":{\"@type\":\"EntryPoint\",\"urlTemplate\":\"https:\\\/\\\/astrologiatradicionalemoderna.net\\\/?s={search_term_string}\"},\"query-input\":{\"@type\":\"PropertyValueSpecification\",\"valueRequired\":true,\"valueName\":\"search_term_string\"}}],\"inLanguage\":\"en-US\"},{\"@type\":\"Organization\",\"@id\":\"https:\\\/\\\/astrologiatradicionalemoderna.net\\\/#organization\",\"name\":\"Centro de Astrologia Tradicional e Moderna\",\"url\":\"https:\\\/\\\/astrologiatradicionalemoderna.net\\\/\",\"logo\":{\"@type\":\"ImageObject\",\"inLanguage\":\"en-US\",\"@id\":\"https:\\\/\\\/astrologiatradicionalemoderna.net\\\/#\\\/schema\\\/logo\\\/image\\\/\",\"url\":\"https:\\\/\\\/astrologiatradicionalemoderna.net\\\/wp-content\\\/uploads\\\/2023\\\/06\\\/Astrologia-Tradicional-e-Moderna_Cabecalho.jpg\",\"contentUrl\":\"https:\\\/\\\/astrologiatradicionalemoderna.net\\\/wp-content\\\/uploads\\\/2023\\\/06\\\/Astrologia-Tradicional-e-Moderna_Cabecalho.jpg\",\"width\":1300,\"height\":150,\"caption\":\"Centro de Astrologia Tradicional e Moderna\"},\"image\":{\"@id\":\"https:\\\/\\\/astrologiatradicionalemoderna.net\\\/#\\\/schema\\\/logo\\\/image\\\/\"},\"sameAs\":[\"https:\\\/\\\/www.facebook.com\\\/Centro.de.Astrologia.Tradicional.e.Moderna\\\/\",\"https:\\\/\\\/instagram.com\\\/centro_astrologia_catm?igshid=1vndr4qwwvnai\"]}]}<\/script>\n<!-- \/ Yoast SEO plugin. -->","yoast_head_json":{"title":"Testemunho Il\u00e1dia Fontes - Astrologia Tradicional e Moderna","description":"Cursos de Astrologia, workshops, consultas artigos e investiga\u00e7\u00e3o em Astrologia em Lisboa. Astrologia Natal, Eletiva, Hor\u00e1ria, Relacional e Vocacional - Centro de Astrologia Tradicional e Moderna. - Testemunho Il\u00e1dia Fontes","robots":{"index":"index","follow":"follow","max-snippet":"max-snippet:-1","max-image-preview":"max-image-preview:large","max-video-preview":"max-video-preview:-1"},"canonical":"https:\/\/astrologiatradicionalemoderna.net\/en\/testemunhos\/testemunho-iladia-fontes\/","og_locale":"en_US","og_type":"article","og_title":"Testemunho Il\u00e1dia Fontes - Astrologia Tradicional e Moderna","og_description":"Cursos de Astrologia, workshops, consultas artigos e investiga\u00e7\u00e3o em Astrologia em Lisboa. Astrologia Natal, Eletiva, Hor\u00e1ria, Relacional e Vocacional - Centro de Astrologia Tradicional e Moderna. - Testemunho Il\u00e1dia Fontes","og_url":"https:\/\/astrologiatradicionalemoderna.net\/en\/testemunhos\/testemunho-iladia-fontes\/","og_site_name":"Astrologia Tradicional e Moderna","article_publisher":"https:\/\/www.facebook.com\/Centro.de.Astrologia.Tradicional.e.Moderna\/","twitter_card":"summary_large_image","twitter_misc":{"Est. reading time":"5 minutes"},"schema":{"@context":"https:\/\/schema.org","@graph":[{"@type":"WebPage","@id":"https:\/\/astrologiatradicionalemoderna.net\/testemunhos\/testemunho-iladia-fontes\/","url":"https:\/\/astrologiatradicionalemoderna.net\/testemunhos\/testemunho-iladia-fontes\/","name":"Testemunho Il\u00e1dia Fontes - Astrologia Tradicional e Moderna","isPartOf":{"@id":"https:\/\/astrologiatradicionalemoderna.net\/#website"},"datePublished":"2017-01-29T12:12:47+00:00","description":"Cursos de Astrologia, workshops, consultas artigos e investiga\u00e7\u00e3o em Astrologia em Lisboa. Astrologia Natal, Eletiva, Hor\u00e1ria, Relacional e Vocacional - Centro de Astrologia Tradicional e Moderna. - Testemunho Il\u00e1dia Fontes","breadcrumb":{"@id":"https:\/\/astrologiatradicionalemoderna.net\/testemunhos\/testemunho-iladia-fontes\/#breadcrumb"},"inLanguage":"en-US","potentialAction":[{"@type":"ReadAction","target":["https:\/\/astrologiatradicionalemoderna.net\/testemunhos\/testemunho-iladia-fontes\/"]}]},{"@type":"BreadcrumbList","@id":"https:\/\/astrologiatradicionalemoderna.net\/testemunhos\/testemunho-iladia-fontes\/#breadcrumb","itemListElement":[{"@type":"ListItem","position":1,"name":"In\u00edcio","item":"https:\/\/astrologiatradicionalemoderna.net\/"},{"@type":"ListItem","position":2,"name":"Testemunhos","item":"https:\/\/astrologiatradicionalemoderna.net\/testemunhos\/"},{"@type":"ListItem","position":3,"name":"Testemunho Il\u00e1dia Fontes"}]},{"@type":"WebSite","@id":"https:\/\/astrologiatradicionalemoderna.net\/#website","url":"https:\/\/astrologiatradicionalemoderna.net\/","name":"Astrologia Tradicional e Moderna","description":"Centro de Astrologia Tradicional e Moderna","publisher":{"@id":"https:\/\/astrologiatradicionalemoderna.net\/#organization"},"potentialAction":[{"@type":"SearchAction","target":{"@type":"EntryPoint","urlTemplate":"https:\/\/astrologiatradicionalemoderna.net\/?s={search_term_string}"},"query-input":{"@type":"PropertyValueSpecification","valueRequired":true,"valueName":"search_term_string"}}],"inLanguage":"en-US"},{"@type":"Organization","@id":"https:\/\/astrologiatradicionalemoderna.net\/#organization","name":"Centro de Astrologia Tradicional e Moderna","url":"https:\/\/astrologiatradicionalemoderna.net\/","logo":{"@type":"ImageObject","inLanguage":"en-US","@id":"https:\/\/astrologiatradicionalemoderna.net\/#\/schema\/logo\/image\/","url":"https:\/\/astrologiatradicionalemoderna.net\/wp-content\/uploads\/2023\/06\/Astrologia-Tradicional-e-Moderna_Cabecalho.jpg","contentUrl":"https:\/\/astrologiatradicionalemoderna.net\/wp-content\/uploads\/2023\/06\/Astrologia-Tradicional-e-Moderna_Cabecalho.jpg","width":1300,"height":150,"caption":"Centro de Astrologia Tradicional e Moderna"},"image":{"@id":"https:\/\/astrologiatradicionalemoderna.net\/#\/schema\/logo\/image\/"},"sameAs":["https:\/\/www.facebook.com\/Centro.de.Astrologia.Tradicional.e.Moderna\/","https:\/\/instagram.com\/centro_astrologia_catm?igshid=1vndr4qwwvnai"]}]}},"_links":{"self":[{"href":"https:\/\/astrologiatradicionalemoderna.net\/en\/wp-json\/wp\/v2\/pages\/214","targetHints":{"allow":["GET"]}}],"collection":[{"href":"https:\/\/astrologiatradicionalemoderna.net\/en\/wp-json\/wp\/v2\/pages"}],"about":[{"href":"https:\/\/astrologiatradicionalemoderna.net\/en\/wp-json\/wp\/v2\/types\/page"}],"author":[{"embeddable":true,"href":"https:\/\/astrologiatradicionalemoderna.net\/en\/wp-json\/wp\/v2\/users\/2"}],"replies":[{"embeddable":true,"href":"https:\/\/astrologiatradicionalemoderna.net\/en\/wp-json\/wp\/v2\/comments?post=214"}],"version-history":[{"count":0,"href":"https:\/\/astrologiatradicionalemoderna.net\/en\/wp-json\/wp\/v2\/pages\/214\/revisions"}],"up":[{"embeddable":true,"href":"https:\/\/astrologiatradicionalemoderna.net\/en\/wp-json\/wp\/v2\/pages\/167"}],"wp:attachment":[{"href":"https:\/\/astrologiatradicionalemoderna.net\/en\/wp-json\/wp\/v2\/media?parent=214"}],"curies":[{"name":"wp","href":"https:\/\/api.w.org\/{rel}","templated":true}]}}