{"id":211,"date":"2017-01-29T12:08:57","date_gmt":"2017-01-29T12:08:57","guid":{"rendered":"http:\/\/astrologiatradicionalemoderna.net\/?page_id=211"},"modified":"2017-01-29T12:08:57","modified_gmt":"2017-01-29T12:08:57","slug":"testemunho-paulo-nunes","status":"publish","type":"page","link":"https:\/\/astrologiatradicionalemoderna.net\/en\/testemunhos\/testemunho-paulo-nunes\/","title":{"rendered":"Testemunho Paulo Nunes"},"content":{"rendered":"<div id=\"pl-211\"  class=\"panel-layout\" >\n<div id=\"pg-211-0\"  class=\"panel-grid panel-no-style\" >\n<div id=\"pgc-211-0-0\"  class=\"panel-grid-cell\"  data-weight=\"1\" >\n<div id=\"panel-211-0-0-0\" class=\"so-panel widget_sow-editor panel-first-child panel-last-child\" data-index=\"0\" data-style=\"{&quot;class&quot;:&quot;AstroContentTestimonialsDiv &quot;,&quot;background_display&quot;:&quot;tile&quot;}\" >\n<div class=\"AstroContentTestimonialsDiv  panel-widget-style panel-widget-style-for-211-0-0-0\" >\n<div class=\"so-widget-sow-editor so-widget-sow-editor-base\">\n<div class=\"siteorigin-widget-tinymce textwidget\">\n<p style=\"text-align: center;\"><img loading=\"lazy\" decoding=\"async\" class=\"alignnone size-full wp-image-212\" src=\"http:\/\/astrologiatradicionalemoderna.net\/wp-content\/uploads\/2017\/01\/Paulo.jpg\" alt=\"\" width=\"114\" height=\"129\" \/><\/p>\n<p style=\"text-align: center;\"><strong>Paulo Nunes<\/strong> &#8211; \u00c1rea Financeira<\/p>\n<p>Chamo-me Paulo Nunes e h\u00e1 dois anos embarquei na aventura dos mundos maravilhosos da Astrologia leccionada da escola Centro de Astrologia Tradicional e Moderna.<\/p>\n<p>Porqu\u00ea esta escola e n\u00e3o outra?<\/p>\n<p>As raz\u00f5es s\u00e3o variadas, por isso vou expor as mais importantes. Primeiramente porque nela e leccionada a vertente Tradicional da Astrologia aliada a riqueza da vertente Moderna da mesma. O que n\u00e3o acontece em boa parte das escolas de Astrologia, onde s\u00f3 e lecciona ou a vertente Tradicional ou ent\u00e3o a vertente Moderna deste maravilhoso e milenar conhecimento.E por outro lado devido as caracter\u00edsticas da professora sempre com bom astral e dispon\u00edvel a ajudar e a tirar duvidas,promovendo assim um ensino simples, estruturado, rico e bem animado. Por ultimo como o curso incide muito na vertente pr\u00e1tica isto promove uma aprendizagem mais f\u00e1cil e fluida, de forma a que no fim haja uma simbiose perfeita entre os alunos e a pr\u00f3pria Astrologia.<\/p>\n<p>Falando de mim, a minha vida acad\u00e9mica e profissional centra-se nas \u00e1reas financeiras. Por isso ningu\u00e9m a priori podia supor que gostaria tanto de Astrologia, j\u00e1 que Astrologia apesar de ser uma ci\u00eancia, trabalha mais numa\u00f3ptica da intui\u00e7\u00e3o, do sentir e das sensa\u00e7\u00f5es, bem diferente da \u00e1rea financeira onde impera a raz\u00e3o. No entanto desenganem-se aqueles que pensam que s\u00f3 quem estuda Astrologia \u00e9 cr\u00e9dulo, \u201cout\u201d da Sociedadeou \u201cdiferente\u201d porque isso e uma falacia das maiores que a sociedade fabricou.<\/p>\n<p>S\u00f3 para desmistificar, todos sabemos quem foi Pit\u00e1goras, Arist\u00f3teles, Isaac Newton, Cop\u00e9rnico, Galileu, Shakespeare e o nosso grande g\u00e9nio Leonardo Da Vinci, mas o que muita gente n\u00e3o sabe, e que todos eles eram astr\u00f3logos, e guiavam-se por esta magnifica ci\u00eancia de Luz.<\/p>\n<p>Quanto a mim, o estudo desta Fonte de conhecimento que tanto tem de ci\u00eancia como de arte ,esta a ser muito enriquecedora. Porque muitas vezes h\u00e1 momentos nas nossas vidas em que nos sentimos perdidos, e \u00e9 nestes momentos que a Astrologia e como uma candeia que ilumina o nosso caminho mais escuro, permitindo-nos dar passos mais certeiros e convictos crescendo assim como seres de Luz que somos. Assim \u00e9 a Astrologia que n\u00e3o define a estrada que devemos percorrer mas sim ajuda-nos a percorre-la.<\/p>\n<p style=\"text-align: center;\"><a href=\"http:\/\/astrologiatradicionalemoderna.net\/en\/testemunhos\/\">Voltar a testemunhos<\/a><\/p>\n<\/div>\n<\/div>\n<\/div>\n<\/div>\n<\/div>\n<\/div>\n<\/div>","protected":false},"excerpt":{"rendered":"<p>Paulo Nunes &#8211; \u00c1rea Financeira Chamo-me Paulo Nunes e h\u00e1 dois anos embarquei na aventura dos mundos maravilhosos da Astrologia leccionada da escola Centro de&hellip;<\/p>","protected":false},"author":2,"featured_media":0,"parent":167,"menu_order":3,"comment_status":"closed","ping_status":"closed","template":"","meta":{"footnotes":""},"class_list":["post-211","page","type-page","status-publish","hentry"],"yoast_head":"<!-- This site is optimized with the Yoast SEO plugin v27.3 - https:\/\/yoast.com\/product\/yoast-seo-wordpress\/ -->\n<title>Testemunho Paulo Nunes - Astrologia Tradicional e Moderna<\/title>\n<meta name=\"description\" content=\"Cursos de Astrologia, workshops, consultas artigos e investiga\u00e7\u00e3o em Astrologia em Lisboa. Astrologia Natal, Eletiva, Hor\u00e1ria, Relacional e Vocacional - Centro de Astrologia Tradicional e Moderna. - Testemunho Paulo Nunes\" \/>\n<meta name=\"robots\" content=\"index, follow, max-snippet:-1, max-image-preview:large, max-video-preview:-1\" \/>\n<link rel=\"canonical\" href=\"https:\/\/astrologiatradicionalemoderna.net\/en\/testemunhos\/testemunho-paulo-nunes\/\" \/>\n<meta property=\"og:locale\" content=\"en_US\" \/>\n<meta property=\"og:type\" content=\"article\" \/>\n<meta property=\"og:title\" content=\"Testemunho Paulo Nunes - Astrologia Tradicional e Moderna\" \/>\n<meta property=\"og:description\" content=\"Cursos de Astrologia, workshops, consultas artigos e investiga\u00e7\u00e3o em Astrologia em Lisboa. Astrologia Natal, Eletiva, Hor\u00e1ria, Relacional e Vocacional - Centro de Astrologia Tradicional e Moderna. - Testemunho Paulo Nunes\" \/>\n<meta property=\"og:url\" content=\"https:\/\/astrologiatradicionalemoderna.net\/en\/testemunhos\/testemunho-paulo-nunes\/\" \/>\n<meta property=\"og:site_name\" content=\"Astrologia Tradicional e Moderna\" \/>\n<meta property=\"article:publisher\" content=\"https:\/\/www.facebook.com\/Centro.de.Astrologia.Tradicional.e.Moderna\/\" \/>\n<meta property=\"og:image\" content=\"http:\/\/astrologiatradicionalemoderna.net\/wp-content\/uploads\/2017\/01\/Paulo.jpg\" \/>\n<meta name=\"twitter:card\" content=\"summary_large_image\" \/>\n<meta name=\"twitter:label1\" content=\"Est. reading time\" \/>\n\t<meta name=\"twitter:data1\" content=\"2 minutes\" \/>\n<script type=\"application\/ld+json\" class=\"yoast-schema-graph\">{\"@context\":\"https:\\\/\\\/schema.org\",\"@graph\":[{\"@type\":\"WebPage\",\"@id\":\"https:\\\/\\\/astrologiatradicionalemoderna.net\\\/testemunhos\\\/testemunho-paulo-nunes\\\/\",\"url\":\"https:\\\/\\\/astrologiatradicionalemoderna.net\\\/testemunhos\\\/testemunho-paulo-nunes\\\/\",\"name\":\"Testemunho Paulo Nunes - Astrologia Tradicional e Moderna\",\"isPartOf\":{\"@id\":\"https:\\\/\\\/astrologiatradicionalemoderna.net\\\/#website\"},\"primaryImageOfPage\":{\"@id\":\"https:\\\/\\\/astrologiatradicionalemoderna.net\\\/testemunhos\\\/testemunho-paulo-nunes\\\/#primaryimage\"},\"image\":{\"@id\":\"https:\\\/\\\/astrologiatradicionalemoderna.net\\\/testemunhos\\\/testemunho-paulo-nunes\\\/#primaryimage\"},\"thumbnailUrl\":\"http:\\\/\\\/astrologiatradicionalemoderna.net\\\/wp-content\\\/uploads\\\/2017\\\/01\\\/Paulo.jpg\",\"datePublished\":\"2017-01-29T12:08:57+00:00\",\"description\":\"Cursos de Astrologia, workshops, consultas artigos e investiga\u00e7\u00e3o em Astrologia em Lisboa. Astrologia Natal, Eletiva, Hor\u00e1ria, Relacional e Vocacional - Centro de Astrologia Tradicional e Moderna. - Testemunho Paulo Nunes\",\"breadcrumb\":{\"@id\":\"https:\\\/\\\/astrologiatradicionalemoderna.net\\\/testemunhos\\\/testemunho-paulo-nunes\\\/#breadcrumb\"},\"inLanguage\":\"en-US\",\"potentialAction\":[{\"@type\":\"ReadAction\",\"target\":[\"https:\\\/\\\/astrologiatradicionalemoderna.net\\\/testemunhos\\\/testemunho-paulo-nunes\\\/\"]}]},{\"@type\":\"ImageObject\",\"inLanguage\":\"en-US\",\"@id\":\"https:\\\/\\\/astrologiatradicionalemoderna.net\\\/testemunhos\\\/testemunho-paulo-nunes\\\/#primaryimage\",\"url\":\"http:\\\/\\\/astrologiatradicionalemoderna.net\\\/wp-content\\\/uploads\\\/2017\\\/01\\\/Paulo.jpg\",\"contentUrl\":\"http:\\\/\\\/astrologiatradicionalemoderna.net\\\/wp-content\\\/uploads\\\/2017\\\/01\\\/Paulo.jpg\"},{\"@type\":\"BreadcrumbList\",\"@id\":\"https:\\\/\\\/astrologiatradicionalemoderna.net\\\/testemunhos\\\/testemunho-paulo-nunes\\\/#breadcrumb\",\"itemListElement\":[{\"@type\":\"ListItem\",\"position\":1,\"name\":\"In\u00edcio\",\"item\":\"https:\\\/\\\/astrologiatradicionalemoderna.net\\\/\"},{\"@type\":\"ListItem\",\"position\":2,\"name\":\"Testemunhos\",\"item\":\"https:\\\/\\\/astrologiatradicionalemoderna.net\\\/testemunhos\\\/\"},{\"@type\":\"ListItem\",\"position\":3,\"name\":\"Testemunho Paulo Nunes\"}]},{\"@type\":\"WebSite\",\"@id\":\"https:\\\/\\\/astrologiatradicionalemoderna.net\\\/#website\",\"url\":\"https:\\\/\\\/astrologiatradicionalemoderna.net\\\/\",\"name\":\"Astrologia Tradicional e Moderna\",\"description\":\"Centro de Astrologia Tradicional e Moderna\",\"publisher\":{\"@id\":\"https:\\\/\\\/astrologiatradicionalemoderna.net\\\/#organization\"},\"potentialAction\":[{\"@type\":\"SearchAction\",\"target\":{\"@type\":\"EntryPoint\",\"urlTemplate\":\"https:\\\/\\\/astrologiatradicionalemoderna.net\\\/?s={search_term_string}\"},\"query-input\":{\"@type\":\"PropertyValueSpecification\",\"valueRequired\":true,\"valueName\":\"search_term_string\"}}],\"inLanguage\":\"en-US\"},{\"@type\":\"Organization\",\"@id\":\"https:\\\/\\\/astrologiatradicionalemoderna.net\\\/#organization\",\"name\":\"Centro de Astrologia Tradicional e Moderna\",\"url\":\"https:\\\/\\\/astrologiatradicionalemoderna.net\\\/\",\"logo\":{\"@type\":\"ImageObject\",\"inLanguage\":\"en-US\",\"@id\":\"https:\\\/\\\/astrologiatradicionalemoderna.net\\\/#\\\/schema\\\/logo\\\/image\\\/\",\"url\":\"https:\\\/\\\/astrologiatradicionalemoderna.net\\\/wp-content\\\/uploads\\\/2023\\\/06\\\/Astrologia-Tradicional-e-Moderna_Cabecalho.jpg\",\"contentUrl\":\"https:\\\/\\\/astrologiatradicionalemoderna.net\\\/wp-content\\\/uploads\\\/2023\\\/06\\\/Astrologia-Tradicional-e-Moderna_Cabecalho.jpg\",\"width\":1300,\"height\":150,\"caption\":\"Centro de Astrologia Tradicional e Moderna\"},\"image\":{\"@id\":\"https:\\\/\\\/astrologiatradicionalemoderna.net\\\/#\\\/schema\\\/logo\\\/image\\\/\"},\"sameAs\":[\"https:\\\/\\\/www.facebook.com\\\/Centro.de.Astrologia.Tradicional.e.Moderna\\\/\",\"https:\\\/\\\/instagram.com\\\/centro_astrologia_catm?igshid=1vndr4qwwvnai\"]}]}<\/script>\n<!-- \/ Yoast SEO plugin. -->","yoast_head_json":{"title":"Testemunho Paulo Nunes - Astrologia Tradicional e Moderna","description":"Cursos de Astrologia, workshops, consultas artigos e investiga\u00e7\u00e3o em Astrologia em Lisboa. Astrologia Natal, Eletiva, Hor\u00e1ria, Relacional e Vocacional - Centro de Astrologia Tradicional e Moderna. - Testemunho Paulo Nunes","robots":{"index":"index","follow":"follow","max-snippet":"max-snippet:-1","max-image-preview":"max-image-preview:large","max-video-preview":"max-video-preview:-1"},"canonical":"https:\/\/astrologiatradicionalemoderna.net\/en\/testemunhos\/testemunho-paulo-nunes\/","og_locale":"en_US","og_type":"article","og_title":"Testemunho Paulo Nunes - Astrologia Tradicional e Moderna","og_description":"Cursos de Astrologia, workshops, consultas artigos e investiga\u00e7\u00e3o em Astrologia em Lisboa. Astrologia Natal, Eletiva, Hor\u00e1ria, Relacional e Vocacional - Centro de Astrologia Tradicional e Moderna. - Testemunho Paulo Nunes","og_url":"https:\/\/astrologiatradicionalemoderna.net\/en\/testemunhos\/testemunho-paulo-nunes\/","og_site_name":"Astrologia Tradicional e Moderna","article_publisher":"https:\/\/www.facebook.com\/Centro.de.Astrologia.Tradicional.e.Moderna\/","og_image":[{"url":"http:\/\/astrologiatradicionalemoderna.net\/wp-content\/uploads\/2017\/01\/Paulo.jpg","type":"","width":"","height":""}],"twitter_card":"summary_large_image","twitter_misc":{"Est. reading time":"2 minutes"},"schema":{"@context":"https:\/\/schema.org","@graph":[{"@type":"WebPage","@id":"https:\/\/astrologiatradicionalemoderna.net\/testemunhos\/testemunho-paulo-nunes\/","url":"https:\/\/astrologiatradicionalemoderna.net\/testemunhos\/testemunho-paulo-nunes\/","name":"Testemunho Paulo Nunes - Astrologia Tradicional e Moderna","isPartOf":{"@id":"https:\/\/astrologiatradicionalemoderna.net\/#website"},"primaryImageOfPage":{"@id":"https:\/\/astrologiatradicionalemoderna.net\/testemunhos\/testemunho-paulo-nunes\/#primaryimage"},"image":{"@id":"https:\/\/astrologiatradicionalemoderna.net\/testemunhos\/testemunho-paulo-nunes\/#primaryimage"},"thumbnailUrl":"http:\/\/astrologiatradicionalemoderna.net\/wp-content\/uploads\/2017\/01\/Paulo.jpg","datePublished":"2017-01-29T12:08:57+00:00","description":"Cursos de Astrologia, workshops, consultas artigos e investiga\u00e7\u00e3o em Astrologia em Lisboa. Astrologia Natal, Eletiva, Hor\u00e1ria, Relacional e Vocacional - Centro de Astrologia Tradicional e Moderna. - Testemunho Paulo Nunes","breadcrumb":{"@id":"https:\/\/astrologiatradicionalemoderna.net\/testemunhos\/testemunho-paulo-nunes\/#breadcrumb"},"inLanguage":"en-US","potentialAction":[{"@type":"ReadAction","target":["https:\/\/astrologiatradicionalemoderna.net\/testemunhos\/testemunho-paulo-nunes\/"]}]},{"@type":"ImageObject","inLanguage":"en-US","@id":"https:\/\/astrologiatradicionalemoderna.net\/testemunhos\/testemunho-paulo-nunes\/#primaryimage","url":"http:\/\/astrologiatradicionalemoderna.net\/wp-content\/uploads\/2017\/01\/Paulo.jpg","contentUrl":"http:\/\/astrologiatradicionalemoderna.net\/wp-content\/uploads\/2017\/01\/Paulo.jpg"},{"@type":"BreadcrumbList","@id":"https:\/\/astrologiatradicionalemoderna.net\/testemunhos\/testemunho-paulo-nunes\/#breadcrumb","itemListElement":[{"@type":"ListItem","position":1,"name":"In\u00edcio","item":"https:\/\/astrologiatradicionalemoderna.net\/"},{"@type":"ListItem","position":2,"name":"Testemunhos","item":"https:\/\/astrologiatradicionalemoderna.net\/testemunhos\/"},{"@type":"ListItem","position":3,"name":"Testemunho Paulo Nunes"}]},{"@type":"WebSite","@id":"https:\/\/astrologiatradicionalemoderna.net\/#website","url":"https:\/\/astrologiatradicionalemoderna.net\/","name":"Astrologia Tradicional e Moderna","description":"Centro de Astrologia Tradicional e Moderna","publisher":{"@id":"https:\/\/astrologiatradicionalemoderna.net\/#organization"},"potentialAction":[{"@type":"SearchAction","target":{"@type":"EntryPoint","urlTemplate":"https:\/\/astrologiatradicionalemoderna.net\/?s={search_term_string}"},"query-input":{"@type":"PropertyValueSpecification","valueRequired":true,"valueName":"search_term_string"}}],"inLanguage":"en-US"},{"@type":"Organization","@id":"https:\/\/astrologiatradicionalemoderna.net\/#organization","name":"Centro de Astrologia Tradicional e Moderna","url":"https:\/\/astrologiatradicionalemoderna.net\/","logo":{"@type":"ImageObject","inLanguage":"en-US","@id":"https:\/\/astrologiatradicionalemoderna.net\/#\/schema\/logo\/image\/","url":"https:\/\/astrologiatradicionalemoderna.net\/wp-content\/uploads\/2023\/06\/Astrologia-Tradicional-e-Moderna_Cabecalho.jpg","contentUrl":"https:\/\/astrologiatradicionalemoderna.net\/wp-content\/uploads\/2023\/06\/Astrologia-Tradicional-e-Moderna_Cabecalho.jpg","width":1300,"height":150,"caption":"Centro de Astrologia Tradicional e Moderna"},"image":{"@id":"https:\/\/astrologiatradicionalemoderna.net\/#\/schema\/logo\/image\/"},"sameAs":["https:\/\/www.facebook.com\/Centro.de.Astrologia.Tradicional.e.Moderna\/","https:\/\/instagram.com\/centro_astrologia_catm?igshid=1vndr4qwwvnai"]}]}},"_links":{"self":[{"href":"https:\/\/astrologiatradicionalemoderna.net\/en\/wp-json\/wp\/v2\/pages\/211","targetHints":{"allow":["GET"]}}],"collection":[{"href":"https:\/\/astrologiatradicionalemoderna.net\/en\/wp-json\/wp\/v2\/pages"}],"about":[{"href":"https:\/\/astrologiatradicionalemoderna.net\/en\/wp-json\/wp\/v2\/types\/page"}],"author":[{"embeddable":true,"href":"https:\/\/astrologiatradicionalemoderna.net\/en\/wp-json\/wp\/v2\/users\/2"}],"replies":[{"embeddable":true,"href":"https:\/\/astrologiatradicionalemoderna.net\/en\/wp-json\/wp\/v2\/comments?post=211"}],"version-history":[{"count":0,"href":"https:\/\/astrologiatradicionalemoderna.net\/en\/wp-json\/wp\/v2\/pages\/211\/revisions"}],"up":[{"embeddable":true,"href":"https:\/\/astrologiatradicionalemoderna.net\/en\/wp-json\/wp\/v2\/pages\/167"}],"wp:attachment":[{"href":"https:\/\/astrologiatradicionalemoderna.net\/en\/wp-json\/wp\/v2\/media?parent=211"}],"curies":[{"name":"wp","href":"https:\/\/api.w.org\/{rel}","templated":true}]}}