{"id":201,"date":"2017-01-29T11:55:52","date_gmt":"2017-01-29T10:55:52","guid":{"rendered":"http:\/\/astrologiatradicionalemoderna.net\/?page_id=201"},"modified":"2017-01-29T11:55:52","modified_gmt":"2017-01-29T10:55:52","slug":"testemunho-raquel-cabrita","status":"publish","type":"page","link":"https:\/\/astrologiatradicionalemoderna.net\/en\/testemunhos\/testemunho-raquel-cabrita\/","title":{"rendered":"Testemunho Raquel Cabrita"},"content":{"rendered":"<div id=\"pl-201\"  class=\"panel-layout\" >\n<div id=\"pg-201-0\"  class=\"panel-grid panel-no-style\" >\n<div id=\"pgc-201-0-0\"  class=\"panel-grid-cell\"  data-weight=\"1\" >\n<div id=\"panel-201-0-0-0\" class=\"so-panel widget_sow-editor panel-first-child panel-last-child\" data-index=\"0\" data-style=\"{&quot;class&quot;:&quot;AstroContentTestimonialsDiv&quot;,&quot;background_display&quot;:&quot;tile&quot;}\" >\n<div class=\"AstroContentTestimonialsDiv panel-widget-style panel-widget-style-for-201-0-0-0\" >\n<div class=\"so-widget-sow-editor so-widget-sow-editor-base\">\n<div class=\"siteorigin-widget-tinymce textwidget\">\n<p style=\"text-align: center;\"><img loading=\"lazy\" decoding=\"async\" class=\"alignnone wp-image-202 size-thumbnail\" src=\"http:\/\/astrologiatradicionalemoderna.net\/wp-content\/uploads\/2017\/01\/raquel_foto-150x150.jpg\" width=\"150\" height=\"150\" srcset=\"https:\/\/astrologiatradicionalemoderna.net\/wp-content\/uploads\/2017\/01\/raquel_foto-150x150.jpg 150w, https:\/\/astrologiatradicionalemoderna.net\/wp-content\/uploads\/2017\/01\/raquel_foto-300x300.jpg 300w, https:\/\/astrologiatradicionalemoderna.net\/wp-content\/uploads\/2017\/01\/raquel_foto.jpg 480w\" sizes=\"auto, (max-width: 150px) 100vw, 150px\" \/><\/p>\n<p style=\"text-align: center;\"><strong>Raquel Cabrita<\/strong> &#8211; Terapeuta de Cura Reconectiva<\/p>\n<p>Como em todas as \u00e1reas profissionais, no mundo da Astrologia encontramos de tudo, desde excelentes profissionais e cursos inspiradores \u00e0queles que nos fazem arrepiar no mau sentido!, pelo que, \u00e9 preciso saber escolher para n\u00e3o nos sentirmos defraudados e aproveitarmos ao m\u00e1ximo, e com rigor, este conhecimento milenar.<\/p>\n<p>O Curso de Astrologia Tradicional e Moderna do Centro de Astrologia Tradicional e Moderna \u00e9 ministrado por Isabel Antunes, respons\u00e1vel do Centro, uma pessoa muito humana, generosa, sempre dispon\u00edvel para ajudar e, simultaneamente, din\u00e2mica, entusiasta, bem-disposta e inspiradora!<\/p>\n<p>Aprendemos imenso, num ano tanto ou mais quanto algumas escolas d\u00e3o em mais anos! Tudo \u00e9 ensinado com profundidade e sempre de forma muito inspiradora. As aulas s\u00e3o sempre surpreendentes pelos valiosos conhecimentos que aprendemos, t\u00e3o importantes para as nossas vidas, sempre numa linguagem clara, motivadora e cativante. S\u00e3o-nos fornecidas fichas pr\u00e1ticas com exerc\u00edcios estimulantes, analisamos mapas de figuras p\u00fablicas conhecidas, permitindo-nos aplicar desde logo os conhecimentos te\u00f3ricos apreendidos atrav\u00e9s da interpreta\u00e7\u00e3o de mapas astrol\u00f3gicos.<\/p>\n<p>Este curso tem sido extremamente empolgante, uma aut\u00eantica viragem no meu auto-conhecimento, uma fant\u00e1stica abertura de consci\u00eancia sobre mim e o outro. Estou a ADORAR!<\/p>\n<p>Recomendo-o VIVAMENTE!<\/p>\n<p style=\"text-align: center;\"><a href=\"http:\/\/astrologiatradicionalemoderna.net\/en\/testemunhos\/\">Voltar a testemunhos<\/a><\/p>\n<\/div>\n<\/div>\n<\/div>\n<\/div>\n<\/div>\n<\/div>\n<\/div>","protected":false},"excerpt":{"rendered":"<p>Raquel Cabrita &#8211; Terapeuta de Cura Reconectiva Como em todas as \u00e1reas profissionais, no mundo da Astrologia encontramos de tudo, desde excelentes profissionais e cursos&hellip;<\/p>","protected":false},"author":2,"featured_media":0,"parent":167,"menu_order":1,"comment_status":"closed","ping_status":"closed","template":"","meta":{"footnotes":""},"class_list":["post-201","page","type-page","status-publish","hentry"],"yoast_head":"<!-- This site is optimized with the Yoast SEO plugin v27.3 - https:\/\/yoast.com\/product\/yoast-seo-wordpress\/ -->\n<title>Testemunho Raquel Cabrita - Astrologia Tradicional e Moderna<\/title>\n<meta name=\"description\" content=\"Cursos de Astrologia, workshops, consultas artigos e investiga\u00e7\u00e3o em Astrologia em Lisboa. Astrologia Natal, Eletiva, Hor\u00e1ria, Relacional e Vocacional - Centro de Astrologia Tradicional e Moderna. - Testemunho Raquel Cabrita\" \/>\n<meta name=\"robots\" content=\"index, follow, max-snippet:-1, max-image-preview:large, max-video-preview:-1\" \/>\n<link rel=\"canonical\" href=\"https:\/\/astrologiatradicionalemoderna.net\/en\/testemunhos\/testemunho-raquel-cabrita\/\" \/>\n<meta property=\"og:locale\" content=\"en_US\" \/>\n<meta property=\"og:type\" content=\"article\" \/>\n<meta property=\"og:title\" content=\"Testemunho Raquel Cabrita - Astrologia Tradicional e Moderna\" \/>\n<meta property=\"og:description\" content=\"Cursos de Astrologia, workshops, consultas artigos e investiga\u00e7\u00e3o em Astrologia em Lisboa. Astrologia Natal, Eletiva, Hor\u00e1ria, Relacional e Vocacional - Centro de Astrologia Tradicional e Moderna. - Testemunho Raquel Cabrita\" \/>\n<meta property=\"og:url\" content=\"https:\/\/astrologiatradicionalemoderna.net\/en\/testemunhos\/testemunho-raquel-cabrita\/\" \/>\n<meta property=\"og:site_name\" content=\"Astrologia Tradicional e Moderna\" \/>\n<meta property=\"article:publisher\" content=\"https:\/\/www.facebook.com\/Centro.de.Astrologia.Tradicional.e.Moderna\/\" \/>\n<meta property=\"og:image\" content=\"http:\/\/astrologiatradicionalemoderna.net\/wp-content\/uploads\/2017\/01\/raquel_foto-150x150.jpg\" \/>\n<meta name=\"twitter:card\" content=\"summary_large_image\" \/>\n<meta name=\"twitter:label1\" content=\"Est. reading time\" \/>\n\t<meta name=\"twitter:data1\" content=\"1 minute\" \/>\n<script type=\"application\/ld+json\" class=\"yoast-schema-graph\">{\"@context\":\"https:\\\/\\\/schema.org\",\"@graph\":[{\"@type\":\"WebPage\",\"@id\":\"https:\\\/\\\/astrologiatradicionalemoderna.net\\\/testemunhos\\\/testemunho-raquel-cabrita\\\/\",\"url\":\"https:\\\/\\\/astrologiatradicionalemoderna.net\\\/testemunhos\\\/testemunho-raquel-cabrita\\\/\",\"name\":\"Testemunho Raquel Cabrita - Astrologia Tradicional e Moderna\",\"isPartOf\":{\"@id\":\"https:\\\/\\\/astrologiatradicionalemoderna.net\\\/#website\"},\"primaryImageOfPage\":{\"@id\":\"https:\\\/\\\/astrologiatradicionalemoderna.net\\\/testemunhos\\\/testemunho-raquel-cabrita\\\/#primaryimage\"},\"image\":{\"@id\":\"https:\\\/\\\/astrologiatradicionalemoderna.net\\\/testemunhos\\\/testemunho-raquel-cabrita\\\/#primaryimage\"},\"thumbnailUrl\":\"http:\\\/\\\/astrologiatradicionalemoderna.net\\\/wp-content\\\/uploads\\\/2017\\\/01\\\/raquel_foto-150x150.jpg\",\"datePublished\":\"2017-01-29T10:55:52+00:00\",\"description\":\"Cursos de Astrologia, workshops, consultas artigos e investiga\u00e7\u00e3o em Astrologia em Lisboa. Astrologia Natal, Eletiva, Hor\u00e1ria, Relacional e Vocacional - Centro de Astrologia Tradicional e Moderna. - Testemunho Raquel Cabrita\",\"breadcrumb\":{\"@id\":\"https:\\\/\\\/astrologiatradicionalemoderna.net\\\/testemunhos\\\/testemunho-raquel-cabrita\\\/#breadcrumb\"},\"inLanguage\":\"en-US\",\"potentialAction\":[{\"@type\":\"ReadAction\",\"target\":[\"https:\\\/\\\/astrologiatradicionalemoderna.net\\\/testemunhos\\\/testemunho-raquel-cabrita\\\/\"]}]},{\"@type\":\"ImageObject\",\"inLanguage\":\"en-US\",\"@id\":\"https:\\\/\\\/astrologiatradicionalemoderna.net\\\/testemunhos\\\/testemunho-raquel-cabrita\\\/#primaryimage\",\"url\":\"http:\\\/\\\/astrologiatradicionalemoderna.net\\\/wp-content\\\/uploads\\\/2017\\\/01\\\/raquel_foto-150x150.jpg\",\"contentUrl\":\"http:\\\/\\\/astrologiatradicionalemoderna.net\\\/wp-content\\\/uploads\\\/2017\\\/01\\\/raquel_foto-150x150.jpg\"},{\"@type\":\"BreadcrumbList\",\"@id\":\"https:\\\/\\\/astrologiatradicionalemoderna.net\\\/testemunhos\\\/testemunho-raquel-cabrita\\\/#breadcrumb\",\"itemListElement\":[{\"@type\":\"ListItem\",\"position\":1,\"name\":\"In\u00edcio\",\"item\":\"https:\\\/\\\/astrologiatradicionalemoderna.net\\\/\"},{\"@type\":\"ListItem\",\"position\":2,\"name\":\"Testemunhos\",\"item\":\"https:\\\/\\\/astrologiatradicionalemoderna.net\\\/testemunhos\\\/\"},{\"@type\":\"ListItem\",\"position\":3,\"name\":\"Testemunho Raquel Cabrita\"}]},{\"@type\":\"WebSite\",\"@id\":\"https:\\\/\\\/astrologiatradicionalemoderna.net\\\/#website\",\"url\":\"https:\\\/\\\/astrologiatradicionalemoderna.net\\\/\",\"name\":\"Astrologia Tradicional e Moderna\",\"description\":\"Centro de Astrologia Tradicional e Moderna\",\"publisher\":{\"@id\":\"https:\\\/\\\/astrologiatradicionalemoderna.net\\\/#organization\"},\"potentialAction\":[{\"@type\":\"SearchAction\",\"target\":{\"@type\":\"EntryPoint\",\"urlTemplate\":\"https:\\\/\\\/astrologiatradicionalemoderna.net\\\/?s={search_term_string}\"},\"query-input\":{\"@type\":\"PropertyValueSpecification\",\"valueRequired\":true,\"valueName\":\"search_term_string\"}}],\"inLanguage\":\"en-US\"},{\"@type\":\"Organization\",\"@id\":\"https:\\\/\\\/astrologiatradicionalemoderna.net\\\/#organization\",\"name\":\"Centro de Astrologia Tradicional e Moderna\",\"url\":\"https:\\\/\\\/astrologiatradicionalemoderna.net\\\/\",\"logo\":{\"@type\":\"ImageObject\",\"inLanguage\":\"en-US\",\"@id\":\"https:\\\/\\\/astrologiatradicionalemoderna.net\\\/#\\\/schema\\\/logo\\\/image\\\/\",\"url\":\"https:\\\/\\\/astrologiatradicionalemoderna.net\\\/wp-content\\\/uploads\\\/2023\\\/06\\\/Astrologia-Tradicional-e-Moderna_Cabecalho.jpg\",\"contentUrl\":\"https:\\\/\\\/astrologiatradicionalemoderna.net\\\/wp-content\\\/uploads\\\/2023\\\/06\\\/Astrologia-Tradicional-e-Moderna_Cabecalho.jpg\",\"width\":1300,\"height\":150,\"caption\":\"Centro de Astrologia Tradicional e Moderna\"},\"image\":{\"@id\":\"https:\\\/\\\/astrologiatradicionalemoderna.net\\\/#\\\/schema\\\/logo\\\/image\\\/\"},\"sameAs\":[\"https:\\\/\\\/www.facebook.com\\\/Centro.de.Astrologia.Tradicional.e.Moderna\\\/\",\"https:\\\/\\\/instagram.com\\\/centro_astrologia_catm?igshid=1vndr4qwwvnai\"]}]}<\/script>\n<!-- \/ Yoast SEO plugin. -->","yoast_head_json":{"title":"Testemunho Raquel Cabrita - Astrologia Tradicional e Moderna","description":"Cursos de Astrologia, workshops, consultas artigos e investiga\u00e7\u00e3o em Astrologia em Lisboa. Astrologia Natal, Eletiva, Hor\u00e1ria, Relacional e Vocacional - Centro de Astrologia Tradicional e Moderna. - Testemunho Raquel Cabrita","robots":{"index":"index","follow":"follow","max-snippet":"max-snippet:-1","max-image-preview":"max-image-preview:large","max-video-preview":"max-video-preview:-1"},"canonical":"https:\/\/astrologiatradicionalemoderna.net\/en\/testemunhos\/testemunho-raquel-cabrita\/","og_locale":"en_US","og_type":"article","og_title":"Testemunho Raquel Cabrita - Astrologia Tradicional e Moderna","og_description":"Cursos de Astrologia, workshops, consultas artigos e investiga\u00e7\u00e3o em Astrologia em Lisboa. Astrologia Natal, Eletiva, Hor\u00e1ria, Relacional e Vocacional - Centro de Astrologia Tradicional e Moderna. - Testemunho Raquel Cabrita","og_url":"https:\/\/astrologiatradicionalemoderna.net\/en\/testemunhos\/testemunho-raquel-cabrita\/","og_site_name":"Astrologia Tradicional e Moderna","article_publisher":"https:\/\/www.facebook.com\/Centro.de.Astrologia.Tradicional.e.Moderna\/","og_image":[{"url":"http:\/\/astrologiatradicionalemoderna.net\/wp-content\/uploads\/2017\/01\/raquel_foto-150x150.jpg","type":"","width":"","height":""}],"twitter_card":"summary_large_image","twitter_misc":{"Est. reading time":"1 minute"},"schema":{"@context":"https:\/\/schema.org","@graph":[{"@type":"WebPage","@id":"https:\/\/astrologiatradicionalemoderna.net\/testemunhos\/testemunho-raquel-cabrita\/","url":"https:\/\/astrologiatradicionalemoderna.net\/testemunhos\/testemunho-raquel-cabrita\/","name":"Testemunho Raquel Cabrita - Astrologia Tradicional e Moderna","isPartOf":{"@id":"https:\/\/astrologiatradicionalemoderna.net\/#website"},"primaryImageOfPage":{"@id":"https:\/\/astrologiatradicionalemoderna.net\/testemunhos\/testemunho-raquel-cabrita\/#primaryimage"},"image":{"@id":"https:\/\/astrologiatradicionalemoderna.net\/testemunhos\/testemunho-raquel-cabrita\/#primaryimage"},"thumbnailUrl":"http:\/\/astrologiatradicionalemoderna.net\/wp-content\/uploads\/2017\/01\/raquel_foto-150x150.jpg","datePublished":"2017-01-29T10:55:52+00:00","description":"Cursos de Astrologia, workshops, consultas artigos e investiga\u00e7\u00e3o em Astrologia em Lisboa. Astrologia Natal, Eletiva, Hor\u00e1ria, Relacional e Vocacional - Centro de Astrologia Tradicional e Moderna. - Testemunho Raquel Cabrita","breadcrumb":{"@id":"https:\/\/astrologiatradicionalemoderna.net\/testemunhos\/testemunho-raquel-cabrita\/#breadcrumb"},"inLanguage":"en-US","potentialAction":[{"@type":"ReadAction","target":["https:\/\/astrologiatradicionalemoderna.net\/testemunhos\/testemunho-raquel-cabrita\/"]}]},{"@type":"ImageObject","inLanguage":"en-US","@id":"https:\/\/astrologiatradicionalemoderna.net\/testemunhos\/testemunho-raquel-cabrita\/#primaryimage","url":"http:\/\/astrologiatradicionalemoderna.net\/wp-content\/uploads\/2017\/01\/raquel_foto-150x150.jpg","contentUrl":"http:\/\/astrologiatradicionalemoderna.net\/wp-content\/uploads\/2017\/01\/raquel_foto-150x150.jpg"},{"@type":"BreadcrumbList","@id":"https:\/\/astrologiatradicionalemoderna.net\/testemunhos\/testemunho-raquel-cabrita\/#breadcrumb","itemListElement":[{"@type":"ListItem","position":1,"name":"In\u00edcio","item":"https:\/\/astrologiatradicionalemoderna.net\/"},{"@type":"ListItem","position":2,"name":"Testemunhos","item":"https:\/\/astrologiatradicionalemoderna.net\/testemunhos\/"},{"@type":"ListItem","position":3,"name":"Testemunho Raquel Cabrita"}]},{"@type":"WebSite","@id":"https:\/\/astrologiatradicionalemoderna.net\/#website","url":"https:\/\/astrologiatradicionalemoderna.net\/","name":"Astrologia Tradicional e Moderna","description":"Centro de Astrologia Tradicional e Moderna","publisher":{"@id":"https:\/\/astrologiatradicionalemoderna.net\/#organization"},"potentialAction":[{"@type":"SearchAction","target":{"@type":"EntryPoint","urlTemplate":"https:\/\/astrologiatradicionalemoderna.net\/?s={search_term_string}"},"query-input":{"@type":"PropertyValueSpecification","valueRequired":true,"valueName":"search_term_string"}}],"inLanguage":"en-US"},{"@type":"Organization","@id":"https:\/\/astrologiatradicionalemoderna.net\/#organization","name":"Centro de Astrologia Tradicional e Moderna","url":"https:\/\/astrologiatradicionalemoderna.net\/","logo":{"@type":"ImageObject","inLanguage":"en-US","@id":"https:\/\/astrologiatradicionalemoderna.net\/#\/schema\/logo\/image\/","url":"https:\/\/astrologiatradicionalemoderna.net\/wp-content\/uploads\/2023\/06\/Astrologia-Tradicional-e-Moderna_Cabecalho.jpg","contentUrl":"https:\/\/astrologiatradicionalemoderna.net\/wp-content\/uploads\/2023\/06\/Astrologia-Tradicional-e-Moderna_Cabecalho.jpg","width":1300,"height":150,"caption":"Centro de Astrologia Tradicional e Moderna"},"image":{"@id":"https:\/\/astrologiatradicionalemoderna.net\/#\/schema\/logo\/image\/"},"sameAs":["https:\/\/www.facebook.com\/Centro.de.Astrologia.Tradicional.e.Moderna\/","https:\/\/instagram.com\/centro_astrologia_catm?igshid=1vndr4qwwvnai"]}]}},"_links":{"self":[{"href":"https:\/\/astrologiatradicionalemoderna.net\/en\/wp-json\/wp\/v2\/pages\/201","targetHints":{"allow":["GET"]}}],"collection":[{"href":"https:\/\/astrologiatradicionalemoderna.net\/en\/wp-json\/wp\/v2\/pages"}],"about":[{"href":"https:\/\/astrologiatradicionalemoderna.net\/en\/wp-json\/wp\/v2\/types\/page"}],"author":[{"embeddable":true,"href":"https:\/\/astrologiatradicionalemoderna.net\/en\/wp-json\/wp\/v2\/users\/2"}],"replies":[{"embeddable":true,"href":"https:\/\/astrologiatradicionalemoderna.net\/en\/wp-json\/wp\/v2\/comments?post=201"}],"version-history":[{"count":0,"href":"https:\/\/astrologiatradicionalemoderna.net\/en\/wp-json\/wp\/v2\/pages\/201\/revisions"}],"up":[{"embeddable":true,"href":"https:\/\/astrologiatradicionalemoderna.net\/en\/wp-json\/wp\/v2\/pages\/167"}],"wp:attachment":[{"href":"https:\/\/astrologiatradicionalemoderna.net\/en\/wp-json\/wp\/v2\/media?parent=201"}],"curies":[{"name":"wp","href":"https:\/\/api.w.org\/{rel}","templated":true}]}}