{"id":171,"date":"2017-01-27T03:27:48","date_gmt":"2017-01-27T03:27:48","guid":{"rendered":"http:\/\/astrologiatradicionalemoderna.net\/?page_id=171"},"modified":"2023-08-25T19:57:38","modified_gmt":"2023-08-25T19:57:38","slug":"os-simbolos-astrologicos","status":"publish","type":"page","link":"https:\/\/astrologiatradicionalemoderna.net\/en\/recursos\/os-simbolos-astrologicos\/","title":{"rendered":"Os S\u00edmbolos Astrol\u00f3gicos"},"content":{"rendered":"<div data-elementor-type=\"wp-page\" data-elementor-id=\"171\" class=\"elementor elementor-171\" data-elementor-post-type=\"page\">\n\t\t\t\t\t\t<section class=\"elementor-section elementor-top-section elementor-element elementor-element-7cb876ae elementor-section-boxed elementor-section-height-default elementor-section-height-default\" data-id=\"7cb876ae\" data-element_type=\"section\" data-e-type=\"section\">\n\t\t\t\t\t\t<div class=\"elementor-container elementor-column-gap-default\">\n\t\t\t\t\t<div class=\"elementor-column elementor-col-50 elementor-top-column elementor-element elementor-element-5c5e9731\" data-id=\"5c5e9731\" data-element_type=\"column\" data-e-type=\"column\">\n\t\t\t<div class=\"elementor-widget-wrap elementor-element-populated\">\n\t\t\t\t\t\t<div class=\"elementor-element elementor-element-5c7e514b elementor-widget elementor-widget-text-editor\" data-id=\"5c7e514b\" data-element_type=\"widget\" data-e-type=\"widget\" data-widget_type=\"text-editor.default\">\n\t\t\t\t<div class=\"elementor-widget-container\">\n\t\t\t\t\t\t\t\t\t<div id=\"pl-171\"  class=\"panel-layout\" ><div id=\"pg-171-0\"  class=\"panel-grid panel-no-style\" ><div id=\"pgc-171-0-0\"  class=\"panel-grid-cell\"  data-weight=\"1\" ><div id=\"panel-171-0-0-0\" class=\"so-panel widget_sow-editor panel-first-child panel-last-child\" data-index=\"0\" data-style=\"{&quot;class&quot;:&quot;AstroContentDiv&quot;,&quot;background_image_attachment&quot;:false,&quot;background_image_attachment_fallback&quot;:false,&quot;background_display&quot;:&quot;tile&quot;}\" ><div class=\"AstroContentDiv panel-widget-style panel-widget-style-for-171-0-0-0\" ><div class=\"so-widget-sow-editor so-widget-sow-editor-base\">\n<div class=\"siteorigin-widget-tinymce textwidget\">\n\t<p><img loading=\"lazy\" decoding=\"async\" class=\"alignnone wp-image-769 size-full\" src=\"http:\/\/astrologiatradicionalemoderna.net\/wp-content\/uploads\/2018\/06\/Simbolos_Astroloogicos.jpg\" alt=\"\" width=\"1800\" height=\"1209\" srcset=\"https:\/\/astrologiatradicionalemoderna.net\/wp-content\/uploads\/2018\/06\/Simbolos_Astroloogicos.jpg 1800w, https:\/\/astrologiatradicionalemoderna.net\/wp-content\/uploads\/2018\/06\/Simbolos_Astroloogicos-300x202.jpg 300w, https:\/\/astrologiatradicionalemoderna.net\/wp-content\/uploads\/2018\/06\/Simbolos_Astroloogicos-1024x688.jpg 1024w, https:\/\/astrologiatradicionalemoderna.net\/wp-content\/uploads\/2018\/06\/Simbolos_Astroloogicos-768x516.jpg 768w, https:\/\/astrologiatradicionalemoderna.net\/wp-content\/uploads\/2018\/06\/Simbolos_Astroloogicos-1536x1032.jpg 1536w\" sizes=\"auto, (max-width: 1800px) 100vw, 1800px\" \/><\/p>\n<\/div>\n<\/div><\/div><\/div><\/div><\/div><\/div>\t\t\t\t\t\t\t\t<\/div>\n\t\t\t\t<\/div>\n\t\t\t\t\t<\/div>\n\t\t<\/div>\n\t\t\t\t<div class=\"elementor-column elementor-col-50 elementor-top-column elementor-element elementor-element-6df74d6\" data-id=\"6df74d6\" data-element_type=\"column\" data-e-type=\"column\">\n\t\t\t<div class=\"elementor-widget-wrap elementor-element-populated\">\n\t\t\t\t\t\t<div class=\"elementor-element elementor-element-4cd542c elementor-widget__width-initial elementor-widget elementor-widget-text-editor\" data-id=\"4cd542c\" data-element_type=\"widget\" data-e-type=\"widget\" data-widget_type=\"text-editor.default\">\n\t\t\t\t<div class=\"elementor-widget-container\">\n\t\t\t\t\t\t\t\t\t<h1 style=\"border: 0px; margin-top: 20px; margin-bottom: 20px; padding: 0px; font-family: Quicksand, sans-serif; font-size: 19px; line-height: 1.2em; color: #134a7a; text-align: center; background-color: #c8dcdc;\">RECURSOS<\/h1><hr style=\"background-color: white; color: #3a3a3a; font-family: Quicksand, sans-serif; font-size: 15px; margin: -10px 20px 10px !important 20px;\" \/><ul><li><a href=\"https:\/\/astrologiatradicionalemoderna.net\/en\/recursos\/os-simbolos-astrologicos\/\">S\u00edmbolos Astrol\u00f3gicos<\/a><\/li><li><a href=\"https:\/\/astrologiatradicionalemoderna.net\/en\/recursos\/tabela-de-dignidades-e-debilidades-essenciais\/\">Dignidades e Debilidades Essenciais<\/a><\/li><li><a href=\"https:\/\/astrologiatradicionalemoderna.net\/en\/recursos\/horas-planetarias\/\">Horas Planet\u00e1rias<\/a><\/li><li><a href=\"https:\/\/astrologiatradicionalemoderna.net\/en\/recursos\/as-partes-arabicas\/\">As Partes Ar\u00e1bicas<\/a><\/li><li><a href=\"https:\/\/astrologiatradicionalemoderna.net\/en\/recursos\/estrelas-fixas\/\">Estrelas Fixas<\/a><\/li><li><a href=\"https:\/\/astrologiatradicionalemoderna.net\/en\/recursos\/idades-do-ser-humano\/\">Idades do Ser Humano<\/a><\/li><li><a href=\"https:\/\/astrologiatradicionalemoderna.net\/en\/recursos\/firdaria\/\">Fird\u00e1ria<\/a><\/li><\/ul>\t\t\t\t\t\t\t\t<\/div>\n\t\t\t\t<\/div>\n\t\t\t\t\t<\/div>\n\t\t<\/div>\n\t\t\t\t\t<\/div>\n\t\t<\/section>\n\t\t\t\t<\/div>","protected":false},"excerpt":{"rendered":"<p>RECURSOS S\u00edmbolos Astrol\u00f3gicos Dignidades e Debilidades Essenciais Horas Planet\u00e1rias As Partes Ar\u00e1bicas Estrelas Fixas Idades do Ser Humano Fird\u00e1ria<\/p>","protected":false},"author":2,"featured_media":0,"parent":169,"menu_order":0,"comment_status":"closed","ping_status":"closed","template":"","meta":{"footnotes":""},"class_list":["post-171","page","type-page","status-publish","hentry"],"yoast_head":"<!-- This site is optimized with the Yoast SEO plugin v27.3 - https:\/\/yoast.com\/product\/yoast-seo-wordpress\/ -->\n<title>Os S\u00edmbolos Astrol\u00f3gicos - Astrologia Tradicional e Moderna<\/title>\n<meta name=\"description\" content=\"Cursos de Astrologia, workshops, consultas artigos e investiga\u00e7\u00e3o em Astrologia em Lisboa. Astrologia Natal, Eletiva, Hor\u00e1ria, Relacional e Vocacional - Centro de Astrologia Tradicional e Moderna. - Os S\u00edmbolos Astrol\u00f3gicos\" \/>\n<meta name=\"robots\" content=\"index, follow, max-snippet:-1, max-image-preview:large, max-video-preview:-1\" \/>\n<link rel=\"canonical\" href=\"https:\/\/astrologiatradicionalemoderna.net\/en\/recursos\/os-simbolos-astrologicos\/\" \/>\n<meta property=\"og:locale\" content=\"en_US\" \/>\n<meta property=\"og:type\" content=\"article\" \/>\n<meta property=\"og:title\" content=\"Os S\u00edmbolos Astrol\u00f3gicos - Astrologia Tradicional e Moderna\" \/>\n<meta property=\"og:description\" content=\"Cursos de Astrologia, workshops, consultas artigos e investiga\u00e7\u00e3o em Astrologia em Lisboa. Astrologia Natal, Eletiva, Hor\u00e1ria, Relacional e Vocacional - Centro de Astrologia Tradicional e Moderna. - Os S\u00edmbolos Astrol\u00f3gicos\" \/>\n<meta property=\"og:url\" content=\"https:\/\/astrologiatradicionalemoderna.net\/en\/recursos\/os-simbolos-astrologicos\/\" \/>\n<meta property=\"og:site_name\" content=\"Astrologia Tradicional e Moderna\" \/>\n<meta property=\"article:publisher\" content=\"https:\/\/www.facebook.com\/Centro.de.Astrologia.Tradicional.e.Moderna\/\" \/>\n<meta property=\"article:modified_time\" content=\"2023-08-25T19:57:38+00:00\" \/>\n<meta property=\"og:image\" content=\"http:\/\/astrologiatradicionalemoderna.net\/wp-content\/uploads\/2018\/06\/Simbolos_Astroloogicos.jpg\" \/>\n<meta name=\"twitter:card\" content=\"summary_large_image\" \/>\n<meta name=\"twitter:label1\" content=\"Est. reading time\" \/>\n\t<meta name=\"twitter:data1\" content=\"1 minute\" \/>\n<script type=\"application\/ld+json\" class=\"yoast-schema-graph\">{\"@context\":\"https:\\\/\\\/schema.org\",\"@graph\":[{\"@type\":\"WebPage\",\"@id\":\"https:\\\/\\\/astrologiatradicionalemoderna.net\\\/recursos\\\/os-simbolos-astrologicos\\\/\",\"url\":\"https:\\\/\\\/astrologiatradicionalemoderna.net\\\/recursos\\\/os-simbolos-astrologicos\\\/\",\"name\":\"Os S\u00edmbolos Astrol\u00f3gicos - Astrologia Tradicional e Moderna\",\"isPartOf\":{\"@id\":\"https:\\\/\\\/astrologiatradicionalemoderna.net\\\/#website\"},\"primaryImageOfPage\":{\"@id\":\"https:\\\/\\\/astrologiatradicionalemoderna.net\\\/recursos\\\/os-simbolos-astrologicos\\\/#primaryimage\"},\"image\":{\"@id\":\"https:\\\/\\\/astrologiatradicionalemoderna.net\\\/recursos\\\/os-simbolos-astrologicos\\\/#primaryimage\"},\"thumbnailUrl\":\"http:\\\/\\\/astrologiatradicionalemoderna.net\\\/wp-content\\\/uploads\\\/2018\\\/06\\\/Simbolos_Astroloogicos.jpg\",\"datePublished\":\"2017-01-27T03:27:48+00:00\",\"dateModified\":\"2023-08-25T19:57:38+00:00\",\"description\":\"Cursos de Astrologia, workshops, consultas artigos e investiga\u00e7\u00e3o em Astrologia em Lisboa. Astrologia Natal, Eletiva, Hor\u00e1ria, Relacional e Vocacional - Centro de Astrologia Tradicional e Moderna. - Os S\u00edmbolos Astrol\u00f3gicos\",\"breadcrumb\":{\"@id\":\"https:\\\/\\\/astrologiatradicionalemoderna.net\\\/recursos\\\/os-simbolos-astrologicos\\\/#breadcrumb\"},\"inLanguage\":\"en-US\",\"potentialAction\":[{\"@type\":\"ReadAction\",\"target\":[\"https:\\\/\\\/astrologiatradicionalemoderna.net\\\/recursos\\\/os-simbolos-astrologicos\\\/\"]}]},{\"@type\":\"ImageObject\",\"inLanguage\":\"en-US\",\"@id\":\"https:\\\/\\\/astrologiatradicionalemoderna.net\\\/recursos\\\/os-simbolos-astrologicos\\\/#primaryimage\",\"url\":\"http:\\\/\\\/astrologiatradicionalemoderna.net\\\/wp-content\\\/uploads\\\/2018\\\/06\\\/Simbolos_Astroloogicos.jpg\",\"contentUrl\":\"http:\\\/\\\/astrologiatradicionalemoderna.net\\\/wp-content\\\/uploads\\\/2018\\\/06\\\/Simbolos_Astroloogicos.jpg\"},{\"@type\":\"BreadcrumbList\",\"@id\":\"https:\\\/\\\/astrologiatradicionalemoderna.net\\\/recursos\\\/os-simbolos-astrologicos\\\/#breadcrumb\",\"itemListElement\":[{\"@type\":\"ListItem\",\"position\":1,\"name\":\"In\u00edcio\",\"item\":\"https:\\\/\\\/astrologiatradicionalemoderna.net\\\/\"},{\"@type\":\"ListItem\",\"position\":2,\"name\":\"Recursos\",\"item\":\"https:\\\/\\\/astrologiatradicionalemoderna.net\\\/recursos\\\/\"},{\"@type\":\"ListItem\",\"position\":3,\"name\":\"Os S\u00edmbolos Astrol\u00f3gicos\"}]},{\"@type\":\"WebSite\",\"@id\":\"https:\\\/\\\/astrologiatradicionalemoderna.net\\\/#website\",\"url\":\"https:\\\/\\\/astrologiatradicionalemoderna.net\\\/\",\"name\":\"Astrologia Tradicional e Moderna\",\"description\":\"Centro de Astrologia Tradicional e Moderna\",\"publisher\":{\"@id\":\"https:\\\/\\\/astrologiatradicionalemoderna.net\\\/#organization\"},\"potentialAction\":[{\"@type\":\"SearchAction\",\"target\":{\"@type\":\"EntryPoint\",\"urlTemplate\":\"https:\\\/\\\/astrologiatradicionalemoderna.net\\\/?s={search_term_string}\"},\"query-input\":{\"@type\":\"PropertyValueSpecification\",\"valueRequired\":true,\"valueName\":\"search_term_string\"}}],\"inLanguage\":\"en-US\"},{\"@type\":\"Organization\",\"@id\":\"https:\\\/\\\/astrologiatradicionalemoderna.net\\\/#organization\",\"name\":\"Centro de Astrologia Tradicional e Moderna\",\"url\":\"https:\\\/\\\/astrologiatradicionalemoderna.net\\\/\",\"logo\":{\"@type\":\"ImageObject\",\"inLanguage\":\"en-US\",\"@id\":\"https:\\\/\\\/astrologiatradicionalemoderna.net\\\/#\\\/schema\\\/logo\\\/image\\\/\",\"url\":\"https:\\\/\\\/astrologiatradicionalemoderna.net\\\/wp-content\\\/uploads\\\/2023\\\/06\\\/Astrologia-Tradicional-e-Moderna_Cabecalho.jpg\",\"contentUrl\":\"https:\\\/\\\/astrologiatradicionalemoderna.net\\\/wp-content\\\/uploads\\\/2023\\\/06\\\/Astrologia-Tradicional-e-Moderna_Cabecalho.jpg\",\"width\":1300,\"height\":150,\"caption\":\"Centro de Astrologia Tradicional e Moderna\"},\"image\":{\"@id\":\"https:\\\/\\\/astrologiatradicionalemoderna.net\\\/#\\\/schema\\\/logo\\\/image\\\/\"},\"sameAs\":[\"https:\\\/\\\/www.facebook.com\\\/Centro.de.Astrologia.Tradicional.e.Moderna\\\/\",\"https:\\\/\\\/instagram.com\\\/centro_astrologia_catm?igshid=1vndr4qwwvnai\"]}]}<\/script>\n<!-- \/ Yoast SEO plugin. -->","yoast_head_json":{"title":"Os S\u00edmbolos Astrol\u00f3gicos - Astrologia Tradicional e Moderna","description":"Cursos de Astrologia, workshops, consultas artigos e investiga\u00e7\u00e3o em Astrologia em Lisboa. Astrologia Natal, Eletiva, Hor\u00e1ria, Relacional e Vocacional - Centro de Astrologia Tradicional e Moderna. - Os S\u00edmbolos Astrol\u00f3gicos","robots":{"index":"index","follow":"follow","max-snippet":"max-snippet:-1","max-image-preview":"max-image-preview:large","max-video-preview":"max-video-preview:-1"},"canonical":"https:\/\/astrologiatradicionalemoderna.net\/en\/recursos\/os-simbolos-astrologicos\/","og_locale":"en_US","og_type":"article","og_title":"Os S\u00edmbolos Astrol\u00f3gicos - Astrologia Tradicional e Moderna","og_description":"Cursos de Astrologia, workshops, consultas artigos e investiga\u00e7\u00e3o em Astrologia em Lisboa. Astrologia Natal, Eletiva, Hor\u00e1ria, Relacional e Vocacional - Centro de Astrologia Tradicional e Moderna. - Os S\u00edmbolos Astrol\u00f3gicos","og_url":"https:\/\/astrologiatradicionalemoderna.net\/en\/recursos\/os-simbolos-astrologicos\/","og_site_name":"Astrologia Tradicional e Moderna","article_publisher":"https:\/\/www.facebook.com\/Centro.de.Astrologia.Tradicional.e.Moderna\/","article_modified_time":"2023-08-25T19:57:38+00:00","og_image":[{"url":"http:\/\/astrologiatradicionalemoderna.net\/wp-content\/uploads\/2018\/06\/Simbolos_Astroloogicos.jpg","type":"","width":"","height":""}],"twitter_card":"summary_large_image","twitter_misc":{"Est. reading time":"1 minute"},"schema":{"@context":"https:\/\/schema.org","@graph":[{"@type":"WebPage","@id":"https:\/\/astrologiatradicionalemoderna.net\/recursos\/os-simbolos-astrologicos\/","url":"https:\/\/astrologiatradicionalemoderna.net\/recursos\/os-simbolos-astrologicos\/","name":"Os S\u00edmbolos Astrol\u00f3gicos - Astrologia Tradicional e Moderna","isPartOf":{"@id":"https:\/\/astrologiatradicionalemoderna.net\/#website"},"primaryImageOfPage":{"@id":"https:\/\/astrologiatradicionalemoderna.net\/recursos\/os-simbolos-astrologicos\/#primaryimage"},"image":{"@id":"https:\/\/astrologiatradicionalemoderna.net\/recursos\/os-simbolos-astrologicos\/#primaryimage"},"thumbnailUrl":"http:\/\/astrologiatradicionalemoderna.net\/wp-content\/uploads\/2018\/06\/Simbolos_Astroloogicos.jpg","datePublished":"2017-01-27T03:27:48+00:00","dateModified":"2023-08-25T19:57:38+00:00","description":"Cursos de Astrologia, workshops, consultas artigos e investiga\u00e7\u00e3o em Astrologia em Lisboa. Astrologia Natal, Eletiva, Hor\u00e1ria, Relacional e Vocacional - Centro de Astrologia Tradicional e Moderna. - Os S\u00edmbolos Astrol\u00f3gicos","breadcrumb":{"@id":"https:\/\/astrologiatradicionalemoderna.net\/recursos\/os-simbolos-astrologicos\/#breadcrumb"},"inLanguage":"en-US","potentialAction":[{"@type":"ReadAction","target":["https:\/\/astrologiatradicionalemoderna.net\/recursos\/os-simbolos-astrologicos\/"]}]},{"@type":"ImageObject","inLanguage":"en-US","@id":"https:\/\/astrologiatradicionalemoderna.net\/recursos\/os-simbolos-astrologicos\/#primaryimage","url":"http:\/\/astrologiatradicionalemoderna.net\/wp-content\/uploads\/2018\/06\/Simbolos_Astroloogicos.jpg","contentUrl":"http:\/\/astrologiatradicionalemoderna.net\/wp-content\/uploads\/2018\/06\/Simbolos_Astroloogicos.jpg"},{"@type":"BreadcrumbList","@id":"https:\/\/astrologiatradicionalemoderna.net\/recursos\/os-simbolos-astrologicos\/#breadcrumb","itemListElement":[{"@type":"ListItem","position":1,"name":"In\u00edcio","item":"https:\/\/astrologiatradicionalemoderna.net\/"},{"@type":"ListItem","position":2,"name":"Recursos","item":"https:\/\/astrologiatradicionalemoderna.net\/recursos\/"},{"@type":"ListItem","position":3,"name":"Os S\u00edmbolos Astrol\u00f3gicos"}]},{"@type":"WebSite","@id":"https:\/\/astrologiatradicionalemoderna.net\/#website","url":"https:\/\/astrologiatradicionalemoderna.net\/","name":"Astrologia Tradicional e Moderna","description":"Centro de Astrologia Tradicional e Moderna","publisher":{"@id":"https:\/\/astrologiatradicionalemoderna.net\/#organization"},"potentialAction":[{"@type":"SearchAction","target":{"@type":"EntryPoint","urlTemplate":"https:\/\/astrologiatradicionalemoderna.net\/?s={search_term_string}"},"query-input":{"@type":"PropertyValueSpecification","valueRequired":true,"valueName":"search_term_string"}}],"inLanguage":"en-US"},{"@type":"Organization","@id":"https:\/\/astrologiatradicionalemoderna.net\/#organization","name":"Centro de Astrologia Tradicional e Moderna","url":"https:\/\/astrologiatradicionalemoderna.net\/","logo":{"@type":"ImageObject","inLanguage":"en-US","@id":"https:\/\/astrologiatradicionalemoderna.net\/#\/schema\/logo\/image\/","url":"https:\/\/astrologiatradicionalemoderna.net\/wp-content\/uploads\/2023\/06\/Astrologia-Tradicional-e-Moderna_Cabecalho.jpg","contentUrl":"https:\/\/astrologiatradicionalemoderna.net\/wp-content\/uploads\/2023\/06\/Astrologia-Tradicional-e-Moderna_Cabecalho.jpg","width":1300,"height":150,"caption":"Centro de Astrologia Tradicional e Moderna"},"image":{"@id":"https:\/\/astrologiatradicionalemoderna.net\/#\/schema\/logo\/image\/"},"sameAs":["https:\/\/www.facebook.com\/Centro.de.Astrologia.Tradicional.e.Moderna\/","https:\/\/instagram.com\/centro_astrologia_catm?igshid=1vndr4qwwvnai"]}]}},"_links":{"self":[{"href":"https:\/\/astrologiatradicionalemoderna.net\/en\/wp-json\/wp\/v2\/pages\/171","targetHints":{"allow":["GET"]}}],"collection":[{"href":"https:\/\/astrologiatradicionalemoderna.net\/en\/wp-json\/wp\/v2\/pages"}],"about":[{"href":"https:\/\/astrologiatradicionalemoderna.net\/en\/wp-json\/wp\/v2\/types\/page"}],"author":[{"embeddable":true,"href":"https:\/\/astrologiatradicionalemoderna.net\/en\/wp-json\/wp\/v2\/users\/2"}],"replies":[{"embeddable":true,"href":"https:\/\/astrologiatradicionalemoderna.net\/en\/wp-json\/wp\/v2\/comments?post=171"}],"version-history":[{"count":3,"href":"https:\/\/astrologiatradicionalemoderna.net\/en\/wp-json\/wp\/v2\/pages\/171\/revisions"}],"predecessor-version":[{"id":5181,"href":"https:\/\/astrologiatradicionalemoderna.net\/en\/wp-json\/wp\/v2\/pages\/171\/revisions\/5181"}],"up":[{"embeddable":true,"href":"https:\/\/astrologiatradicionalemoderna.net\/en\/wp-json\/wp\/v2\/pages\/169"}],"wp:attachment":[{"href":"https:\/\/astrologiatradicionalemoderna.net\/en\/wp-json\/wp\/v2\/media?parent=171"}],"curies":[{"name":"wp","href":"https:\/\/api.w.org\/{rel}","templated":true}]}}