{"id":152,"date":"2017-01-27T02:38:01","date_gmt":"2017-01-27T01:38:01","guid":{"rendered":"http:\/\/astrologiatradicionalemoderna.net\/?page_id=152"},"modified":"2024-08-27T23:43:31","modified_gmt":"2024-08-27T23:43:31","slug":"astrologia-e-conflito","status":"publish","type":"page","link":"https:\/\/astrologiatradicionalemoderna.net\/en\/artigos-videos\/astrologia-e-conflito\/","title":{"rendered":"Astrologia e Conflito"},"content":{"rendered":"<div data-elementor-type=\"wp-page\" data-elementor-id=\"152\" class=\"elementor elementor-152\" data-elementor-post-type=\"page\">\n\t\t\t\t<div class=\"elementor-element elementor-element-18217efe e-flex e-con-boxed e-con e-parent\" data-id=\"18217efe\" data-element_type=\"container\" data-e-type=\"container\">\n\t\t\t\t\t<div class=\"e-con-inner\">\n\t\t\t\t<div class=\"elementor-element elementor-element-e927316 elementor-widget elementor-widget-text-editor\" data-id=\"e927316\" data-element_type=\"widget\" data-e-type=\"widget\" data-widget_type=\"text-editor.default\">\n\t\t\t\t<div class=\"elementor-widget-container\">\n\t\t\t\t\t\t\t\t\t<div id=\"pl-152\" class=\"panel-layout\">\n<div id=\"pg-152-0\" class=\"panel-grid panel-no-style\">\n<div id=\"pgc-152-0-0\" class=\"panel-grid-cell\" data-weight=\"1\">\n<div id=\"panel-152-0-0-0\" class=\"so-panel widget_sow-editor panel-first-child panel-last-child\" data-index=\"0\" data-style=\"{&quot;class&quot;:&quot;AstroContentDiv&quot;,&quot;background_display&quot;:&quot;tile&quot;}\">\n<div class=\"AstroContentDiv panel-widget-style panel-widget-style-for-152-0-0-0\">\n<div class=\"so-widget-sow-editor so-widget-sow-editor-base\">\n<div class=\"siteorigin-widget-tinymce textwidget\">\n<h1>Artigo &#8211; <strong>Astrologia e Conflito<\/strong><\/h1>\n<p>Revista Woman Gloss &#8211; edi\u00e7\u00e3o Outubro 2015<br>por <a href=\"http:\/\/astrologiatradicionalemoderna.net\/en\/quem-somos\/fundadora-e-responsavel-isabel-antunes\/#quemSomosIsabel\"><u>Isabel Antunes<\/u><\/a><\/p>\n<p><img loading=\"lazy\" decoding=\"async\" class=\"aligncenter size-full wp-image-153\" src=\"http:\/\/astrologiatradicionalemoderna.net\/wp-content\/uploads\/2017\/01\/astrologia-conflito.jpg\" alt=\"\" width=\"632\" height=\"427\" srcset=\"https:\/\/astrologiatradicionalemoderna.net\/wp-content\/uploads\/2017\/01\/astrologia-conflito.jpg 632w, https:\/\/astrologiatradicionalemoderna.net\/wp-content\/uploads\/2017\/01\/astrologia-conflito-300x203.jpg 300w\" sizes=\"auto, (max-width: 632px) 100vw, 632px\" \/><\/p>\n<p>Numa situa\u00e7\u00e3o de tens\u00e3o ou agress\u00e3o, s\u00e3o v\u00e1rias as reac\u00e7\u00f5es poss\u00edveis: h\u00e1 quem tente ignorar; quem cale e, portanto, consinta; quem opte por conversar, procurando chegar a um consenso; e quem, pura e simplesmente, perca a cabe\u00e7a. Tamb\u00e9m nesta mat\u00e9ria o mapa astral se revela uma importante ferramenta para uma melhor compreens\u00e3o dos outros e de n\u00f3s pr\u00f3prias.<br>Por Isabel Antunes<\/p>\n<p>Segundo a mitologia romana Marte \u00e9 considerado o Deus da guerra e na Astrologia simboliza a forma como agimos e funcionamos numa situa\u00e7\u00e3o de conflito. Marte representa tamb\u00e9m a auto-afirma\u00e7\u00e3o, conquista, coragem, aud\u00e1cia e tamb\u00e9m a impaci\u00eancia, competi\u00e7\u00e3o, ira, viol\u00eancia e destrui\u00e7\u00e3o.<br>Tamb\u00e9m neste tema a Astrologia pode dar-nos valiosas pistas, permitindo-nos descobrir mais sobre n\u00f3s e todos os que nos rodeiam, minimizando qualquer poss\u00edvel situa\u00e7\u00e3o de conflito.<br>Neste tema o importante \u00e9 estarmos atentos, evitando situa\u00e7\u00f5es de tens\u00e3o que levam ao desgaste, nada saud\u00e1vel. O melhor mesmo \u00e9 procurarmos compreender o que est\u00e1 por detr\u00e1s das nossas atitudes e comportamentos, bem como dos que nos rodeiam, tentando clarificar poss\u00edveis mal-entendidos e procurando colocarmo-nos &#8220;nos sapatos do outro&#8221;. Evitamos assim tens\u00f5es e caminhamos para uma vida com mais harmonia e bem-estar.<br>Para uma an\u00e1lise mais completa sobre este tema, outros elementos do mapa devem ser analisados. Se n\u00e3o souber onde est\u00e1 o Marte no seu mapa n\u00f3s informamos, basta que envie um email (ver endere\u00e7o na p\u00e1gina ao lado) com data, hora e local de nascimento.<\/p>\n<h4><strong>Marte em Carneiro<\/strong><\/h4>\n<p>Quem tem Marte no signo de Carneiro geralmente consegue o que quer! \u00c9 detentora de garra e muita energia, tem grande capacidade de conquista, aud\u00e1cia e ousadia, o que a ajuda a alcan\u00e7ar as suas metas. Numa situa\u00e7\u00e3o de conflito afastem-se pois \u00e9 explosiva, destemida, reactiva e por vezes agressiva. Vai onde \u00e9 necess\u00e1rio ir pois ningu\u00e9m se atreva a desafi\u00e1-la que lan\u00e7a logo as suas armas de forma audaz e frontal. Gosta de situa\u00e7\u00f5es que a desafiem e a estimulem a agir. \u00c9 empreendedora e pioneira, l\u00edder, impulsiva e impaciente, lan\u00e7ando-se de cabe\u00e7a em tudo o que faz. O seu lema \u00e9 j\u00e1, pois sen\u00e3o \u00e9 tarde demais.<\/p>\n<h4><strong>Marte em Touro<\/strong><\/h4>\n<p>Devagar se vai ao longe, diz quem tem Marte em Touro. Dona de uma grande determina\u00e7\u00e3o, perseveran\u00e7a e pondera\u00e7\u00e3o est\u00e1 disposta a agir com persist\u00eancia pelo que quer, mesmo que para isso tenha de aguardar algum tempo, pois prefere actuar com calma e prud\u00eancia. Perante um conflito \u00e9 comum precisar de tempo para &#8220;digerir&#8221; e, com seguran\u00e7a e cautela, escolher a melhor altura para se lan\u00e7ar e enfrentar a tens\u00e3o. Por vezes nada diz, permitindo que o &#8220;copo v\u00e1 enchendo&#8221;, mas quando derrama temos um verdadeiro terramoto!<\/p>\n<h4><strong>Marte em G\u00e9meos<\/strong><\/h4>\n<p>Adora falar e trocar ideias e tem sempre respostas prontas na ponta da l\u00edngua! Normalmente at\u00e9 responde antes mesmo de escutar por completo a pergunta, pois a sua mente fervilha a mil \u00e0 hora. Afirma-se de forma verbal pois a sua energia \u00e9 muito mental. Expressa a sua agressividade atrav\u00e9s da comunica\u00e7\u00e3o, entrando facilmente em discuss\u00f5es, onde n\u00e3o consegue calar-se e \u00e9 muito argumentativa.<br>Adora variedade e poder fazer v\u00e1rias tarefas em simult\u00e2neo. Ver televis\u00e3o enquanto fala ao telefone com a amiga, espreita na internet as \u00faltimas not\u00edcias do dia e pergunta \u00e0 vizinha da frente o nome do tal restaurante simp\u00e1tico.<\/p>\n<h4><strong>Marte em Caranguejo<\/strong><\/h4>\n<p>Muito sens\u00edvel e receptiva ao exterior pode sentir que os outros a magoam com facilidade. Normalmente oculta as suas m\u00e1goas, &#8220;travando a fundo&#8221;, pois tem dificuldade em &#8220;deitar c\u00e1 para fora&#8221; as emo\u00e7\u00f5es, e expressar o que lhe vai na alma, recolhendo-se no seu mundo, onde procura conforto e protec\u00e7\u00e3o. Mas, subtilmente e como se n\u00e3o fosse nada consigo, &#8220;n\u00e3o mostra o jogo&#8221; e ataca pelas emo\u00e7\u00f5es, mas de forma indirecta e disfar\u00e7ada, fazendo o outro sentir-se mal, culpado ou arrependido. De forma certeira, perspicaz e subtil sabe onde e como atacar.<\/p>\n<h4><strong>Marte em Le\u00e3o<\/strong><\/h4>\n<p>Os outros que se afastem pois quando se irrita ningu\u00e9m a p\u00e1ra! Avan\u00e7a com firmeza e for\u00e7a, colocando &#8220;as garras de fora&#8221;, sem d\u00f3 nem piedade. Afirma-se com honra e intensidade, assume o que quer de forma directa e transparente, imp\u00f5e-se e por vezes domina, provocando uma tempestade. Tudo tem de ser em grande escala, nem que seja na sua imagina\u00e7\u00e3o. Cuidado para n\u00e3o pecar pelo exagero. Tem energia para dar e vender, capacidade de lideran\u00e7a, esp\u00edrito independente e audaz, entusiasmo e dinamismo para tomar decis\u00f5es que a levam a alcan\u00e7ar os seus objectivos.<\/p>\n<h4><strong>Marte em Virgem<\/strong><\/h4>\n<p>Aqui entramos no mundo do rigor e da perfei\u00e7\u00e3o onde nenhum pormenor escapa, pelo que se algu\u00e9m de alguma forma a agride, at\u00e9 pode no momento nada fazer, mas n\u00e3o espera pela demora. Analisa com rigor toda a situa\u00e7\u00e3o e, no momento oportuno, depois de ter tudo estudado e preparado, age pronta para desmontar tudo e mostrar que consigo n\u00e3o se brinca. O seu lado cr\u00edtico pode desencadear discuss\u00f5es por vezes intermin\u00e1veis. \u00c9 muito exigente pelo que uma falha seria o inferno na Terra. Para si os detalhes sem d\u00favida fazem toda a diferen\u00e7a!<\/p>\n<h4><strong>Marte em Balan\u00e7a<\/strong><\/h4>\n<p>Em Balan\u00e7a vive-se a diplomacia e a harmonia pelo que Marte, associado \u00e0 afirma\u00e7\u00e3o e acutil\u00e2ncia, n\u00e3o se encontra aqui &#8220;na sua praia&#8221;. Quem tem Marte neste Signo n\u00e3o gosta nada do confronto com os outros pelo que prefere sempre procurar chegar a um acordo, a um consenso, mesmo que para isso tenha que calar ou sacrificar um pouco da sua forma de estar. N\u00e3o ficando, por vezes, satisfeita com as suas ced\u00eancias, acaba por &#8220;lan\u00e7ar para o ar&#8221; umas indirectas, a ver se o outro percebe, mas sempre com toques de requinte, eleg\u00e2ncia e suavidade.<\/p>\n<h4><strong>Marte em Escorpi\u00e3o<\/strong><\/h4>\n<p>\u00c9 intensa, profunda e emocional na sua forma de agir. Gosta de actuar pela calada e de forma misteriosa. N\u00e3o mostra facilmente o que quer pois prefere esperar pelo momento certo para agir, sempre com a maior discri\u00e7\u00e3o poss\u00edvel. Tem tend\u00eancia a comandar e controlar, \u00e9 corajosa, determinada e firme e, quando quer algo, vai at\u00e9 ao fim, com obstina\u00e7\u00e3o e persist\u00eancia, nem que tenha de &#8220;ir \u00e0 China&#8221;. Quando se sente ferida pode tornar-se perigosa pois dificilmente esquece e n\u00e3o desiste enquanto n\u00e3o toca &#8220;no ponto certo&#8221;, mas sempre que poss\u00edvel com a maior das reservas e claro, &#8220;debaixo do pano&#8221;.<\/p>\n<h4><strong>Marte em Sagit\u00e1rio<\/strong><\/h4>\n<p>\u00c9 directa, transparente, expressiva e independente. De ac\u00e7\u00f5es fortes e determinadas acredita que \u00e9 necess\u00e1rio arriscar para conseguir algo e n\u00e3o se intimida com recusas. De convic\u00e7\u00f5es firmes, luta pelos seus ideais com entusiasmo e inspira\u00e7\u00e3o, sempre em busca de novas conquistas. Tem um gosto especial pelo risco, adrenalina e aventura. Perante um conflito nada reprime e expressa, de forma aberta e frontal, tudo aquilo que lhe faz sentido para assim resolver a tens\u00e3o instalada e poder partir para outras aventuras.<\/p>\n<h4><strong>Marte em Capric\u00f3rnio<\/strong><\/h4>\n<p>Entramos no mundo da responsabilidade, sobriedade e disciplina. Sabe o que quer e n\u00e3o perde tempo com grandes &#8220;rodeios&#8221; e conversas pois a ac\u00e7\u00e3o \u00e9 dirigida, com tenacidade, para a concretiza\u00e7\u00e3o de objectivos definidos e concretos, estudados e planificados com todo o rigor. Perante uma tens\u00e3o h\u00e1 que ser racional, funcional e cautelosa pois \u00e9 preciso haver uma raz\u00e3o pr\u00e1tica para tudo o que faz. Tendencialmente ponderada e premeditada, precisa normalmente de tempo para &#8220;digerir&#8221; qualquer conflito n\u00e3o v\u00e1 ter uma atitude da qual se possa arrepender mais tarde.<\/p>\n<h4><strong>Marte em Aqu\u00e1rio<\/strong><\/h4>\n<p>Quem tem Marte em Aqu\u00e1rio age de forma decidida, calculada e determinada. Exige liberdade para fazer as coisas \u00e0 sua maneira pois preza como ningu\u00e9m a sua autonomia e independ\u00eancia. Tendencialmente de ideias fixas, h\u00e1 que ter cuidado para n\u00e3o estar sempre a &#8220;bater na mesma tecla&#8221;.Quando algo corre mal e surgem tens\u00f5es, analisa a situa\u00e7\u00e3o racionalmente e diz o que pensa e considera estar certo, independentemente de gostarem ou n\u00e3o. Claro, se houver entendimento entre todos tanto melhor mas, caso n\u00e3o haja, paci\u00eancia pois quando toma uma decis\u00e3o ningu\u00e9m o demove!<\/p>\n<h4><strong>Marte em Peixes<\/strong><\/h4>\n<p>Sensibilidade, empatia, emo\u00e7\u00e3o e fantasia s\u00e3o ingredientes que pairam \u00e0 sua volta com muita facilidade. Quando age as suas emo\u00e7\u00f5es est\u00e3o \u00e0 flor da pele, pois de outra maneira n\u00e3o faria qualquer sentido para si. \u00c9 idealista na sua forma de agir, procurando alcan\u00e7ar os seus sonhos preferidos. \u00c9 verdade que por vezes se sente perdida sem saber bem se dever\u00e1 &#8220;virar \u00e0 direita ou \u00e0 esquerda&#8221;. Quando surge um conflito, se poss\u00edvel afasta-se &#8220;de fininho&#8221; pois guerras e combates n\u00e3o fazem de todo parte dos seus temas favoritos. Quando, sem se aperceber, j\u00e1 se encontra no meio da batalha \u00e9 cautelosa, n\u00e3o imp\u00f5e, insinua e avan\u00e7a de modo discreto e delicado.<\/p>\n<p>Todos os temas apresentados neste artigo podem ser aprendidos com maior profundidade e de forma mais completa no <a href=\"http:\/\/astrologiatradicionalemoderna.net\/en\/cursos-transformador\/\"><u>curso de Astrologia Tradicional e Moderna<\/u><\/a>.<\/p>\n<\/div>\n<\/div>\n<\/div>\n<\/div>\n<\/div>\n<\/div>\n<\/div>\t\t\t\t\t\t\t\t<\/div>\n\t\t\t\t<\/div>\n\t\t\t\t\t<\/div>\n\t\t\t\t<\/div>\n\t\t\t\t<\/div>","protected":false},"excerpt":{"rendered":"<p>Artigo &#8211; Astrologia e Conflito Revista Woman Gloss &#8211; edi\u00e7\u00e3o Outubro 2015por Isabel Antunes Numa situa\u00e7\u00e3o de tens\u00e3o ou agress\u00e3o, s\u00e3o v\u00e1rias as reac\u00e7\u00f5es poss\u00edveis:&hellip;<\/p>","protected":false},"author":2,"featured_media":0,"parent":113,"menu_order":11,"comment_status":"closed","ping_status":"closed","template":"","meta":{"footnotes":""},"class_list":["post-152","page","type-page","status-publish","hentry"],"yoast_head":"<!-- This site is optimized with the Yoast SEO plugin v27.3 - https:\/\/yoast.com\/product\/yoast-seo-wordpress\/ -->\n<title>Cursos astrologia, Workshops e Consultas em Lisboa - Centro Astrologia Tradicional e Moderna - Astrologia e Conflito<\/title>\n<meta name=\"description\" content=\"Cursos de Astrologia, workshops, consultas artigos e investiga\u00e7\u00e3o em Astrologia em Lisboa. Astrologia Natal, Eletiva, Hor\u00e1ria, Relacional e Vocacional - Centro de Astrologia Tradicional e Moderna. - Astrologia e Conflito\" \/>\n<meta name=\"robots\" content=\"index, follow, max-snippet:-1, max-image-preview:large, max-video-preview:-1\" \/>\n<link rel=\"canonical\" href=\"https:\/\/astrologiatradicionalemoderna.net\/en\/artigos-videos\/astrologia-e-conflito\/\" \/>\n<meta property=\"og:locale\" content=\"en_US\" \/>\n<meta property=\"og:type\" content=\"article\" \/>\n<meta property=\"og:title\" content=\"Cursos astrologia, Workshops e Consultas em Lisboa - Centro Astrologia Tradicional e Moderna - Astrologia e Conflito\" \/>\n<meta property=\"og:description\" content=\"Cursos de Astrologia, workshops, consultas artigos e investiga\u00e7\u00e3o em Astrologia em Lisboa. Astrologia Natal, Eletiva, Hor\u00e1ria, Relacional e Vocacional - Centro de Astrologia Tradicional e Moderna. - Astrologia e Conflito\" \/>\n<meta property=\"og:url\" content=\"https:\/\/astrologiatradicionalemoderna.net\/en\/artigos-videos\/astrologia-e-conflito\/\" \/>\n<meta property=\"og:site_name\" content=\"Astrologia Tradicional e Moderna\" \/>\n<meta property=\"article:publisher\" content=\"https:\/\/www.facebook.com\/Centro.de.Astrologia.Tradicional.e.Moderna\/\" \/>\n<meta property=\"article:modified_time\" content=\"2024-08-27T23:43:31+00:00\" \/>\n<meta property=\"og:image\" content=\"http:\/\/astrologiatradicionalemoderna.net\/wp-content\/uploads\/2017\/01\/astrologia-conflito.jpg\" \/>\n<meta name=\"twitter:card\" content=\"summary_large_image\" \/>\n<meta name=\"twitter:label1\" content=\"Est. reading time\" \/>\n\t<meta name=\"twitter:data1\" content=\"9 minutes\" \/>\n<script type=\"application\/ld+json\" class=\"yoast-schema-graph\">{\"@context\":\"https:\\\/\\\/schema.org\",\"@graph\":[{\"@type\":\"WebPage\",\"@id\":\"https:\\\/\\\/astrologiatradicionalemoderna.net\\\/artigos-videos\\\/astrologia-e-conflito\\\/\",\"url\":\"https:\\\/\\\/astrologiatradicionalemoderna.net\\\/artigos-videos\\\/astrologia-e-conflito\\\/\",\"name\":\"Cursos astrologia, Workshops e Consultas em Lisboa - Centro Astrologia Tradicional e Moderna - Astrologia e Conflito\",\"isPartOf\":{\"@id\":\"https:\\\/\\\/astrologiatradicionalemoderna.net\\\/#website\"},\"primaryImageOfPage\":{\"@id\":\"https:\\\/\\\/astrologiatradicionalemoderna.net\\\/artigos-videos\\\/astrologia-e-conflito\\\/#primaryimage\"},\"image\":{\"@id\":\"https:\\\/\\\/astrologiatradicionalemoderna.net\\\/artigos-videos\\\/astrologia-e-conflito\\\/#primaryimage\"},\"thumbnailUrl\":\"http:\\\/\\\/astrologiatradicionalemoderna.net\\\/wp-content\\\/uploads\\\/2017\\\/01\\\/astrologia-conflito.jpg\",\"datePublished\":\"2017-01-27T01:38:01+00:00\",\"dateModified\":\"2024-08-27T23:43:31+00:00\",\"description\":\"Cursos de Astrologia, workshops, consultas artigos e investiga\u00e7\u00e3o em Astrologia em Lisboa. Astrologia Natal, Eletiva, Hor\u00e1ria, Relacional e Vocacional - Centro de Astrologia Tradicional e Moderna. - Astrologia e Conflito\",\"breadcrumb\":{\"@id\":\"https:\\\/\\\/astrologiatradicionalemoderna.net\\\/artigos-videos\\\/astrologia-e-conflito\\\/#breadcrumb\"},\"inLanguage\":\"en-US\",\"potentialAction\":[{\"@type\":\"ReadAction\",\"target\":[\"https:\\\/\\\/astrologiatradicionalemoderna.net\\\/artigos-videos\\\/astrologia-e-conflito\\\/\"]}]},{\"@type\":\"ImageObject\",\"inLanguage\":\"en-US\",\"@id\":\"https:\\\/\\\/astrologiatradicionalemoderna.net\\\/artigos-videos\\\/astrologia-e-conflito\\\/#primaryimage\",\"url\":\"http:\\\/\\\/astrologiatradicionalemoderna.net\\\/wp-content\\\/uploads\\\/2017\\\/01\\\/astrologia-conflito.jpg\",\"contentUrl\":\"http:\\\/\\\/astrologiatradicionalemoderna.net\\\/wp-content\\\/uploads\\\/2017\\\/01\\\/astrologia-conflito.jpg\"},{\"@type\":\"BreadcrumbList\",\"@id\":\"https:\\\/\\\/astrologiatradicionalemoderna.net\\\/artigos-videos\\\/astrologia-e-conflito\\\/#breadcrumb\",\"itemListElement\":[{\"@type\":\"ListItem\",\"position\":1,\"name\":\"In\u00edcio\",\"item\":\"https:\\\/\\\/astrologiatradicionalemoderna.net\\\/\"},{\"@type\":\"ListItem\",\"position\":2,\"name\":\"Artigos &#038; Videos\",\"item\":\"https:\\\/\\\/astrologiatradicionalemoderna.net\\\/artigos-videos\\\/\"},{\"@type\":\"ListItem\",\"position\":3,\"name\":\"Astrologia e Conflito\"}]},{\"@type\":\"WebSite\",\"@id\":\"https:\\\/\\\/astrologiatradicionalemoderna.net\\\/#website\",\"url\":\"https:\\\/\\\/astrologiatradicionalemoderna.net\\\/\",\"name\":\"Astrologia Tradicional e Moderna\",\"description\":\"Centro de Astrologia Tradicional e Moderna\",\"publisher\":{\"@id\":\"https:\\\/\\\/astrologiatradicionalemoderna.net\\\/#organization\"},\"potentialAction\":[{\"@type\":\"SearchAction\",\"target\":{\"@type\":\"EntryPoint\",\"urlTemplate\":\"https:\\\/\\\/astrologiatradicionalemoderna.net\\\/?s={search_term_string}\"},\"query-input\":{\"@type\":\"PropertyValueSpecification\",\"valueRequired\":true,\"valueName\":\"search_term_string\"}}],\"inLanguage\":\"en-US\"},{\"@type\":\"Organization\",\"@id\":\"https:\\\/\\\/astrologiatradicionalemoderna.net\\\/#organization\",\"name\":\"Centro de Astrologia Tradicional e Moderna\",\"url\":\"https:\\\/\\\/astrologiatradicionalemoderna.net\\\/\",\"logo\":{\"@type\":\"ImageObject\",\"inLanguage\":\"en-US\",\"@id\":\"https:\\\/\\\/astrologiatradicionalemoderna.net\\\/#\\\/schema\\\/logo\\\/image\\\/\",\"url\":\"https:\\\/\\\/astrologiatradicionalemoderna.net\\\/wp-content\\\/uploads\\\/2023\\\/06\\\/Astrologia-Tradicional-e-Moderna_Cabecalho.jpg\",\"contentUrl\":\"https:\\\/\\\/astrologiatradicionalemoderna.net\\\/wp-content\\\/uploads\\\/2023\\\/06\\\/Astrologia-Tradicional-e-Moderna_Cabecalho.jpg\",\"width\":1300,\"height\":150,\"caption\":\"Centro de Astrologia Tradicional e Moderna\"},\"image\":{\"@id\":\"https:\\\/\\\/astrologiatradicionalemoderna.net\\\/#\\\/schema\\\/logo\\\/image\\\/\"},\"sameAs\":[\"https:\\\/\\\/www.facebook.com\\\/Centro.de.Astrologia.Tradicional.e.Moderna\\\/\",\"https:\\\/\\\/instagram.com\\\/centro_astrologia_catm?igshid=1vndr4qwwvnai\"]}]}<\/script>\n<!-- \/ Yoast SEO plugin. -->","yoast_head_json":{"title":"Cursos astrologia, Workshops e Consultas em Lisboa - Centro Astrologia Tradicional e Moderna - Astrologia e Conflito","description":"Cursos de Astrologia, workshops, consultas artigos e investiga\u00e7\u00e3o em Astrologia em Lisboa. Astrologia Natal, Eletiva, Hor\u00e1ria, Relacional e Vocacional - Centro de Astrologia Tradicional e Moderna. - Astrologia e Conflito","robots":{"index":"index","follow":"follow","max-snippet":"max-snippet:-1","max-image-preview":"max-image-preview:large","max-video-preview":"max-video-preview:-1"},"canonical":"https:\/\/astrologiatradicionalemoderna.net\/en\/artigos-videos\/astrologia-e-conflito\/","og_locale":"en_US","og_type":"article","og_title":"Cursos astrologia, Workshops e Consultas em Lisboa - Centro Astrologia Tradicional e Moderna - Astrologia e Conflito","og_description":"Cursos de Astrologia, workshops, consultas artigos e investiga\u00e7\u00e3o em Astrologia em Lisboa. Astrologia Natal, Eletiva, Hor\u00e1ria, Relacional e Vocacional - Centro de Astrologia Tradicional e Moderna. - Astrologia e Conflito","og_url":"https:\/\/astrologiatradicionalemoderna.net\/en\/artigos-videos\/astrologia-e-conflito\/","og_site_name":"Astrologia Tradicional e Moderna","article_publisher":"https:\/\/www.facebook.com\/Centro.de.Astrologia.Tradicional.e.Moderna\/","article_modified_time":"2024-08-27T23:43:31+00:00","og_image":[{"url":"http:\/\/astrologiatradicionalemoderna.net\/wp-content\/uploads\/2017\/01\/astrologia-conflito.jpg","type":"","width":"","height":""}],"twitter_card":"summary_large_image","twitter_misc":{"Est. reading time":"9 minutes"},"schema":{"@context":"https:\/\/schema.org","@graph":[{"@type":"WebPage","@id":"https:\/\/astrologiatradicionalemoderna.net\/artigos-videos\/astrologia-e-conflito\/","url":"https:\/\/astrologiatradicionalemoderna.net\/artigos-videos\/astrologia-e-conflito\/","name":"Cursos astrologia, Workshops e Consultas em Lisboa - Centro Astrologia Tradicional e Moderna - Astrologia e Conflito","isPartOf":{"@id":"https:\/\/astrologiatradicionalemoderna.net\/#website"},"primaryImageOfPage":{"@id":"https:\/\/astrologiatradicionalemoderna.net\/artigos-videos\/astrologia-e-conflito\/#primaryimage"},"image":{"@id":"https:\/\/astrologiatradicionalemoderna.net\/artigos-videos\/astrologia-e-conflito\/#primaryimage"},"thumbnailUrl":"http:\/\/astrologiatradicionalemoderna.net\/wp-content\/uploads\/2017\/01\/astrologia-conflito.jpg","datePublished":"2017-01-27T01:38:01+00:00","dateModified":"2024-08-27T23:43:31+00:00","description":"Cursos de Astrologia, workshops, consultas artigos e investiga\u00e7\u00e3o em Astrologia em Lisboa. Astrologia Natal, Eletiva, Hor\u00e1ria, Relacional e Vocacional - Centro de Astrologia Tradicional e Moderna. - Astrologia e Conflito","breadcrumb":{"@id":"https:\/\/astrologiatradicionalemoderna.net\/artigos-videos\/astrologia-e-conflito\/#breadcrumb"},"inLanguage":"en-US","potentialAction":[{"@type":"ReadAction","target":["https:\/\/astrologiatradicionalemoderna.net\/artigos-videos\/astrologia-e-conflito\/"]}]},{"@type":"ImageObject","inLanguage":"en-US","@id":"https:\/\/astrologiatradicionalemoderna.net\/artigos-videos\/astrologia-e-conflito\/#primaryimage","url":"http:\/\/astrologiatradicionalemoderna.net\/wp-content\/uploads\/2017\/01\/astrologia-conflito.jpg","contentUrl":"http:\/\/astrologiatradicionalemoderna.net\/wp-content\/uploads\/2017\/01\/astrologia-conflito.jpg"},{"@type":"BreadcrumbList","@id":"https:\/\/astrologiatradicionalemoderna.net\/artigos-videos\/astrologia-e-conflito\/#breadcrumb","itemListElement":[{"@type":"ListItem","position":1,"name":"In\u00edcio","item":"https:\/\/astrologiatradicionalemoderna.net\/"},{"@type":"ListItem","position":2,"name":"Artigos &#038; Videos","item":"https:\/\/astrologiatradicionalemoderna.net\/artigos-videos\/"},{"@type":"ListItem","position":3,"name":"Astrologia e Conflito"}]},{"@type":"WebSite","@id":"https:\/\/astrologiatradicionalemoderna.net\/#website","url":"https:\/\/astrologiatradicionalemoderna.net\/","name":"Astrologia Tradicional e Moderna","description":"Centro de Astrologia Tradicional e Moderna","publisher":{"@id":"https:\/\/astrologiatradicionalemoderna.net\/#organization"},"potentialAction":[{"@type":"SearchAction","target":{"@type":"EntryPoint","urlTemplate":"https:\/\/astrologiatradicionalemoderna.net\/?s={search_term_string}"},"query-input":{"@type":"PropertyValueSpecification","valueRequired":true,"valueName":"search_term_string"}}],"inLanguage":"en-US"},{"@type":"Organization","@id":"https:\/\/astrologiatradicionalemoderna.net\/#organization","name":"Centro de Astrologia Tradicional e Moderna","url":"https:\/\/astrologiatradicionalemoderna.net\/","logo":{"@type":"ImageObject","inLanguage":"en-US","@id":"https:\/\/astrologiatradicionalemoderna.net\/#\/schema\/logo\/image\/","url":"https:\/\/astrologiatradicionalemoderna.net\/wp-content\/uploads\/2023\/06\/Astrologia-Tradicional-e-Moderna_Cabecalho.jpg","contentUrl":"https:\/\/astrologiatradicionalemoderna.net\/wp-content\/uploads\/2023\/06\/Astrologia-Tradicional-e-Moderna_Cabecalho.jpg","width":1300,"height":150,"caption":"Centro de Astrologia Tradicional e Moderna"},"image":{"@id":"https:\/\/astrologiatradicionalemoderna.net\/#\/schema\/logo\/image\/"},"sameAs":["https:\/\/www.facebook.com\/Centro.de.Astrologia.Tradicional.e.Moderna\/","https:\/\/instagram.com\/centro_astrologia_catm?igshid=1vndr4qwwvnai"]}]}},"_links":{"self":[{"href":"https:\/\/astrologiatradicionalemoderna.net\/en\/wp-json\/wp\/v2\/pages\/152","targetHints":{"allow":["GET"]}}],"collection":[{"href":"https:\/\/astrologiatradicionalemoderna.net\/en\/wp-json\/wp\/v2\/pages"}],"about":[{"href":"https:\/\/astrologiatradicionalemoderna.net\/en\/wp-json\/wp\/v2\/types\/page"}],"author":[{"embeddable":true,"href":"https:\/\/astrologiatradicionalemoderna.net\/en\/wp-json\/wp\/v2\/users\/2"}],"replies":[{"embeddable":true,"href":"https:\/\/astrologiatradicionalemoderna.net\/en\/wp-json\/wp\/v2\/comments?post=152"}],"version-history":[{"count":5,"href":"https:\/\/astrologiatradicionalemoderna.net\/en\/wp-json\/wp\/v2\/pages\/152\/revisions"}],"predecessor-version":[{"id":14688,"href":"https:\/\/astrologiatradicionalemoderna.net\/en\/wp-json\/wp\/v2\/pages\/152\/revisions\/14688"}],"up":[{"embeddable":true,"href":"https:\/\/astrologiatradicionalemoderna.net\/en\/wp-json\/wp\/v2\/pages\/113"}],"wp:attachment":[{"href":"https:\/\/astrologiatradicionalemoderna.net\/en\/wp-json\/wp\/v2\/media?parent=152"}],"curies":[{"name":"wp","href":"https:\/\/api.w.org\/{rel}","templated":true}]}}