{"id":143,"date":"2017-01-27T02:25:44","date_gmt":"2017-01-27T01:25:44","guid":{"rendered":"http:\/\/astrologiatradicionalemoderna.net\/?page_id=143"},"modified":"2024-08-27T23:12:17","modified_gmt":"2024-08-27T23:12:17","slug":"astrologia-e-lazer","status":"publish","type":"page","link":"https:\/\/astrologiatradicionalemoderna.net\/en\/artigos-videos\/astrologia-e-lazer\/","title":{"rendered":"Astrologia e Lazer"},"content":{"rendered":"<div data-elementor-type=\"wp-page\" data-elementor-id=\"143\" class=\"elementor elementor-143\" data-elementor-post-type=\"page\">\n\t\t\t\t<div class=\"elementor-element elementor-element-17fed437 e-flex e-con-boxed e-con e-parent\" data-id=\"17fed437\" data-element_type=\"container\" data-e-type=\"container\">\n\t\t\t\t\t<div class=\"e-con-inner\">\n\t\t\t\t<div class=\"elementor-element elementor-element-3c110ee7 elementor-widget elementor-widget-text-editor\" data-id=\"3c110ee7\" data-element_type=\"widget\" data-e-type=\"widget\" data-widget_type=\"text-editor.default\">\n\t\t\t\t<div class=\"elementor-widget-container\">\n\t\t\t\t\t\t\t\t\t<div id=\"pl-143\" class=\"panel-layout\">\n<div id=\"pg-143-0\" class=\"panel-grid panel-no-style\">\n<div id=\"pgc-143-0-0\" class=\"panel-grid-cell\" data-weight=\"1\">\n<div id=\"panel-143-0-0-0\" class=\"so-panel widget_sow-editor panel-first-child panel-last-child\" data-index=\"0\" data-style=\"{&quot;class&quot;:&quot;AstroContentDiv&quot;,&quot;background_display&quot;:&quot;tile&quot;}\">\n<div class=\"AstroContentDiv panel-widget-style panel-widget-style-for-143-0-0-0\">\n<div class=\"so-widget-sow-editor so-widget-sow-editor-base\">\n<div class=\"siteorigin-widget-tinymce textwidget\">\n<h1>Artigo &#8211; <strong>Astrologia e Lazer<\/strong><\/h1>\n<p>Revista Woman Gloss &#8211; edi\u00e7\u00e3o Agosto 2015<br>por <a href=\"http:\/\/astrologiatradicionalemoderna.net\/en\/quem-somos\/fundadora-e-responsavel-isabel-antunes\/#quemSomosIsabel\">Isabel Antunes<\/a><\/p>\n<p><img loading=\"lazy\" decoding=\"async\" class=\"aligncenter size-full wp-image-144\" src=\"http:\/\/astrologiatradicionalemoderna.net\/wp-content\/uploads\/2017\/01\/Artigo-Astrologia-e-Lazer.jpg\" alt=\"\" width=\"632\" height=\"400\" srcset=\"https:\/\/astrologiatradicionalemoderna.net\/wp-content\/uploads\/2017\/01\/Artigo-Astrologia-e-Lazer.jpg 632w, https:\/\/astrologiatradicionalemoderna.net\/wp-content\/uploads\/2017\/01\/Artigo-Astrologia-e-Lazer-300x190.jpg 300w\" sizes=\"auto, (max-width: 632px) 100vw, 632px\" \/><\/p>\n<p>Em pleno tempo de f\u00e9rias, h\u00e1 quem prefira passar uns pacatos dias a dois no campo, outros preferem lugares bem mais movimentados e andar de festa em festa com um grande grupo de amigos. A forma como ocupamos os tempos livres e gostamos de nos divertir tamb\u00e9m surge no nosso mapa astral. Ora leia.<br>Por Isabel Antunes<\/p>\n<p>O Ver\u00e3o est\u00e1 a\u00ed, altura do ano em que temos em geral mais tempo para o lazer. Tamb\u00e9m neste tema a Astrologia pode dar-nos dicas \u00fateis. Para tal devemos analisar o signo que se encontra no in\u00edcio da Casa 5, Casa esta associada, entre outros temas, ao lazer, \u00e0s actividades l\u00fadicas e recreativas. Claro que para uma boa an\u00e1lise sobre este tema outros fatores do mapa devem ser tidos em conta, como por exemplo a Lua, que abord\u00e1mos numa edi\u00e7\u00e3o anterior, que nos elucida sobre as nossas necessidades emocionais.<br>Tal como dizia o cartoonista Charles Schulz, \u201cO que fazemos durante as horas de trabalho determina o que temos; o que fazemos nas horas de lazer determina o que somos.\u201d Por isso aproveite os seus tempos de lazer da melhor forma, optando por aquilo que mais sentido e bem-estar lhe d\u00e1, relaxe e desfrute!<br>Se tiver d\u00favidas em descobrir o signo que se encontra no in\u00edcio da Casa 5 no seu mapa astrol\u00f3gico, n\u00f3s informamos, basta que envie um email (ver endere\u00e7o na p\u00e1gina ao lado) com data, hora e local de nascimento.<\/p>\n<h4><strong>Carneiro<\/strong><\/h4>\n<p>Nos dias de lazer o dinamismo e a adrenalina t\u00eam de come\u00e7ar logo pela manh\u00e3 para quem Carneiro no in\u00edcio da Casa 5.Nada de ficar em casa sentada no sof\u00e1 a ver televis\u00e3o pois o ritmo das f\u00e9rias deve ser acelerado e com muitas iniciativas. Adora desporto, corrida, bicicleta ou qualquer outra actividade din\u00e2mica onde possa gastar o excesso de energia. O desejo de testar os seus pr\u00f3prios limites e o gosto pelo risco e aventura s\u00e3o ingredientes necess\u00e1rios para se sentir em pleno nos seus dias de \u00f3cio!<\/p>\n<h4><strong>Touro<\/strong><\/h4>\n<p>\u201cDolce fare niente\u201d \u00e9 o lema pois h\u00e1 que saborear e desfrutar da arte de n\u00e3o fazer nada, em estado zen. Sim, porque as f\u00e9rias s\u00e3o para descansar! Aprecia o conforto, o sil\u00eancio e a calma. Adora o campo, o verde, a natureza. O cheiro da terra, o som dos p\u00e1ssaros e da \u00e1gua a correr no riacho s\u00e3o atractivos pelo que os piqueniques, onde possa saborear e desfrutar dos bons prazeres da vida, fazem todo o sentido. Porque n\u00e3o fazer um curso de culin\u00e1ria onde poder\u00e1 aprender aquelas dicas especiais para uns deliciosos manjares, uma sess\u00e3o de degusta\u00e7\u00e3o de vinhos ou um curso de massagem?<\/p>\n<h4><strong>G\u00e9meos<\/strong><\/h4>\n<p>Feiras de livros e actividades onde possa aprender sobre v\u00e1rios assuntos que lhe interessam, fazem a alegria de quem tem G\u00e9meos na Casa 5, pois pode estar de f\u00e9rias mas a sua cabe\u00e7a n\u00e3o! Aqui a monotonia e as rotinas ficam \u00e0 porta sem qualquer possibilidade de entrar. Adora saltitar por uma variedade de lugares e experimentar novas experi\u00eancias, mas cuidado com os locais \u201csem rede\u201d pois detesta ficar incontact\u00e1vel, at\u00e9 para poder publicar fotos no facebook a dizer que est\u00e1 no para\u00edso. O bom das f\u00e9rias \u00e9 ter sempre com quem conversar, descobrir coisas novas e estar a par do que anda por a\u00ed a acontecer.<\/p>\n<h4><strong>Caranguejo<\/strong><\/h4>\n<p>H\u00e1 que escolher com cuidado os locais de destino das suas f\u00e9rias pois \u00e9 muito sens\u00edvel ao ambiente e aos humores do lugar. Procure espa\u00e7os agrad\u00e1veis e c\u00f3modos e escolha actividades que lhe d\u00eaem aconchego e conforto. Tente relaxar nos seus dias de lazer e n\u00e3o se preocupe tanto em saber se o guia tur\u00edstico sente saudades da fam\u00edlia e o recepcionista do hotel est\u00e1 demasiado cansado pois n\u00e3o encontra as chaves do quarto 37. Uma actividade de voluntariado de acolhimento de animais abandonados, crian\u00e7as em risco ou idosos carenciados seria o para\u00edso na Terra.<\/p>\n<h4><strong>Le\u00e3o<\/strong><\/h4>\n<p>Andar de festa em festa, repletas de brilho, energia e divers\u00e3o \u00e9 o que se quer! Adora actividades l\u00fadicas, gargalhadas, humor e anima\u00e7\u00e3o pelo que pertencer a um clube de anedotas ou fazer yoga do riso n\u00e3o seria de todo mal pensado.Gosta de lugares solarengos, com luminosidade, vigor e alegria. Nos momentos de lazer opte por actividades criativas onde possa expressar-se e irradiar em todo o seu esplendor, como por exemplo aprender um estilo de dan\u00e7a com ritmo ou ir para o teatro, algo onde possa pisar o palco e sentir o p\u00fablico a apreciar e a aplaudir a sua magn\u00edfica performance.<\/p>\n<h4><strong>Virgem<\/strong><\/h4>\n<p>Confesse que \u00e9 incapaz de viver no meio da desordem e por vezes aproveita os dias de folga para arrumar aquelas gavetas e estante que est\u00e3o a precisar de organiza\u00e7\u00e3o. Mas conv\u00e9m aproveitar os seus tempos de lazer tamb\u00e9m para relaxar. Escolha actividades onde se sinta, de alguma forma, prest\u00e1vel e \u00fatil. Trabalhos manuais tais como workshops de bijuteria, de restauro de m\u00f3veis e palestras sobre h\u00e1bitos de vida mais saud\u00e1veis e como reduzir a sua pegada ecol\u00f3gica s\u00e3o boas dicas. F\u00e9rias saud\u00e1veis e ecol\u00f3gicas s\u00e3o uma boa sugest\u00e3o, ent\u00e3o se for num para\u00edso natural ser\u00e1 perfeito!<\/p>\n<h4><strong>Balan\u00e7a<\/strong><\/h4>\n<p>Este signo \u00e9 regido por V\u00e9nus, o planeta associado \u00e0 beleza, pelo que quem tem Balan\u00e7a na Casa 5 gosta de passatempos em que possa lidar com tudo o que \u00e9 bonito, est\u00e9tico e charmoso. Actividades ligadas \u00e0 arte, pintura, decora\u00e7\u00e3o e dan\u00e7a fazem todo o sentido. N\u00e3o podem faltar nos seus roteiros visitas a lugares elegantes, com glamour e beleza, tais como galerias de arte e museus, onde possa explorar o seu lado est\u00e9tico e belas e elegantes esplanadas onde possa conhecer pessoas novas, conviver com amigos ou viver momentos rom\u00e2nticos a dois, ao p\u00f4r-do-sol.<\/p>\n<h4><strong>Escorpi\u00e3o<\/strong><\/h4>\n<p>Aqui os dias de lazer s\u00e3o vividos intensamente, ou seja, \u00e9 tudo ou nada! Adora o desafio e locais onde encontra emo\u00e7\u00f5es fortes. Esque\u00e7a os lugares com muita gente, pois para si \u00e9 importante ter a sua privacidade, n\u00e3o v\u00e1 encontrar o seu chefe em cal\u00e7\u00f5es mesmo ao seu lado a apanhar sol! Descobrir esconderijos secretos, explorar mist\u00e9rios ocultos e tesouros perdidos fazem as suas del\u00edcias. Vive os seus momentos de lazer com paix\u00e3o e intensidade, quer seja a dois ou a investigar um segredo por desvendar.<\/p>\n<h4><strong>Sagit\u00e1rio<\/strong><\/h4>\n<p>Embarcar numa viagem repleta de adrenalina, aventuras e descobertas \u00e9 o para\u00edso para quem tem Sagit\u00e1rio na Casa 5. Possui uma constante e incessante busca pelo desconhecido pelo que est\u00e1 sempre \u00e0 procura de caminhos e destinos nunca antes \u201cnavegados\u201d. Os lugares de lazer devem ser ao ar livre onde possa estar solta e apreciar a liberdade. A expans\u00e3o de horizontes tamb\u00e9m pode vir atrav\u00e9s de cursos de filosofia ou de outros saberes que permitam viajar para mundos distantes, long\u00ednquos e inspiradores.<\/p>\n<h4><strong>Capric\u00f3rnio<\/strong><\/h4>\n<p>As f\u00e9rias t\u00eam que ser devidamente planeadas e se poss\u00edvel com a necess\u00e1ria anteced\u00eancia pois n\u00e3o gosta de imprevistos nem de \u201ccoisas em cima do joelho\u201d! Aprecia ambientes de paz e de tranquilidade para desfrutar dos seus momentos de lazer. O mais importante, n\u00e3o seja t\u00e3o s\u00e9ria nas f\u00e9rias, descontraia e relaxe pois tudo s\u00f3 tem \u00e9 que correr bem! Como <i>hobbie<\/i> escolha uma actividade onde possa executar tarefas com uma meta a alcan\u00e7ar como por exemplo uma caminhada ou fazer aquela pe\u00e7a decorativa para a sua sala. Os jogos que exijam estrat\u00e9gia tamb\u00e9m s\u00e3o uma dica de ouro!<\/p>\n<h4><strong>Aqu\u00e1rio<\/strong><\/h4>\n<p>Ir para onde todos v\u00e3o e fazer aquilo que \u00e9 \u201csuposto\u201d e que todos fazem nem pensar! Aquelas f\u00e9rias vulgares decididamente n\u00e3o s\u00e3o a sua prefer\u00eancia, a n\u00e3o ser que incluam um ingrediente fora do comum e que tenha a ver com a sua forma de ser e estar. Adora ter espa\u00e7o, \u201car para respirar\u201d, liberdade e independ\u00eancia pelo que lugares apinhados de gente n\u00e3o s\u00e3o a sua \u201cpraia\u201d. Aproveite os seus momentos de lazer para ler aqueles livros que abordam teorias que surgiram recentemente e o t\u00eam interessado, pois com certeza ter\u00e3o lugar garantido na sua agenda.<\/p>\n<h4><strong>Peixes<\/strong><\/h4>\n<p>Estar em locais onde possa misturar-se com o todo, sentir e fundir-se com o que existe \u00e0 sua volta \u00e9 aquilo que procura para os seus momentos de lazer. Adora poder contemplar uma bela paisagem e viajar para o mundo da fantasia. \u00c9 pena n\u00e3o poder ir mesmo at\u00e9 \u00e0s nuvens. Frequente sess\u00f5es com contadores de hist\u00f3rias que fazem a sua imagina\u00e7\u00e3o voar mais e mais longe. Os cursos de fotografia e oficinas de poesia s\u00e3o tamb\u00e9m uma boa op\u00e7\u00e3o para expressar e apreciar a beleza e a arte que s\u00e3o aut\u00eanticos col\u00edrios para os olhos e balsamos para a alma!<\/p>\n<p>Todos os temas apresentados neste artigo podem ser aprendidos com maior profundidade e de forma mais completa no&nbsp;<a href=\"https:\/\/astrologiatradicionalemoderna.net\/en\/curso-transformador\/\">curso de Astrologia Tradicional e Moderna<\/a>.<\/p>\n<\/div>\n<\/div>\n<\/div>\n<\/div>\n<\/div>\n<\/div>\n<\/div>\t\t\t\t\t\t\t\t<\/div>\n\t\t\t\t<\/div>\n\t\t\t\t\t<\/div>\n\t\t\t\t<\/div>\n\t\t\t\t<\/div>","protected":false},"excerpt":{"rendered":"<p>Artigo &#8211; Astrologia e Lazer Revista Woman Gloss &#8211; edi\u00e7\u00e3o Agosto 2015por Isabel Antunes Em pleno tempo de f\u00e9rias, h\u00e1 quem prefira passar uns pacatos&hellip;<\/p>","protected":false},"author":2,"featured_media":0,"parent":113,"menu_order":8,"comment_status":"closed","ping_status":"closed","template":"","meta":{"footnotes":""},"class_list":["post-143","page","type-page","status-publish","hentry"],"yoast_head":"<!-- This site is optimized with the Yoast SEO plugin v27.3 - https:\/\/yoast.com\/product\/yoast-seo-wordpress\/ -->\n<title>Cursos astrologia, Workshops e Consultas em Lisboa - Centro Astrologia Tradicional e Moderna - Astrologia e Lazer<\/title>\n<meta name=\"description\" content=\"Cursos de Astrologia, workshops, consultas artigos e investiga\u00e7\u00e3o em Astrologia em Lisboa. Astrologia Natal, Eletiva, Hor\u00e1ria, Relacional e Vocacional - Centro de Astrologia Tradicional e Moderna. - Astrologia e Lazer\" \/>\n<meta name=\"robots\" content=\"index, follow, max-snippet:-1, max-image-preview:large, max-video-preview:-1\" \/>\n<link rel=\"canonical\" href=\"https:\/\/astrologiatradicionalemoderna.net\/en\/artigos-videos\/astrologia-e-lazer\/\" \/>\n<meta property=\"og:locale\" content=\"en_US\" \/>\n<meta property=\"og:type\" content=\"article\" \/>\n<meta property=\"og:title\" content=\"Cursos astrologia, Workshops e Consultas em Lisboa - Centro Astrologia Tradicional e Moderna - Astrologia e Lazer\" \/>\n<meta property=\"og:description\" content=\"Cursos de Astrologia, workshops, consultas artigos e investiga\u00e7\u00e3o em Astrologia em Lisboa. Astrologia Natal, Eletiva, Hor\u00e1ria, Relacional e Vocacional - Centro de Astrologia Tradicional e Moderna. - Astrologia e Lazer\" \/>\n<meta property=\"og:url\" content=\"https:\/\/astrologiatradicionalemoderna.net\/en\/artigos-videos\/astrologia-e-lazer\/\" \/>\n<meta property=\"og:site_name\" content=\"Astrologia Tradicional e Moderna\" \/>\n<meta property=\"article:publisher\" content=\"https:\/\/www.facebook.com\/Centro.de.Astrologia.Tradicional.e.Moderna\/\" \/>\n<meta property=\"article:modified_time\" content=\"2024-08-27T23:12:17+00:00\" \/>\n<meta property=\"og:image\" content=\"http:\/\/astrologiatradicionalemoderna.net\/wp-content\/uploads\/2017\/01\/Artigo-Astrologia-e-Lazer.jpg\" \/>\n<meta name=\"twitter:card\" content=\"summary_large_image\" \/>\n<meta name=\"twitter:label1\" content=\"Est. reading time\" \/>\n\t<meta name=\"twitter:data1\" content=\"9 minutes\" \/>\n<script type=\"application\/ld+json\" class=\"yoast-schema-graph\">{\"@context\":\"https:\\\/\\\/schema.org\",\"@graph\":[{\"@type\":\"WebPage\",\"@id\":\"https:\\\/\\\/astrologiatradicionalemoderna.net\\\/artigos-videos\\\/astrologia-e-lazer\\\/\",\"url\":\"https:\\\/\\\/astrologiatradicionalemoderna.net\\\/artigos-videos\\\/astrologia-e-lazer\\\/\",\"name\":\"Cursos astrologia, Workshops e Consultas em Lisboa - Centro Astrologia Tradicional e Moderna - Astrologia e Lazer\",\"isPartOf\":{\"@id\":\"https:\\\/\\\/astrologiatradicionalemoderna.net\\\/#website\"},\"primaryImageOfPage\":{\"@id\":\"https:\\\/\\\/astrologiatradicionalemoderna.net\\\/artigos-videos\\\/astrologia-e-lazer\\\/#primaryimage\"},\"image\":{\"@id\":\"https:\\\/\\\/astrologiatradicionalemoderna.net\\\/artigos-videos\\\/astrologia-e-lazer\\\/#primaryimage\"},\"thumbnailUrl\":\"http:\\\/\\\/astrologiatradicionalemoderna.net\\\/wp-content\\\/uploads\\\/2017\\\/01\\\/Artigo-Astrologia-e-Lazer.jpg\",\"datePublished\":\"2017-01-27T01:25:44+00:00\",\"dateModified\":\"2024-08-27T23:12:17+00:00\",\"description\":\"Cursos de Astrologia, workshops, consultas artigos e investiga\u00e7\u00e3o em Astrologia em Lisboa. Astrologia Natal, Eletiva, Hor\u00e1ria, Relacional e Vocacional - Centro de Astrologia Tradicional e Moderna. - Astrologia e Lazer\",\"breadcrumb\":{\"@id\":\"https:\\\/\\\/astrologiatradicionalemoderna.net\\\/artigos-videos\\\/astrologia-e-lazer\\\/#breadcrumb\"},\"inLanguage\":\"en-US\",\"potentialAction\":[{\"@type\":\"ReadAction\",\"target\":[\"https:\\\/\\\/astrologiatradicionalemoderna.net\\\/artigos-videos\\\/astrologia-e-lazer\\\/\"]}]},{\"@type\":\"ImageObject\",\"inLanguage\":\"en-US\",\"@id\":\"https:\\\/\\\/astrologiatradicionalemoderna.net\\\/artigos-videos\\\/astrologia-e-lazer\\\/#primaryimage\",\"url\":\"http:\\\/\\\/astrologiatradicionalemoderna.net\\\/wp-content\\\/uploads\\\/2017\\\/01\\\/Artigo-Astrologia-e-Lazer.jpg\",\"contentUrl\":\"http:\\\/\\\/astrologiatradicionalemoderna.net\\\/wp-content\\\/uploads\\\/2017\\\/01\\\/Artigo-Astrologia-e-Lazer.jpg\"},{\"@type\":\"BreadcrumbList\",\"@id\":\"https:\\\/\\\/astrologiatradicionalemoderna.net\\\/artigos-videos\\\/astrologia-e-lazer\\\/#breadcrumb\",\"itemListElement\":[{\"@type\":\"ListItem\",\"position\":1,\"name\":\"In\u00edcio\",\"item\":\"https:\\\/\\\/astrologiatradicionalemoderna.net\\\/\"},{\"@type\":\"ListItem\",\"position\":2,\"name\":\"Artigos &#038; Videos\",\"item\":\"https:\\\/\\\/astrologiatradicionalemoderna.net\\\/artigos-videos\\\/\"},{\"@type\":\"ListItem\",\"position\":3,\"name\":\"Astrologia e Lazer\"}]},{\"@type\":\"WebSite\",\"@id\":\"https:\\\/\\\/astrologiatradicionalemoderna.net\\\/#website\",\"url\":\"https:\\\/\\\/astrologiatradicionalemoderna.net\\\/\",\"name\":\"Astrologia Tradicional e Moderna\",\"description\":\"Centro de Astrologia Tradicional e Moderna\",\"publisher\":{\"@id\":\"https:\\\/\\\/astrologiatradicionalemoderna.net\\\/#organization\"},\"potentialAction\":[{\"@type\":\"SearchAction\",\"target\":{\"@type\":\"EntryPoint\",\"urlTemplate\":\"https:\\\/\\\/astrologiatradicionalemoderna.net\\\/?s={search_term_string}\"},\"query-input\":{\"@type\":\"PropertyValueSpecification\",\"valueRequired\":true,\"valueName\":\"search_term_string\"}}],\"inLanguage\":\"en-US\"},{\"@type\":\"Organization\",\"@id\":\"https:\\\/\\\/astrologiatradicionalemoderna.net\\\/#organization\",\"name\":\"Centro de Astrologia Tradicional e Moderna\",\"url\":\"https:\\\/\\\/astrologiatradicionalemoderna.net\\\/\",\"logo\":{\"@type\":\"ImageObject\",\"inLanguage\":\"en-US\",\"@id\":\"https:\\\/\\\/astrologiatradicionalemoderna.net\\\/#\\\/schema\\\/logo\\\/image\\\/\",\"url\":\"https:\\\/\\\/astrologiatradicionalemoderna.net\\\/wp-content\\\/uploads\\\/2023\\\/06\\\/Astrologia-Tradicional-e-Moderna_Cabecalho.jpg\",\"contentUrl\":\"https:\\\/\\\/astrologiatradicionalemoderna.net\\\/wp-content\\\/uploads\\\/2023\\\/06\\\/Astrologia-Tradicional-e-Moderna_Cabecalho.jpg\",\"width\":1300,\"height\":150,\"caption\":\"Centro de Astrologia Tradicional e Moderna\"},\"image\":{\"@id\":\"https:\\\/\\\/astrologiatradicionalemoderna.net\\\/#\\\/schema\\\/logo\\\/image\\\/\"},\"sameAs\":[\"https:\\\/\\\/www.facebook.com\\\/Centro.de.Astrologia.Tradicional.e.Moderna\\\/\",\"https:\\\/\\\/instagram.com\\\/centro_astrologia_catm?igshid=1vndr4qwwvnai\"]}]}<\/script>\n<!-- \/ Yoast SEO plugin. -->","yoast_head_json":{"title":"Cursos astrologia, Workshops e Consultas em Lisboa - Centro Astrologia Tradicional e Moderna - Astrologia e Lazer","description":"Cursos de Astrologia, workshops, consultas artigos e investiga\u00e7\u00e3o em Astrologia em Lisboa. Astrologia Natal, Eletiva, Hor\u00e1ria, Relacional e Vocacional - Centro de Astrologia Tradicional e Moderna. - Astrologia e Lazer","robots":{"index":"index","follow":"follow","max-snippet":"max-snippet:-1","max-image-preview":"max-image-preview:large","max-video-preview":"max-video-preview:-1"},"canonical":"https:\/\/astrologiatradicionalemoderna.net\/en\/artigos-videos\/astrologia-e-lazer\/","og_locale":"en_US","og_type":"article","og_title":"Cursos astrologia, Workshops e Consultas em Lisboa - Centro Astrologia Tradicional e Moderna - Astrologia e Lazer","og_description":"Cursos de Astrologia, workshops, consultas artigos e investiga\u00e7\u00e3o em Astrologia em Lisboa. Astrologia Natal, Eletiva, Hor\u00e1ria, Relacional e Vocacional - Centro de Astrologia Tradicional e Moderna. - Astrologia e Lazer","og_url":"https:\/\/astrologiatradicionalemoderna.net\/en\/artigos-videos\/astrologia-e-lazer\/","og_site_name":"Astrologia Tradicional e Moderna","article_publisher":"https:\/\/www.facebook.com\/Centro.de.Astrologia.Tradicional.e.Moderna\/","article_modified_time":"2024-08-27T23:12:17+00:00","og_image":[{"url":"http:\/\/astrologiatradicionalemoderna.net\/wp-content\/uploads\/2017\/01\/Artigo-Astrologia-e-Lazer.jpg","type":"","width":"","height":""}],"twitter_card":"summary_large_image","twitter_misc":{"Est. reading time":"9 minutes"},"schema":{"@context":"https:\/\/schema.org","@graph":[{"@type":"WebPage","@id":"https:\/\/astrologiatradicionalemoderna.net\/artigos-videos\/astrologia-e-lazer\/","url":"https:\/\/astrologiatradicionalemoderna.net\/artigos-videos\/astrologia-e-lazer\/","name":"Cursos astrologia, Workshops e Consultas em Lisboa - Centro Astrologia Tradicional e Moderna - Astrologia e Lazer","isPartOf":{"@id":"https:\/\/astrologiatradicionalemoderna.net\/#website"},"primaryImageOfPage":{"@id":"https:\/\/astrologiatradicionalemoderna.net\/artigos-videos\/astrologia-e-lazer\/#primaryimage"},"image":{"@id":"https:\/\/astrologiatradicionalemoderna.net\/artigos-videos\/astrologia-e-lazer\/#primaryimage"},"thumbnailUrl":"http:\/\/astrologiatradicionalemoderna.net\/wp-content\/uploads\/2017\/01\/Artigo-Astrologia-e-Lazer.jpg","datePublished":"2017-01-27T01:25:44+00:00","dateModified":"2024-08-27T23:12:17+00:00","description":"Cursos de Astrologia, workshops, consultas artigos e investiga\u00e7\u00e3o em Astrologia em Lisboa. Astrologia Natal, Eletiva, Hor\u00e1ria, Relacional e Vocacional - Centro de Astrologia Tradicional e Moderna. - Astrologia e Lazer","breadcrumb":{"@id":"https:\/\/astrologiatradicionalemoderna.net\/artigos-videos\/astrologia-e-lazer\/#breadcrumb"},"inLanguage":"en-US","potentialAction":[{"@type":"ReadAction","target":["https:\/\/astrologiatradicionalemoderna.net\/artigos-videos\/astrologia-e-lazer\/"]}]},{"@type":"ImageObject","inLanguage":"en-US","@id":"https:\/\/astrologiatradicionalemoderna.net\/artigos-videos\/astrologia-e-lazer\/#primaryimage","url":"http:\/\/astrologiatradicionalemoderna.net\/wp-content\/uploads\/2017\/01\/Artigo-Astrologia-e-Lazer.jpg","contentUrl":"http:\/\/astrologiatradicionalemoderna.net\/wp-content\/uploads\/2017\/01\/Artigo-Astrologia-e-Lazer.jpg"},{"@type":"BreadcrumbList","@id":"https:\/\/astrologiatradicionalemoderna.net\/artigos-videos\/astrologia-e-lazer\/#breadcrumb","itemListElement":[{"@type":"ListItem","position":1,"name":"In\u00edcio","item":"https:\/\/astrologiatradicionalemoderna.net\/"},{"@type":"ListItem","position":2,"name":"Artigos &#038; Videos","item":"https:\/\/astrologiatradicionalemoderna.net\/artigos-videos\/"},{"@type":"ListItem","position":3,"name":"Astrologia e Lazer"}]},{"@type":"WebSite","@id":"https:\/\/astrologiatradicionalemoderna.net\/#website","url":"https:\/\/astrologiatradicionalemoderna.net\/","name":"Astrologia Tradicional e Moderna","description":"Centro de Astrologia Tradicional e Moderna","publisher":{"@id":"https:\/\/astrologiatradicionalemoderna.net\/#organization"},"potentialAction":[{"@type":"SearchAction","target":{"@type":"EntryPoint","urlTemplate":"https:\/\/astrologiatradicionalemoderna.net\/?s={search_term_string}"},"query-input":{"@type":"PropertyValueSpecification","valueRequired":true,"valueName":"search_term_string"}}],"inLanguage":"en-US"},{"@type":"Organization","@id":"https:\/\/astrologiatradicionalemoderna.net\/#organization","name":"Centro de Astrologia Tradicional e Moderna","url":"https:\/\/astrologiatradicionalemoderna.net\/","logo":{"@type":"ImageObject","inLanguage":"en-US","@id":"https:\/\/astrologiatradicionalemoderna.net\/#\/schema\/logo\/image\/","url":"https:\/\/astrologiatradicionalemoderna.net\/wp-content\/uploads\/2023\/06\/Astrologia-Tradicional-e-Moderna_Cabecalho.jpg","contentUrl":"https:\/\/astrologiatradicionalemoderna.net\/wp-content\/uploads\/2023\/06\/Astrologia-Tradicional-e-Moderna_Cabecalho.jpg","width":1300,"height":150,"caption":"Centro de Astrologia Tradicional e Moderna"},"image":{"@id":"https:\/\/astrologiatradicionalemoderna.net\/#\/schema\/logo\/image\/"},"sameAs":["https:\/\/www.facebook.com\/Centro.de.Astrologia.Tradicional.e.Moderna\/","https:\/\/instagram.com\/centro_astrologia_catm?igshid=1vndr4qwwvnai"]}]}},"_links":{"self":[{"href":"https:\/\/astrologiatradicionalemoderna.net\/en\/wp-json\/wp\/v2\/pages\/143","targetHints":{"allow":["GET"]}}],"collection":[{"href":"https:\/\/astrologiatradicionalemoderna.net\/en\/wp-json\/wp\/v2\/pages"}],"about":[{"href":"https:\/\/astrologiatradicionalemoderna.net\/en\/wp-json\/wp\/v2\/types\/page"}],"author":[{"embeddable":true,"href":"https:\/\/astrologiatradicionalemoderna.net\/en\/wp-json\/wp\/v2\/users\/2"}],"replies":[{"embeddable":true,"href":"https:\/\/astrologiatradicionalemoderna.net\/en\/wp-json\/wp\/v2\/comments?post=143"}],"version-history":[{"count":5,"href":"https:\/\/astrologiatradicionalemoderna.net\/en\/wp-json\/wp\/v2\/pages\/143\/revisions"}],"predecessor-version":[{"id":14658,"href":"https:\/\/astrologiatradicionalemoderna.net\/en\/wp-json\/wp\/v2\/pages\/143\/revisions\/14658"}],"up":[{"embeddable":true,"href":"https:\/\/astrologiatradicionalemoderna.net\/en\/wp-json\/wp\/v2\/pages\/113"}],"wp:attachment":[{"href":"https:\/\/astrologiatradicionalemoderna.net\/en\/wp-json\/wp\/v2\/media?parent=143"}],"curies":[{"name":"wp","href":"https:\/\/api.w.org\/{rel}","templated":true}]}}