{"id":13810,"date":"2024-05-23T12:25:51","date_gmt":"2024-05-23T12:25:51","guid":{"rendered":"https:\/\/astrologiatradicionalemoderna.net\/?page_id=13810"},"modified":"2024-12-30T20:42:22","modified_gmt":"2024-12-30T20:42:22","slug":"termos-de-uso","status":"publish","type":"page","link":"https:\/\/astrologiatradicionalemoderna.net\/en\/termos-de-uso\/","title":{"rendered":"Termos e Condi\u00e7\u00f5es de Utiliza\u00e7\u00e3o"},"content":{"rendered":"<div data-elementor-type=\"wp-page\" data-elementor-id=\"13810\" class=\"elementor elementor-13810\" data-elementor-post-type=\"page\">\n\t\t\t\t<div class=\"elementor-element elementor-element-4faf547 e-flex e-con-boxed e-con e-parent\" data-id=\"4faf547\" data-element_type=\"container\" data-e-type=\"container\">\n\t\t\t\t\t<div class=\"e-con-inner\">\n\t\t\t\t<div class=\"elementor-element elementor-element-b874783 elementor-widget elementor-widget-heading\" data-id=\"b874783\" data-element_type=\"widget\" data-e-type=\"widget\" data-widget_type=\"heading.default\">\n\t\t\t\t<div class=\"elementor-widget-container\">\n\t\t\t\t\t<h2 class=\"elementor-heading-title elementor-size-default\">Termos e Condi\u00e7\u00f5es de Utiliza\u00e7\u00e3o dos Servi\u00e7os Prestados<\/h2>\t\t\t\t<\/div>\n\t\t\t\t<\/div>\n\t\t\t\t\t<\/div>\n\t\t\t\t<\/div>\n\t\t<div class=\"elementor-element elementor-element-74bb8a6a e-flex e-con-boxed e-con e-parent\" data-id=\"74bb8a6a\" data-element_type=\"container\" data-e-type=\"container\">\n\t\t\t\t\t<div class=\"e-con-inner\">\n\t\t\t\t<div class=\"elementor-element elementor-element-f581d9b elementor-widget elementor-widget-text-editor\" data-id=\"f581d9b\" data-element_type=\"widget\" data-e-type=\"widget\" data-widget_type=\"text-editor.default\">\n\t\t\t\t<div class=\"elementor-widget-container\">\n\t\t\t\t\t\t\t\t\t<p><\/p>\n<h2 class=\"wp-block-heading\">1. Introdu\u00e7\u00e3o<\/h2>\n<p><\/p>\n<p>Ao utilizar os nossos servi\u00e7os, est\u00e1 a concordar com os termos e condi\u00e7\u00f5es descritos neste documento. Recomendamos que leia com aten\u00e7\u00e3o.\u00a0<\/p>\n<p><\/p>\n<h2 class=\"wp-block-heading\">2. Servi\u00e7os Prestados<\/h2>\n<p><\/p>\n<p><span style=\"font-family: Aptos, sans-serif; font-size: 12pt; color: var( --e-global-color-text ); font-weight: var( --e-global-typography-text-font-weight ); text-align: var(--text-align);\">A escola oferece cursos, workshops, consultas e outros materiais relacionados com a Astrologia e o Desenvolvimento Pessoal.\u00a0<\/span><span style=\"color: var( --e-global-color-text ); font-family: Aptos, sans-serif; font-size: 12pt; font-weight: var( --e-global-typography-text-font-weight ); text-align: var(--text-align);\">Todos os servi\u00e7os s\u00e3o disponibilizados de acordo com as especifica\u00e7\u00f5es descritas no momento da sua contrata\u00e7\u00e3o.<\/span><\/p>\n<p><\/p>\n<h2 class=\"wp-block-heading\">3. Obriga\u00e7\u00f5es do Cliente<\/h2>\n<p><\/p>\n<ol class=\"wp-block-list\">\n<li style=\"list-style-type: none;\">\n<ol><\/ol>\n<\/li>\n<\/ol>\n<ul>\n<li>Fornecer informa\u00e7\u00f5es corretas e atualizadas sobre si.<\/li>\n<li><span style=\"color: var( --e-global-color-text ); font-family: var( --e-global-typography-text-font-family ), Sans-serif; font-weight: var( --e-global-typography-text-font-weight ); text-align: var(--text-align);\">Cumprir com os prazos de pagamento acordados.<\/span><\/li>\n<li>Respeitar os direitos autorais e de propriedade intelectual do material fornecido.\u00a0<\/li>\n<\/ul>\n<h2>4. Livre Resolu\u00e7\u00e3o e Reembolso<\/h2>\n<p><\/p>\n<p>O cliente tem o direito de livre resolu\u00e7\u00e3o do produto\/servi\u00e7o adquirido e ainda n\u00e3o utilizado no prazo de 14 dias de calend\u00e1rio, sem necessidade de indicar qualquer motivo, conforme legisla\u00e7\u00e3o portuguesa.<\/p>\n<p>O prazo para exerc\u00edcio do direito de livre resolu\u00e7\u00e3o expira 14 dias a contar do dia seguinte ao dia em que adquire o produto\/servi\u00e7o.<\/p>\n<p>A fim de exercer o seu direito de livre resolu\u00e7\u00e3o, tem de comunicar a sua decis\u00e3o de resolu\u00e7\u00e3o utilizando um dos meios de contacto indicados neste site antes do termino do prazo de resolu\u00e7\u00e3o.<\/p>\n<p>Efetuamos o reembolso usando, quando tal seja poss\u00edvel, o mesmo meio de pagamento que usou na transa\u00e7\u00e3o inicial, n\u00e3o incorrendo em qualquer custo como consequ\u00eancia de tal reembolso.<\/p>\n<p><\/p>\n<h2 class=\"wp-block-heading\">5. Resolu\u00e7\u00e3o por Iniciativa do Centro<\/h2>\n<p><\/p>\n<p>O Centro reserva-se o direito de encerrar o contrato em caso de:<\/p>\n<ul>\n<li>N\u00e3o cumprimento das obriga\u00e7\u00f5es por parte do cliente.<\/li>\n<li>Comportamento inadequado ou desrespeitoso durante as atividades.<\/li>\n<li>Outras situa\u00e7\u00f5es que impe\u00e7am a continuidade da presta\u00e7\u00e3o dos servi\u00e7os.<\/li>\n<\/ul>\n<p><\/p>\n<h2 class=\"wp-block-heading\">6. Propriedade Intelectual<\/h2>\n<p><\/p>\n<p>\u00c9 proibida a reprodu\u00e7\u00e3o, distribui\u00e7\u00e3o ou uso n\u00e3o autorizado dos materiais fornecidos.<\/p>\n<p><\/p>\n<h2 class=\"wp-block-heading\">7. Limita\u00e7\u00e3o de Responsabilidade<\/h2>\n<p><\/p>\n<p>A escola n\u00e3o se responsabiliza por quaisquer danos indiretos, incidentais decorrentes do uso dos servi\u00e7os prestados.\u00a0<\/p>\n<p><\/p>\n<h2 class=\"wp-block-heading\">8. Altera\u00e7\u00f5es dos Termos e Condi\u00e7\u00f5es<\/h2>\n<p><\/p>\n<p>A escola reserva-se o direito de alterar estes Termos e Condi\u00e7\u00f5es a qualquer momento. As altera\u00e7\u00f5es ser\u00e3o comunicadas com anteced\u00eancia.<\/p>\n<h2>9. Contacto<\/h2>\n<p><\/p>\n<p>Para d\u00favidas ou solicita\u00e7\u00f5es, entre em contato pelo e-mail ou telefone disponibilizados em nossa p\u00e1gina oficial.<\/p>\n<p>\u00a0<\/p>\n<p>\u00a0<\/p>\n<p><\/p>\t\t\t\t\t\t\t\t<\/div>\n\t\t\t\t<\/div>\n\t\t\t\t\t<\/div>\n\t\t\t\t<\/div>\n\t\t\t\t<\/div>","protected":false},"excerpt":{"rendered":"<p>Termos e Condi\u00e7\u00f5es de Utiliza\u00e7\u00e3o dos Servi\u00e7os Prestados 1. Introdu\u00e7\u00e3o Ao utilizar os nossos servi\u00e7os, est\u00e1 a concordar com os termos e condi\u00e7\u00f5es descritos neste&hellip;<\/p>","protected":false},"author":1,"featured_media":0,"parent":0,"menu_order":0,"comment_status":"closed","ping_status":"closed","template":"","meta":{"footnotes":""},"class_list":["post-13810","page","type-page","status-publish","hentry"],"yoast_head":"<!-- This site is optimized with the Yoast SEO plugin v27.3 - https:\/\/yoast.com\/product\/yoast-seo-wordpress\/ -->\n<title>Termos e Condi\u00e7\u00f5es de Utiliza\u00e7\u00e3o - Astrologia Tradicional e Moderna<\/title>\n<meta name=\"robots\" content=\"index, follow, max-snippet:-1, max-image-preview:large, max-video-preview:-1\" \/>\n<link rel=\"canonical\" href=\"https:\/\/astrologiatradicionalemoderna.net\/en\/termos-de-uso\/\" \/>\n<meta property=\"og:locale\" content=\"en_US\" \/>\n<meta property=\"og:type\" content=\"article\" \/>\n<meta property=\"og:title\" content=\"Termos e Condi\u00e7\u00f5es de Utiliza\u00e7\u00e3o - Astrologia Tradicional e Moderna\" \/>\n<meta property=\"og:description\" content=\"Termos e Condi\u00e7\u00f5es de Utiliza\u00e7\u00e3o dos Servi\u00e7os Prestados 1. Introdu\u00e7\u00e3o Ao utilizar os nossos servi\u00e7os, est\u00e1 a concordar com os termos e condi\u00e7\u00f5es descritos neste&hellip;\" \/>\n<meta property=\"og:url\" content=\"https:\/\/astrologiatradicionalemoderna.net\/en\/termos-de-uso\/\" \/>\n<meta property=\"og:site_name\" content=\"Astrologia Tradicional e Moderna\" \/>\n<meta property=\"article:publisher\" content=\"https:\/\/www.facebook.com\/Centro.de.Astrologia.Tradicional.e.Moderna\/\" \/>\n<meta property=\"article:modified_time\" content=\"2024-12-30T20:42:22+00:00\" \/>\n<meta name=\"twitter:card\" content=\"summary_large_image\" \/>\n<meta name=\"twitter:label1\" content=\"Est. reading time\" \/>\n\t<meta name=\"twitter:data1\" content=\"2 minutes\" \/>\n<script type=\"application\/ld+json\" class=\"yoast-schema-graph\">{\"@context\":\"https:\\\/\\\/schema.org\",\"@graph\":[{\"@type\":\"WebPage\",\"@id\":\"https:\\\/\\\/astrologiatradicionalemoderna.net\\\/termos-de-uso\\\/\",\"url\":\"https:\\\/\\\/astrologiatradicionalemoderna.net\\\/termos-de-uso\\\/\",\"name\":\"Termos e Condi\u00e7\u00f5es de Utiliza\u00e7\u00e3o - Astrologia Tradicional e Moderna\",\"isPartOf\":{\"@id\":\"https:\\\/\\\/astrologiatradicionalemoderna.net\\\/#website\"},\"datePublished\":\"2024-05-23T12:25:51+00:00\",\"dateModified\":\"2024-12-30T20:42:22+00:00\",\"breadcrumb\":{\"@id\":\"https:\\\/\\\/astrologiatradicionalemoderna.net\\\/termos-de-uso\\\/#breadcrumb\"},\"inLanguage\":\"en-US\",\"potentialAction\":[{\"@type\":\"ReadAction\",\"target\":[\"https:\\\/\\\/astrologiatradicionalemoderna.net\\\/termos-de-uso\\\/\"]}]},{\"@type\":\"BreadcrumbList\",\"@id\":\"https:\\\/\\\/astrologiatradicionalemoderna.net\\\/termos-de-uso\\\/#breadcrumb\",\"itemListElement\":[{\"@type\":\"ListItem\",\"position\":1,\"name\":\"In\u00edcio\",\"item\":\"https:\\\/\\\/astrologiatradicionalemoderna.net\\\/\"},{\"@type\":\"ListItem\",\"position\":2,\"name\":\"Termos e Condi\u00e7\u00f5es de Utiliza\u00e7\u00e3o\"}]},{\"@type\":\"WebSite\",\"@id\":\"https:\\\/\\\/astrologiatradicionalemoderna.net\\\/#website\",\"url\":\"https:\\\/\\\/astrologiatradicionalemoderna.net\\\/\",\"name\":\"Astrologia Tradicional e Moderna\",\"description\":\"Centro de Astrologia Tradicional e Moderna\",\"publisher\":{\"@id\":\"https:\\\/\\\/astrologiatradicionalemoderna.net\\\/#organization\"},\"potentialAction\":[{\"@type\":\"SearchAction\",\"target\":{\"@type\":\"EntryPoint\",\"urlTemplate\":\"https:\\\/\\\/astrologiatradicionalemoderna.net\\\/?s={search_term_string}\"},\"query-input\":{\"@type\":\"PropertyValueSpecification\",\"valueRequired\":true,\"valueName\":\"search_term_string\"}}],\"inLanguage\":\"en-US\"},{\"@type\":\"Organization\",\"@id\":\"https:\\\/\\\/astrologiatradicionalemoderna.net\\\/#organization\",\"name\":\"Centro de Astrologia Tradicional e Moderna\",\"url\":\"https:\\\/\\\/astrologiatradicionalemoderna.net\\\/\",\"logo\":{\"@type\":\"ImageObject\",\"inLanguage\":\"en-US\",\"@id\":\"https:\\\/\\\/astrologiatradicionalemoderna.net\\\/#\\\/schema\\\/logo\\\/image\\\/\",\"url\":\"https:\\\/\\\/astrologiatradicionalemoderna.net\\\/wp-content\\\/uploads\\\/2023\\\/06\\\/Astrologia-Tradicional-e-Moderna_Cabecalho.jpg\",\"contentUrl\":\"https:\\\/\\\/astrologiatradicionalemoderna.net\\\/wp-content\\\/uploads\\\/2023\\\/06\\\/Astrologia-Tradicional-e-Moderna_Cabecalho.jpg\",\"width\":1300,\"height\":150,\"caption\":\"Centro de Astrologia Tradicional e Moderna\"},\"image\":{\"@id\":\"https:\\\/\\\/astrologiatradicionalemoderna.net\\\/#\\\/schema\\\/logo\\\/image\\\/\"},\"sameAs\":[\"https:\\\/\\\/www.facebook.com\\\/Centro.de.Astrologia.Tradicional.e.Moderna\\\/\",\"https:\\\/\\\/instagram.com\\\/centro_astrologia_catm?igshid=1vndr4qwwvnai\"]}]}<\/script>\n<!-- \/ Yoast SEO plugin. -->","yoast_head_json":{"title":"Termos e Condi\u00e7\u00f5es de Utiliza\u00e7\u00e3o - Astrologia Tradicional e Moderna","robots":{"index":"index","follow":"follow","max-snippet":"max-snippet:-1","max-image-preview":"max-image-preview:large","max-video-preview":"max-video-preview:-1"},"canonical":"https:\/\/astrologiatradicionalemoderna.net\/en\/termos-de-uso\/","og_locale":"en_US","og_type":"article","og_title":"Termos e Condi\u00e7\u00f5es de Utiliza\u00e7\u00e3o - Astrologia Tradicional e Moderna","og_description":"Termos e Condi\u00e7\u00f5es de Utiliza\u00e7\u00e3o dos Servi\u00e7os Prestados 1. Introdu\u00e7\u00e3o Ao utilizar os nossos servi\u00e7os, est\u00e1 a concordar com os termos e condi\u00e7\u00f5es descritos neste&hellip;","og_url":"https:\/\/astrologiatradicionalemoderna.net\/en\/termos-de-uso\/","og_site_name":"Astrologia Tradicional e Moderna","article_publisher":"https:\/\/www.facebook.com\/Centro.de.Astrologia.Tradicional.e.Moderna\/","article_modified_time":"2024-12-30T20:42:22+00:00","twitter_card":"summary_large_image","twitter_misc":{"Est. reading time":"2 minutes"},"schema":{"@context":"https:\/\/schema.org","@graph":[{"@type":"WebPage","@id":"https:\/\/astrologiatradicionalemoderna.net\/termos-de-uso\/","url":"https:\/\/astrologiatradicionalemoderna.net\/termos-de-uso\/","name":"Termos e Condi\u00e7\u00f5es de Utiliza\u00e7\u00e3o - Astrologia Tradicional e Moderna","isPartOf":{"@id":"https:\/\/astrologiatradicionalemoderna.net\/#website"},"datePublished":"2024-05-23T12:25:51+00:00","dateModified":"2024-12-30T20:42:22+00:00","breadcrumb":{"@id":"https:\/\/astrologiatradicionalemoderna.net\/termos-de-uso\/#breadcrumb"},"inLanguage":"en-US","potentialAction":[{"@type":"ReadAction","target":["https:\/\/astrologiatradicionalemoderna.net\/termos-de-uso\/"]}]},{"@type":"BreadcrumbList","@id":"https:\/\/astrologiatradicionalemoderna.net\/termos-de-uso\/#breadcrumb","itemListElement":[{"@type":"ListItem","position":1,"name":"In\u00edcio","item":"https:\/\/astrologiatradicionalemoderna.net\/"},{"@type":"ListItem","position":2,"name":"Termos e Condi\u00e7\u00f5es de Utiliza\u00e7\u00e3o"}]},{"@type":"WebSite","@id":"https:\/\/astrologiatradicionalemoderna.net\/#website","url":"https:\/\/astrologiatradicionalemoderna.net\/","name":"Astrologia Tradicional e Moderna","description":"Centro de Astrologia Tradicional e Moderna","publisher":{"@id":"https:\/\/astrologiatradicionalemoderna.net\/#organization"},"potentialAction":[{"@type":"SearchAction","target":{"@type":"EntryPoint","urlTemplate":"https:\/\/astrologiatradicionalemoderna.net\/?s={search_term_string}"},"query-input":{"@type":"PropertyValueSpecification","valueRequired":true,"valueName":"search_term_string"}}],"inLanguage":"en-US"},{"@type":"Organization","@id":"https:\/\/astrologiatradicionalemoderna.net\/#organization","name":"Centro de Astrologia Tradicional e Moderna","url":"https:\/\/astrologiatradicionalemoderna.net\/","logo":{"@type":"ImageObject","inLanguage":"en-US","@id":"https:\/\/astrologiatradicionalemoderna.net\/#\/schema\/logo\/image\/","url":"https:\/\/astrologiatradicionalemoderna.net\/wp-content\/uploads\/2023\/06\/Astrologia-Tradicional-e-Moderna_Cabecalho.jpg","contentUrl":"https:\/\/astrologiatradicionalemoderna.net\/wp-content\/uploads\/2023\/06\/Astrologia-Tradicional-e-Moderna_Cabecalho.jpg","width":1300,"height":150,"caption":"Centro de Astrologia Tradicional e Moderna"},"image":{"@id":"https:\/\/astrologiatradicionalemoderna.net\/#\/schema\/logo\/image\/"},"sameAs":["https:\/\/www.facebook.com\/Centro.de.Astrologia.Tradicional.e.Moderna\/","https:\/\/instagram.com\/centro_astrologia_catm?igshid=1vndr4qwwvnai"]}]}},"_links":{"self":[{"href":"https:\/\/astrologiatradicionalemoderna.net\/en\/wp-json\/wp\/v2\/pages\/13810","targetHints":{"allow":["GET"]}}],"collection":[{"href":"https:\/\/astrologiatradicionalemoderna.net\/en\/wp-json\/wp\/v2\/pages"}],"about":[{"href":"https:\/\/astrologiatradicionalemoderna.net\/en\/wp-json\/wp\/v2\/types\/page"}],"author":[{"embeddable":true,"href":"https:\/\/astrologiatradicionalemoderna.net\/en\/wp-json\/wp\/v2\/users\/1"}],"replies":[{"embeddable":true,"href":"https:\/\/astrologiatradicionalemoderna.net\/en\/wp-json\/wp\/v2\/comments?post=13810"}],"version-history":[{"count":5,"href":"https:\/\/astrologiatradicionalemoderna.net\/en\/wp-json\/wp\/v2\/pages\/13810\/revisions"}],"predecessor-version":[{"id":15027,"href":"https:\/\/astrologiatradicionalemoderna.net\/en\/wp-json\/wp\/v2\/pages\/13810\/revisions\/15027"}],"wp:attachment":[{"href":"https:\/\/astrologiatradicionalemoderna.net\/en\/wp-json\/wp\/v2\/media?parent=13810"}],"curies":[{"name":"wp","href":"https:\/\/api.w.org\/{rel}","templated":true}]}}