{"id":137,"date":"2017-01-27T02:16:38","date_gmt":"2017-01-27T01:16:38","guid":{"rendered":"http:\/\/astrologiatradicionalemoderna.net\/?page_id=137"},"modified":"2024-08-25T23:14:30","modified_gmt":"2024-08-25T23:14:30","slug":"astrologia-relacionamentos","status":"publish","type":"page","link":"https:\/\/astrologiatradicionalemoderna.net\/en\/artigos-videos\/astrologia-relacionamentos\/","title":{"rendered":"Astrologia Relacionamentos"},"content":{"rendered":"<div data-elementor-type=\"wp-page\" data-elementor-id=\"137\" class=\"elementor elementor-137\" data-elementor-post-type=\"page\">\n\t\t\t\t<div class=\"elementor-element elementor-element-24c4b47b e-flex e-con-boxed e-con e-parent\" data-id=\"24c4b47b\" data-element_type=\"container\" data-e-type=\"container\">\n\t\t\t\t\t<div class=\"e-con-inner\">\n\t\t\t\t<div class=\"elementor-element elementor-element-663dd14c elementor-widget elementor-widget-text-editor\" data-id=\"663dd14c\" data-element_type=\"widget\" data-e-type=\"widget\" data-widget_type=\"text-editor.default\">\n\t\t\t\t<div class=\"elementor-widget-container\">\n\t\t\t\t\t\t\t\t\t<div id=\"pl-137\" class=\"panel-layout\"><div id=\"pg-137-0\" class=\"panel-grid panel-no-style\"><div id=\"pgc-137-0-0\" class=\"panel-grid-cell\" data-weight=\"1\"><div id=\"panel-137-0-0-0\" class=\"so-panel widget_sow-editor panel-first-child panel-last-child\" data-index=\"0\" data-style=\"{&quot;class&quot;:&quot;AstroContentDiv&quot;,&quot;background_display&quot;:&quot;tile&quot;}\"><div class=\"AstroContentDiv panel-widget-style panel-widget-style-for-137-0-0-0\"><div class=\"so-widget-sow-editor so-widget-sow-editor-base\"><div class=\"siteorigin-widget-tinymce textwidget\"><p>\u00a0<\/p><h3>Artigo &#8211; <strong>O que Procura o seu Amor?<\/strong><\/h3><p>Revista Gloss Woman<br \/>Edi\u00e7\u00e3o Maio 2015<br \/>por <a href=\"http:\/\/astrologiatradicionalemoderna.net\/en\/quem-somos\/fundadora-e-responsavel-isabel-antunes\/#quemSomosIsabel\"><u>Isabel Antunes<\/u><\/a><\/p><p><img loading=\"lazy\" decoding=\"async\" class=\"alignnone wp-image-138 size-medium\" src=\"https:\/\/astrologiatradicionalemoderna.net\/wp-content\/uploads\/2017\/01\/womangloss_1-110dupla-scaled-1-300x194.jpg\" alt=\"Os Relacionamentos Amorosos e a Astrologia Tradicional e Moderna\" width=\"300\" height=\"194\" srcset=\"https:\/\/astrologiatradicionalemoderna.net\/wp-content\/uploads\/2017\/01\/womangloss_1-110dupla-scaled-1-300x194.jpg 300w, https:\/\/astrologiatradicionalemoderna.net\/wp-content\/uploads\/2017\/01\/womangloss_1-110dupla-scaled-1-1024x662.jpg 1024w, https:\/\/astrologiatradicionalemoderna.net\/wp-content\/uploads\/2017\/01\/womangloss_1-110dupla-scaled-1-768x497.jpg 768w, https:\/\/astrologiatradicionalemoderna.net\/wp-content\/uploads\/2017\/01\/womangloss_1-110dupla-scaled-1-1536x993.jpg 1536w, https:\/\/astrologiatradicionalemoderna.net\/wp-content\/uploads\/2017\/01\/womangloss_1-110dupla-scaled-1-2048x1324.jpg 2048w\" sizes=\"auto, (max-width: 300px) 100vw, 300px\" \/><\/p><p>Esque\u00e7a as previs\u00f5es astrol\u00f3gicas baseadas no signo solar, sem qualquer credibilidade. Mas a Astrologia pode fornecer outras informa\u00e7\u00f5es importantes, por exemplo, sobre o que cada um procura num relacionamento afectivo. S\u00f3 precisa de saber o Ascendente da sua cara-metade e ver na tabela qual o signo Descendente.<br \/>Por Isabel Antunes<\/p><p>A Astrologia \u00e9 um conhecimento milenar riqu\u00edssimo que ao longo dos tempos tem sido estudado e utilizado por grandes e ilustres personalidades. Importa preservar toda a sua riqueza e ess\u00eancia e n\u00e3o deturp\u00e1-la atrav\u00e9s de simplifica\u00e7\u00f5es abusivas onde perde todo o seu imenso valor. O mapa astrol\u00f3gico \u00e9 composto por in\u00fameros elementos de enorme import\u00e2ncia ao n\u00edvel da interpreta\u00e7\u00e3o pelo que uma an\u00e1lise tendo apenas em conta o signo solar \u00e9 demasiado simplista e redutora deixando de fazer qualquer sentido.<br \/>Como vamos abordar os relacionamentos amorosos devemos considerare analisar o signo que se encontra no Descendente do mapa astrol\u00f3gico. (Ver quadro na p\u00e1gina seguinte onde por exemplo \u00e9 Balan\u00e7a). Convido-o a descobrir mais sobre si e o seu amor pois basta saber o signo Ascendenteque o signo Descendente \u00e9 fornecido na tabela.Para uma interpreta\u00e7\u00e3o mais completa sobre os relacionamentos amorosos v\u00e1rios outros factores do mapa teriam que ser tidos em conta.<\/p><p>\u00a0<\/p><h4><strong>Carneiro<\/strong><\/h4><p>Com Carneiro no Descendente e em mat\u00e9ria de relacionamentos amorosos v\u00e3o directos ao assunto sem perder muito tempo com devaneios e fantasias. Tomam a iniciativa, s\u00e3o impulsivos, adoram a conquista e o desafio. N\u00e3o gostam de obter nada de m\u00e3o beijada por isso n\u00e3o d\u00ea logo tudo de bandeja mas tamb\u00e9m n\u00e3o se fa\u00e7a de muito dif\u00edcil pois podem desistir com facilidade. Procuram alguma independ\u00eancia e espa\u00e7o na rela\u00e7\u00e3o caso contr\u00e1rio podem sentir-se sufocados.<\/p><p>\u00a0<\/p><h4><strong>Touro<\/strong><\/h4><p>O amor e uma cabana aqui n\u00e3o resultam pois o conforto, a comodidade e o apreciar dos bons prazeres da vida s\u00e3o o prato forte. Os cinco sentidos, a satisfa\u00e7\u00e3o sensorial e a sensualidade assumem grande import\u00e2ncia, saboreando e degustando tudo com calma. S\u00e3o pacientes e n\u00e3o gostam de mudan\u00e7as. H\u00e1 uma busca por estabilidade, solidez e pela constru\u00e7\u00e3o de algo duradouro na rela\u00e7\u00e3o.<\/p><p>\u00a0<\/p><h4><strong>G\u00e9meos<\/strong><\/h4><p>Aqui a rotina \u00e9 posta de lado pois o que se quer, com G\u00e9meos no Descendente, \u00e9 variedade nos relacionamentos amorosos. Antes de tudo necessitam de sentir companheirismo com a pessoa amada, s\u00f3 depois \u00e9 que avan\u00e7am. Experimentam uma nova rela\u00e7\u00e3o e depois logo se v\u00ea.As rela\u00e7\u00f5es s\u00e3o encaradas com leveza, ligeireza e dinamismo.Ter algu\u00e9m com quem conversar e com quem aprender algo novo \u00e9 o mais importante.<\/p><p>\u00a0<\/p><h4><strong>Caranguejo<\/strong><\/h4><p>A rela\u00e7\u00e3o \u00e9 encarada como um porto de abrigo onde sentem que chegam a terra firme e segura. Parceiros com Caranguejo no Descendente s\u00e3o muito emocionais e sens\u00edveis, por vezes tamb\u00e9m inst\u00e1veis na rela\u00e7\u00e3o. Gostam de acarinhar, apaparicar e mimar. Buscam prote\u00e7\u00e3o ecolinho, gostam de cuidar do outro e de serem cuidados. Procuram intimidade com a pessoa amada, sempre recheada de muito carinho, aconchego e mimos.<\/p><p>\u00a0<\/p><h4><strong>Le\u00e3o<\/strong><\/h4><p>Se o mundo pudesse girar em torno dele seria perfeito. Quer entusiasmo, brilho e aten\u00e7\u00e3o na rela\u00e7\u00e3o. Precisa de espa\u00e7o para poder ser e irradiar quem ele \u00e9. Adora ser reconhecido e elogiado pela sua cara-metade e procura algu\u00e9m que o acompanhe nas suas brincadeiras, gargalhadas e divers\u00f5es criativas, por vezes at\u00e9 meio loucas. \u00c9 caloroso e expressa os seus afectos com grandiosidade e intensidade.<\/p><p>\u00a0<\/p><h4><strong>Virgem<\/strong><\/h4><p>Perfei\u00e7\u00e3o, organiza\u00e7\u00e3o e rigor s\u00e3o as palavras de ordem. Procura um relacionamento funcional e pr\u00e1tico onde tudo esteja ordenado de forma concreta. Gosta de cuidar das necessidades pr\u00e1ticas e concretas do outro, sentir-se \u00fatil e prest\u00e1vel. Encontrar as vitaminas certas, tratar da papelada\u2026 S\u00e3o tamb\u00e9m parceiros exigentes por isso cuidado para n\u00e3o \u201cmeter o p\u00e9 na argola\u201d pois as cr\u00edticas podem surgir de imediato!<\/p><p>\u00a0<\/p><h4><strong>Balan\u00e7a<\/strong><\/h4><p>Imagine um jantar rom\u00e2ntico \u00e0 luz de velas, um beijo apaixonado ao p\u00f4r-do-sol, uma bela e art\u00edstica serenata e deixe-se levar por toda esta beleza e harmonia que \u00e9 o que o seu amor procura nos relacionamentos. Gosta de parceiros com charme, eleg\u00e2ncia, simpatia e graciosidade. Pode sentir necessidade de agradar, valoriza a diplomacia pelo que o confronto directo n\u00e3o \u00e9 a sua especialidade.<\/p><p>\u00a0<\/p><h4><strong>Escorpi\u00e3o<\/strong><\/h4><p>Aqui vive-se um amor escaldante, intenso e passional \u00e0 maneira do tango argentino com toda a sua sedu\u00e7\u00e3o, intimidade e magnetismo. As rela\u00e7\u00f5es s\u00e3o picantes e ardentes. N\u00e3o quer apenas um companheiro mas sim um amante para a vida com quem gosta de partilhar sensa\u00e7\u00f5es e emo\u00e7\u00f5es levando tudo at\u00e9 ao limite. \u00c9 leal e dedicado \u00e0 pessoa amada podendo por vezes tornar-se ciumento e obsessivo.<\/p><p>\u00a0<\/p><h4><strong>Sagit\u00e1rio<\/strong><\/h4><p>Embarcar numa aventura, viajar ealargar horizontes est\u00e3o na lista de actividades que procura fazer com a sua cara-metade. O entusiasmo, a paix\u00e3o e a descoberta, bem como a exist\u00eancia de espa\u00e7o e liberdade s\u00e3o ingredientes importantes para o sucesso da rela\u00e7\u00e3o. Aqui tamb\u00e9m \u00e9 importante que n\u00e3o haja rotina e sim variedade e vontade para aprender e descobrir \u201cnovos mundos\u201d.<\/p><p>\u00a0<\/p><h4><strong>Capric\u00f3rnio<\/strong><\/h4><p>Ter um \u201ctapete debaixo dos p\u00e9s\u201d e saber com o que pode contar, se se trata apenas de uma noite, uma amizade colorida ou uma rela\u00e7\u00e3o de compromisso h\u00e1 que ficar desde logo definido! A rela\u00e7\u00e3o de compromisso \u00e9 a sua prefer\u00eancia que gosta de viver com reserva, alguma conten\u00e7\u00e3o e sobriedade. \u00c9 mais t\u00edmido e reservado na express\u00e3o dos afectos pois mais importante do que a paix\u00e3o \u00e9 ter os \u201cp\u00e9s assentes na terra\u201d!<\/p><h4><strong>Aqu\u00e1rio<\/strong><\/h4>&#8220;Liberdade, Igualdade e Fraternidade&#8221;. Estas palavras enunciadas na Revolu\u00e7\u00e3o Francesa descrevem o que este parceiro procura numa rela\u00e7\u00e3o amorosa. A afinidade intelectual e a partilha de ideologias s\u00e3o muito importantes. Detesta parceiros \u201cpegajosos\u201d, possessivos e ciumentos pois privilegia a exist\u00eancia de espa\u00e7o e de individualidade. Procura relacionamentos duradouros.<h4><strong>Peixes<\/strong><\/h4>O amor sublime, que cega e inebria, que \u00e9 capaz de nos fazer esquecer o mundo real e s\u00f3 viver num mundo de fantasia \u00e9 o que se aspira. A sua cara-metade necessita de empatia amorosa, muito carinho, ternura e afecto. Procura uma rela\u00e7\u00e3o onde possa sonhar e dedicar-se \u00e0 pessoa amada projectando por vezes os seus ideais e aspira\u00e7\u00f5es. Algu\u00e9m sens\u00edvel, doce e meigo cativa qualquer um com Peixes no Descendente.<p><strong>Isabel Antunes<\/strong><br \/>Licenciou-se em Economia, pela Universidade Nova de Lisboa, por pensar que poderia contribuir para um mundo melhor. Ao fim de sete anos como supervisora dos mercados financeiros constatou que a via n\u00e3o era essa e, por sua iniciativa e livre vontade, escolheu ajudar as pessoas atrav\u00e9s da Astrologia, \u201cuma poderos\u00edssima ferramenta de auto-conhecimento e desenvolvimento pessoal\u201d.<br \/>Inicialmente c\u00e9ptica, descobriu este universo atrav\u00e9s de um familiar e, a partir de 1998, dedicou-se ao seu estudo, com reputados astr\u00f3logos portugueses e estrangeiros.<br \/>Em 2004 criou o Espa\u00e7o Anima, espa\u00e7o de forma\u00e7\u00e3o (nomeadamente <u>cursos de Astrologia<\/u>) e consultoria em \u00e1reas de desenvolvimento pessoal, incluindo hipnose cl\u00ednica, em que se diplomou no London College of Clinical Hypnosis.<br \/>Posteriormente fundou o Centro de Astrologia Tradicional e Moderna dedicado ao ensino, consultoria, investiga\u00e7\u00e3o e divulga\u00e7\u00e3o da Astrologia Tradicional e Moderna.<br \/>Fundou tamb\u00e9m a Associa\u00e7\u00e3o Portuguesa de Desenvolvimento Pessoal, organizou o Life Festival Vida, d\u00e1 palestras em m\u00faltiplos eventos. N\u00e3o p\u00e1ra.<\/p><p>Garante que previs\u00f5es astrol\u00f3gicas baseadas apenas no signo solar n\u00e3o t\u00eam qualquer credibilidade.<br \/>astrologiatradicionalemoderna.net<\/p><p>Todos os temas apresentados neste artigo podem ser aprendidos com maior profundidade e de forma mais completa no <u><a href=\"http:\/\/astrologiatradicionalemoderna.net\/en\/cursos\/\">curso de Astrologia Tradicional e Moderna<\/a>.<\/u><\/p><\/div><\/div><\/div><\/div><\/div><\/div><\/div>\t\t\t\t\t\t\t\t<\/div>\n\t\t\t\t<\/div>\n\t\t\t\t\t<\/div>\n\t\t\t\t<\/div>\n\t\t\t\t<\/div>","protected":false},"excerpt":{"rendered":"<p>\u00a0 Artigo &#8211; O que Procura o seu Amor? Revista Gloss WomanEdi\u00e7\u00e3o Maio 2015por Isabel Antunes Esque\u00e7a as previs\u00f5es astrol\u00f3gicas baseadas no signo solar, sem&hellip;<\/p>","protected":false},"author":2,"featured_media":0,"parent":113,"menu_order":6,"comment_status":"closed","ping_status":"closed","template":"","meta":{"footnotes":""},"class_list":["post-137","page","type-page","status-publish","hentry"],"yoast_head":"<!-- This site is optimized with the Yoast SEO plugin v27.3 - https:\/\/yoast.com\/product\/yoast-seo-wordpress\/ -->\n<title>Cursos astrologia, Workshops e Consultas em Lisboa - Centro Astrologia Tradicional e Moderna - Astrologia Relacionamentos<\/title>\n<meta name=\"description\" content=\"Cursos de Astrologia, workshops, consultas artigos e investiga\u00e7\u00e3o em Astrologia em Lisboa. Astrologia Natal, Eletiva, Hor\u00e1ria, Relacional e Vocacional - Centro de Astrologia Tradicional e Moderna. - Astrologia Relacionamentos\" \/>\n<meta name=\"robots\" content=\"index, follow, max-snippet:-1, max-image-preview:large, max-video-preview:-1\" \/>\n<link rel=\"canonical\" href=\"https:\/\/astrologiatradicionalemoderna.net\/en\/artigos-videos\/astrologia-relacionamentos\/\" \/>\n<meta property=\"og:locale\" content=\"en_US\" \/>\n<meta property=\"og:type\" content=\"article\" \/>\n<meta property=\"og:title\" content=\"Cursos astrologia, Workshops e Consultas em Lisboa - Centro Astrologia Tradicional e Moderna - Astrologia Relacionamentos\" \/>\n<meta property=\"og:description\" content=\"Cursos de Astrologia, workshops, consultas artigos e investiga\u00e7\u00e3o em Astrologia em Lisboa. Astrologia Natal, Eletiva, Hor\u00e1ria, Relacional e Vocacional - Centro de Astrologia Tradicional e Moderna. - Astrologia Relacionamentos\" \/>\n<meta property=\"og:url\" content=\"https:\/\/astrologiatradicionalemoderna.net\/en\/artigos-videos\/astrologia-relacionamentos\/\" \/>\n<meta property=\"og:site_name\" content=\"Astrologia Tradicional e Moderna\" \/>\n<meta property=\"article:publisher\" content=\"https:\/\/www.facebook.com\/Centro.de.Astrologia.Tradicional.e.Moderna\/\" \/>\n<meta property=\"article:modified_time\" content=\"2024-08-25T23:14:30+00:00\" \/>\n<meta property=\"og:image\" content=\"https:\/\/astrologiatradicionalemoderna.net\/wp-content\/uploads\/2017\/01\/womangloss_1-110dupla-scaled-1-300x194.jpg\" \/>\n<meta name=\"twitter:card\" content=\"summary_large_image\" \/>\n<meta name=\"twitter:label1\" content=\"Est. reading time\" \/>\n\t<meta name=\"twitter:data1\" content=\"7 minutes\" \/>\n<script type=\"application\/ld+json\" class=\"yoast-schema-graph\">{\"@context\":\"https:\\\/\\\/schema.org\",\"@graph\":[{\"@type\":\"WebPage\",\"@id\":\"https:\\\/\\\/astrologiatradicionalemoderna.net\\\/artigos-videos\\\/astrologia-relacionamentos\\\/\",\"url\":\"https:\\\/\\\/astrologiatradicionalemoderna.net\\\/artigos-videos\\\/astrologia-relacionamentos\\\/\",\"name\":\"Cursos astrologia, Workshops e Consultas em Lisboa - Centro Astrologia Tradicional e Moderna - Astrologia Relacionamentos\",\"isPartOf\":{\"@id\":\"https:\\\/\\\/astrologiatradicionalemoderna.net\\\/#website\"},\"primaryImageOfPage\":{\"@id\":\"https:\\\/\\\/astrologiatradicionalemoderna.net\\\/artigos-videos\\\/astrologia-relacionamentos\\\/#primaryimage\"},\"image\":{\"@id\":\"https:\\\/\\\/astrologiatradicionalemoderna.net\\\/artigos-videos\\\/astrologia-relacionamentos\\\/#primaryimage\"},\"thumbnailUrl\":\"https:\\\/\\\/astrologiatradicionalemoderna.net\\\/wp-content\\\/uploads\\\/2017\\\/01\\\/womangloss_1-110dupla-scaled-1-300x194.jpg\",\"datePublished\":\"2017-01-27T01:16:38+00:00\",\"dateModified\":\"2024-08-25T23:14:30+00:00\",\"description\":\"Cursos de Astrologia, workshops, consultas artigos e investiga\u00e7\u00e3o em Astrologia em Lisboa. Astrologia Natal, Eletiva, Hor\u00e1ria, Relacional e Vocacional - Centro de Astrologia Tradicional e Moderna. - Astrologia Relacionamentos\",\"breadcrumb\":{\"@id\":\"https:\\\/\\\/astrologiatradicionalemoderna.net\\\/artigos-videos\\\/astrologia-relacionamentos\\\/#breadcrumb\"},\"inLanguage\":\"en-US\",\"potentialAction\":[{\"@type\":\"ReadAction\",\"target\":[\"https:\\\/\\\/astrologiatradicionalemoderna.net\\\/artigos-videos\\\/astrologia-relacionamentos\\\/\"]}]},{\"@type\":\"ImageObject\",\"inLanguage\":\"en-US\",\"@id\":\"https:\\\/\\\/astrologiatradicionalemoderna.net\\\/artigos-videos\\\/astrologia-relacionamentos\\\/#primaryimage\",\"url\":\"https:\\\/\\\/astrologiatradicionalemoderna.net\\\/wp-content\\\/uploads\\\/2017\\\/01\\\/womangloss_1-110dupla-scaled-1-300x194.jpg\",\"contentUrl\":\"https:\\\/\\\/astrologiatradicionalemoderna.net\\\/wp-content\\\/uploads\\\/2017\\\/01\\\/womangloss_1-110dupla-scaled-1-300x194.jpg\"},{\"@type\":\"BreadcrumbList\",\"@id\":\"https:\\\/\\\/astrologiatradicionalemoderna.net\\\/artigos-videos\\\/astrologia-relacionamentos\\\/#breadcrumb\",\"itemListElement\":[{\"@type\":\"ListItem\",\"position\":1,\"name\":\"In\u00edcio\",\"item\":\"https:\\\/\\\/astrologiatradicionalemoderna.net\\\/\"},{\"@type\":\"ListItem\",\"position\":2,\"name\":\"Artigos &#038; Videos\",\"item\":\"https:\\\/\\\/astrologiatradicionalemoderna.net\\\/artigos-videos\\\/\"},{\"@type\":\"ListItem\",\"position\":3,\"name\":\"Astrologia Relacionamentos\"}]},{\"@type\":\"WebSite\",\"@id\":\"https:\\\/\\\/astrologiatradicionalemoderna.net\\\/#website\",\"url\":\"https:\\\/\\\/astrologiatradicionalemoderna.net\\\/\",\"name\":\"Astrologia Tradicional e Moderna\",\"description\":\"Centro de Astrologia Tradicional e Moderna\",\"publisher\":{\"@id\":\"https:\\\/\\\/astrologiatradicionalemoderna.net\\\/#organization\"},\"potentialAction\":[{\"@type\":\"SearchAction\",\"target\":{\"@type\":\"EntryPoint\",\"urlTemplate\":\"https:\\\/\\\/astrologiatradicionalemoderna.net\\\/?s={search_term_string}\"},\"query-input\":{\"@type\":\"PropertyValueSpecification\",\"valueRequired\":true,\"valueName\":\"search_term_string\"}}],\"inLanguage\":\"en-US\"},{\"@type\":\"Organization\",\"@id\":\"https:\\\/\\\/astrologiatradicionalemoderna.net\\\/#organization\",\"name\":\"Centro de Astrologia Tradicional e Moderna\",\"url\":\"https:\\\/\\\/astrologiatradicionalemoderna.net\\\/\",\"logo\":{\"@type\":\"ImageObject\",\"inLanguage\":\"en-US\",\"@id\":\"https:\\\/\\\/astrologiatradicionalemoderna.net\\\/#\\\/schema\\\/logo\\\/image\\\/\",\"url\":\"https:\\\/\\\/astrologiatradicionalemoderna.net\\\/wp-content\\\/uploads\\\/2023\\\/06\\\/Astrologia-Tradicional-e-Moderna_Cabecalho.jpg\",\"contentUrl\":\"https:\\\/\\\/astrologiatradicionalemoderna.net\\\/wp-content\\\/uploads\\\/2023\\\/06\\\/Astrologia-Tradicional-e-Moderna_Cabecalho.jpg\",\"width\":1300,\"height\":150,\"caption\":\"Centro de Astrologia Tradicional e Moderna\"},\"image\":{\"@id\":\"https:\\\/\\\/astrologiatradicionalemoderna.net\\\/#\\\/schema\\\/logo\\\/image\\\/\"},\"sameAs\":[\"https:\\\/\\\/www.facebook.com\\\/Centro.de.Astrologia.Tradicional.e.Moderna\\\/\",\"https:\\\/\\\/instagram.com\\\/centro_astrologia_catm?igshid=1vndr4qwwvnai\"]}]}<\/script>\n<!-- \/ Yoast SEO plugin. -->","yoast_head_json":{"title":"Cursos astrologia, Workshops e Consultas em Lisboa - Centro Astrologia Tradicional e Moderna - Astrologia Relacionamentos","description":"Cursos de Astrologia, workshops, consultas artigos e investiga\u00e7\u00e3o em Astrologia em Lisboa. Astrologia Natal, Eletiva, Hor\u00e1ria, Relacional e Vocacional - Centro de Astrologia Tradicional e Moderna. - Astrologia Relacionamentos","robots":{"index":"index","follow":"follow","max-snippet":"max-snippet:-1","max-image-preview":"max-image-preview:large","max-video-preview":"max-video-preview:-1"},"canonical":"https:\/\/astrologiatradicionalemoderna.net\/en\/artigos-videos\/astrologia-relacionamentos\/","og_locale":"en_US","og_type":"article","og_title":"Cursos astrologia, Workshops e Consultas em Lisboa - Centro Astrologia Tradicional e Moderna - Astrologia Relacionamentos","og_description":"Cursos de Astrologia, workshops, consultas artigos e investiga\u00e7\u00e3o em Astrologia em Lisboa. Astrologia Natal, Eletiva, Hor\u00e1ria, Relacional e Vocacional - Centro de Astrologia Tradicional e Moderna. - Astrologia Relacionamentos","og_url":"https:\/\/astrologiatradicionalemoderna.net\/en\/artigos-videos\/astrologia-relacionamentos\/","og_site_name":"Astrologia Tradicional e Moderna","article_publisher":"https:\/\/www.facebook.com\/Centro.de.Astrologia.Tradicional.e.Moderna\/","article_modified_time":"2024-08-25T23:14:30+00:00","og_image":[{"url":"https:\/\/astrologiatradicionalemoderna.net\/wp-content\/uploads\/2017\/01\/womangloss_1-110dupla-scaled-1-300x194.jpg","type":"","width":"","height":""}],"twitter_card":"summary_large_image","twitter_misc":{"Est. reading time":"7 minutes"},"schema":{"@context":"https:\/\/schema.org","@graph":[{"@type":"WebPage","@id":"https:\/\/astrologiatradicionalemoderna.net\/artigos-videos\/astrologia-relacionamentos\/","url":"https:\/\/astrologiatradicionalemoderna.net\/artigos-videos\/astrologia-relacionamentos\/","name":"Cursos astrologia, Workshops e Consultas em Lisboa - Centro Astrologia Tradicional e Moderna - Astrologia Relacionamentos","isPartOf":{"@id":"https:\/\/astrologiatradicionalemoderna.net\/#website"},"primaryImageOfPage":{"@id":"https:\/\/astrologiatradicionalemoderna.net\/artigos-videos\/astrologia-relacionamentos\/#primaryimage"},"image":{"@id":"https:\/\/astrologiatradicionalemoderna.net\/artigos-videos\/astrologia-relacionamentos\/#primaryimage"},"thumbnailUrl":"https:\/\/astrologiatradicionalemoderna.net\/wp-content\/uploads\/2017\/01\/womangloss_1-110dupla-scaled-1-300x194.jpg","datePublished":"2017-01-27T01:16:38+00:00","dateModified":"2024-08-25T23:14:30+00:00","description":"Cursos de Astrologia, workshops, consultas artigos e investiga\u00e7\u00e3o em Astrologia em Lisboa. Astrologia Natal, Eletiva, Hor\u00e1ria, Relacional e Vocacional - Centro de Astrologia Tradicional e Moderna. - Astrologia Relacionamentos","breadcrumb":{"@id":"https:\/\/astrologiatradicionalemoderna.net\/artigos-videos\/astrologia-relacionamentos\/#breadcrumb"},"inLanguage":"en-US","potentialAction":[{"@type":"ReadAction","target":["https:\/\/astrologiatradicionalemoderna.net\/artigos-videos\/astrologia-relacionamentos\/"]}]},{"@type":"ImageObject","inLanguage":"en-US","@id":"https:\/\/astrologiatradicionalemoderna.net\/artigos-videos\/astrologia-relacionamentos\/#primaryimage","url":"https:\/\/astrologiatradicionalemoderna.net\/wp-content\/uploads\/2017\/01\/womangloss_1-110dupla-scaled-1-300x194.jpg","contentUrl":"https:\/\/astrologiatradicionalemoderna.net\/wp-content\/uploads\/2017\/01\/womangloss_1-110dupla-scaled-1-300x194.jpg"},{"@type":"BreadcrumbList","@id":"https:\/\/astrologiatradicionalemoderna.net\/artigos-videos\/astrologia-relacionamentos\/#breadcrumb","itemListElement":[{"@type":"ListItem","position":1,"name":"In\u00edcio","item":"https:\/\/astrologiatradicionalemoderna.net\/"},{"@type":"ListItem","position":2,"name":"Artigos &#038; Videos","item":"https:\/\/astrologiatradicionalemoderna.net\/artigos-videos\/"},{"@type":"ListItem","position":3,"name":"Astrologia Relacionamentos"}]},{"@type":"WebSite","@id":"https:\/\/astrologiatradicionalemoderna.net\/#website","url":"https:\/\/astrologiatradicionalemoderna.net\/","name":"Astrologia Tradicional e Moderna","description":"Centro de Astrologia Tradicional e Moderna","publisher":{"@id":"https:\/\/astrologiatradicionalemoderna.net\/#organization"},"potentialAction":[{"@type":"SearchAction","target":{"@type":"EntryPoint","urlTemplate":"https:\/\/astrologiatradicionalemoderna.net\/?s={search_term_string}"},"query-input":{"@type":"PropertyValueSpecification","valueRequired":true,"valueName":"search_term_string"}}],"inLanguage":"en-US"},{"@type":"Organization","@id":"https:\/\/astrologiatradicionalemoderna.net\/#organization","name":"Centro de Astrologia Tradicional e Moderna","url":"https:\/\/astrologiatradicionalemoderna.net\/","logo":{"@type":"ImageObject","inLanguage":"en-US","@id":"https:\/\/astrologiatradicionalemoderna.net\/#\/schema\/logo\/image\/","url":"https:\/\/astrologiatradicionalemoderna.net\/wp-content\/uploads\/2023\/06\/Astrologia-Tradicional-e-Moderna_Cabecalho.jpg","contentUrl":"https:\/\/astrologiatradicionalemoderna.net\/wp-content\/uploads\/2023\/06\/Astrologia-Tradicional-e-Moderna_Cabecalho.jpg","width":1300,"height":150,"caption":"Centro de Astrologia Tradicional e Moderna"},"image":{"@id":"https:\/\/astrologiatradicionalemoderna.net\/#\/schema\/logo\/image\/"},"sameAs":["https:\/\/www.facebook.com\/Centro.de.Astrologia.Tradicional.e.Moderna\/","https:\/\/instagram.com\/centro_astrologia_catm?igshid=1vndr4qwwvnai"]}]}},"_links":{"self":[{"href":"https:\/\/astrologiatradicionalemoderna.net\/en\/wp-json\/wp\/v2\/pages\/137","targetHints":{"allow":["GET"]}}],"collection":[{"href":"https:\/\/astrologiatradicionalemoderna.net\/en\/wp-json\/wp\/v2\/pages"}],"about":[{"href":"https:\/\/astrologiatradicionalemoderna.net\/en\/wp-json\/wp\/v2\/types\/page"}],"author":[{"embeddable":true,"href":"https:\/\/astrologiatradicionalemoderna.net\/en\/wp-json\/wp\/v2\/users\/2"}],"replies":[{"embeddable":true,"href":"https:\/\/astrologiatradicionalemoderna.net\/en\/wp-json\/wp\/v2\/comments?post=137"}],"version-history":[{"count":5,"href":"https:\/\/astrologiatradicionalemoderna.net\/en\/wp-json\/wp\/v2\/pages\/137\/revisions"}],"predecessor-version":[{"id":14569,"href":"https:\/\/astrologiatradicionalemoderna.net\/en\/wp-json\/wp\/v2\/pages\/137\/revisions\/14569"}],"up":[{"embeddable":true,"href":"https:\/\/astrologiatradicionalemoderna.net\/en\/wp-json\/wp\/v2\/pages\/113"}],"wp:attachment":[{"href":"https:\/\/astrologiatradicionalemoderna.net\/en\/wp-json\/wp\/v2\/media?parent=137"}],"curies":[{"name":"wp","href":"https:\/\/api.w.org\/{rel}","templated":true}]}}