{"id":128,"date":"2017-01-27T01:57:14","date_gmt":"2017-01-27T00:57:14","guid":{"rendered":"http:\/\/astrologiatradicionalemoderna.net\/?page_id=128"},"modified":"2017-01-27T01:57:14","modified_gmt":"2017-01-27T00:57:14","slug":"o-que-e-a-astrologia","status":"publish","type":"page","link":"https:\/\/astrologiatradicionalemoderna.net\/en\/artigos-videos\/o-que-e-a-astrologia\/","title":{"rendered":"O que e\u0301 a Astrologia"},"content":{"rendered":"<div id=\"pl-128\"  class=\"panel-layout\" >\n<div id=\"pg-128-0\"  class=\"panel-grid panel-no-style\" >\n<div id=\"pgc-128-0-0\"  class=\"panel-grid-cell\"  data-weight=\"1\" >\n<div id=\"panel-128-0-0-0\" class=\"so-panel widget_sow-editor panel-first-child panel-last-child\" data-index=\"0\" data-style=\"{&quot;class&quot;:&quot;AstroContentDiv&quot;,&quot;background_display&quot;:&quot;tile&quot;}\" >\n<div class=\"AstroContentDiv panel-widget-style panel-widget-style-for-128-0-0-0\" >\n<div class=\"so-widget-sow-editor so-widget-sow-editor-base\">\n<div class=\"siteorigin-widget-tinymce textwidget\">\n<p>Artigo &#8211; <strong>O que \u00e9 a Astrologia?<\/strong><br \/>Revista Vida Saud\u00e1vel<br \/>Edi\u00e7\u00e3o Dezembro 2008<br \/>por <a href=\"http:\/\/astrologiatradicionalemoderna.net\/en\/quem-somos\/fundadora-e-responsavel-isabel-antunes\/#quemSomosIsabel\">Isabel Antunes<\/a><\/p>\n<p><img loading=\"lazy\" decoding=\"async\" class=\"aligncenter wp-image-129\" src=\"http:\/\/astrologiatradicionalemoderna.net\/wp-content\/uploads\/2017\/01\/oqueeaastrologia_vidaArt.jpg\" width=\"300\" height=\"471\" \/><\/p>\n<p>A palavra Astrologia tem origem grega e \u00e9 composta pelas part\u00edculas \u201castro\u201d e \u201clogos\u201d que significam conhecimento ou estudo (logos) dos corpos celestes (astro).<\/p>\n<p>A Astrologia \u00e9 considerada uma das mais antigas formas de conhecimento. Foram encontrados vest\u00edgios de observa\u00e7\u00f5es astrol\u00f3gicas\/astron\u00f3micas que remontam a 15.000 anos AC.<\/p>\n<p>Desde os prim\u00f3rdios que a esta \u00e1rea do conhecimento era estudada por figuras not\u00e1veis como Pit\u00e1goras, Plat\u00e3o, Isaac Newton, Galileu, Leonardo Da Vinci entre muitos outros. Tamb\u00e9m o nosso Fernando Pessoa foi um grande astr\u00f3logo. \u00c9 curioso verificar que os seus tr\u00eas heter\u00f3nimos, Alberto Caeiro, Ricardo Reis e \u00c1lvaro de Campos foram criados com base na astrologia.<\/p>\n<p>O mapa natal \u00e9 um diagrama que tra\u00e7a a localiza\u00e7\u00e3o dos planetas e outros corpos celestes no Zod\u00edaco. \u00c9 a ferramenta base de an\u00e1lise astrol\u00f3gica e cont\u00e9m numerosas e vastas informa\u00e7\u00f5es sobre o ser humano. Atrav\u00e9s da sua an\u00e1lise podemos obter o retracto psicol\u00f3gico, emocional\/afectivo e comportamental de cada um de n\u00f3s.<\/p>\n<p>Para al\u00e9m de possibilitar a descoberta de n\u00f3s mesmos, a Astrologia ajuda-nos a compreender como \u201cfuncionam\u201d os outros, contribui para uma nova consci\u00eancia das rela\u00e7\u00f5es humanas em geral e uma maior realiza\u00e7\u00e3o pessoal.<\/p>\n<p>Este conhecimento est\u00e1 normalmente associado \u00e0 previs\u00e3o do futuro mas ele tamb\u00e9m nos pode ajudar a compreender melhor o passado. A inf\u00e2ncia, a rela\u00e7\u00e3o que tivemos com os nossos pais, irm\u00e3os\u2026 e a forma como essas quest\u00f5es podem influenciar na nossa vida. Ao termos esta consci\u00eancia podemos mais facilmente ultrapassar qualquer tens\u00e3o ou dificuldade que possa estar a bloquear o nosso processo presente.<\/p>\n<p>A Astrologia pode &#8220;abrir outras portas&#8221;, identificar novas oportunidades e possibilidades, apontar novos caminhos e dar \u00e0 Vida um sentido mais pleno.<\/p>\n<p>Todos os temas apresentados neste artigo podem ser aprendidos com maior profundidade e de forma mais completa no <a href=\"http:\/\/astrologiatradicionalemoderna.net\/en\/cursos\/\">curso de Astrologia Tradicional e Moderna<\/a>.<\/p>\n<\/div>\n<\/div>\n<\/div>\n<\/div>\n<\/div>\n<\/div>\n<\/div>","protected":false},"excerpt":{"rendered":"<p>Artigo &#8211; O que \u00e9 a Astrologia?Revista Vida Saud\u00e1velEdi\u00e7\u00e3o Dezembro 2008por Isabel Antunes A palavra Astrologia tem origem grega e \u00e9 composta pelas part\u00edculas \u201castro\u201d&hellip;<\/p>","protected":false},"author":2,"featured_media":0,"parent":113,"menu_order":3,"comment_status":"closed","ping_status":"closed","template":"","meta":{"footnotes":""},"class_list":["post-128","page","type-page","status-publish","hentry"],"yoast_head":"<!-- This site is optimized with the Yoast SEO plugin v27.3 - https:\/\/yoast.com\/product\/yoast-seo-wordpress\/ -->\n<title>O que e\u0301 a Astrologia - Astrologia Tradicional e Moderna<\/title>\n<meta name=\"description\" content=\"Cursos de Astrologia, workshops, consultas artigos e investiga\u00e7\u00e3o em Astrologia em Lisboa. Astrologia Natal, Eletiva, Hor\u00e1ria, Relacional e Vocacional - Centro de Astrologia Tradicional e Moderna. - O que e\u0301 a Astrologia\" \/>\n<meta name=\"robots\" content=\"index, follow, max-snippet:-1, max-image-preview:large, max-video-preview:-1\" \/>\n<link rel=\"canonical\" href=\"https:\/\/astrologiatradicionalemoderna.net\/en\/artigos-videos\/o-que-e-a-astrologia\/\" \/>\n<meta property=\"og:locale\" content=\"en_US\" \/>\n<meta property=\"og:type\" content=\"article\" \/>\n<meta property=\"og:title\" content=\"O que e\u0301 a Astrologia - Astrologia Tradicional e Moderna\" \/>\n<meta property=\"og:description\" content=\"Cursos de Astrologia, workshops, consultas artigos e investiga\u00e7\u00e3o em Astrologia em Lisboa. Astrologia Natal, Eletiva, Hor\u00e1ria, Relacional e Vocacional - Centro de Astrologia Tradicional e Moderna. - O que e\u0301 a Astrologia\" \/>\n<meta property=\"og:url\" content=\"https:\/\/astrologiatradicionalemoderna.net\/en\/artigos-videos\/o-que-e-a-astrologia\/\" \/>\n<meta property=\"og:site_name\" content=\"Astrologia Tradicional e Moderna\" \/>\n<meta property=\"article:publisher\" content=\"https:\/\/www.facebook.com\/Centro.de.Astrologia.Tradicional.e.Moderna\/\" \/>\n<meta property=\"og:image\" content=\"http:\/\/astrologiatradicionalemoderna.net\/wp-content\/uploads\/2017\/01\/oqueeaastrologia_vidaArt.jpg\" \/>\n<meta name=\"twitter:card\" content=\"summary_large_image\" \/>\n<meta name=\"twitter:label1\" content=\"Est. reading time\" \/>\n\t<meta name=\"twitter:data1\" content=\"2 minutes\" \/>\n<script type=\"application\/ld+json\" class=\"yoast-schema-graph\">{\"@context\":\"https:\\\/\\\/schema.org\",\"@graph\":[{\"@type\":\"WebPage\",\"@id\":\"https:\\\/\\\/astrologiatradicionalemoderna.net\\\/artigos-videos\\\/o-que-e-a-astrologia\\\/\",\"url\":\"https:\\\/\\\/astrologiatradicionalemoderna.net\\\/artigos-videos\\\/o-que-e-a-astrologia\\\/\",\"name\":\"O que e\u0301 a Astrologia - Astrologia Tradicional e Moderna\",\"isPartOf\":{\"@id\":\"https:\\\/\\\/astrologiatradicionalemoderna.net\\\/#website\"},\"primaryImageOfPage\":{\"@id\":\"https:\\\/\\\/astrologiatradicionalemoderna.net\\\/artigos-videos\\\/o-que-e-a-astrologia\\\/#primaryimage\"},\"image\":{\"@id\":\"https:\\\/\\\/astrologiatradicionalemoderna.net\\\/artigos-videos\\\/o-que-e-a-astrologia\\\/#primaryimage\"},\"thumbnailUrl\":\"http:\\\/\\\/astrologiatradicionalemoderna.net\\\/wp-content\\\/uploads\\\/2017\\\/01\\\/oqueeaastrologia_vidaArt.jpg\",\"datePublished\":\"2017-01-27T00:57:14+00:00\",\"description\":\"Cursos de Astrologia, workshops, consultas artigos e investiga\u00e7\u00e3o em Astrologia em Lisboa. Astrologia Natal, Eletiva, Hor\u00e1ria, Relacional e Vocacional - Centro de Astrologia Tradicional e Moderna. - O que e\u0301 a Astrologia\",\"breadcrumb\":{\"@id\":\"https:\\\/\\\/astrologiatradicionalemoderna.net\\\/artigos-videos\\\/o-que-e-a-astrologia\\\/#breadcrumb\"},\"inLanguage\":\"en-US\",\"potentialAction\":[{\"@type\":\"ReadAction\",\"target\":[\"https:\\\/\\\/astrologiatradicionalemoderna.net\\\/artigos-videos\\\/o-que-e-a-astrologia\\\/\"]}]},{\"@type\":\"ImageObject\",\"inLanguage\":\"en-US\",\"@id\":\"https:\\\/\\\/astrologiatradicionalemoderna.net\\\/artigos-videos\\\/o-que-e-a-astrologia\\\/#primaryimage\",\"url\":\"http:\\\/\\\/astrologiatradicionalemoderna.net\\\/wp-content\\\/uploads\\\/2017\\\/01\\\/oqueeaastrologia_vidaArt.jpg\",\"contentUrl\":\"http:\\\/\\\/astrologiatradicionalemoderna.net\\\/wp-content\\\/uploads\\\/2017\\\/01\\\/oqueeaastrologia_vidaArt.jpg\"},{\"@type\":\"BreadcrumbList\",\"@id\":\"https:\\\/\\\/astrologiatradicionalemoderna.net\\\/artigos-videos\\\/o-que-e-a-astrologia\\\/#breadcrumb\",\"itemListElement\":[{\"@type\":\"ListItem\",\"position\":1,\"name\":\"In\u00edcio\",\"item\":\"https:\\\/\\\/astrologiatradicionalemoderna.net\\\/\"},{\"@type\":\"ListItem\",\"position\":2,\"name\":\"Artigos &#038; Videos\",\"item\":\"https:\\\/\\\/astrologiatradicionalemoderna.net\\\/artigos-videos\\\/\"},{\"@type\":\"ListItem\",\"position\":3,\"name\":\"O que e\u0301 a Astrologia\"}]},{\"@type\":\"WebSite\",\"@id\":\"https:\\\/\\\/astrologiatradicionalemoderna.net\\\/#website\",\"url\":\"https:\\\/\\\/astrologiatradicionalemoderna.net\\\/\",\"name\":\"Astrologia Tradicional e Moderna\",\"description\":\"Centro de Astrologia Tradicional e Moderna\",\"publisher\":{\"@id\":\"https:\\\/\\\/astrologiatradicionalemoderna.net\\\/#organization\"},\"potentialAction\":[{\"@type\":\"SearchAction\",\"target\":{\"@type\":\"EntryPoint\",\"urlTemplate\":\"https:\\\/\\\/astrologiatradicionalemoderna.net\\\/?s={search_term_string}\"},\"query-input\":{\"@type\":\"PropertyValueSpecification\",\"valueRequired\":true,\"valueName\":\"search_term_string\"}}],\"inLanguage\":\"en-US\"},{\"@type\":\"Organization\",\"@id\":\"https:\\\/\\\/astrologiatradicionalemoderna.net\\\/#organization\",\"name\":\"Centro de Astrologia Tradicional e Moderna\",\"url\":\"https:\\\/\\\/astrologiatradicionalemoderna.net\\\/\",\"logo\":{\"@type\":\"ImageObject\",\"inLanguage\":\"en-US\",\"@id\":\"https:\\\/\\\/astrologiatradicionalemoderna.net\\\/#\\\/schema\\\/logo\\\/image\\\/\",\"url\":\"https:\\\/\\\/astrologiatradicionalemoderna.net\\\/wp-content\\\/uploads\\\/2023\\\/06\\\/Astrologia-Tradicional-e-Moderna_Cabecalho.jpg\",\"contentUrl\":\"https:\\\/\\\/astrologiatradicionalemoderna.net\\\/wp-content\\\/uploads\\\/2023\\\/06\\\/Astrologia-Tradicional-e-Moderna_Cabecalho.jpg\",\"width\":1300,\"height\":150,\"caption\":\"Centro de Astrologia Tradicional e Moderna\"},\"image\":{\"@id\":\"https:\\\/\\\/astrologiatradicionalemoderna.net\\\/#\\\/schema\\\/logo\\\/image\\\/\"},\"sameAs\":[\"https:\\\/\\\/www.facebook.com\\\/Centro.de.Astrologia.Tradicional.e.Moderna\\\/\",\"https:\\\/\\\/instagram.com\\\/centro_astrologia_catm?igshid=1vndr4qwwvnai\"]}]}<\/script>\n<!-- \/ Yoast SEO plugin. -->","yoast_head_json":{"title":"O que e\u0301 a Astrologia - Astrologia Tradicional e Moderna","description":"Cursos de Astrologia, workshops, consultas artigos e investiga\u00e7\u00e3o em Astrologia em Lisboa. Astrologia Natal, Eletiva, Hor\u00e1ria, Relacional e Vocacional - Centro de Astrologia Tradicional e Moderna. - O que e\u0301 a Astrologia","robots":{"index":"index","follow":"follow","max-snippet":"max-snippet:-1","max-image-preview":"max-image-preview:large","max-video-preview":"max-video-preview:-1"},"canonical":"https:\/\/astrologiatradicionalemoderna.net\/en\/artigos-videos\/o-que-e-a-astrologia\/","og_locale":"en_US","og_type":"article","og_title":"O que e\u0301 a Astrologia - Astrologia Tradicional e Moderna","og_description":"Cursos de Astrologia, workshops, consultas artigos e investiga\u00e7\u00e3o em Astrologia em Lisboa. Astrologia Natal, Eletiva, Hor\u00e1ria, Relacional e Vocacional - Centro de Astrologia Tradicional e Moderna. - O que e\u0301 a Astrologia","og_url":"https:\/\/astrologiatradicionalemoderna.net\/en\/artigos-videos\/o-que-e-a-astrologia\/","og_site_name":"Astrologia Tradicional e Moderna","article_publisher":"https:\/\/www.facebook.com\/Centro.de.Astrologia.Tradicional.e.Moderna\/","og_image":[{"url":"http:\/\/astrologiatradicionalemoderna.net\/wp-content\/uploads\/2017\/01\/oqueeaastrologia_vidaArt.jpg","type":"","width":"","height":""}],"twitter_card":"summary_large_image","twitter_misc":{"Est. reading time":"2 minutes"},"schema":{"@context":"https:\/\/schema.org","@graph":[{"@type":"WebPage","@id":"https:\/\/astrologiatradicionalemoderna.net\/artigos-videos\/o-que-e-a-astrologia\/","url":"https:\/\/astrologiatradicionalemoderna.net\/artigos-videos\/o-que-e-a-astrologia\/","name":"O que e\u0301 a Astrologia - Astrologia Tradicional e Moderna","isPartOf":{"@id":"https:\/\/astrologiatradicionalemoderna.net\/#website"},"primaryImageOfPage":{"@id":"https:\/\/astrologiatradicionalemoderna.net\/artigos-videos\/o-que-e-a-astrologia\/#primaryimage"},"image":{"@id":"https:\/\/astrologiatradicionalemoderna.net\/artigos-videos\/o-que-e-a-astrologia\/#primaryimage"},"thumbnailUrl":"http:\/\/astrologiatradicionalemoderna.net\/wp-content\/uploads\/2017\/01\/oqueeaastrologia_vidaArt.jpg","datePublished":"2017-01-27T00:57:14+00:00","description":"Cursos de Astrologia, workshops, consultas artigos e investiga\u00e7\u00e3o em Astrologia em Lisboa. Astrologia Natal, Eletiva, Hor\u00e1ria, Relacional e Vocacional - Centro de Astrologia Tradicional e Moderna. - O que e\u0301 a Astrologia","breadcrumb":{"@id":"https:\/\/astrologiatradicionalemoderna.net\/artigos-videos\/o-que-e-a-astrologia\/#breadcrumb"},"inLanguage":"en-US","potentialAction":[{"@type":"ReadAction","target":["https:\/\/astrologiatradicionalemoderna.net\/artigos-videos\/o-que-e-a-astrologia\/"]}]},{"@type":"ImageObject","inLanguage":"en-US","@id":"https:\/\/astrologiatradicionalemoderna.net\/artigos-videos\/o-que-e-a-astrologia\/#primaryimage","url":"http:\/\/astrologiatradicionalemoderna.net\/wp-content\/uploads\/2017\/01\/oqueeaastrologia_vidaArt.jpg","contentUrl":"http:\/\/astrologiatradicionalemoderna.net\/wp-content\/uploads\/2017\/01\/oqueeaastrologia_vidaArt.jpg"},{"@type":"BreadcrumbList","@id":"https:\/\/astrologiatradicionalemoderna.net\/artigos-videos\/o-que-e-a-astrologia\/#breadcrumb","itemListElement":[{"@type":"ListItem","position":1,"name":"In\u00edcio","item":"https:\/\/astrologiatradicionalemoderna.net\/"},{"@type":"ListItem","position":2,"name":"Artigos &#038; Videos","item":"https:\/\/astrologiatradicionalemoderna.net\/artigos-videos\/"},{"@type":"ListItem","position":3,"name":"O que e\u0301 a Astrologia"}]},{"@type":"WebSite","@id":"https:\/\/astrologiatradicionalemoderna.net\/#website","url":"https:\/\/astrologiatradicionalemoderna.net\/","name":"Astrologia Tradicional e Moderna","description":"Centro de Astrologia Tradicional e Moderna","publisher":{"@id":"https:\/\/astrologiatradicionalemoderna.net\/#organization"},"potentialAction":[{"@type":"SearchAction","target":{"@type":"EntryPoint","urlTemplate":"https:\/\/astrologiatradicionalemoderna.net\/?s={search_term_string}"},"query-input":{"@type":"PropertyValueSpecification","valueRequired":true,"valueName":"search_term_string"}}],"inLanguage":"en-US"},{"@type":"Organization","@id":"https:\/\/astrologiatradicionalemoderna.net\/#organization","name":"Centro de Astrologia Tradicional e Moderna","url":"https:\/\/astrologiatradicionalemoderna.net\/","logo":{"@type":"ImageObject","inLanguage":"en-US","@id":"https:\/\/astrologiatradicionalemoderna.net\/#\/schema\/logo\/image\/","url":"https:\/\/astrologiatradicionalemoderna.net\/wp-content\/uploads\/2023\/06\/Astrologia-Tradicional-e-Moderna_Cabecalho.jpg","contentUrl":"https:\/\/astrologiatradicionalemoderna.net\/wp-content\/uploads\/2023\/06\/Astrologia-Tradicional-e-Moderna_Cabecalho.jpg","width":1300,"height":150,"caption":"Centro de Astrologia Tradicional e Moderna"},"image":{"@id":"https:\/\/astrologiatradicionalemoderna.net\/#\/schema\/logo\/image\/"},"sameAs":["https:\/\/www.facebook.com\/Centro.de.Astrologia.Tradicional.e.Moderna\/","https:\/\/instagram.com\/centro_astrologia_catm?igshid=1vndr4qwwvnai"]}]}},"_links":{"self":[{"href":"https:\/\/astrologiatradicionalemoderna.net\/en\/wp-json\/wp\/v2\/pages\/128","targetHints":{"allow":["GET"]}}],"collection":[{"href":"https:\/\/astrologiatradicionalemoderna.net\/en\/wp-json\/wp\/v2\/pages"}],"about":[{"href":"https:\/\/astrologiatradicionalemoderna.net\/en\/wp-json\/wp\/v2\/types\/page"}],"author":[{"embeddable":true,"href":"https:\/\/astrologiatradicionalemoderna.net\/en\/wp-json\/wp\/v2\/users\/2"}],"replies":[{"embeddable":true,"href":"https:\/\/astrologiatradicionalemoderna.net\/en\/wp-json\/wp\/v2\/comments?post=128"}],"version-history":[{"count":1,"href":"https:\/\/astrologiatradicionalemoderna.net\/en\/wp-json\/wp\/v2\/pages\/128\/revisions"}],"predecessor-version":[{"id":4933,"href":"https:\/\/astrologiatradicionalemoderna.net\/en\/wp-json\/wp\/v2\/pages\/128\/revisions\/4933"}],"up":[{"embeddable":true,"href":"https:\/\/astrologiatradicionalemoderna.net\/en\/wp-json\/wp\/v2\/pages\/113"}],"wp:attachment":[{"href":"https:\/\/astrologiatradicionalemoderna.net\/en\/wp-json\/wp\/v2\/media?parent=128"}],"curies":[{"name":"wp","href":"https:\/\/api.w.org\/{rel}","templated":true}]}}