{"id":124,"date":"2017-01-27T01:53:10","date_gmt":"2017-01-27T01:53:10","guid":{"rendered":"http:\/\/astrologiatradicionalemoderna.net\/?page_id=124"},"modified":"2024-08-25T22:22:25","modified_gmt":"2024-08-25T22:22:25","slug":"formacao-em-astrologia","status":"publish","type":"page","link":"https:\/\/astrologiatradicionalemoderna.net\/en\/artigos-videos\/formacao-em-astrologia\/","title":{"rendered":"Forma\u00e7\u00e3o em Astrologia"},"content":{"rendered":"<div data-elementor-type=\"wp-page\" data-elementor-id=\"124\" class=\"elementor elementor-124\" data-elementor-post-type=\"page\">\n\t\t\t\t<div class=\"elementor-element elementor-element-66f346ed e-flex e-con-boxed e-con e-parent\" data-id=\"66f346ed\" data-element_type=\"container\" data-e-type=\"container\">\n\t\t\t\t\t<div class=\"e-con-inner\">\n\t\t\t\t<div class=\"elementor-element elementor-element-45480d35 elementor-widget elementor-widget-text-editor\" data-id=\"45480d35\" data-element_type=\"widget\" data-e-type=\"widget\" data-widget_type=\"text-editor.default\">\n\t\t\t\t<div class=\"elementor-widget-container\">\n\t\t\t\t\t\t\t\t\t<div id=\"pl-124\" class=\"panel-layout\">\n<div id=\"pg-124-0\" class=\"panel-grid panel-no-style\">\n<div id=\"pgc-124-0-0\" class=\"panel-grid-cell\" data-weight=\"1\">\n<div id=\"panel-124-0-0-0\" class=\"so-panel widget_sow-editor panel-first-child panel-last-child\" data-index=\"0\" data-style=\"{&quot;class&quot;:&quot;AstroContentDiv&quot;,&quot;background_display&quot;:&quot;tile&quot;}\">\n<div class=\"AstroContentDiv panel-widget-style panel-widget-style-for-124-0-0-0\">\n<div class=\"so-widget-sow-editor so-widget-sow-editor-base\">\n<div class=\"siteorigin-widget-tinymce textwidget\">\n<p><h2>Artigo &#8211; <strong>Forma\u00e7\u00e3o em Astrologia<\/strong><\/h2>Revista Sa\u00fade e Bem-Estar &#8211; Edi\u00e7\u00e3o Setembro 2008<br>por <a href=\"http:\/\/astrologiatradicionalemoderna.net\/en\/quem-somos\/fundadora-e-responsavel-isabel-antunes\/#quemSomosIsabel\"><u>Isabel Antunes<\/u><\/a> e Redac\u00e7\u00e3o Revista Sa\u00fade e Bem-Estar<\/p>\n<p><img loading=\"lazy\" decoding=\"async\" class=\"aligncenter wp-image-126\" src=\"http:\/\/astrologiatradicionalemoderna.net\/wp-content\/uploads\/2017\/01\/formacao_astrologiaArt.jpg\" width=\"300\" height=\"444\" srcset=\"https:\/\/astrologiatradicionalemoderna.net\/wp-content\/uploads\/2017\/01\/formacao_astrologiaArt.jpg 603w, https:\/\/astrologiatradicionalemoderna.net\/wp-content\/uploads\/2017\/01\/formacao_astrologiaArt-203x300.jpg 203w\" sizes=\"auto, (max-width: 300px) 100vw, 300px\" \/><\/p>\n<p>Nestes \u00faltimos anos temos assistido, na sociedade portuguesa, a uma procura, cada vez maior, de \u00e1reas relacionadas com o desenvolvimento pessoal.<\/p>\n<p>Todas as tem\u00e1ticas que abordam o ser humano numa vertente mais ampla e numa perspectiva evolutiva, bem como todos os conhecimentos que fornecem ferramentas que ajudam a aprofundar o nosso conhecimento e consci\u00eancia pessoal, assim como dos outros seres humanos, t\u00eam vindo a ser alvo de um crescente interesse.<\/p>\n<p>A Astrologia permite-nos, por excel\u00eancia, ir ao encontro do nosso verdadeiro eu e das nossas potencialidades. Possibilita-nos obter um auto-conhecimento mais profundo e uma nova vis\u00e3o e entendimento das rela\u00e7\u00f5es humanas. Deste modo, tem vindo a assumir uma import\u00e2ncia, um interesse e uma utilidade cada vez maior, sendo considerada uma das grandes ferramentas do s\u00e9culo XXI.<\/p>\n<p>\u00c9 neste contexto que a especialista e formadora Isabel Antunes est\u00e1 a preparar um seu <u>curso anual em Astrologia<\/u>, que ter\u00e1 in\u00edcio em Outubro pr\u00f3ximo e conclus\u00e3o em Junho de 2009.<\/p>\n<p>Neste curso de Astrologia n\u00edvel I aprender\u00e1 os fundamentos b\u00e1sicos que lhe permitir\u00e3o realizar an\u00e1lises e interpreta\u00e7\u00f5es de mapas astrol\u00f3gicos.<\/p>\n<p>A abordagem ter\u00e1 uma perspectiva psicol\u00f3gica tendo tamb\u00e9m em considera\u00e7\u00e3o a corrente tradicional da astrologia, pouco divulgada e conhecida em Portugal.<\/p>\n<p>A abordagem \u00e9 completa e estruturada dos principais aspectos t\u00e9cnicos, pr\u00e1ticos, filos\u00f3ficos e humanos da Astrologia.<\/p>\n<p>Para al\u00e9m dos conhecimentos astrol\u00f3gicos, este curso possibilita o aumento do auto-conhecimento de cada participante rumo a uma maior realiza\u00e7\u00e3o pessoal, uma maior descoberta dos outros, bem como uma nova consci\u00eancia das rela\u00e7\u00f5es humanas em geral.<\/p>\n<\/div>\n<\/div>\n<\/div>\n<\/div>\n<\/div>\n<\/div>\n<\/div>\t\t\t\t\t\t\t\t<\/div>\n\t\t\t\t<\/div>\n\t\t\t\t\t<\/div>\n\t\t\t\t<\/div>\n\t\t\t\t<\/div>","protected":false},"excerpt":{"rendered":"<p>Artigo &#8211; Forma\u00e7\u00e3o em Astrologia Revista Sa\u00fade e Bem-Estar &#8211; Edi\u00e7\u00e3o Setembro 2008por Isabel Antunes e Redac\u00e7\u00e3o Revista Sa\u00fade e Bem-Estar Nestes \u00faltimos anos temos&hellip;<\/p>","protected":false},"author":2,"featured_media":0,"parent":113,"menu_order":2,"comment_status":"closed","ping_status":"closed","template":"","meta":{"footnotes":""},"class_list":["post-124","page","type-page","status-publish","hentry"],"yoast_head":"<!-- This site is optimized with the Yoast SEO plugin v27.3 - https:\/\/yoast.com\/product\/yoast-seo-wordpress\/ -->\n<title>Forma\u00e7\u00e3o em Astrologia - Astrologia Tradicional e Moderna<\/title>\n<meta name=\"description\" content=\"Cursos de Astrologia, workshops, consultas artigos e investiga\u00e7\u00e3o em Astrologia em Lisboa. Astrologia Natal, Eletiva, Hor\u00e1ria, Relacional e Vocacional - Centro de Astrologia Tradicional e Moderna. - Forma\u00e7\u00e3o em Astrologia\" \/>\n<meta name=\"robots\" content=\"index, follow, max-snippet:-1, max-image-preview:large, max-video-preview:-1\" \/>\n<link rel=\"canonical\" href=\"https:\/\/astrologiatradicionalemoderna.net\/en\/artigos-videos\/formacao-em-astrologia\/\" \/>\n<meta property=\"og:locale\" content=\"en_US\" \/>\n<meta property=\"og:type\" content=\"article\" \/>\n<meta property=\"og:title\" content=\"Forma\u00e7\u00e3o em Astrologia - Astrologia Tradicional e Moderna\" \/>\n<meta property=\"og:description\" content=\"Cursos de Astrologia, workshops, consultas artigos e investiga\u00e7\u00e3o em Astrologia em Lisboa. Astrologia Natal, Eletiva, Hor\u00e1ria, Relacional e Vocacional - Centro de Astrologia Tradicional e Moderna. - Forma\u00e7\u00e3o em Astrologia\" \/>\n<meta property=\"og:url\" content=\"https:\/\/astrologiatradicionalemoderna.net\/en\/artigos-videos\/formacao-em-astrologia\/\" \/>\n<meta property=\"og:site_name\" content=\"Astrologia Tradicional e Moderna\" \/>\n<meta property=\"article:publisher\" content=\"https:\/\/www.facebook.com\/Centro.de.Astrologia.Tradicional.e.Moderna\/\" \/>\n<meta property=\"article:modified_time\" content=\"2024-08-25T22:22:25+00:00\" \/>\n<meta property=\"og:image\" content=\"http:\/\/astrologiatradicionalemoderna.net\/wp-content\/uploads\/2017\/01\/formacao_astrologiaArt.jpg\" \/>\n<meta name=\"twitter:card\" content=\"summary_large_image\" \/>\n<meta name=\"twitter:label1\" content=\"Est. reading time\" \/>\n\t<meta name=\"twitter:data1\" content=\"2 minutes\" \/>\n<script type=\"application\/ld+json\" class=\"yoast-schema-graph\">{\"@context\":\"https:\\\/\\\/schema.org\",\"@graph\":[{\"@type\":\"WebPage\",\"@id\":\"https:\\\/\\\/astrologiatradicionalemoderna.net\\\/artigos-videos\\\/formacao-em-astrologia\\\/\",\"url\":\"https:\\\/\\\/astrologiatradicionalemoderna.net\\\/artigos-videos\\\/formacao-em-astrologia\\\/\",\"name\":\"Forma\u00e7\u00e3o em Astrologia - Astrologia Tradicional e Moderna\",\"isPartOf\":{\"@id\":\"https:\\\/\\\/astrologiatradicionalemoderna.net\\\/#website\"},\"primaryImageOfPage\":{\"@id\":\"https:\\\/\\\/astrologiatradicionalemoderna.net\\\/artigos-videos\\\/formacao-em-astrologia\\\/#primaryimage\"},\"image\":{\"@id\":\"https:\\\/\\\/astrologiatradicionalemoderna.net\\\/artigos-videos\\\/formacao-em-astrologia\\\/#primaryimage\"},\"thumbnailUrl\":\"http:\\\/\\\/astrologiatradicionalemoderna.net\\\/wp-content\\\/uploads\\\/2017\\\/01\\\/formacao_astrologiaArt.jpg\",\"datePublished\":\"2017-01-27T01:53:10+00:00\",\"dateModified\":\"2024-08-25T22:22:25+00:00\",\"description\":\"Cursos de Astrologia, workshops, consultas artigos e investiga\u00e7\u00e3o em Astrologia em Lisboa. Astrologia Natal, Eletiva, Hor\u00e1ria, Relacional e Vocacional - Centro de Astrologia Tradicional e Moderna. - Forma\u00e7\u00e3o em Astrologia\",\"breadcrumb\":{\"@id\":\"https:\\\/\\\/astrologiatradicionalemoderna.net\\\/artigos-videos\\\/formacao-em-astrologia\\\/#breadcrumb\"},\"inLanguage\":\"en-US\",\"potentialAction\":[{\"@type\":\"ReadAction\",\"target\":[\"https:\\\/\\\/astrologiatradicionalemoderna.net\\\/artigos-videos\\\/formacao-em-astrologia\\\/\"]}]},{\"@type\":\"ImageObject\",\"inLanguage\":\"en-US\",\"@id\":\"https:\\\/\\\/astrologiatradicionalemoderna.net\\\/artigos-videos\\\/formacao-em-astrologia\\\/#primaryimage\",\"url\":\"http:\\\/\\\/astrologiatradicionalemoderna.net\\\/wp-content\\\/uploads\\\/2017\\\/01\\\/formacao_astrologiaArt.jpg\",\"contentUrl\":\"http:\\\/\\\/astrologiatradicionalemoderna.net\\\/wp-content\\\/uploads\\\/2017\\\/01\\\/formacao_astrologiaArt.jpg\"},{\"@type\":\"BreadcrumbList\",\"@id\":\"https:\\\/\\\/astrologiatradicionalemoderna.net\\\/artigos-videos\\\/formacao-em-astrologia\\\/#breadcrumb\",\"itemListElement\":[{\"@type\":\"ListItem\",\"position\":1,\"name\":\"In\u00edcio\",\"item\":\"https:\\\/\\\/astrologiatradicionalemoderna.net\\\/\"},{\"@type\":\"ListItem\",\"position\":2,\"name\":\"Artigos &#038; Videos\",\"item\":\"https:\\\/\\\/astrologiatradicionalemoderna.net\\\/artigos-videos\\\/\"},{\"@type\":\"ListItem\",\"position\":3,\"name\":\"Forma\u00e7\u00e3o em Astrologia\"}]},{\"@type\":\"WebSite\",\"@id\":\"https:\\\/\\\/astrologiatradicionalemoderna.net\\\/#website\",\"url\":\"https:\\\/\\\/astrologiatradicionalemoderna.net\\\/\",\"name\":\"Astrologia Tradicional e Moderna\",\"description\":\"Centro de Astrologia Tradicional e Moderna\",\"publisher\":{\"@id\":\"https:\\\/\\\/astrologiatradicionalemoderna.net\\\/#organization\"},\"potentialAction\":[{\"@type\":\"SearchAction\",\"target\":{\"@type\":\"EntryPoint\",\"urlTemplate\":\"https:\\\/\\\/astrologiatradicionalemoderna.net\\\/?s={search_term_string}\"},\"query-input\":{\"@type\":\"PropertyValueSpecification\",\"valueRequired\":true,\"valueName\":\"search_term_string\"}}],\"inLanguage\":\"en-US\"},{\"@type\":\"Organization\",\"@id\":\"https:\\\/\\\/astrologiatradicionalemoderna.net\\\/#organization\",\"name\":\"Centro de Astrologia Tradicional e Moderna\",\"url\":\"https:\\\/\\\/astrologiatradicionalemoderna.net\\\/\",\"logo\":{\"@type\":\"ImageObject\",\"inLanguage\":\"en-US\",\"@id\":\"https:\\\/\\\/astrologiatradicionalemoderna.net\\\/#\\\/schema\\\/logo\\\/image\\\/\",\"url\":\"https:\\\/\\\/astrologiatradicionalemoderna.net\\\/wp-content\\\/uploads\\\/2023\\\/06\\\/Astrologia-Tradicional-e-Moderna_Cabecalho.jpg\",\"contentUrl\":\"https:\\\/\\\/astrologiatradicionalemoderna.net\\\/wp-content\\\/uploads\\\/2023\\\/06\\\/Astrologia-Tradicional-e-Moderna_Cabecalho.jpg\",\"width\":1300,\"height\":150,\"caption\":\"Centro de Astrologia Tradicional e Moderna\"},\"image\":{\"@id\":\"https:\\\/\\\/astrologiatradicionalemoderna.net\\\/#\\\/schema\\\/logo\\\/image\\\/\"},\"sameAs\":[\"https:\\\/\\\/www.facebook.com\\\/Centro.de.Astrologia.Tradicional.e.Moderna\\\/\",\"https:\\\/\\\/instagram.com\\\/centro_astrologia_catm?igshid=1vndr4qwwvnai\"]}]}<\/script>\n<!-- \/ Yoast SEO plugin. -->","yoast_head_json":{"title":"Forma\u00e7\u00e3o em Astrologia - Astrologia Tradicional e Moderna","description":"Cursos de Astrologia, workshops, consultas artigos e investiga\u00e7\u00e3o em Astrologia em Lisboa. Astrologia Natal, Eletiva, Hor\u00e1ria, Relacional e Vocacional - Centro de Astrologia Tradicional e Moderna. - Forma\u00e7\u00e3o em Astrologia","robots":{"index":"index","follow":"follow","max-snippet":"max-snippet:-1","max-image-preview":"max-image-preview:large","max-video-preview":"max-video-preview:-1"},"canonical":"https:\/\/astrologiatradicionalemoderna.net\/en\/artigos-videos\/formacao-em-astrologia\/","og_locale":"en_US","og_type":"article","og_title":"Forma\u00e7\u00e3o em Astrologia - Astrologia Tradicional e Moderna","og_description":"Cursos de Astrologia, workshops, consultas artigos e investiga\u00e7\u00e3o em Astrologia em Lisboa. Astrologia Natal, Eletiva, Hor\u00e1ria, Relacional e Vocacional - Centro de Astrologia Tradicional e Moderna. - Forma\u00e7\u00e3o em Astrologia","og_url":"https:\/\/astrologiatradicionalemoderna.net\/en\/artigos-videos\/formacao-em-astrologia\/","og_site_name":"Astrologia Tradicional e Moderna","article_publisher":"https:\/\/www.facebook.com\/Centro.de.Astrologia.Tradicional.e.Moderna\/","article_modified_time":"2024-08-25T22:22:25+00:00","og_image":[{"url":"http:\/\/astrologiatradicionalemoderna.net\/wp-content\/uploads\/2017\/01\/formacao_astrologiaArt.jpg","type":"","width":"","height":""}],"twitter_card":"summary_large_image","twitter_misc":{"Est. reading time":"2 minutes"},"schema":{"@context":"https:\/\/schema.org","@graph":[{"@type":"WebPage","@id":"https:\/\/astrologiatradicionalemoderna.net\/artigos-videos\/formacao-em-astrologia\/","url":"https:\/\/astrologiatradicionalemoderna.net\/artigos-videos\/formacao-em-astrologia\/","name":"Forma\u00e7\u00e3o em Astrologia - Astrologia Tradicional e Moderna","isPartOf":{"@id":"https:\/\/astrologiatradicionalemoderna.net\/#website"},"primaryImageOfPage":{"@id":"https:\/\/astrologiatradicionalemoderna.net\/artigos-videos\/formacao-em-astrologia\/#primaryimage"},"image":{"@id":"https:\/\/astrologiatradicionalemoderna.net\/artigos-videos\/formacao-em-astrologia\/#primaryimage"},"thumbnailUrl":"http:\/\/astrologiatradicionalemoderna.net\/wp-content\/uploads\/2017\/01\/formacao_astrologiaArt.jpg","datePublished":"2017-01-27T01:53:10+00:00","dateModified":"2024-08-25T22:22:25+00:00","description":"Cursos de Astrologia, workshops, consultas artigos e investiga\u00e7\u00e3o em Astrologia em Lisboa. Astrologia Natal, Eletiva, Hor\u00e1ria, Relacional e Vocacional - Centro de Astrologia Tradicional e Moderna. - Forma\u00e7\u00e3o em Astrologia","breadcrumb":{"@id":"https:\/\/astrologiatradicionalemoderna.net\/artigos-videos\/formacao-em-astrologia\/#breadcrumb"},"inLanguage":"en-US","potentialAction":[{"@type":"ReadAction","target":["https:\/\/astrologiatradicionalemoderna.net\/artigos-videos\/formacao-em-astrologia\/"]}]},{"@type":"ImageObject","inLanguage":"en-US","@id":"https:\/\/astrologiatradicionalemoderna.net\/artigos-videos\/formacao-em-astrologia\/#primaryimage","url":"http:\/\/astrologiatradicionalemoderna.net\/wp-content\/uploads\/2017\/01\/formacao_astrologiaArt.jpg","contentUrl":"http:\/\/astrologiatradicionalemoderna.net\/wp-content\/uploads\/2017\/01\/formacao_astrologiaArt.jpg"},{"@type":"BreadcrumbList","@id":"https:\/\/astrologiatradicionalemoderna.net\/artigos-videos\/formacao-em-astrologia\/#breadcrumb","itemListElement":[{"@type":"ListItem","position":1,"name":"In\u00edcio","item":"https:\/\/astrologiatradicionalemoderna.net\/"},{"@type":"ListItem","position":2,"name":"Artigos &#038; Videos","item":"https:\/\/astrologiatradicionalemoderna.net\/artigos-videos\/"},{"@type":"ListItem","position":3,"name":"Forma\u00e7\u00e3o em Astrologia"}]},{"@type":"WebSite","@id":"https:\/\/astrologiatradicionalemoderna.net\/#website","url":"https:\/\/astrologiatradicionalemoderna.net\/","name":"Astrologia Tradicional e Moderna","description":"Centro de Astrologia Tradicional e Moderna","publisher":{"@id":"https:\/\/astrologiatradicionalemoderna.net\/#organization"},"potentialAction":[{"@type":"SearchAction","target":{"@type":"EntryPoint","urlTemplate":"https:\/\/astrologiatradicionalemoderna.net\/?s={search_term_string}"},"query-input":{"@type":"PropertyValueSpecification","valueRequired":true,"valueName":"search_term_string"}}],"inLanguage":"en-US"},{"@type":"Organization","@id":"https:\/\/astrologiatradicionalemoderna.net\/#organization","name":"Centro de Astrologia Tradicional e Moderna","url":"https:\/\/astrologiatradicionalemoderna.net\/","logo":{"@type":"ImageObject","inLanguage":"en-US","@id":"https:\/\/astrologiatradicionalemoderna.net\/#\/schema\/logo\/image\/","url":"https:\/\/astrologiatradicionalemoderna.net\/wp-content\/uploads\/2023\/06\/Astrologia-Tradicional-e-Moderna_Cabecalho.jpg","contentUrl":"https:\/\/astrologiatradicionalemoderna.net\/wp-content\/uploads\/2023\/06\/Astrologia-Tradicional-e-Moderna_Cabecalho.jpg","width":1300,"height":150,"caption":"Centro de Astrologia Tradicional e Moderna"},"image":{"@id":"https:\/\/astrologiatradicionalemoderna.net\/#\/schema\/logo\/image\/"},"sameAs":["https:\/\/www.facebook.com\/Centro.de.Astrologia.Tradicional.e.Moderna\/","https:\/\/instagram.com\/centro_astrologia_catm?igshid=1vndr4qwwvnai"]}]}},"_links":{"self":[{"href":"https:\/\/astrologiatradicionalemoderna.net\/en\/wp-json\/wp\/v2\/pages\/124","targetHints":{"allow":["GET"]}}],"collection":[{"href":"https:\/\/astrologiatradicionalemoderna.net\/en\/wp-json\/wp\/v2\/pages"}],"about":[{"href":"https:\/\/astrologiatradicionalemoderna.net\/en\/wp-json\/wp\/v2\/types\/page"}],"author":[{"embeddable":true,"href":"https:\/\/astrologiatradicionalemoderna.net\/en\/wp-json\/wp\/v2\/users\/2"}],"replies":[{"embeddable":true,"href":"https:\/\/astrologiatradicionalemoderna.net\/en\/wp-json\/wp\/v2\/comments?post=124"}],"version-history":[{"count":3,"href":"https:\/\/astrologiatradicionalemoderna.net\/en\/wp-json\/wp\/v2\/pages\/124\/revisions"}],"predecessor-version":[{"id":14549,"href":"https:\/\/astrologiatradicionalemoderna.net\/en\/wp-json\/wp\/v2\/pages\/124\/revisions\/14549"}],"up":[{"embeddable":true,"href":"https:\/\/astrologiatradicionalemoderna.net\/en\/wp-json\/wp\/v2\/pages\/113"}],"wp:attachment":[{"href":"https:\/\/astrologiatradicionalemoderna.net\/en\/wp-json\/wp\/v2\/media?parent=124"}],"curies":[{"name":"wp","href":"https:\/\/api.w.org\/{rel}","templated":true}]}}