{"id":115,"date":"2017-01-27T01:36:26","date_gmt":"2017-01-27T00:36:26","guid":{"rendered":"http:\/\/astrologiatradicionalemoderna.net\/?page_id=115"},"modified":"2024-08-25T22:11:40","modified_gmt":"2024-08-25T22:11:40","slug":"astrologia-e-medos","status":"publish","type":"page","link":"https:\/\/astrologiatradicionalemoderna.net\/en\/artigos-videos\/astrologia-e-medos\/","title":{"rendered":"Astrologia e Medos"},"content":{"rendered":"<div data-elementor-type=\"wp-page\" data-elementor-id=\"115\" class=\"elementor elementor-115\" data-elementor-post-type=\"page\">\n\t\t\t\t<div class=\"elementor-element elementor-element-7c07c765 e-flex e-con-boxed e-con e-parent\" data-id=\"7c07c765\" data-element_type=\"container\" data-e-type=\"container\">\n\t\t\t\t\t<div class=\"e-con-inner\">\n\t\t\t\t<div class=\"elementor-element elementor-element-11427ef5 elementor-widget elementor-widget-text-editor\" data-id=\"11427ef5\" data-element_type=\"widget\" data-e-type=\"widget\" data-widget_type=\"text-editor.default\">\n\t\t\t\t<div class=\"elementor-widget-container\">\n\t\t\t\t\t\t\t\t\t<div id=\"pl-115\" class=\"panel-layout\">\n<div id=\"pg-115-0\" class=\"panel-grid panel-no-style\">\n<div id=\"pgc-115-0-0\" class=\"panel-grid-cell\" data-weight=\"1\">\n<div id=\"panel-115-0-0-0\" class=\"so-panel widget_sow-editor panel-first-child panel-last-child\" data-index=\"0\" data-style=\"{&quot;class&quot;:&quot;AstroContentDiv&quot;,&quot;background_display&quot;:&quot;tile&quot;}\">\n<div class=\"AstroContentDiv panel-widget-style panel-widget-style-for-115-0-0-0\">\n<div class=\"so-widget-sow-editor so-widget-sow-editor-base\">\n<div class=\"siteorigin-widget-tinymce textwidget\">\n<h3>Artigo &#8211; <strong>Astrologia e os Medos<\/strong><\/h3>\n<p>Revista Woman Gloss &#8211; edi\u00e7\u00e3o Novembro 2015<br>por <a href=\"http:\/\/astrologiatradicionalemoderna.net\/en\/quem-somos\/fundadora-e-responsavel-isabel-antunes\/#quemSomosIsabel\"><u>Isabel Antunes<\/u><\/a><\/p>\n<p><img loading=\"lazy\" decoding=\"async\" class=\"alignnone size-full wp-image-116 aligncenter\" src=\"http:\/\/astrologiatradicionalemoderna.net\/wp-content\/uploads\/2017\/01\/Astrologia-e-os-Medos.jpg\" alt=\"\" width=\"632\" height=\"427\" srcset=\"https:\/\/astrologiatradicionalemoderna.net\/wp-content\/uploads\/2017\/01\/Astrologia-e-os-Medos.jpg 632w, https:\/\/astrologiatradicionalemoderna.net\/wp-content\/uploads\/2017\/01\/Astrologia-e-os-Medos-300x203.jpg 300w\" sizes=\"auto, (max-width: 632px) 100vw, 632px\" \/><\/p>\n<p>Teme mudan\u00e7as radicais na sua vida, preferindo que tudo fique como est\u00e1? Tem medo de n\u00e3o obter o reconhecimento devido? Todos receamos alguma coisa e, a Astrologia pode dar um contributo importante, dando-nos mais consci\u00eancia de n\u00f3s e permitindo-nos lidar melhor com essas inseguran\u00e7as e receios.<br>Por Isabel Antunes<\/p>\n<p>A Astrologia \u00e9 uma valiosa ferramenta que temos ao nosso alcance, e nos ajuda a compreender, de forma muito completa e profunda, quem somos, quais s\u00e3o os nossos desafios e oportunidades, o nosso prop\u00f3sito de vida, porque certas situa\u00e7\u00f5es acontecem, entre muitas outras quest\u00f5es.<br>Tamb\u00e9m os nossos receios e medos podem ser identificados e compreendidos atrav\u00e9s da an\u00e1lise do signo onde se encontra o planeta Saturno no nosso mapa astrol\u00f3gico. Este planeta simboliza, entre outras quest\u00f5es, os nossos medos, receios, bloqueios, limita\u00e7\u00f5es e frustra\u00e7\u00f5es. Claro que, para uma an\u00e1lise mais completa sobre este tema, outros elementos do mapa devem ser analisados.<br>\u00c9 importante procurarmos entender quais s\u00e3o os nossos medos e receios, perceber o que est\u00e1 por detr\u00e1s deles e qual a sua origem, pois assim estamos muito mais apetrechadas para lidar com v\u00e1rios desafios da nossa vida, de uma forma mais construtiva e positiva. Procurarmo-nos tranquilizar, nem que seja atrav\u00e9s de exerc\u00edcios de relaxamento, e confiarmos mais em n\u00f3s, s\u00e3o dois ingredientes fundamentais.<br>Se n\u00e3o souber o signo onde est\u00e1 Saturno no seu mapa v\u00e1 ao site astrologiatradicionalemoderna.net e obtenha o seu mapa astrol\u00f3gico gratuito. (O site foi mudado e temos agora um formul\u00e1rio na p\u00e1gina principal para qualquer pessoa que queira poder obter o seu mapa astrol\u00f3gico)<\/p>\n<h4><strong>Carneiro<\/strong><\/h4>\n<p>Quem tem Saturno no signo de Carneiro tem por vezes medo de dar o primeiro passo, de agir e ter iniciativa. H\u00e1 o receio de iniciar um novo projecto e poder arrepender-se mais tarde, pelo que h\u00e1 que manter o &#8220;p\u00e9 no trav\u00e3o&#8221; n\u00e3o v\u00e1 de repente avan\u00e7ar sem ter primeiro tudo pensado e repensado com cautela! Mas aten\u00e7\u00e3o, nada de medos e prud\u00eancias excessivas. H\u00e1 que confiar mais em si e, com coragem, pioneirismo e determina\u00e7\u00e3o, seguir em frente, avan\u00e7ando com os seus projectos, de forma mais consistente e s\u00f3lida, mas a &#8220;todo o vapor&#8221;.<\/p>\n<p><\/p>\n<h4><strong>Touro<\/strong><\/h4>\n<p>N\u00e3o gosta nada de escutar a palavra mudan\u00e7a, seja associado \u00e0 sua vida pessoal ou profissional. Se tivesse uma varinha m\u00e1gica certamente as suas palavras chave seriam perman\u00eancia e estabilidade! Resiste a todas as poss\u00edveis mudan\u00e7as, &#8220;agarrando-se&#8221; ao que lhe interessa, muitas vezes com um certo sentimento de posse, pois sente-se amea\u00e7ada quando algo importante foge ao seu controlo. Lembre-se que na vida nada \u00e9 permanente, pelo que \u00e9 fundamental ajustarmo-nos \u00e0s mudan\u00e7as, retirando o melhor que elas t\u00eam para nos dar.<\/p>\n<p><\/p>\n<h4><strong>G\u00e9meos<\/strong><\/h4>\n<p>Neste caso teme que as suas atitudes e palavras sejam mal interpretadas pelos que a rodeiam, pois detesta mal entendidos e sentir que est\u00e1 a dizer &#8220;alhos&#8221; e que est\u00e3o a perceber &#8220;bugalhos&#8221;! Tem tamb\u00e9m imenso receio de numa conversa, qualquer que ela seja, imaginar que poder\u00e1 n\u00e3o apanhar mesmo nada, a n\u00e3o ser &#8220;apanhar bon\u00e9s&#8221;, pois sentir que n\u00e3o est\u00e1 a compreender o que os outros lhe dizem deixa-a muito desconfort\u00e1vel. De qualquer forma \u00e9 importante a trocar ideias com os outros, pois desta forma todos aprendemos e alargamos os nossos horizontes.<\/p>\n<p><\/p>\n<h4><strong>Caranguejo<\/strong><\/h4>\n<p>Aqui os medos est\u00e3o interligados com as suas emo\u00e7\u00f5es. Pode haver uma postura defensiva na tentativa de se auto-proteger e at\u00e9 pode achar que mais vale fechar &#8220;o compartimento das emo\u00e7\u00f5es&#8221; a &#8220;sete chaves&#8221; para n\u00e3o ter de lidar com sentimentos de culpa, remorsos ou quaisquer outros desconfortos e dores emocionais que, enquanto n\u00e3o os enfrentar, v\u00e3o surgir quando menos espera. Ao m\u00ednimo sinal de perigo tende a volta-se para dentro de si pois, no seu ponto de vista, esse \u00e9 ainda o lugar mais seguro neste planeta.<\/p>\n<p><\/p>\n<h4><strong>Le\u00e3o<\/strong><\/h4>\n<p>N\u00e3o ser reconhecido e valorizado pelos outros cria-lhe um grande descontentamento e receio, que normalmente n\u00e3o mostra. Sente uma constante necessidade de provar o seu valor, de brilhar pelas suas qualidades pois &#8220;morre de medo&#8221; de n\u00e3o ser apreciado pelos outros. Muitas vezes deixa de ser espont\u00e2nea, de mostrar naturalmente quem \u00e9 e opta por expressar aquilo que na sua cabe\u00e7a acha que os outros valorizam mais, refugiando-se atr\u00e1s de m\u00e1scaras e representando personagens que n\u00e3o t\u00eam necessariamente a ver consigo.<\/p>\n<p><\/p>\n<h4><strong>Virgem<\/strong><\/h4>\n<p>Perfeccionista incur\u00e1vel teme sempre que algo possa sair mal nos seus projectos pessoais e profissionais, mesmo que seja um simples pormenor. Tem receio que algu\u00e9m descubra algum defeito, por mais microsc\u00f3pico que seja, naquilo que faz pois nessa altura o seu mundo pode desabar. Errar \u00e9 algo que deseja que esteja a l\u00e9guas de dist\u00e2ncia de si. Para n\u00e3o passar por situa\u00e7\u00f5es de sobressalto \u00e9 importante que seja mais tolerante consigo e com os outros pois \u00e9 importante relembrar que nada neste mundo \u00e9 perfeito.<\/p>\n<p><\/p>\n<h4><strong>Balan\u00e7a<\/strong><\/h4>\n<p>A diplomacia, o tacto, o bom senso e as regras de etiqueta fazem parte do seu dia a dia, com toda a naturalidade, delicadeza e requinte. A quest\u00e3o aqui \u00e9 que vive muito em fun\u00e7\u00e3o dos outros, sempre com medo de n\u00e3o agradar e, por vezes com o cora\u00e7\u00e3o aos pulos, receosa de saber se &#8220;ficou bem na figura&#8221; no jantar de ontem \u00e0 noite e se vai ou n\u00e3o ser convidada para a grande festa que se aproxima. Foge de situa\u00e7\u00f5es de confronto a &#8220;sete p\u00e9s&#8221; pois procura estar de bem com todos. No entanto \u00e9 essencial relembrar que \u00e9 muito dif\u00edcil agradar-se a &#8220;gregos e a troianos&#8221;!<\/p>\n<p><\/p>\n<h4><strong>Escorpi\u00e3o<\/strong><\/h4>\n<p>Decididamente n\u00e3o gosta de se expor pois tem receio de ser invadida e que descubram os seus &#8220;mundos&#8221; mais escondidos e secretos, o que a deixaria seguramente apavorada! Teme poder perder o controle e perder-se no meio das suas emo\u00e7\u00f5es &#8220;naufragando&#8221; nelas. H\u00e1 normalmente receio de encarar de frente e sentir as suas emo\u00e7\u00f5es mais profundas e escondidas, com medo de se poder deparar com certas dores ou m\u00e1goas, h\u00e1 muito &#8220;esquecidas&#8221;, pelo que pode ter a tend\u00eancia de colocar as emo\u00e7\u00f5es &#8220;debaixo do tapete&#8221; para n\u00e3o voltarem a ser sentidas!<\/p>\n<p><\/p>\n<h4><strong>Sagit\u00e1rio<\/strong><\/h4>\n<p>Quem tem Saturno no signo de Sagit\u00e1rio tem dificuldades e receios em acreditar e confiar em si mesma e nas suas capacidades, nos outros e em ter esp\u00edrito positivo. H\u00e1 tamb\u00e9m aqui alguma rigidez ao n\u00edvel de cren\u00e7as e princ\u00edpios que, sendo em demasia, poder\u00e3o tornar-se &#8220;pesos&#8221; excessivos para si. De vez em quando \u00e9 necess\u00e1rio perder o medo do desconhecido e, com esp\u00edrito e energia positiva, confiar e lutar pelos seus ideais e assim ter maiores possibilidades de realizar os seus sonhos que contribuem certamente para se sentir mais feliz e realizada.<\/p>\n<p><\/p>\n<h4><strong>Capric\u00f3rnio<\/strong><\/h4>\n<p>Fica receosa e com medo de n\u00e3o conseguir alcan\u00e7ar as metas a que se prop\u00f4s, sobretudo se algo contrariar os planos que fez para concretizar os seus objectivos, e nessa situa\u00e7\u00e3o pode mesmo perder o &#8220;norte&#8221;. H\u00e1 que planear tudo com anteced\u00eancia e com alguma cautela pois atingir os objectivos concretos que definiu \u00e9 absolutamente vital para si. \u00c9 detentora de uma grande capacidade de planeamento e concretiza\u00e7\u00e3o e tem consci\u00eancia que tudo se conquista com esfor\u00e7o e perseveran\u00e7a pelo que, com esta postura, pode ir longe.<\/p>\n<p><\/p>\n<h4><strong>Aqu\u00e1rio<\/strong><\/h4>\n<p>Viver no mundo onde todos pudessem ser livres e independentes faria com toda a certeza as suas del\u00edcias pois tem sempre um receio latente de perder a sua liberdade. Excessos de controle, ci\u00fames e cobran\u00e7as fazem-na desaparecer do mapa aterrorizada. Por vezes pode ser um pouco r\u00edgida ao n\u00edvel das suas ideologias e teorias que at\u00e9 podem ser totalmente diferentes do habitual, que para si n\u00e3o lhe faz diferen\u00e7a. Aquilo que receia \u00e9 poder sentir-se, de algum modo, descriminada por ser, em algum aspecto, diferente do comum. Lembre-se que a riqueza est\u00e1 na diversidade!<\/p>\n<p><\/p>\n<h4><strong>Peixes<\/strong><\/h4>\n<p>Aqui entramos no mundo das emo\u00e7\u00f5es, da sensibilidade e do sonho. O seu maior medo \u00e9 de se entregar a algo, que pode ser algu\u00e9m ou um projecto pessoal ou profissional, e tudo se diluir e desfazer, como uma nuvem que passa e n\u00e3o deixa rasto. H\u00e1 que estar atenta pois quando se sente insegura surge por vezes, no seu \u00edntimo, o desejo de fuga \u00e0 realidade como forma de escapar das situa\u00e7\u00f5es desafiantes com que se depara, envolvendo-se numa doce fantasia polvilhada de sonhos que a fazem viajar para o para\u00edso.<\/p>\n<p>Todos os temas apresentados neste artigo podem ser aprendidos com maior profundidade e de forma mais completa no <a href=\"http:\/\/astrologiatradicionalemoderna.net\/en\/cursos\/\"><u>curso de Astrologia Tradicional e Moderna<\/u><\/a>.<\/p>\n<\/div>\n<\/div>\n<\/div>\n<\/div>\n<\/div>\n<\/div>\n<\/div>\t\t\t\t\t\t\t\t<\/div>\n\t\t\t\t<\/div>\n\t\t\t\t\t<\/div>\n\t\t\t\t<\/div>\n\t\t\t\t<\/div>","protected":false},"excerpt":{"rendered":"<p>Artigo &#8211; Astrologia e os Medos Revista Woman Gloss &#8211; edi\u00e7\u00e3o Novembro 2015por Isabel Antunes Teme mudan\u00e7as radicais na sua vida, preferindo que tudo fique&hellip;<\/p>","protected":false},"author":2,"featured_media":0,"parent":113,"menu_order":0,"comment_status":"closed","ping_status":"closed","template":"","meta":{"footnotes":""},"class_list":["post-115","page","type-page","status-publish","hentry"],"yoast_head":"<!-- This site is optimized with the Yoast SEO plugin v27.3 - https:\/\/yoast.com\/product\/yoast-seo-wordpress\/ -->\n<title>Astrologia e Medos - Astrologia Tradicional e Moderna<\/title>\n<meta name=\"description\" content=\"Cursos de Astrologia, workshops, consultas artigos e investiga\u00e7\u00e3o em Astrologia em Lisboa. Astrologia Natal, Eletiva, Hor\u00e1ria, Relacional e Vocacional - Centro de Astrologia Tradicional e Moderna. - Astrologia e Medos\" \/>\n<meta name=\"robots\" content=\"index, follow, max-snippet:-1, max-image-preview:large, max-video-preview:-1\" \/>\n<link rel=\"canonical\" href=\"https:\/\/astrologiatradicionalemoderna.net\/en\/artigos-videos\/astrologia-e-medos\/\" \/>\n<meta property=\"og:locale\" content=\"en_US\" \/>\n<meta property=\"og:type\" content=\"article\" \/>\n<meta property=\"og:title\" content=\"Astrologia e Medos - Astrologia Tradicional e Moderna\" \/>\n<meta property=\"og:description\" content=\"Cursos de Astrologia, workshops, consultas artigos e investiga\u00e7\u00e3o em Astrologia em Lisboa. Astrologia Natal, Eletiva, Hor\u00e1ria, Relacional e Vocacional - Centro de Astrologia Tradicional e Moderna. - Astrologia e Medos\" \/>\n<meta property=\"og:url\" content=\"https:\/\/astrologiatradicionalemoderna.net\/en\/artigos-videos\/astrologia-e-medos\/\" \/>\n<meta property=\"og:site_name\" content=\"Astrologia Tradicional e Moderna\" \/>\n<meta property=\"article:publisher\" content=\"https:\/\/www.facebook.com\/Centro.de.Astrologia.Tradicional.e.Moderna\/\" \/>\n<meta property=\"article:modified_time\" content=\"2024-08-25T22:11:40+00:00\" \/>\n<meta property=\"og:image\" content=\"http:\/\/astrologiatradicionalemoderna.net\/wp-content\/uploads\/2017\/01\/Astrologia-e-os-Medos.jpg\" \/>\n<meta name=\"twitter:card\" content=\"summary_large_image\" \/>\n<meta name=\"twitter:label1\" content=\"Est. reading time\" \/>\n\t<meta name=\"twitter:data1\" content=\"8 minutes\" \/>\n<script type=\"application\/ld+json\" class=\"yoast-schema-graph\">{\"@context\":\"https:\\\/\\\/schema.org\",\"@graph\":[{\"@type\":\"WebPage\",\"@id\":\"https:\\\/\\\/astrologiatradicionalemoderna.net\\\/artigos-videos\\\/astrologia-e-medos\\\/\",\"url\":\"https:\\\/\\\/astrologiatradicionalemoderna.net\\\/artigos-videos\\\/astrologia-e-medos\\\/\",\"name\":\"Astrologia e Medos - Astrologia Tradicional e Moderna\",\"isPartOf\":{\"@id\":\"https:\\\/\\\/astrologiatradicionalemoderna.net\\\/#website\"},\"primaryImageOfPage\":{\"@id\":\"https:\\\/\\\/astrologiatradicionalemoderna.net\\\/artigos-videos\\\/astrologia-e-medos\\\/#primaryimage\"},\"image\":{\"@id\":\"https:\\\/\\\/astrologiatradicionalemoderna.net\\\/artigos-videos\\\/astrologia-e-medos\\\/#primaryimage\"},\"thumbnailUrl\":\"http:\\\/\\\/astrologiatradicionalemoderna.net\\\/wp-content\\\/uploads\\\/2017\\\/01\\\/Astrologia-e-os-Medos.jpg\",\"datePublished\":\"2017-01-27T00:36:26+00:00\",\"dateModified\":\"2024-08-25T22:11:40+00:00\",\"description\":\"Cursos de Astrologia, workshops, consultas artigos e investiga\u00e7\u00e3o em Astrologia em Lisboa. Astrologia Natal, Eletiva, Hor\u00e1ria, Relacional e Vocacional - Centro de Astrologia Tradicional e Moderna. - Astrologia e Medos\",\"breadcrumb\":{\"@id\":\"https:\\\/\\\/astrologiatradicionalemoderna.net\\\/artigos-videos\\\/astrologia-e-medos\\\/#breadcrumb\"},\"inLanguage\":\"en-US\",\"potentialAction\":[{\"@type\":\"ReadAction\",\"target\":[\"https:\\\/\\\/astrologiatradicionalemoderna.net\\\/artigos-videos\\\/astrologia-e-medos\\\/\"]}]},{\"@type\":\"ImageObject\",\"inLanguage\":\"en-US\",\"@id\":\"https:\\\/\\\/astrologiatradicionalemoderna.net\\\/artigos-videos\\\/astrologia-e-medos\\\/#primaryimage\",\"url\":\"http:\\\/\\\/astrologiatradicionalemoderna.net\\\/wp-content\\\/uploads\\\/2017\\\/01\\\/Astrologia-e-os-Medos.jpg\",\"contentUrl\":\"http:\\\/\\\/astrologiatradicionalemoderna.net\\\/wp-content\\\/uploads\\\/2017\\\/01\\\/Astrologia-e-os-Medos.jpg\"},{\"@type\":\"BreadcrumbList\",\"@id\":\"https:\\\/\\\/astrologiatradicionalemoderna.net\\\/artigos-videos\\\/astrologia-e-medos\\\/#breadcrumb\",\"itemListElement\":[{\"@type\":\"ListItem\",\"position\":1,\"name\":\"In\u00edcio\",\"item\":\"https:\\\/\\\/astrologiatradicionalemoderna.net\\\/\"},{\"@type\":\"ListItem\",\"position\":2,\"name\":\"Artigos &#038; Videos\",\"item\":\"https:\\\/\\\/astrologiatradicionalemoderna.net\\\/artigos-videos\\\/\"},{\"@type\":\"ListItem\",\"position\":3,\"name\":\"Astrologia e Medos\"}]},{\"@type\":\"WebSite\",\"@id\":\"https:\\\/\\\/astrologiatradicionalemoderna.net\\\/#website\",\"url\":\"https:\\\/\\\/astrologiatradicionalemoderna.net\\\/\",\"name\":\"Astrologia Tradicional e Moderna\",\"description\":\"Centro de Astrologia Tradicional e Moderna\",\"publisher\":{\"@id\":\"https:\\\/\\\/astrologiatradicionalemoderna.net\\\/#organization\"},\"potentialAction\":[{\"@type\":\"SearchAction\",\"target\":{\"@type\":\"EntryPoint\",\"urlTemplate\":\"https:\\\/\\\/astrologiatradicionalemoderna.net\\\/?s={search_term_string}\"},\"query-input\":{\"@type\":\"PropertyValueSpecification\",\"valueRequired\":true,\"valueName\":\"search_term_string\"}}],\"inLanguage\":\"en-US\"},{\"@type\":\"Organization\",\"@id\":\"https:\\\/\\\/astrologiatradicionalemoderna.net\\\/#organization\",\"name\":\"Centro de Astrologia Tradicional e Moderna\",\"url\":\"https:\\\/\\\/astrologiatradicionalemoderna.net\\\/\",\"logo\":{\"@type\":\"ImageObject\",\"inLanguage\":\"en-US\",\"@id\":\"https:\\\/\\\/astrologiatradicionalemoderna.net\\\/#\\\/schema\\\/logo\\\/image\\\/\",\"url\":\"https:\\\/\\\/astrologiatradicionalemoderna.net\\\/wp-content\\\/uploads\\\/2023\\\/06\\\/Astrologia-Tradicional-e-Moderna_Cabecalho.jpg\",\"contentUrl\":\"https:\\\/\\\/astrologiatradicionalemoderna.net\\\/wp-content\\\/uploads\\\/2023\\\/06\\\/Astrologia-Tradicional-e-Moderna_Cabecalho.jpg\",\"width\":1300,\"height\":150,\"caption\":\"Centro de Astrologia Tradicional e Moderna\"},\"image\":{\"@id\":\"https:\\\/\\\/astrologiatradicionalemoderna.net\\\/#\\\/schema\\\/logo\\\/image\\\/\"},\"sameAs\":[\"https:\\\/\\\/www.facebook.com\\\/Centro.de.Astrologia.Tradicional.e.Moderna\\\/\",\"https:\\\/\\\/instagram.com\\\/centro_astrologia_catm?igshid=1vndr4qwwvnai\"]}]}<\/script>\n<!-- \/ Yoast SEO plugin. -->","yoast_head_json":{"title":"Astrologia e Medos - Astrologia Tradicional e Moderna","description":"Cursos de Astrologia, workshops, consultas artigos e investiga\u00e7\u00e3o em Astrologia em Lisboa. Astrologia Natal, Eletiva, Hor\u00e1ria, Relacional e Vocacional - Centro de Astrologia Tradicional e Moderna. - Astrologia e Medos","robots":{"index":"index","follow":"follow","max-snippet":"max-snippet:-1","max-image-preview":"max-image-preview:large","max-video-preview":"max-video-preview:-1"},"canonical":"https:\/\/astrologiatradicionalemoderna.net\/en\/artigos-videos\/astrologia-e-medos\/","og_locale":"en_US","og_type":"article","og_title":"Astrologia e Medos - Astrologia Tradicional e Moderna","og_description":"Cursos de Astrologia, workshops, consultas artigos e investiga\u00e7\u00e3o em Astrologia em Lisboa. Astrologia Natal, Eletiva, Hor\u00e1ria, Relacional e Vocacional - Centro de Astrologia Tradicional e Moderna. - Astrologia e Medos","og_url":"https:\/\/astrologiatradicionalemoderna.net\/en\/artigos-videos\/astrologia-e-medos\/","og_site_name":"Astrologia Tradicional e Moderna","article_publisher":"https:\/\/www.facebook.com\/Centro.de.Astrologia.Tradicional.e.Moderna\/","article_modified_time":"2024-08-25T22:11:40+00:00","og_image":[{"url":"http:\/\/astrologiatradicionalemoderna.net\/wp-content\/uploads\/2017\/01\/Astrologia-e-os-Medos.jpg","type":"","width":"","height":""}],"twitter_card":"summary_large_image","twitter_misc":{"Est. reading time":"8 minutes"},"schema":{"@context":"https:\/\/schema.org","@graph":[{"@type":"WebPage","@id":"https:\/\/astrologiatradicionalemoderna.net\/artigos-videos\/astrologia-e-medos\/","url":"https:\/\/astrologiatradicionalemoderna.net\/artigos-videos\/astrologia-e-medos\/","name":"Astrologia e Medos - Astrologia Tradicional e Moderna","isPartOf":{"@id":"https:\/\/astrologiatradicionalemoderna.net\/#website"},"primaryImageOfPage":{"@id":"https:\/\/astrologiatradicionalemoderna.net\/artigos-videos\/astrologia-e-medos\/#primaryimage"},"image":{"@id":"https:\/\/astrologiatradicionalemoderna.net\/artigos-videos\/astrologia-e-medos\/#primaryimage"},"thumbnailUrl":"http:\/\/astrologiatradicionalemoderna.net\/wp-content\/uploads\/2017\/01\/Astrologia-e-os-Medos.jpg","datePublished":"2017-01-27T00:36:26+00:00","dateModified":"2024-08-25T22:11:40+00:00","description":"Cursos de Astrologia, workshops, consultas artigos e investiga\u00e7\u00e3o em Astrologia em Lisboa. Astrologia Natal, Eletiva, Hor\u00e1ria, Relacional e Vocacional - Centro de Astrologia Tradicional e Moderna. - Astrologia e Medos","breadcrumb":{"@id":"https:\/\/astrologiatradicionalemoderna.net\/artigos-videos\/astrologia-e-medos\/#breadcrumb"},"inLanguage":"en-US","potentialAction":[{"@type":"ReadAction","target":["https:\/\/astrologiatradicionalemoderna.net\/artigos-videos\/astrologia-e-medos\/"]}]},{"@type":"ImageObject","inLanguage":"en-US","@id":"https:\/\/astrologiatradicionalemoderna.net\/artigos-videos\/astrologia-e-medos\/#primaryimage","url":"http:\/\/astrologiatradicionalemoderna.net\/wp-content\/uploads\/2017\/01\/Astrologia-e-os-Medos.jpg","contentUrl":"http:\/\/astrologiatradicionalemoderna.net\/wp-content\/uploads\/2017\/01\/Astrologia-e-os-Medos.jpg"},{"@type":"BreadcrumbList","@id":"https:\/\/astrologiatradicionalemoderna.net\/artigos-videos\/astrologia-e-medos\/#breadcrumb","itemListElement":[{"@type":"ListItem","position":1,"name":"In\u00edcio","item":"https:\/\/astrologiatradicionalemoderna.net\/"},{"@type":"ListItem","position":2,"name":"Artigos &#038; Videos","item":"https:\/\/astrologiatradicionalemoderna.net\/artigos-videos\/"},{"@type":"ListItem","position":3,"name":"Astrologia e Medos"}]},{"@type":"WebSite","@id":"https:\/\/astrologiatradicionalemoderna.net\/#website","url":"https:\/\/astrologiatradicionalemoderna.net\/","name":"Astrologia Tradicional e Moderna","description":"Centro de Astrologia Tradicional e Moderna","publisher":{"@id":"https:\/\/astrologiatradicionalemoderna.net\/#organization"},"potentialAction":[{"@type":"SearchAction","target":{"@type":"EntryPoint","urlTemplate":"https:\/\/astrologiatradicionalemoderna.net\/?s={search_term_string}"},"query-input":{"@type":"PropertyValueSpecification","valueRequired":true,"valueName":"search_term_string"}}],"inLanguage":"en-US"},{"@type":"Organization","@id":"https:\/\/astrologiatradicionalemoderna.net\/#organization","name":"Centro de Astrologia Tradicional e Moderna","url":"https:\/\/astrologiatradicionalemoderna.net\/","logo":{"@type":"ImageObject","inLanguage":"en-US","@id":"https:\/\/astrologiatradicionalemoderna.net\/#\/schema\/logo\/image\/","url":"https:\/\/astrologiatradicionalemoderna.net\/wp-content\/uploads\/2023\/06\/Astrologia-Tradicional-e-Moderna_Cabecalho.jpg","contentUrl":"https:\/\/astrologiatradicionalemoderna.net\/wp-content\/uploads\/2023\/06\/Astrologia-Tradicional-e-Moderna_Cabecalho.jpg","width":1300,"height":150,"caption":"Centro de Astrologia Tradicional e Moderna"},"image":{"@id":"https:\/\/astrologiatradicionalemoderna.net\/#\/schema\/logo\/image\/"},"sameAs":["https:\/\/www.facebook.com\/Centro.de.Astrologia.Tradicional.e.Moderna\/","https:\/\/instagram.com\/centro_astrologia_catm?igshid=1vndr4qwwvnai"]}]}},"_links":{"self":[{"href":"https:\/\/astrologiatradicionalemoderna.net\/en\/wp-json\/wp\/v2\/pages\/115","targetHints":{"allow":["GET"]}}],"collection":[{"href":"https:\/\/astrologiatradicionalemoderna.net\/en\/wp-json\/wp\/v2\/pages"}],"about":[{"href":"https:\/\/astrologiatradicionalemoderna.net\/en\/wp-json\/wp\/v2\/types\/page"}],"author":[{"embeddable":true,"href":"https:\/\/astrologiatradicionalemoderna.net\/en\/wp-json\/wp\/v2\/users\/2"}],"replies":[{"embeddable":true,"href":"https:\/\/astrologiatradicionalemoderna.net\/en\/wp-json\/wp\/v2\/comments?post=115"}],"version-history":[{"count":5,"href":"https:\/\/astrologiatradicionalemoderna.net\/en\/wp-json\/wp\/v2\/pages\/115\/revisions"}],"predecessor-version":[{"id":14546,"href":"https:\/\/astrologiatradicionalemoderna.net\/en\/wp-json\/wp\/v2\/pages\/115\/revisions\/14546"}],"up":[{"embeddable":true,"href":"https:\/\/astrologiatradicionalemoderna.net\/en\/wp-json\/wp\/v2\/pages\/113"}],"wp:attachment":[{"href":"https:\/\/astrologiatradicionalemoderna.net\/en\/wp-json\/wp\/v2\/media?parent=115"}],"curies":[{"name":"wp","href":"https:\/\/api.w.org\/{rel}","templated":true}]}}